{"id":4409,"date":"2020-08-06T11:32:56","date_gmt":"2020-08-06T11:32:56","guid":{"rendered":"https:\/\/www.james.eu\/?page_id=4409"},"modified":"2022-10-02T19:30:41","modified_gmt":"2022-10-02T18:30:41","slug":"allergie-hygiene","status":"publish","type":"page","link":"https:\/\/www.james.eu\/nl\/over-james\/allergie-hygiene\/","title":{"rendered":"Allergie &#038; Hygi\u00ebne"},"content":{"rendered":"\t\t<div data-elementor-type=\"wp-page\" data-elementor-id=\"4409\" class=\"elementor elementor-4409\" data-elementor-post-type=\"page\">\n\t\t\t\t\t\t<section class=\"elementor-section elementor-top-section elementor-element elementor-element-3c9952b elementor-section-boxed elementor-section-height-default elementor-section-height-default\" data-id=\"3c9952b\" data-element_type=\"section\" data-settings=\"{&quot;background_background&quot;:&quot;classic&quot;,&quot;jet_parallax_layout_list&quot;:[{&quot;jet_parallax_layout_image&quot;:{&quot;url&quot;:&quot;&quot;,&quot;id&quot;:&quot;&quot;,&quot;size&quot;:&quot;&quot;},&quot;_id&quot;:&quot;401ea73&quot;,&quot;jet_parallax_layout_image_tablet&quot;:{&quot;url&quot;:&quot;&quot;,&quot;id&quot;:&quot;&quot;,&quot;size&quot;:&quot;&quot;},&quot;jet_parallax_layout_image_mobile&quot;:{&quot;url&quot;:&quot;&quot;,&quot;id&quot;:&quot;&quot;,&quot;size&quot;:&quot;&quot;},&quot;jet_parallax_layout_speed&quot;:{&quot;unit&quot;:&quot;%&quot;,&quot;size&quot;:50,&quot;sizes&quot;:[]},&quot;jet_parallax_layout_type&quot;:&quot;scroll&quot;,&quot;jet_parallax_layout_direction&quot;:null,&quot;jet_parallax_layout_fx_direction&quot;:null,&quot;jet_parallax_layout_z_index&quot;:&quot;&quot;,&quot;jet_parallax_layout_bg_x&quot;:50,&quot;jet_parallax_layout_bg_x_tablet&quot;:&quot;&quot;,&quot;jet_parallax_layout_bg_x_mobile&quot;:&quot;&quot;,&quot;jet_parallax_layout_bg_y&quot;:50,&quot;jet_parallax_layout_bg_y_tablet&quot;:&quot;&quot;,&quot;jet_parallax_layout_bg_y_mobile&quot;:&quot;&quot;,&quot;jet_parallax_layout_bg_size&quot;:&quot;auto&quot;,&quot;jet_parallax_layout_bg_size_tablet&quot;:&quot;&quot;,&quot;jet_parallax_layout_bg_size_mobile&quot;:&quot;&quot;,&quot;jet_parallax_layout_animation_prop&quot;:&quot;transform&quot;,&quot;jet_parallax_layout_on&quot;:[&quot;desktop&quot;,&quot;tablet&quot;]}]}\">\n\t\t\t\t\t\t<div class=\"elementor-container elementor-column-gap-default\">\n\t\t\t\t\t<div class=\"elementor-column elementor-col-50 elementor-top-column elementor-element elementor-element-4fb3f2d\" data-id=\"4fb3f2d\" data-element_type=\"column\">\n\t\t\t<div class=\"elementor-widget-wrap elementor-element-populated\">\n\t\t\t\t\t\t<div class=\"elementor-element elementor-element-cf5666e elementor-widget elementor-widget-heading\" data-id=\"cf5666e\" data-element_type=\"widget\" data-widget_type=\"heading.default\">\n\t\t\t\t<div class=\"elementor-widget-container\">\n\t\t\t<h4 class=\"elementor-heading-title elementor-size-default\">Overige projecten<\/h4>\t\t<\/div>\n\t\t\t\t<\/div>\n\t\t\t\t<div class=\"elementor-element elementor-element-4ef7ef1 elementor-widget elementor-widget-heading\" data-id=\"4ef7ef1\" data-element_type=\"widget\" data-widget_type=\"heading.default\">\n\t\t\t\t<div class=\"elementor-widget-container\">\n\t\t\t<h2 class=\"elementor-heading-title elementor-size-default\">Allergie &amp; Hygi\u00ebne<\/h2>\t\t<\/div>\n\t\t\t\t<\/div>\n\t\t\t\t<div class=\"elementor-element elementor-element-116ddbd elementor-widget-divider--view-line elementor-widget elementor-widget-divider\" data-id=\"116ddbd\" data-element_type=\"widget\" data-widget_type=\"divider.default\">\n\t\t\t\t<div class=\"elementor-widget-container\">\n\t\t\t\t\t<div class=\"elementor-divider\">\n\t\t\t<span class=\"elementor-divider-separator\">\n\t\t\t\t\t\t<\/span>\n\t\t<\/div>\n\t\t\t\t<\/div>\n\t\t\t\t<\/div>\n\t\t\t\t<div class=\"elementor-element elementor-element-1911c4b elementor-widget elementor-widget-text-editor\" data-id=\"1911c4b\" data-element_type=\"widget\" data-widget_type=\"text-editor.default\">\n\t\t\t\t<div class=\"elementor-widget-container\">\n\t\t\t\t\t\t\t<p style=\"text-align: left;\">James wordt gevraagd om advies te geven over binnenmilieu, stofallergie, huisstofmijt en hygi\u00ebne. Vaak zijn de vragen ook gerelateerd aan tapijt en gestoffeerde meubels in huis. Er heerst een misverstand in Europa dat tapijt en gestoffeerde meubels slecht zou zijn voor mensen met astma of een allergie.<\/p><p style=\"text-align: left;\">Uit onderzoek van de Duitse Astma en Allergie bond (<a href=\"http:\/\/www.daab.de\/\" target=\"_blank\" rel=\"nofollow noopener\">www.daab.de<\/a>) komt naar voren dat een tapijt beter is voor een allergisch persoon dan een gladde, harde vloerbedekking. Een tapijt houdt fijnstof vast, waardoor het niet door de ruimte circuleert en een allergisch persoon er minder last van heeft.<\/p><p style=\"text-align: left;\">Uit dit onderzoek blijkt dat de gemiddelde hoeveelheid fijnstof in woningen met een gladde vloer (62,9 \u00b5g\/m\u00b3) ruim twee keer zo hoog is als in woningen met tapijt (30,4 \u00b5g\/m\u00b3). Daarnaast groeien huisstofmijten niet op tapijt, maar komen in tapijt terecht via luchtcirculatie.<\/p>\t\t\t\t\t\t<\/div>\n\t\t\t\t<\/div>\n\t\t\t\t<div class=\"elementor-element elementor-element-ef2d6b8 elementor-widget-divider--view-line elementor-widget elementor-widget-divider\" data-id=\"ef2d6b8\" data-element_type=\"widget\" data-widget_type=\"divider.default\">\n\t\t\t\t<div class=\"elementor-widget-container\">\n\t\t\t\t\t<div class=\"elementor-divider\">\n\t\t\t<span class=\"elementor-divider-separator\">\n\t\t\t\t\t\t<\/span>\n\t\t<\/div>\n\t\t\t\t<\/div>\n\t\t\t\t<\/div>\n\t\t\t\t<div class=\"elementor-element elementor-element-0137cd0 animated-slow elementor-invisible elementor-widget elementor-widget-button\" data-id=\"0137cd0\" data-element_type=\"widget\" data-settings=\"{&quot;_animation&quot;:&quot;fadeIn&quot;}\" data-widget_type=\"button.default\">\n\t\t\t\t<div class=\"elementor-widget-container\">\n\t\t\t\t\t\t\t<div class=\"elementor-button-wrapper\">\n\t\t\t\t\t<a class=\"elementor-button elementor-button-link elementor-size-sm elementor-animation-float\" href=\"https:\/\/www.james.eu\/over-james\/\">\n\t\t\t\t\t\t<span class=\"elementor-button-content-wrapper\">\n\t\t\t\t\t\t<span class=\"elementor-button-icon\">\n\t\t\t\t<i aria-hidden=\"true\" class=\"fas fa-arrow-left\"><\/i>\t\t\t<\/span>\n\t\t\t\t\t\t\t\t\t<span class=\"elementor-button-text\">Terug naar \"Over ons\"<\/span>\n\t\t\t\t\t<\/span>\n\t\t\t\t\t<\/a>\n\t\t\t\t<\/div>\n\t\t\t\t\t\t<\/div>\n\t\t\t\t<\/div>\n\t\t\t\t\t<\/div>\n\t\t<\/div>\n\t\t\t\t<div class=\"elementor-column elementor-col-50 elementor-top-column elementor-element elementor-element-1438462\" data-id=\"1438462\" data-element_type=\"column\">\n\t\t\t<div class=\"elementor-widget-wrap elementor-element-populated\">\n\t\t\t\t\t\t<div class=\"elementor-element elementor-element-19056dc elementor-invisible elementor-widget elementor-widget-image\" data-id=\"19056dc\" data-element_type=\"widget\" data-settings=\"{&quot;_animation&quot;:&quot;fadeInRight&quot;}\" data-widget_type=\"image.default\">\n\t\t\t\t<div class=\"elementor-widget-container\">\n\t\t\t\t\t\t\t\t\t\t\t\t\t<img fetchpriority=\"high\" decoding=\"async\" width=\"565\" height=\"565\" src=\"https:\/\/www.james.eu\/wp-content\/uploads\/2022\/09\/Stof-1.jpg\" class=\"attachment-large size-large wp-image-62819\" alt=\"Stof\" srcset=\"https:\/\/www.james.eu\/wp-content\/uploads\/2022\/09\/Stof-1.jpg 565w, https:\/\/www.james.eu\/wp-content\/uploads\/2022\/09\/Stof-1-300x300.jpg 300w, https:\/\/www.james.eu\/wp-content\/uploads\/2022\/09\/Stof-1-425x425.jpg 425w, https:\/\/www.james.eu\/wp-content\/uploads\/2022\/09\/Stof-1-100x100.jpg 100w\" sizes=\"(max-width: 565px) 100vw, 565px\" \/>\t\t\t\t\t\t\t\t\t\t\t\t\t<\/div>\n\t\t\t\t<\/div>\n\t\t\t\t\t<\/div>\n\t\t<\/div>\n\t\t\t\t\t<\/div>\n\t\t<\/section>\n\t\t\t\t<\/div>\n\t\t","protected":false},"excerpt":{"rendered":"<p>Overige projecten Allergie &#038; Hygi\u00ebne James wordt gevraagd om advies te geven over binnenmilieu, stofallergie, huisstofmijt en hygi\u00ebne. Vaak zijn de vragen ook gerelateerd aan tapijt en gestoffeerde meubels in huis. Er heerst een misverstand in Europa dat tapijt en gestoffeerde meubels slecht zou zijn voor mensen met astma of een allergie. Uit onderzoek van [&hellip;]<\/p>\n","protected":false},"author":1,"featured_media":0,"parent":989,"menu_order":0,"comment_status":"closed","ping_status":"closed","template":"elementor_header_footer","meta":{"ocean_post_layout":"","ocean_both_sidebars_style":"","ocean_both_sidebars_content_width":0,"ocean_both_sidebars_sidebars_width":0,"ocean_sidebar":"0","ocean_second_sidebar":"0","ocean_disable_margins":"on","ocean_add_body_class":"","ocean_shortcode_before_top_bar":"","ocean_shortcode_after_top_bar":"","ocean_shortcode_before_header":"","ocean_shortcode_after_header":"","ocean_has_shortcode":"","ocean_shortcode_after_title":"","ocean_shortcode_before_footer_widgets":"","ocean_shortcode_after_footer_widgets":"","ocean_shortcode_before_footer_bottom":"","ocean_shortcode_after_footer_bottom":"","ocean_display_top_bar":"default","ocean_display_header":"default","ocean_header_style":"","ocean_center_header_left_menu":"0","ocean_custom_header_template":"0","ocean_custom_logo":0,"ocean_custom_retina_logo":0,"ocean_custom_logo_max_width":0,"ocean_custom_logo_tablet_max_width":0,"ocean_custom_logo_mobile_max_width":0,"ocean_custom_logo_max_height":0,"ocean_custom_logo_tablet_max_height":0,"ocean_custom_logo_mobile_max_height":0,"ocean_header_custom_menu":"0","ocean_menu_typo_font_family":"0","ocean_menu_typo_font_subset":"","ocean_menu_typo_font_size":0,"ocean_menu_typo_font_size_tablet":0,"ocean_menu_typo_font_size_mobile":0,"ocean_menu_typo_font_size_unit":"px","ocean_menu_typo_font_weight":"","ocean_menu_typo_font_weight_tablet":"","ocean_menu_typo_font_weight_mobile":"","ocean_menu_typo_transform":"","ocean_menu_typo_transform_tablet":"","ocean_menu_typo_transform_mobile":"","ocean_menu_typo_line_height":0,"ocean_menu_typo_line_height_tablet":0,"ocean_menu_typo_line_height_mobile":0,"ocean_menu_typo_line_height_unit":"","ocean_menu_typo_spacing":0,"ocean_menu_typo_spacing_tablet":0,"ocean_menu_typo_spacing_mobile":0,"ocean_menu_typo_spacing_unit":"","ocean_menu_link_color":"","ocean_menu_link_color_hover":"","ocean_menu_link_color_active":"","ocean_menu_link_background":"","ocean_menu_link_hover_background":"","ocean_menu_link_active_background":"","ocean_menu_social_links_bg":"","ocean_menu_social_hover_links_bg":"","ocean_menu_social_links_color":"","ocean_menu_social_hover_links_color":"","ocean_disable_title":"default","ocean_disable_heading":"default","ocean_post_title":"","ocean_post_subheading":"","ocean_post_title_style":"","ocean_post_title_background_color":"","ocean_post_title_background":0,"ocean_post_title_bg_image_position":"","ocean_post_title_bg_image_attachment":"","ocean_post_title_bg_image_repeat":"","ocean_post_title_bg_image_size":"","ocean_post_title_height":0,"ocean_post_title_bg_overlay":0.5,"ocean_post_title_bg_overlay_color":"","ocean_disable_breadcrumbs":"default","ocean_breadcrumbs_color":"","ocean_breadcrumbs_separator_color":"","ocean_breadcrumbs_links_color":"","ocean_breadcrumbs_links_hover_color":"","ocean_display_footer_widgets":"default","ocean_display_footer_bottom":"default","ocean_custom_footer_template":"0","osh_disable_topbar_sticky":"default","osh_disable_header_sticky":"default","osh_sticky_header_style":"default","osh_sticky_header_effect":"","osh_custom_sticky_logo":0,"osh_custom_retina_sticky_logo":0,"osh_custom_sticky_logo_height":0,"osh_background_color":"","osh_links_color":"","osh_links_hover_color":"","osh_links_active_color":"","osh_links_bg_color":"","osh_links_hover_bg_color":"","osh_links_active_bg_color":"","osh_menu_social_links_color":"","osh_menu_social_hover_links_color":"","footnotes":""},"class_list":["post-4409","page","type-page","status-publish","hentry","entry","owp-thumbs-layout-horizontal","owp-btn-very-big","owp-tabs-layout-vertical","has-no-thumbnails"],"acf":[],"yoast_head":"<!-- This site is optimized with the Yoast SEO Premium plugin v20.1 (Yoast SEO v25.3.1) - https:\/\/yoast.com\/wordpress\/plugins\/seo\/ -->\n<title>Allergie &amp; Hygi\u00ebne - James B.V.<\/title>\n<meta name=\"robots\" content=\"index, follow, max-snippet:-1, max-image-preview:large, max-video-preview:-1\" \/>\n<link rel=\"canonical\" href=\"https:\/\/www.james.eu\/nl\/over-james\/allergie-hygiene\/\" \/>\n<meta property=\"og:locale\" content=\"nl_NL\" \/>\n<meta property=\"og:type\" content=\"article\" \/>\n<meta property=\"og:title\" content=\"Allergie &amp; Hygi\u00ebne\" \/>\n<meta property=\"og:description\" content=\"Overige projecten Allergie &#038; Hygi\u00ebne James wordt gevraagd om advies te geven over binnenmilieu, stofallergie, huisstofmijt en hygi\u00ebne. Vaak zijn de vragen ook gerelateerd aan tapijt en gestoffeerde meubels in huis. Er heerst een misverstand in Europa dat tapijt en gestoffeerde meubels slecht zou zijn voor mensen met astma of een allergie. Uit onderzoek van [&hellip;]\" \/>\n<meta property=\"og:url\" content=\"https:\/\/www.james.eu\/nl\/over-james\/allergie-hygiene\/\" \/>\n<meta property=\"og:site_name\" content=\"James B.V.\" \/>\n<meta property=\"article:publisher\" content=\"https:\/\/www.facebook.com\/James-BV-380608888706399\" \/>\n<meta property=\"article:modified_time\" content=\"2022-10-02T18:30:41+00:00\" \/>\n<meta property=\"og:image\" content=\"https:\/\/www.james.eu\/wp-content\/uploads\/2022\/09\/Stof-1.jpg\" \/>\n<meta name=\"twitter:card\" content=\"summary_large_image\" \/>\n<meta name=\"twitter:label1\" content=\"Geschatte leestijd\" \/>\n\t<meta name=\"twitter:data1\" content=\"1 minuut\" \/>\n<script type=\"application\/ld+json\" class=\"yoast-schema-graph\">{\"@context\":\"https:\/\/schema.org\",\"@graph\":[{\"@type\":\"WebPage\",\"@id\":\"https:\/\/www.james.eu\/nl\/over-james\/allergie-hygiene\/\",\"url\":\"https:\/\/www.james.eu\/nl\/over-james\/allergie-hygiene\/\",\"name\":\"Allergie & Hygi\u00ebne - James B.V.\",\"isPartOf\":{\"@id\":\"https:\/\/www.james.eu\/nl\/#website\"},\"primaryImageOfPage\":{\"@id\":\"https:\/\/www.james.eu\/nl\/over-james\/allergie-hygiene\/#primaryimage\"},\"image\":{\"@id\":\"https:\/\/www.james.eu\/nl\/over-james\/allergie-hygiene\/#primaryimage\"},\"thumbnailUrl\":\"https:\/\/www.james.eu\/wp-content\/uploads\/2022\/09\/Stof-1.jpg\",\"datePublished\":\"2020-08-06T11:32:56+00:00\",\"dateModified\":\"2022-10-02T18:30:41+00:00\",\"breadcrumb\":{\"@id\":\"https:\/\/www.james.eu\/nl\/over-james\/allergie-hygiene\/#breadcrumb\"},\"inLanguage\":\"nl-NL\",\"potentialAction\":[{\"@type\":\"ReadAction\",\"target\":[\"https:\/\/www.james.eu\/nl\/over-james\/allergie-hygiene\/\"]}]},{\"@type\":\"ImageObject\",\"inLanguage\":\"nl-NL\",\"@id\":\"https:\/\/www.james.eu\/nl\/over-james\/allergie-hygiene\/#primaryimage\",\"url\":\"https:\/\/www.james.eu\/wp-content\/uploads\/2022\/09\/Stof-1.jpg\",\"contentUrl\":\"https:\/\/www.james.eu\/wp-content\/uploads\/2022\/09\/Stof-1.jpg\"},{\"@type\":\"BreadcrumbList\",\"@id\":\"https:\/\/www.james.eu\/nl\/over-james\/allergie-hygiene\/#breadcrumb\",\"itemListElement\":[{\"@type\":\"ListItem\",\"position\":1,\"name\":\"Home\",\"item\":\"https:\/\/www.james.eu\/nl\/\"},{\"@type\":\"ListItem\",\"position\":2,\"name\":\"Over james\",\"item\":\"https:\/\/www.james.eu\/nl\/over-james\/\"},{\"@type\":\"ListItem\",\"position\":3,\"name\":\"Allergie &#038; Hygi\u00ebne\"}]},{\"@type\":\"WebSite\",\"@id\":\"https:\/\/www.james.eu\/nl\/#website\",\"url\":\"https:\/\/www.james.eu\/nl\/\",\"name\":\"James B.V.\",\"description\":\"The Finishing Touch\",\"publisher\":{\"@id\":\"https:\/\/www.james.eu\/nl\/#organization\"},\"potentialAction\":[{\"@type\":\"SearchAction\",\"target\":{\"@type\":\"EntryPoint\",\"urlTemplate\":\"https:\/\/www.james.eu\/nl\/?s={search_term_string}\"},\"query-input\":{\"@type\":\"PropertyValueSpecification\",\"valueRequired\":true,\"valueName\":\"search_term_string\"}}],\"inLanguage\":\"nl-NL\"},{\"@type\":\"Organization\",\"@id\":\"https:\/\/www.james.eu\/nl\/#organization\",\"name\":\"James B.V.\",\"url\":\"https:\/\/www.james.eu\/nl\/\",\"logo\":{\"@type\":\"ImageObject\",\"inLanguage\":\"nl-NL\",\"@id\":\"https:\/\/www.james.eu\/nl\/#\/schema\/logo\/image\/\",\"url\":\"https:\/\/www.james.eu\/wp-content\/uploads\/2022\/02\/Logo-James-2021-mail-2.png\",\"contentUrl\":\"https:\/\/www.james.eu\/wp-content\/uploads\/2022\/02\/Logo-James-2021-mail-2.png\",\"width\":404,\"height\":482,\"caption\":\"James B.V.\"},\"image\":{\"@id\":\"https:\/\/www.james.eu\/nl\/#\/schema\/logo\/image\/\"},\"sameAs\":[\"https:\/\/www.facebook.com\/James-BV-380608888706399\",\"https:\/\/www.instagram.com\/james.eu1927\/\"]}]}<\/script>\n<!-- \/ Yoast SEO Premium plugin. -->","yoast_head_json":{"title":"Allergie & Hygi\u00ebne - James B.V.","robots":{"index":"index","follow":"follow","max-snippet":"max-snippet:-1","max-image-preview":"max-image-preview:large","max-video-preview":"max-video-preview:-1"},"canonical":"https:\/\/www.james.eu\/nl\/over-james\/allergie-hygiene\/","og_locale":"nl_NL","og_type":"article","og_title":"Allergie & Hygi\u00ebne","og_description":"Overige projecten Allergie &#038; Hygi\u00ebne James wordt gevraagd om advies te geven over binnenmilieu, stofallergie, huisstofmijt en hygi\u00ebne. Vaak zijn de vragen ook gerelateerd aan tapijt en gestoffeerde meubels in huis. Er heerst een misverstand in Europa dat tapijt en gestoffeerde meubels slecht zou zijn voor mensen met astma of een allergie. Uit onderzoek van [&hellip;]","og_url":"https:\/\/www.james.eu\/nl\/over-james\/allergie-hygiene\/","og_site_name":"James B.V.","article_publisher":"https:\/\/www.facebook.com\/James-BV-380608888706399","article_modified_time":"2022-10-02T18:30:41+00:00","og_image":[{"url":"https:\/\/www.james.eu\/wp-content\/uploads\/2022\/09\/Stof-1.jpg","type":"","width":"","height":""}],"twitter_card":"summary_large_image","twitter_misc":{"Geschatte leestijd":"1 minuut"},"schema":{"@context":"https:\/\/schema.org","@graph":[{"@type":"WebPage","@id":"https:\/\/www.james.eu\/nl\/over-james\/allergie-hygiene\/","url":"https:\/\/www.james.eu\/nl\/over-james\/allergie-hygiene\/","name":"Allergie & Hygi\u00ebne - James B.V.","isPartOf":{"@id":"https:\/\/www.james.eu\/nl\/#website"},"primaryImageOfPage":{"@id":"https:\/\/www.james.eu\/nl\/over-james\/allergie-hygiene\/#primaryimage"},"image":{"@id":"https:\/\/www.james.eu\/nl\/over-james\/allergie-hygiene\/#primaryimage"},"thumbnailUrl":"https:\/\/www.james.eu\/wp-content\/uploads\/2022\/09\/Stof-1.jpg","datePublished":"2020-08-06T11:32:56+00:00","dateModified":"2022-10-02T18:30:41+00:00","breadcrumb":{"@id":"https:\/\/www.james.eu\/nl\/over-james\/allergie-hygiene\/#breadcrumb"},"inLanguage":"nl-NL","potentialAction":[{"@type":"ReadAction","target":["https:\/\/www.james.eu\/nl\/over-james\/allergie-hygiene\/"]}]},{"@type":"ImageObject","inLanguage":"nl-NL","@id":"https:\/\/www.james.eu\/nl\/over-james\/allergie-hygiene\/#primaryimage","url":"https:\/\/www.james.eu\/wp-content\/uploads\/2022\/09\/Stof-1.jpg","contentUrl":"https:\/\/www.james.eu\/wp-content\/uploads\/2022\/09\/Stof-1.jpg"},{"@type":"BreadcrumbList","@id":"https:\/\/www.james.eu\/nl\/over-james\/allergie-hygiene\/#breadcrumb","itemListElement":[{"@type":"ListItem","position":1,"name":"Home","item":"https:\/\/www.james.eu\/nl\/"},{"@type":"ListItem","position":2,"name":"Over james","item":"https:\/\/www.james.eu\/nl\/over-james\/"},{"@type":"ListItem","position":3,"name":"Allergie &#038; Hygi\u00ebne"}]},{"@type":"WebSite","@id":"https:\/\/www.james.eu\/nl\/#website","url":"https:\/\/www.james.eu\/nl\/","name":"James B.V.","description":"The Finishing Touch","publisher":{"@id":"https:\/\/www.james.eu\/nl\/#organization"},"potentialAction":[{"@type":"SearchAction","target":{"@type":"EntryPoint","urlTemplate":"https:\/\/www.james.eu\/nl\/?s={search_term_string}"},"query-input":{"@type":"PropertyValueSpecification","valueRequired":true,"valueName":"search_term_string"}}],"inLanguage":"nl-NL"},{"@type":"Organization","@id":"https:\/\/www.james.eu\/nl\/#organization","name":"James B.V.","url":"https:\/\/www.james.eu\/nl\/","logo":{"@type":"ImageObject","inLanguage":"nl-NL","@id":"https:\/\/www.james.eu\/nl\/#\/schema\/logo\/image\/","url":"https:\/\/www.james.eu\/wp-content\/uploads\/2022\/02\/Logo-James-2021-mail-2.png","contentUrl":"https:\/\/www.james.eu\/wp-content\/uploads\/2022\/02\/Logo-James-2021-mail-2.png","width":404,"height":482,"caption":"James B.V."},"image":{"@id":"https:\/\/www.james.eu\/nl\/#\/schema\/logo\/image\/"},"sameAs":["https:\/\/www.facebook.com\/James-BV-380608888706399","https:\/\/www.instagram.com\/james.eu1927\/"]}]}},"jetpack_sharing_enabled":true,"_links":{"self":[{"href":"https:\/\/www.james.eu\/nl\/wp-json\/wp\/v2\/pages\/4409","targetHints":{"allow":["GET"]}}],"collection":[{"href":"https:\/\/www.james.eu\/nl\/wp-json\/wp\/v2\/pages"}],"about":[{"href":"https:\/\/www.james.eu\/nl\/wp-json\/wp\/v2\/types\/page"}],"author":[{"embeddable":true,"href":"https:\/\/www.james.eu\/nl\/wp-json\/wp\/v2\/users\/1"}],"replies":[{"embeddable":true,"href":"https:\/\/www.james.eu\/nl\/wp-json\/wp\/v2\/comments?post=4409"}],"version-history":[{"count":0,"href":"https:\/\/www.james.eu\/nl\/wp-json\/wp\/v2\/pages\/4409\/revisions"}],"up":[{"embeddable":true,"href":"https:\/\/www.james.eu\/nl\/wp-json\/wp\/v2\/pages\/989"}],"wp:attachment":[{"href":"https:\/\/www.james.eu\/nl\/wp-json\/wp\/v2\/media?parent=4409"}],"curies":[{"name":"wp","href":"https:\/\/api.w.org\/{rel}","templated":true}]}}