{"id":6921,"date":"2020-08-07T11:44:01","date_gmt":"2020-09-19T13:59:15","guid":{"rendered":"https:\/\/www.james.eu\/product\/sebo-evolution-320\/"},"modified":"2025-07-21T16:26:55","modified_gmt":"2025-07-21T14:26:55","slug":"sebo-evolution-320","status":"publish","type":"product","link":"https:\/\/www.james.eu\/fr\/producten\/sebo-evolution-320\/","title":{"rendered":"SEBO Evolution 320 Aspirateur"},"content":{"rendered":"<h4>Description<\/h4>\n<p>Le Sebo Evolution 320 prend une \u00e9tape importante dans la conception d&rsquo;aspirateur professionnel. Il est compl\u00e8tement concentr\u00e9 sur l&rsquo;essentiel: Robuste. Facile \u00e0 utiliser. \u00c9conomique. Simple \u00e0 entretenir. Efficace. Ultra-fiable.<\/p>\n<ul>\n<li>2 pi\u00e8ces jointes int\u00e9gr\u00e9es (crevasse et l&rsquo;ameublement buse)<\/li>\n<li>Norme r\u00e9glage de la hauteur de la brosse innovante<\/li>\n<li>Consommation: 890 W<\/li>\n<li>Volume du sac: 5,3 l<\/li>\n<li>Gamme de nettoyage: 12 m<\/li>\n<li>Largeur: 30 cm<\/li>\n<\/ul>\n<p>Cet aspirateur est id\u00e9al pour les moquettes et les tapis qui peuvent \u00eatre nettoy\u00e9s en utilisant un nettoyeur debout \u00e0 vide de brossage, de fa\u00e7on \u00e0 \u00e9liminer plus de salet\u00e9 en un seul passage.<\/p>\n","protected":false},"excerpt":{"rendered":"<h4>Description<\/h4>\n<p>Le Sebo Evolution 320 prend une \u00e9tape importante dans la conception d&rsquo;aspirateur professionnel. Il est compl\u00e8tement concentr\u00e9 sur l&rsquo;essentiel: Robuste. Facile \u00e0 utiliser. \u00c9conomique. Simple \u00e0 entretenir. Efficace. Ultra-fiable.<\/p>\n<ul>\n<li>2 pi\u00e8ces jointes int\u00e9gr\u00e9es (crevasse et l&rsquo;ameublement buse)<\/li>\n<li>Norme r\u00e9glage de la hauteur de la brosse innovante<\/li>\n<li>Consommation: 890 W<\/li>\n<li>Volume du sac: 5,3 l<\/li>\n<li>Gamme de nettoyage: 12 m<\/li>\n<li>Largeur: 30 cm<\/li>\n<\/ul>\n<p>Cet aspirateur est id\u00e9al pour les moquettes et les tapis qui peuvent \u00eatre nettoy\u00e9s en utilisant un nettoyeur debout \u00e0 vide de brossage, de fa\u00e7on \u00e0 \u00e9liminer plus de salet\u00e9 en un seul passage.<\/p>\n","protected":false},"featured_media":17783,"comment_status":"open","ping_status":"closed","template":"","meta":{"ocean_post_layout":"","ocean_both_sidebars_style":"","ocean_both_sidebars_content_width":0,"ocean_both_sidebars_sidebars_width":0,"ocean_sidebar":"0","ocean_second_sidebar":"0","ocean_disable_margins":"enable","ocean_add_body_class":"","ocean_shortcode_before_top_bar":"","ocean_shortcode_after_top_bar":"","ocean_shortcode_before_header":"","ocean_shortcode_after_header":"","ocean_has_shortcode":"","ocean_shortcode_after_title":"","ocean_shortcode_before_footer_widgets":"","ocean_shortcode_after_footer_widgets":"","ocean_shortcode_before_footer_bottom":"","ocean_shortcode_after_footer_bottom":"","ocean_display_top_bar":"default","ocean_display_header":"default","ocean_header_style":"","ocean_center_header_left_menu":"0","ocean_custom_header_template":"0","ocean_custom_logo":0,"ocean_custom_retina_logo":0,"ocean_custom_logo_max_width":0,"ocean_custom_logo_tablet_max_width":0,"ocean_custom_logo_mobile_max_width":0,"ocean_custom_logo_max_height":0,"ocean_custom_logo_tablet_max_height":0,"ocean_custom_logo_mobile_max_height":0,"ocean_header_custom_menu":"0","ocean_menu_typo_font_family":"0","ocean_menu_typo_font_subset":"","ocean_menu_typo_font_size":0,"ocean_menu_typo_font_size_tablet":0,"ocean_menu_typo_font_size_mobile":0,"ocean_menu_typo_font_size_unit":"px","ocean_menu_typo_font_weight":"","ocean_menu_typo_font_weight_tablet":"","ocean_menu_typo_font_weight_mobile":"","ocean_menu_typo_transform":"","ocean_menu_typo_transform_tablet":"","ocean_menu_typo_transform_mobile":"","ocean_menu_typo_line_height":0,"ocean_menu_typo_line_height_tablet":0,"ocean_menu_typo_line_height_mobile":0,"ocean_menu_typo_line_height_unit":"","ocean_menu_typo_spacing":0,"ocean_menu_typo_spacing_tablet":0,"ocean_menu_typo_spacing_mobile":0,"ocean_menu_typo_spacing_unit":"","ocean_menu_link_color":"","ocean_menu_link_color_hover":"","ocean_menu_link_color_active":"","ocean_menu_link_background":"","ocean_menu_link_hover_background":"","ocean_menu_link_active_background":"","ocean_menu_social_links_bg":"","ocean_menu_social_hover_links_bg":"","ocean_menu_social_links_color":"","ocean_menu_social_hover_links_color":"","ocean_disable_title":"default","ocean_disable_heading":"default","ocean_post_title":"","ocean_post_subheading":"","ocean_post_title_style":"","ocean_post_title_background_color":"","ocean_post_title_background":0,"ocean_post_title_bg_image_position":"","ocean_post_title_bg_image_attachment":"","ocean_post_title_bg_image_repeat":"","ocean_post_title_bg_image_size":"","ocean_post_title_height":0,"ocean_post_title_bg_overlay":0.5,"ocean_post_title_bg_overlay_color":"","ocean_disable_breadcrumbs":"default","ocean_breadcrumbs_color":"","ocean_breadcrumbs_separator_color":"","ocean_breadcrumbs_links_color":"","ocean_breadcrumbs_links_hover_color":"","ocean_display_footer_widgets":"default","ocean_display_footer_bottom":"default","ocean_custom_footer_template":"0","osh_disable_topbar_sticky":"default","osh_disable_header_sticky":"default","osh_sticky_header_style":"default","osh_sticky_header_effect":"","osh_custom_sticky_logo":0,"osh_custom_retina_sticky_logo":0,"osh_custom_sticky_logo_height":0,"osh_background_color":"","osh_links_color":"","osh_links_hover_color":"","osh_links_active_color":"","osh_links_bg_color":"","osh_links_hover_bg_color":"","osh_links_active_bg_color":"","osh_menu_social_links_color":"","osh_menu_social_hover_links_color":"","deny_import_in_micro_website":""},"product_brand":[],"product_cat":[1654],"product_tag":[],"class_list":{"0":"post-6921","1":"product","2":"type-product","3":"status-publish","4":"has-post-thumbnail","6":"product_cat-aspirateurs","7":"product_shipping_class-stofzuigers","9":"entry","10":"has-media","12":"first","13":"onbackorder","14":"taxable","15":"shipping-taxable","16":"purchasable","17":"product-type-simple","18":"col","19":"span_1_of_3","20":"owp-content-center","21":"owp-thumbs-layout-horizontal","22":"owp-btn-very-big","23":"owp-tabs-layout-vertical","24":"has-no-thumbnails"},"acf":[],"yoast_head":"<!-- This site is optimized with the Yoast SEO Premium plugin v20.1 (Yoast SEO v25.3.1) - https:\/\/yoast.com\/wordpress\/plugins\/seo\/ -->\n<title>SEBO Evolution 320 Aspirateur - James B.V.<\/title>\n<meta name=\"robots\" content=\"index, follow, max-snippet:-1, max-image-preview:large, max-video-preview:-1\" \/>\n<link rel=\"canonical\" href=\"https:\/\/www.james.eu\/fr\/producten\/sebo-evolution-320\/\" \/>\n<meta property=\"og:locale\" content=\"fr_FR\" \/>\n<meta property=\"og:type\" content=\"article\" \/>\n<meta property=\"og:title\" content=\"SEBO Evolution 320 Aspirateur\" \/>\n<meta property=\"og:description\" content=\"Description Le Sebo Evolution 320 prend une \u00e9tape importante dans la conception d&#039;aspirateur professionnel. Il est compl\u00e8tement concentr\u00e9 sur l&#039;essentiel: Robuste. Facile \u00e0 utiliser. \u00c9conomique. Simple \u00e0 entretenir. Efficace. Ultra-fiable.  2 pi\u00e8ces jointes int\u00e9gr\u00e9es (crevasse et l&#039;ameublement buse)  Norme r\u00e9glage de la hauteur de la brosse innovante  Consommation: 890 W  Volume du sac: 5,3 l  Gamme de nettoyage: 12 m  Largeur: 30 cm Cet aspirateur est id\u00e9al pour les moquettes et les tapis qui peuvent \u00eatre nettoy\u00e9s en utilisant un nettoyeur debout \u00e0 vide de brossage, de fa\u00e7on \u00e0 \u00e9liminer plus de salet\u00e9 en un seul passage.\" \/>\n<meta property=\"og:url\" content=\"https:\/\/www.james.eu\/fr\/producten\/sebo-evolution-320\/\" \/>\n<meta property=\"og:site_name\" content=\"James B.V.\" \/>\n<meta property=\"article:publisher\" content=\"https:\/\/www.facebook.com\/James-BV-380608888706399\" \/>\n<meta property=\"article:modified_time\" content=\"2025-07-21T14:26:55+00:00\" \/>\n<meta property=\"og:image\" content=\"https:\/\/www.james.eu\/wp-content\/uploads\/2020\/10\/Sebo-Evolution-320-1.jpg\" \/>\n\t<meta property=\"og:image:width\" content=\"800\" \/>\n\t<meta property=\"og:image:height\" content=\"1000\" \/>\n\t<meta property=\"og:image:type\" content=\"image\/jpeg\" \/>\n<meta name=\"twitter:card\" content=\"summary_large_image\" \/>\n<meta name=\"twitter:label1\" content=\"Prix\" \/>\n\t<meta name=\"twitter:data1\" content=\"&euro;&nbsp;469,95\" \/>\n\t<meta name=\"twitter:label2\" content=\"Availability\" \/>\n\t<meta name=\"twitter:data2\" content=\"On backorder\" \/>\n<script type=\"application\/ld+json\" class=\"yoast-schema-graph\">{\"@context\":\"https:\/\/schema.org\",\"@graph\":[{\"@type\":\"WebPage\",\"@id\":\"https:\/\/www.james.eu\/fr\/producten\/sebo-evolution-320\/\",\"url\":\"https:\/\/www.james.eu\/fr\/producten\/sebo-evolution-320\/\",\"name\":\"SEBO Evolution 320 Aspirateur - James B.V.\",\"isPartOf\":{\"@id\":\"https:\/\/www.james.eu\/fr\/#website\"},\"primaryImageOfPage\":{\"@id\":\"https:\/\/www.james.eu\/fr\/producten\/sebo-evolution-320\/#primaryimage\"},\"image\":{\"@id\":\"https:\/\/www.james.eu\/fr\/producten\/sebo-evolution-320\/#primaryimage\"},\"thumbnailUrl\":\"https:\/\/www.james.eu\/wp-content\/uploads\/2020\/10\/Sebo-Evolution-320-1.jpg\",\"datePublished\":\"2020-09-19T13:59:15+00:00\",\"dateModified\":\"2025-07-21T14:26:55+00:00\",\"breadcrumb\":{\"@id\":\"https:\/\/www.james.eu\/fr\/producten\/sebo-evolution-320\/#breadcrumb\"},\"inLanguage\":\"fr-FR\",\"potentialAction\":[{\"@type\":\"ReadAction\",\"target\":[\"https:\/\/www.james.eu\/fr\/producten\/sebo-evolution-320\/\"]}]},{\"@type\":\"ImageObject\",\"inLanguage\":\"fr-FR\",\"@id\":\"https:\/\/www.james.eu\/fr\/producten\/sebo-evolution-320\/#primaryimage\",\"url\":\"https:\/\/www.james.eu\/wp-content\/uploads\/2020\/10\/Sebo-Evolution-320-1.jpg\",\"contentUrl\":\"https:\/\/www.james.eu\/wp-content\/uploads\/2020\/10\/Sebo-Evolution-320-1.jpg\",\"width\":800,\"height\":1000,\"caption\":\"Sebo Evolution 320\"},{\"@type\":\"BreadcrumbList\",\"@id\":\"https:\/\/www.james.eu\/fr\/producten\/sebo-evolution-320\/#breadcrumb\",\"itemListElement\":[{\"@type\":\"ListItem\",\"position\":1,\"name\":\"Home\",\"item\":\"https:\/\/www.james.eu\/fr\/page-daccueil-fr\/\"},{\"@type\":\"ListItem\",\"position\":2,\"name\":\"Produits\",\"item\":\"https:\/\/www.james.eu\/fr\/produits\/\"},{\"@type\":\"ListItem\",\"position\":3,\"name\":\"SEBO Evolution 320 Aspirateur\"}]},{\"@type\":\"WebSite\",\"@id\":\"https:\/\/www.james.eu\/fr\/#website\",\"url\":\"https:\/\/www.james.eu\/fr\/\",\"name\":\"James B.V.\",\"description\":\"The Finishing Touch\",\"publisher\":{\"@id\":\"https:\/\/www.james.eu\/fr\/#organization\"},\"potentialAction\":[{\"@type\":\"SearchAction\",\"target\":{\"@type\":\"EntryPoint\",\"urlTemplate\":\"https:\/\/www.james.eu\/fr\/?s={search_term_string}\"},\"query-input\":{\"@type\":\"PropertyValueSpecification\",\"valueRequired\":true,\"valueName\":\"search_term_string\"}}],\"inLanguage\":\"fr-FR\"},{\"@type\":\"Organization\",\"@id\":\"https:\/\/www.james.eu\/fr\/#organization\",\"name\":\"James B.V.\",\"url\":\"https:\/\/www.james.eu\/fr\/\",\"logo\":{\"@type\":\"ImageObject\",\"inLanguage\":\"fr-FR\",\"@id\":\"https:\/\/www.james.eu\/fr\/#\/schema\/logo\/image\/\",\"url\":\"https:\/\/www.james.eu\/wp-content\/uploads\/2022\/02\/Logo-James-2021-mail-2.png\",\"contentUrl\":\"https:\/\/www.james.eu\/wp-content\/uploads\/2022\/02\/Logo-James-2021-mail-2.png\",\"width\":404,\"height\":482,\"caption\":\"James B.V.\"},\"image\":{\"@id\":\"https:\/\/www.james.eu\/fr\/#\/schema\/logo\/image\/\"},\"sameAs\":[\"https:\/\/www.facebook.com\/James-BV-380608888706399\",\"https:\/\/www.instagram.com\/james.eu1927\/\"]}]}<\/script>\n<meta property=\"product:brand\" content=\"Sebo\" \/>\n<meta property=\"product:price:amount\" content=\"469.95\" \/>\n<meta property=\"product:price:currency\" content=\"EUR\" \/>\n<meta property=\"og:availability\" content=\"backorder\" \/>\n<meta property=\"product:availability\" content=\"available for order\" \/>\n<meta property=\"product:retailer_item_id\" content=\"8070\" \/>\n<meta property=\"product:condition\" content=\"new\" \/>\n<!-- \/ Yoast SEO Premium plugin. -->","yoast_head_json":{"title":"SEBO Evolution 320 Aspirateur - James B.V.","robots":{"index":"index","follow":"follow","max-snippet":"max-snippet:-1","max-image-preview":"max-image-preview:large","max-video-preview":"max-video-preview:-1"},"canonical":"https:\/\/www.james.eu\/fr\/producten\/sebo-evolution-320\/","og_locale":"fr_FR","og_type":"article","og_title":"SEBO Evolution 320 Aspirateur","og_description":"Description Le Sebo Evolution 320 prend une \u00e9tape importante dans la conception d'aspirateur professionnel. Il est compl\u00e8tement concentr\u00e9 sur l'essentiel: Robuste. Facile \u00e0 utiliser. \u00c9conomique. Simple \u00e0 entretenir. Efficace. Ultra-fiable.  2 pi\u00e8ces jointes int\u00e9gr\u00e9es (crevasse et l'ameublement buse)  Norme r\u00e9glage de la hauteur de la brosse innovante  Consommation: 890 W  Volume du sac: 5,3 l  Gamme de nettoyage: 12 m  Largeur: 30 cm Cet aspirateur est id\u00e9al pour les moquettes et les tapis qui peuvent \u00eatre nettoy\u00e9s en utilisant un nettoyeur debout \u00e0 vide de brossage, de fa\u00e7on \u00e0 \u00e9liminer plus de salet\u00e9 en un seul passage.","og_url":"https:\/\/www.james.eu\/fr\/producten\/sebo-evolution-320\/","og_site_name":"James B.V.","article_publisher":"https:\/\/www.facebook.com\/James-BV-380608888706399","article_modified_time":"2025-07-21T14:26:55+00:00","og_image":[{"width":800,"height":1000,"url":"https:\/\/www.james.eu\/wp-content\/uploads\/2020\/10\/Sebo-Evolution-320-1.jpg","type":"image\/jpeg"}],"twitter_card":"summary_large_image","twitter_misc":{"Prix":"&euro;&nbsp;469,95","Availability":"On backorder"},"schema":{"@context":"https:\/\/schema.org","@graph":[{"@type":"WebPage","@id":"https:\/\/www.james.eu\/fr\/producten\/sebo-evolution-320\/","url":"https:\/\/www.james.eu\/fr\/producten\/sebo-evolution-320\/","name":"SEBO Evolution 320 Aspirateur - James B.V.","isPartOf":{"@id":"https:\/\/www.james.eu\/fr\/#website"},"primaryImageOfPage":{"@id":"https:\/\/www.james.eu\/fr\/producten\/sebo-evolution-320\/#primaryimage"},"image":{"@id":"https:\/\/www.james.eu\/fr\/producten\/sebo-evolution-320\/#primaryimage"},"thumbnailUrl":"https:\/\/www.james.eu\/wp-content\/uploads\/2020\/10\/Sebo-Evolution-320-1.jpg","datePublished":"2020-09-19T13:59:15+00:00","dateModified":"2025-07-21T14:26:55+00:00","breadcrumb":{"@id":"https:\/\/www.james.eu\/fr\/producten\/sebo-evolution-320\/#breadcrumb"},"inLanguage":"fr-FR","potentialAction":[{"@type":"ReadAction","target":["https:\/\/www.james.eu\/fr\/producten\/sebo-evolution-320\/"]}]},{"@type":"ImageObject","inLanguage":"fr-FR","@id":"https:\/\/www.james.eu\/fr\/producten\/sebo-evolution-320\/#primaryimage","url":"https:\/\/www.james.eu\/wp-content\/uploads\/2020\/10\/Sebo-Evolution-320-1.jpg","contentUrl":"https:\/\/www.james.eu\/wp-content\/uploads\/2020\/10\/Sebo-Evolution-320-1.jpg","width":800,"height":1000,"caption":"Sebo Evolution 320"},{"@type":"BreadcrumbList","@id":"https:\/\/www.james.eu\/fr\/producten\/sebo-evolution-320\/#breadcrumb","itemListElement":[{"@type":"ListItem","position":1,"name":"Home","item":"https:\/\/www.james.eu\/fr\/page-daccueil-fr\/"},{"@type":"ListItem","position":2,"name":"Produits","item":"https:\/\/www.james.eu\/fr\/produits\/"},{"@type":"ListItem","position":3,"name":"SEBO Evolution 320 Aspirateur"}]},{"@type":"WebSite","@id":"https:\/\/www.james.eu\/fr\/#website","url":"https:\/\/www.james.eu\/fr\/","name":"James B.V.","description":"The Finishing Touch","publisher":{"@id":"https:\/\/www.james.eu\/fr\/#organization"},"potentialAction":[{"@type":"SearchAction","target":{"@type":"EntryPoint","urlTemplate":"https:\/\/www.james.eu\/fr\/?s={search_term_string}"},"query-input":{"@type":"PropertyValueSpecification","valueRequired":true,"valueName":"search_term_string"}}],"inLanguage":"fr-FR"},{"@type":"Organization","@id":"https:\/\/www.james.eu\/fr\/#organization","name":"James B.V.","url":"https:\/\/www.james.eu\/fr\/","logo":{"@type":"ImageObject","inLanguage":"fr-FR","@id":"https:\/\/www.james.eu\/fr\/#\/schema\/logo\/image\/","url":"https:\/\/www.james.eu\/wp-content\/uploads\/2022\/02\/Logo-James-2021-mail-2.png","contentUrl":"https:\/\/www.james.eu\/wp-content\/uploads\/2022\/02\/Logo-James-2021-mail-2.png","width":404,"height":482,"caption":"James B.V."},"image":{"@id":"https:\/\/www.james.eu\/fr\/#\/schema\/logo\/image\/"},"sameAs":["https:\/\/www.facebook.com\/James-BV-380608888706399","https:\/\/www.instagram.com\/james.eu1927\/"]}]},"product_brand":"Sebo","product_price_amount":"469.95","product_price_currency":"EUR","og_availability":"backorder","product_availability":"available for order","product_retailer_item_id":"8070","product_condition":"new"},"jetpack_sharing_enabled":true,"_links":{"self":[{"href":"https:\/\/www.james.eu\/fr\/wp-json\/wp\/v2\/product\/6921","targetHints":{"allow":["GET"]}}],"collection":[{"href":"https:\/\/www.james.eu\/fr\/wp-json\/wp\/v2\/product"}],"about":[{"href":"https:\/\/www.james.eu\/fr\/wp-json\/wp\/v2\/types\/product"}],"replies":[{"embeddable":true,"href":"https:\/\/www.james.eu\/fr\/wp-json\/wp\/v2\/comments?post=6921"}],"wp:featuredmedia":[{"embeddable":true,"href":"https:\/\/www.james.eu\/fr\/wp-json\/wp\/v2\/media\/17783"}],"wp:attachment":[{"href":"https:\/\/www.james.eu\/fr\/wp-json\/wp\/v2\/media?parent=6921"}],"wp:term":[{"taxonomy":"product_brand","embeddable":true,"href":"https:\/\/www.james.eu\/fr\/wp-json\/wp\/v2\/product_brand?post=6921"},{"taxonomy":"product_cat","embeddable":true,"href":"https:\/\/www.james.eu\/fr\/wp-json\/wp\/v2\/product_cat?post=6921"},{"taxonomy":"product_tag","embeddable":true,"href":"https:\/\/www.james.eu\/fr\/wp-json\/wp\/v2\/product_tag?post=6921"}],"curies":[{"name":"wp","href":"https:\/\/api.w.org\/{rel}","templated":true}]}}