{"id":6834,"date":"2020-08-07T12:23:34","date_gmt":"2020-09-18T14:11:28","guid":{"rendered":"https:\/\/www.james.eu\/product\/james-extra-mat-bidon\/"},"modified":"2025-10-16T11:47:17","modified_gmt":"2025-10-16T09:47:17","slug":"james-extra-mat-bidon","status":"publish","type":"product","link":"https:\/\/www.james.eu\/fr\/producten\/james-extra-mat-bidon\/","title":{"rendered":"James Extra Mat (Bidon)"},"content":{"rendered":"<p>James Extra Mat constitue une couche de protection extra mate (antid\u00e9rapante et antirayures). Presque tous les sols extra mats conservent leur fini mat apr\u00e8s application. Pour sols en vinyle, PVC, LVT, linol\u00e9um, caoutchouc et sols en pierre naturelle et synth\u00e9tique.<\/p>\n<p>Ce produit offre les fonctionnalit\u00e9s suivantes:<\/p>\n<ul>\n<li>Couche protectrice, amovible, qui prolonge la dur\u00e9e de vie de votre sol<\/li>\n<li>Les rayures et les dommages superficiels se font dans la couche de protection, ne pas dans votre sol, et sont donc r\u00e9parables<\/li>\n<li>James Extra Mat repousse la salissure<\/li>\n<li>Donne \u00e0 votre sol un aspect extra mat<\/li>\n<li>Nous d\u00e9conseillons l\u2019utilisation sur un sol uni fonc\u00e9 (en raison de la possibilit\u00e9 de formation de rayures apr\u00e8s s\u00e9chage)<\/li>\n<li>Un bidon est suffisant pour env. 200 m<sup>2<\/sup><\/li>\n<\/ul>\n<p>Avant d\u2019appliquer ce produit sur votre sol (neuf) ou si vous voulez, au fil du temps, appliquer une nouvelle couche, vous devez d\u2019abord nettoyer le sol \u00e0 l\u2019aide de <a href=\"https:\/\/www.james.eu\/fr\/produits\/james-nettoyant-basique-1\/\">James Nettoyant Basique<\/a>.<\/p>\n<p>Pour le nettoyage et l&rsquo;entretien quotidien de votre sol, utilisez notre nettoyant <a href=\"https:\/\/www.james.eu\/fr\/produits\/nettoyant-sols-propre-rapidement-sec-a\/\">James Nettoyant pour Sols Propre &amp; Rapidement Sec.<\/a><\/p>\n<p>Plus d&rsquo;information dans notre article de blog \u00ab\u00a0<a href=\"https:\/\/www.james.eu\/fr\/actualites\/nouveau-produit-unique-james-extra-mat\/\">Nouveau produit unique: James Extra Mat<\/a>\u00ab\u00a0.<\/p>\n","protected":false},"excerpt":{"rendered":"<p><strong>Couche de protection extra-mate, prolongeant la dur\u00e9e de vie<\/strong><\/p>\n<p>James Extra Mat est un produit unique sur le march\u00e9 car il offre la couche protectrice la plus mate. La solution pour les sols les plus mats d&rsquo;aujourd&rsquo;hui, ou pour donner \u00e0 votre sol un aspect mat suppl\u00e9mentaire!<\/p>\n<p>Choisissez-le directement apr\u00e8s la pose de votre sol (id\u00e9al parce que votre pi\u00e8ce est vide !), ou si le sol est endommag\u00e9\/ray\u00e9.<\/p>\n<p>Donne une couche protectrice transparente, extra mate, et est antid\u00e9rapante et r\u00e9sistante aux rayures. Pour sols en vinyle, PVC, LVT, linol\u00e9um, caoutchouc et sols en pierre naturelle et synth\u00e9tique. Pour une protection p\u00e9riodique.<\/p>\n","protected":false},"featured_media":59143,"comment_status":"open","ping_status":"closed","template":"","meta":{"ocean_post_layout":"","ocean_both_sidebars_style":"","ocean_both_sidebars_content_width":0,"ocean_both_sidebars_sidebars_width":0,"ocean_sidebar":"0","ocean_second_sidebar":"0","ocean_disable_margins":"enable","ocean_add_body_class":"","ocean_shortcode_before_top_bar":"","ocean_shortcode_after_top_bar":"","ocean_shortcode_before_header":"","ocean_shortcode_after_header":"","ocean_has_shortcode":"","ocean_shortcode_after_title":"","ocean_shortcode_before_footer_widgets":"","ocean_shortcode_after_footer_widgets":"","ocean_shortcode_before_footer_bottom":"","ocean_shortcode_after_footer_bottom":"","ocean_display_top_bar":"default","ocean_display_header":"default","ocean_header_style":"","ocean_center_header_left_menu":"0","ocean_custom_header_template":"0","ocean_custom_logo":0,"ocean_custom_retina_logo":0,"ocean_custom_logo_max_width":0,"ocean_custom_logo_tablet_max_width":0,"ocean_custom_logo_mobile_max_width":0,"ocean_custom_logo_max_height":0,"ocean_custom_logo_tablet_max_height":0,"ocean_custom_logo_mobile_max_height":0,"ocean_header_custom_menu":"0","ocean_menu_typo_font_family":"0","ocean_menu_typo_font_subset":"","ocean_menu_typo_font_size":0,"ocean_menu_typo_font_size_tablet":0,"ocean_menu_typo_font_size_mobile":0,"ocean_menu_typo_font_size_unit":"px","ocean_menu_typo_font_weight":"","ocean_menu_typo_font_weight_tablet":"","ocean_menu_typo_font_weight_mobile":"","ocean_menu_typo_transform":"","ocean_menu_typo_transform_tablet":"","ocean_menu_typo_transform_mobile":"","ocean_menu_typo_line_height":0,"ocean_menu_typo_line_height_tablet":0,"ocean_menu_typo_line_height_mobile":0,"ocean_menu_typo_line_height_unit":"","ocean_menu_typo_spacing":0,"ocean_menu_typo_spacing_tablet":0,"ocean_menu_typo_spacing_mobile":0,"ocean_menu_typo_spacing_unit":"","ocean_menu_link_color":"","ocean_menu_link_color_hover":"","ocean_menu_link_color_active":"","ocean_menu_link_background":"","ocean_menu_link_hover_background":"","ocean_menu_link_active_background":"","ocean_menu_social_links_bg":"","ocean_menu_social_hover_links_bg":"","ocean_menu_social_links_color":"","ocean_menu_social_hover_links_color":"","ocean_disable_title":"default","ocean_disable_heading":"default","ocean_post_title":"","ocean_post_subheading":"","ocean_post_title_style":"","ocean_post_title_background_color":"","ocean_post_title_background":0,"ocean_post_title_bg_image_position":"","ocean_post_title_bg_image_attachment":"","ocean_post_title_bg_image_repeat":"","ocean_post_title_bg_image_size":"","ocean_post_title_height":0,"ocean_post_title_bg_overlay":0.5,"ocean_post_title_bg_overlay_color":"","ocean_disable_breadcrumbs":"default","ocean_breadcrumbs_color":"","ocean_breadcrumbs_separator_color":"","ocean_breadcrumbs_links_color":"","ocean_breadcrumbs_links_hover_color":"","ocean_display_footer_widgets":"default","ocean_display_footer_bottom":"default","ocean_custom_footer_template":"0","osh_disable_topbar_sticky":"default","osh_disable_header_sticky":"default","osh_sticky_header_style":"default","osh_sticky_header_effect":"","osh_custom_sticky_logo":0,"osh_custom_retina_sticky_logo":0,"osh_custom_sticky_logo_height":0,"osh_background_color":"","osh_links_color":"","osh_links_hover_color":"","osh_links_active_color":"","osh_links_bg_color":"","osh_links_hover_bg_color":"","osh_links_active_bg_color":"","osh_menu_social_links_color":"","osh_menu_social_hover_links_color":"","deny_import_in_micro_website":""},"product_brand":[],"product_cat":[1637,1639],"product_tag":[],"class_list":{"0":"post-6834","1":"product","2":"type-product","3":"status-publish","4":"has-post-thumbnail","6":"product_cat-produits-demballage-en-gros","7":"product_cat-sols-durs","9":"entry","10":"has-media","12":"first","13":"instock","14":"taxable","15":"shipping-taxable","16":"purchasable","17":"product-type-simple","18":"col","19":"span_1_of_3","20":"owp-content-center","21":"owp-thumbs-layout-horizontal","22":"owp-btn-very-big","23":"owp-tabs-layout-vertical","24":"has-no-thumbnails"},"acf":[],"yoast_head":"<!-- This site is optimized with the Yoast SEO Premium plugin v20.1 (Yoast SEO v25.3.1) - https:\/\/yoast.com\/wordpress\/plugins\/seo\/ -->\n<title>James Extra Mat (Bidon) - James B.V.<\/title>\n<meta name=\"robots\" content=\"index, follow, max-snippet:-1, max-image-preview:large, max-video-preview:-1\" \/>\n<link rel=\"canonical\" href=\"https:\/\/www.james.eu\/fr\/producten\/james-extra-mat-bidon\/\" \/>\n<meta property=\"og:locale\" content=\"fr_FR\" \/>\n<meta property=\"og:type\" content=\"article\" \/>\n<meta property=\"og:title\" content=\"James Extra Mat (Bidon)\" \/>\n<meta property=\"og:description\" content=\"Couche de protection extra-mate, prolongeant la dur\u00e9e de vie James Extra Mat est un produit unique sur le march\u00e9 car il offre la couche protectrice la plus mate. La solution pour les sols les plus mats d&#039;aujourd&#039;hui, ou pour donner \u00e0 votre sol un aspect mat suppl\u00e9mentaire! Choisissez-le directement apr\u00e8s la pose de votre sol (id\u00e9al parce que votre pi\u00e8ce est vide !), ou si le sol est endommag\u00e9\/ray\u00e9. Donne une couche protectrice transparente, extra mate, et est antid\u00e9rapante et r\u00e9sistante aux rayures. Pour sols en vinyle, PVC, LVT, linol\u00e9um, caoutchouc et sols en pierre naturelle et synth\u00e9tique. Pour une protection p\u00e9riodique.\" \/>\n<meta property=\"og:url\" content=\"https:\/\/www.james.eu\/fr\/producten\/james-extra-mat-bidon\/\" \/>\n<meta property=\"og:site_name\" content=\"James B.V.\" \/>\n<meta property=\"article:publisher\" content=\"https:\/\/www.facebook.com\/James-BV-380608888706399\" \/>\n<meta property=\"article:modified_time\" content=\"2025-10-16T09:47:17+00:00\" \/>\n<meta property=\"og:image\" content=\"https:\/\/www.james.eu\/wp-content\/uploads\/2020\/08\/James-Extra-Mat-can-10ltr-1.jpg\" \/>\n\t<meta property=\"og:image:width\" content=\"800\" \/>\n\t<meta property=\"og:image:height\" content=\"1000\" \/>\n\t<meta property=\"og:image:type\" content=\"image\/jpeg\" \/>\n<meta name=\"twitter:card\" content=\"summary_large_image\" \/>\n<meta name=\"twitter:label1\" content=\"Prix\" \/>\n\t<meta name=\"twitter:data1\" content=\"&euro;&nbsp;215,00\" \/>\n\t<meta name=\"twitter:label2\" content=\"Availability\" \/>\n\t<meta name=\"twitter:data2\" content=\"In stock\" \/>\n<script type=\"application\/ld+json\" class=\"yoast-schema-graph\">{\"@context\":\"https:\/\/schema.org\",\"@graph\":[{\"@type\":\"WebPage\",\"@id\":\"https:\/\/www.james.eu\/fr\/producten\/james-extra-mat-bidon\/\",\"url\":\"https:\/\/www.james.eu\/fr\/producten\/james-extra-mat-bidon\/\",\"name\":\"James Extra Mat (Bidon) - James B.V.\",\"isPartOf\":{\"@id\":\"https:\/\/www.james.eu\/fr\/#website\"},\"primaryImageOfPage\":{\"@id\":\"https:\/\/www.james.eu\/fr\/producten\/james-extra-mat-bidon\/#primaryimage\"},\"image\":{\"@id\":\"https:\/\/www.james.eu\/fr\/producten\/james-extra-mat-bidon\/#primaryimage\"},\"thumbnailUrl\":\"https:\/\/www.james.eu\/wp-content\/uploads\/2020\/08\/James-Extra-Mat-can-10ltr-1.jpg\",\"datePublished\":\"2020-09-18T14:11:28+00:00\",\"dateModified\":\"2025-10-16T09:47:17+00:00\",\"breadcrumb\":{\"@id\":\"https:\/\/www.james.eu\/fr\/producten\/james-extra-mat-bidon\/#breadcrumb\"},\"inLanguage\":\"fr-FR\",\"potentialAction\":[{\"@type\":\"ReadAction\",\"target\":[\"https:\/\/www.james.eu\/fr\/producten\/james-extra-mat-bidon\/\"]}]},{\"@type\":\"ImageObject\",\"inLanguage\":\"fr-FR\",\"@id\":\"https:\/\/www.james.eu\/fr\/producten\/james-extra-mat-bidon\/#primaryimage\",\"url\":\"https:\/\/www.james.eu\/wp-content\/uploads\/2020\/08\/James-Extra-Mat-can-10ltr-1.jpg\",\"contentUrl\":\"https:\/\/www.james.eu\/wp-content\/uploads\/2020\/08\/James-Extra-Mat-can-10ltr-1.jpg\",\"width\":800,\"height\":1000,\"caption\":\"James Extra Mat - can 10ltr\"},{\"@type\":\"BreadcrumbList\",\"@id\":\"https:\/\/www.james.eu\/fr\/producten\/james-extra-mat-bidon\/#breadcrumb\",\"itemListElement\":[{\"@type\":\"ListItem\",\"position\":1,\"name\":\"Home\",\"item\":\"https:\/\/www.james.eu\/fr\/page-daccueil-fr\/\"},{\"@type\":\"ListItem\",\"position\":2,\"name\":\"Produits\",\"item\":\"https:\/\/www.james.eu\/fr\/produits\/\"},{\"@type\":\"ListItem\",\"position\":3,\"name\":\"James Extra Mat (Bidon)\"}]},{\"@type\":\"WebSite\",\"@id\":\"https:\/\/www.james.eu\/fr\/#website\",\"url\":\"https:\/\/www.james.eu\/fr\/\",\"name\":\"James B.V.\",\"description\":\"The Finishing Touch\",\"publisher\":{\"@id\":\"https:\/\/www.james.eu\/fr\/#organization\"},\"potentialAction\":[{\"@type\":\"SearchAction\",\"target\":{\"@type\":\"EntryPoint\",\"urlTemplate\":\"https:\/\/www.james.eu\/fr\/?s={search_term_string}\"},\"query-input\":{\"@type\":\"PropertyValueSpecification\",\"valueRequired\":true,\"valueName\":\"search_term_string\"}}],\"inLanguage\":\"fr-FR\"},{\"@type\":\"Organization\",\"@id\":\"https:\/\/www.james.eu\/fr\/#organization\",\"name\":\"James B.V.\",\"url\":\"https:\/\/www.james.eu\/fr\/\",\"logo\":{\"@type\":\"ImageObject\",\"inLanguage\":\"fr-FR\",\"@id\":\"https:\/\/www.james.eu\/fr\/#\/schema\/logo\/image\/\",\"url\":\"https:\/\/www.james.eu\/wp-content\/uploads\/2022\/02\/Logo-James-2021-mail-2.png\",\"contentUrl\":\"https:\/\/www.james.eu\/wp-content\/uploads\/2022\/02\/Logo-James-2021-mail-2.png\",\"width\":404,\"height\":482,\"caption\":\"James B.V.\"},\"image\":{\"@id\":\"https:\/\/www.james.eu\/fr\/#\/schema\/logo\/image\/\"},\"sameAs\":[\"https:\/\/www.facebook.com\/James-BV-380608888706399\",\"https:\/\/www.instagram.com\/james.eu1927\/\"]}]}<\/script>\n<meta property=\"product:brand\" content=\"James\" \/>\n<meta property=\"product:price:amount\" content=\"215.00\" \/>\n<meta property=\"product:price:currency\" content=\"EUR\" \/>\n<meta property=\"og:availability\" content=\"instock\" \/>\n<meta property=\"product:availability\" content=\"instock\" \/>\n<meta property=\"product:retailer_item_id\" content=\"3209\" \/>\n<meta property=\"product:condition\" content=\"new\" \/>\n<!-- \/ Yoast SEO Premium plugin. -->","yoast_head_json":{"title":"James Extra Mat (Bidon) - James B.V.","robots":{"index":"index","follow":"follow","max-snippet":"max-snippet:-1","max-image-preview":"max-image-preview:large","max-video-preview":"max-video-preview:-1"},"canonical":"https:\/\/www.james.eu\/fr\/producten\/james-extra-mat-bidon\/","og_locale":"fr_FR","og_type":"article","og_title":"James Extra Mat (Bidon)","og_description":"Couche de protection extra-mate, prolongeant la dur\u00e9e de vie James Extra Mat est un produit unique sur le march\u00e9 car il offre la couche protectrice la plus mate. La solution pour les sols les plus mats d'aujourd'hui, ou pour donner \u00e0 votre sol un aspect mat suppl\u00e9mentaire! Choisissez-le directement apr\u00e8s la pose de votre sol (id\u00e9al parce que votre pi\u00e8ce est vide !), ou si le sol est endommag\u00e9\/ray\u00e9. Donne une couche protectrice transparente, extra mate, et est antid\u00e9rapante et r\u00e9sistante aux rayures. Pour sols en vinyle, PVC, LVT, linol\u00e9um, caoutchouc et sols en pierre naturelle et synth\u00e9tique. Pour une protection p\u00e9riodique.","og_url":"https:\/\/www.james.eu\/fr\/producten\/james-extra-mat-bidon\/","og_site_name":"James B.V.","article_publisher":"https:\/\/www.facebook.com\/James-BV-380608888706399","article_modified_time":"2025-10-16T09:47:17+00:00","og_image":[{"width":800,"height":1000,"url":"https:\/\/www.james.eu\/wp-content\/uploads\/2020\/08\/James-Extra-Mat-can-10ltr-1.jpg","type":"image\/jpeg"}],"twitter_card":"summary_large_image","twitter_misc":{"Prix":"&euro;&nbsp;215,00","Availability":"In stock"},"schema":{"@context":"https:\/\/schema.org","@graph":[{"@type":"WebPage","@id":"https:\/\/www.james.eu\/fr\/producten\/james-extra-mat-bidon\/","url":"https:\/\/www.james.eu\/fr\/producten\/james-extra-mat-bidon\/","name":"James Extra Mat (Bidon) - James B.V.","isPartOf":{"@id":"https:\/\/www.james.eu\/fr\/#website"},"primaryImageOfPage":{"@id":"https:\/\/www.james.eu\/fr\/producten\/james-extra-mat-bidon\/#primaryimage"},"image":{"@id":"https:\/\/www.james.eu\/fr\/producten\/james-extra-mat-bidon\/#primaryimage"},"thumbnailUrl":"https:\/\/www.james.eu\/wp-content\/uploads\/2020\/08\/James-Extra-Mat-can-10ltr-1.jpg","datePublished":"2020-09-18T14:11:28+00:00","dateModified":"2025-10-16T09:47:17+00:00","breadcrumb":{"@id":"https:\/\/www.james.eu\/fr\/producten\/james-extra-mat-bidon\/#breadcrumb"},"inLanguage":"fr-FR","potentialAction":[{"@type":"ReadAction","target":["https:\/\/www.james.eu\/fr\/producten\/james-extra-mat-bidon\/"]}]},{"@type":"ImageObject","inLanguage":"fr-FR","@id":"https:\/\/www.james.eu\/fr\/producten\/james-extra-mat-bidon\/#primaryimage","url":"https:\/\/www.james.eu\/wp-content\/uploads\/2020\/08\/James-Extra-Mat-can-10ltr-1.jpg","contentUrl":"https:\/\/www.james.eu\/wp-content\/uploads\/2020\/08\/James-Extra-Mat-can-10ltr-1.jpg","width":800,"height":1000,"caption":"James Extra Mat - can 10ltr"},{"@type":"BreadcrumbList","@id":"https:\/\/www.james.eu\/fr\/producten\/james-extra-mat-bidon\/#breadcrumb","itemListElement":[{"@type":"ListItem","position":1,"name":"Home","item":"https:\/\/www.james.eu\/fr\/page-daccueil-fr\/"},{"@type":"ListItem","position":2,"name":"Produits","item":"https:\/\/www.james.eu\/fr\/produits\/"},{"@type":"ListItem","position":3,"name":"James Extra Mat (Bidon)"}]},{"@type":"WebSite","@id":"https:\/\/www.james.eu\/fr\/#website","url":"https:\/\/www.james.eu\/fr\/","name":"James B.V.","description":"The Finishing Touch","publisher":{"@id":"https:\/\/www.james.eu\/fr\/#organization"},"potentialAction":[{"@type":"SearchAction","target":{"@type":"EntryPoint","urlTemplate":"https:\/\/www.james.eu\/fr\/?s={search_term_string}"},"query-input":{"@type":"PropertyValueSpecification","valueRequired":true,"valueName":"search_term_string"}}],"inLanguage":"fr-FR"},{"@type":"Organization","@id":"https:\/\/www.james.eu\/fr\/#organization","name":"James B.V.","url":"https:\/\/www.james.eu\/fr\/","logo":{"@type":"ImageObject","inLanguage":"fr-FR","@id":"https:\/\/www.james.eu\/fr\/#\/schema\/logo\/image\/","url":"https:\/\/www.james.eu\/wp-content\/uploads\/2022\/02\/Logo-James-2021-mail-2.png","contentUrl":"https:\/\/www.james.eu\/wp-content\/uploads\/2022\/02\/Logo-James-2021-mail-2.png","width":404,"height":482,"caption":"James B.V."},"image":{"@id":"https:\/\/www.james.eu\/fr\/#\/schema\/logo\/image\/"},"sameAs":["https:\/\/www.facebook.com\/James-BV-380608888706399","https:\/\/www.instagram.com\/james.eu1927\/"]}]},"product_brand":"James","product_price_amount":"215.00","product_price_currency":"EUR","og_availability":"instock","product_availability":"instock","product_retailer_item_id":"3209","product_condition":"new"},"jetpack_sharing_enabled":true,"_links":{"self":[{"href":"https:\/\/www.james.eu\/fr\/wp-json\/wp\/v2\/product\/6834","targetHints":{"allow":["GET"]}}],"collection":[{"href":"https:\/\/www.james.eu\/fr\/wp-json\/wp\/v2\/product"}],"about":[{"href":"https:\/\/www.james.eu\/fr\/wp-json\/wp\/v2\/types\/product"}],"replies":[{"embeddable":true,"href":"https:\/\/www.james.eu\/fr\/wp-json\/wp\/v2\/comments?post=6834"}],"wp:featuredmedia":[{"embeddable":true,"href":"https:\/\/www.james.eu\/fr\/wp-json\/wp\/v2\/media\/59143"}],"wp:attachment":[{"href":"https:\/\/www.james.eu\/fr\/wp-json\/wp\/v2\/media?parent=6834"}],"wp:term":[{"taxonomy":"product_brand","embeddable":true,"href":"https:\/\/www.james.eu\/fr\/wp-json\/wp\/v2\/product_brand?post=6834"},{"taxonomy":"product_cat","embeddable":true,"href":"https:\/\/www.james.eu\/fr\/wp-json\/wp\/v2\/product_cat?post=6834"},{"taxonomy":"product_tag","embeddable":true,"href":"https:\/\/www.james.eu\/fr\/wp-json\/wp\/v2\/product_tag?post=6834"}],"curies":[{"name":"wp","href":"https:\/\/api.w.org\/{rel}","templated":true}]}}