{"id":6787,"date":"2020-08-07T12:25:36","date_gmt":"2020-09-18T13:59:52","guid":{"rendered":"https:\/\/www.james.eu\/product\/james-etage-cleaner-naturel-protegeant-bidon\/"},"modified":"2023-01-26T10:15:26","modified_gmt":"2023-01-26T09:15:26","slug":"james-nettoyant-sols-naturel-protegeant-bidon","status":"publish","type":"product","link":"https:\/\/www.james.eu\/fr\/produits\/james-nettoyant-sols-naturel-protegeant-bidon\/","title":{"rendered":"James Nettoyant pour Sols Naturel &amp; Prot\u00e9geant (Bidon)"},"content":{"rendered":"<p>James Nettoyant pour Sols Naturel &amp; Prot\u00e9geant est un d\u00e9tergent super concentr\u00e9, apte au nettoyage quotidien de sols en vinyle, PVC, et tous autres sols durs et r\u00e9sistants \u00e0 l&rsquo;humidit\u00e9 tels que sols en linol\u00e9um, caoutchouc, r\u00e9sine \u00e9poxy, dallages c\u00e9ramiques, et sols en pierre naturelle et synth\u00e9tique.<\/p>\n<p>Ce d\u00e9tergent offre les fonctionnalit\u00e9s suivantes:<\/p>\n<ul>\n<li>Laisse une mince couche protectrice sur votre sol<\/li>\n<li>James Nettoyant pour Sols Naturel &amp; Prot\u00e9geant donne \u00e0 votre sol un aspect mat<\/li>\n<li>Fournit un sol antid\u00e9rapant<\/li>\n<li>\u00c0 base de mati\u00e8res naturelles<\/li>\n<li>Agr\u00e9able pour vos mains<\/li>\n<\/ul>\n<p>Si vous souhaitez prot\u00e9ger votre sol et\/ou changer l\u2019aspect, <a href=\"https:\/\/www.james.eu\/fr\/produits\/james-mat-satine-2\/\">James Mat-Satin\u00e9<\/a> (avec un aspect mat) ou <a href=\"https:\/\/www.james.eu\/fr\/produits\/james-extra-mat-3\/\">James Extra Mat<\/a> (avec un aspect extra mat), forme une parfaite couche protectrice. Ensuite vous pouvez continuer \u00e0 nettoyer votre sol \u00e0 l\u2019aide de James Nettoyant pour Sols Naturel &amp; Prot\u00e9geant.<\/p>\n","protected":false},"excerpt":{"rendered":"<p>James Nettoyant pour Sols Naturel &amp; Prot\u00e9geant est un d\u00e9tergent super concentr\u00e9, apte au nettoyage quotidien de sols en vinyle, PVC, et tous autres sols durs et r\u00e9sistants \u00e0 l&rsquo;humidit\u00e9 tels que sols en linol\u00e9um, caoutchouc, r\u00e9sine \u00e9poxy, dallages c\u00e9ramiques, et sols en pierre naturelle et synth\u00e9tique.<\/p>\n<p>Ce d\u00e9tergent offre les fonctionnalit\u00e9s suivantes:<\/p>\n<ul>\n<li>Laisse une mince couche protectrice sur votre sol<\/li>\n<li>James Nettoyant pour Sols Naturel &amp; Prot\u00e9geant donne \u00e0 votre sol un aspect mat<\/li>\n<li>Fournit un sol antid\u00e9rapant<\/li>\n<li>\u00c0 base de mati\u00e8res naturelles<\/li>\n<li>Agr\u00e9able pour vos mains<\/li>\n<\/ul>\n<p>Si vous souhaitez prot\u00e9ger votre sol et\/ou changer l\u2019aspect, <a href=\"https:\/\/www.james.eu\/fr\/produits\/james-mat-satine-2\/\">James Mat-Satin\u00e9<\/a> (avec un aspect mat) ou <a href=\"https:\/\/www.james.eu\/fr\/produits\/james-extra-mat-3\/\">James Extra Mat<\/a> (avec un aspect extra mat), forme une parfaite couche protectrice. Ensuite vous pouvez continuer \u00e0 nettoyer votre sol \u00e0 l\u2019aide de James \u00c9tage Cleaner Naturel &amp; Prot\u00e9geant.<\/p>\n<p>Le <a href=\"https:\/\/www.james.eu\/fr\/produits\/jerrycan-robinet-bouchon\/\">jerry can tap<\/a> rend le bidon pratique \u00e0 utiliser!<\/p>\n","protected":false},"featured_media":17847,"comment_status":"open","ping_status":"closed","template":"","meta":{"ocean_post_layout":"","ocean_both_sidebars_style":"","ocean_both_sidebars_content_width":0,"ocean_both_sidebars_sidebars_width":0,"ocean_sidebar":"0","ocean_second_sidebar":"0","ocean_disable_margins":"enable","ocean_add_body_class":"","ocean_shortcode_before_top_bar":"","ocean_shortcode_after_top_bar":"","ocean_shortcode_before_header":"","ocean_shortcode_after_header":"","ocean_has_shortcode":"","ocean_shortcode_after_title":"","ocean_shortcode_before_footer_widgets":"","ocean_shortcode_after_footer_widgets":"","ocean_shortcode_before_footer_bottom":"","ocean_shortcode_after_footer_bottom":"","ocean_display_top_bar":"default","ocean_display_header":"default","ocean_header_style":"","ocean_center_header_left_menu":"0","ocean_custom_header_template":"0","ocean_custom_logo":0,"ocean_custom_retina_logo":0,"ocean_custom_logo_max_width":0,"ocean_custom_logo_tablet_max_width":0,"ocean_custom_logo_mobile_max_width":0,"ocean_custom_logo_max_height":0,"ocean_custom_logo_tablet_max_height":0,"ocean_custom_logo_mobile_max_height":0,"ocean_header_custom_menu":"0","ocean_menu_typo_font_family":"0","ocean_menu_typo_font_subset":"","ocean_menu_typo_font_size":0,"ocean_menu_typo_font_size_tablet":0,"ocean_menu_typo_font_size_mobile":0,"ocean_menu_typo_font_size_unit":"px","ocean_menu_typo_font_weight":"","ocean_menu_typo_font_weight_tablet":"","ocean_menu_typo_font_weight_mobile":"","ocean_menu_typo_transform":"","ocean_menu_typo_transform_tablet":"","ocean_menu_typo_transform_mobile":"","ocean_menu_typo_line_height":0,"ocean_menu_typo_line_height_tablet":0,"ocean_menu_typo_line_height_mobile":0,"ocean_menu_typo_line_height_unit":"","ocean_menu_typo_spacing":0,"ocean_menu_typo_spacing_tablet":0,"ocean_menu_typo_spacing_mobile":0,"ocean_menu_typo_spacing_unit":"","ocean_menu_link_color":"","ocean_menu_link_color_hover":"","ocean_menu_link_color_active":"","ocean_menu_link_background":"","ocean_menu_link_hover_background":"","ocean_menu_link_active_background":"","ocean_menu_social_links_bg":"","ocean_menu_social_hover_links_bg":"","ocean_menu_social_links_color":"","ocean_menu_social_hover_links_color":"","ocean_disable_title":"default","ocean_disable_heading":"default","ocean_post_title":"","ocean_post_subheading":"","ocean_post_title_style":"","ocean_post_title_background_color":"","ocean_post_title_background":0,"ocean_post_title_bg_image_position":"","ocean_post_title_bg_image_attachment":"","ocean_post_title_bg_image_repeat":"","ocean_post_title_bg_image_size":"","ocean_post_title_height":0,"ocean_post_title_bg_overlay":0.5,"ocean_post_title_bg_overlay_color":"","ocean_disable_breadcrumbs":"default","ocean_breadcrumbs_color":"","ocean_breadcrumbs_separator_color":"","ocean_breadcrumbs_links_color":"","ocean_breadcrumbs_links_hover_color":"","ocean_display_footer_widgets":"default","ocean_display_footer_bottom":"default","ocean_custom_footer_template":"0","osh_disable_topbar_sticky":"default","osh_disable_header_sticky":"default","osh_sticky_header_style":"default","osh_sticky_header_effect":"","osh_custom_sticky_logo":0,"osh_custom_retina_sticky_logo":0,"osh_custom_sticky_logo_height":0,"osh_background_color":"","osh_links_color":"","osh_links_hover_color":"","osh_links_active_color":"","osh_links_bg_color":"","osh_links_hover_bg_color":"","osh_links_active_bg_color":"","osh_menu_social_links_color":"","osh_menu_social_hover_links_color":"","deny_import_in_micro_website":""},"product_brand":[],"product_cat":[1637,1639],"product_tag":[],"class_list":{"0":"post-6787","1":"product","2":"type-product","3":"status-publish","4":"has-post-thumbnail","6":"product_cat-produits-demballage-en-gros","7":"product_cat-sols-durs","9":"entry","10":"has-media","12":"first","13":"instock","14":"taxable","15":"shipping-taxable","16":"purchasable","17":"product-type-simple","18":"col","19":"span_1_of_3","20":"owp-content-center","21":"owp-thumbs-layout-horizontal","22":"owp-btn-very-big","23":"owp-tabs-layout-vertical","24":"has-no-thumbnails"},"acf":[],"yoast_head":"<!-- This site is optimized with the Yoast SEO Premium plugin v20.1 (Yoast SEO v25.3.1) - https:\/\/yoast.com\/wordpress\/plugins\/seo\/ -->\n<title>James Nettoyant pour Sols Naturel &amp; Prot\u00e9geant (Bidon) - James B.V.<\/title>\n<meta name=\"robots\" content=\"index, follow, max-snippet:-1, max-image-preview:large, max-video-preview:-1\" \/>\n<link rel=\"canonical\" href=\"https:\/\/www.james.eu\/fr\/produits\/james-nettoyant-sols-naturel-protegeant-bidon\/\" \/>\n<meta property=\"og:locale\" content=\"fr_FR\" \/>\n<meta property=\"og:type\" content=\"article\" \/>\n<meta property=\"og:title\" content=\"James Nettoyant pour Sols Naturel &amp; Prot\u00e9geant (Bidon)\" \/>\n<meta property=\"og:description\" content=\"James Nettoyant pour Sols Naturel &amp; Prot\u00e9geant est un d\u00e9tergent super concentr\u00e9, apte au nettoyage quotidien de sols en vinyle, PVC, et tous autres sols durs et r\u00e9sistants \u00e0 l&#039;humidit\u00e9 tels que sols en linol\u00e9um, caoutchouc, r\u00e9sine \u00e9poxy, dallages c\u00e9ramiques, et sols en pierre naturelle et synth\u00e9tique. Ce d\u00e9tergent offre les fonctionnalit\u00e9s suivantes:  Laisse une mince couche protectrice sur votre sol  James Nettoyant pour Sols Naturel &amp; Prot\u00e9geant donne \u00e0 votre sol un aspect mat  Fournit un sol antid\u00e9rapant  \u00c0 base de mati\u00e8res naturelles  Agr\u00e9able pour vos mains Si vous souhaitez prot\u00e9ger votre sol et\/ou changer l\u2019aspect, James Mat-Satin\u00e9 (avec un aspect mat) ou James Extra Mat (avec un aspect extra mat), forme une parfaite couche protectrice. Ensuite vous pouvez continuer \u00e0 nettoyer votre sol \u00e0 l\u2019aide de James \u00c9tage Cleaner Naturel &amp; Prot\u00e9geant. Le jerry can tap rend le bidon pratique \u00e0 utiliser!\" \/>\n<meta property=\"og:url\" content=\"https:\/\/www.james.eu\/fr\/produits\/james-nettoyant-sols-naturel-protegeant-bidon\/\" \/>\n<meta property=\"og:site_name\" content=\"James B.V.\" \/>\n<meta property=\"article:publisher\" content=\"https:\/\/www.facebook.com\/James-BV-380608888706399\" \/>\n<meta property=\"article:modified_time\" content=\"2023-01-26T09:15:26+00:00\" \/>\n<meta property=\"og:image\" content=\"https:\/\/www.james.eu\/wp-content\/uploads\/2020\/08\/James-Vloerreiniger-Natuurlijk-Beschermend-can-10ltr-1.jpg\" \/>\n\t<meta property=\"og:image:width\" content=\"800\" \/>\n\t<meta property=\"og:image:height\" content=\"1000\" \/>\n\t<meta property=\"og:image:type\" content=\"image\/jpeg\" \/>\n<meta name=\"twitter:card\" content=\"summary_large_image\" \/>\n<meta name=\"twitter:label1\" content=\"Prix\" \/>\n\t<meta name=\"twitter:data1\" content=\"&euro;&nbsp;130,00\" \/>\n\t<meta name=\"twitter:label2\" content=\"Availability\" \/>\n\t<meta name=\"twitter:data2\" content=\"In stock\" \/>\n<script type=\"application\/ld+json\" class=\"yoast-schema-graph\">{\"@context\":\"https:\/\/schema.org\",\"@graph\":[{\"@type\":\"WebPage\",\"@id\":\"https:\/\/www.james.eu\/fr\/produits\/james-nettoyant-sols-naturel-protegeant-bidon\/\",\"url\":\"https:\/\/www.james.eu\/fr\/produits\/james-nettoyant-sols-naturel-protegeant-bidon\/\",\"name\":\"James Nettoyant pour Sols Naturel &amp; Prot\u00e9geant (Bidon) - James B.V.\",\"isPartOf\":{\"@id\":\"https:\/\/www.james.eu\/fr\/#website\"},\"primaryImageOfPage\":{\"@id\":\"https:\/\/www.james.eu\/fr\/produits\/james-nettoyant-sols-naturel-protegeant-bidon\/#primaryimage\"},\"image\":{\"@id\":\"https:\/\/www.james.eu\/fr\/produits\/james-nettoyant-sols-naturel-protegeant-bidon\/#primaryimage\"},\"thumbnailUrl\":\"https:\/\/www.james.eu\/wp-content\/uploads\/2020\/08\/James-Vloerreiniger-Natuurlijk-Beschermend-can-10ltr-1.jpg\",\"datePublished\":\"2020-09-18T13:59:52+00:00\",\"dateModified\":\"2023-01-26T09:15:26+00:00\",\"breadcrumb\":{\"@id\":\"https:\/\/www.james.eu\/fr\/produits\/james-nettoyant-sols-naturel-protegeant-bidon\/#breadcrumb\"},\"inLanguage\":\"fr-FR\",\"potentialAction\":[{\"@type\":\"ReadAction\",\"target\":[\"https:\/\/www.james.eu\/fr\/produits\/james-nettoyant-sols-naturel-protegeant-bidon\/\"]}]},{\"@type\":\"ImageObject\",\"inLanguage\":\"fr-FR\",\"@id\":\"https:\/\/www.james.eu\/fr\/produits\/james-nettoyant-sols-naturel-protegeant-bidon\/#primaryimage\",\"url\":\"https:\/\/www.james.eu\/wp-content\/uploads\/2020\/08\/James-Vloerreiniger-Natuurlijk-Beschermend-can-10ltr-1.jpg\",\"contentUrl\":\"https:\/\/www.james.eu\/wp-content\/uploads\/2020\/08\/James-Vloerreiniger-Natuurlijk-Beschermend-can-10ltr-1.jpg\",\"width\":800,\"height\":1000,\"caption\":\"Nettoyant pour Sols Naturel &amp; Prot\u00e9geant\"},{\"@type\":\"BreadcrumbList\",\"@id\":\"https:\/\/www.james.eu\/fr\/produits\/james-nettoyant-sols-naturel-protegeant-bidon\/#breadcrumb\",\"itemListElement\":[{\"@type\":\"ListItem\",\"position\":1,\"name\":\"Home\",\"item\":\"https:\/\/www.james.eu\/fr\/page-daccueil-fr\/\"},{\"@type\":\"ListItem\",\"position\":2,\"name\":\"Produits\",\"item\":\"https:\/\/www.james.eu\/fr\/produits\/\"},{\"@type\":\"ListItem\",\"position\":3,\"name\":\"James Nettoyant pour Sols Naturel &amp; Prot\u00e9geant (Bidon)\"}]},{\"@type\":\"WebSite\",\"@id\":\"https:\/\/www.james.eu\/fr\/#website\",\"url\":\"https:\/\/www.james.eu\/fr\/\",\"name\":\"James B.V.\",\"description\":\"The Finishing Touch\",\"publisher\":{\"@id\":\"https:\/\/www.james.eu\/fr\/#organization\"},\"potentialAction\":[{\"@type\":\"SearchAction\",\"target\":{\"@type\":\"EntryPoint\",\"urlTemplate\":\"https:\/\/www.james.eu\/fr\/?s={search_term_string}\"},\"query-input\":{\"@type\":\"PropertyValueSpecification\",\"valueRequired\":true,\"valueName\":\"search_term_string\"}}],\"inLanguage\":\"fr-FR\"},{\"@type\":\"Organization\",\"@id\":\"https:\/\/www.james.eu\/fr\/#organization\",\"name\":\"James B.V.\",\"url\":\"https:\/\/www.james.eu\/fr\/\",\"logo\":{\"@type\":\"ImageObject\",\"inLanguage\":\"fr-FR\",\"@id\":\"https:\/\/www.james.eu\/fr\/#\/schema\/logo\/image\/\",\"url\":\"https:\/\/www.james.eu\/wp-content\/uploads\/2022\/02\/Logo-James-2021-mail-2.png\",\"contentUrl\":\"https:\/\/www.james.eu\/wp-content\/uploads\/2022\/02\/Logo-James-2021-mail-2.png\",\"width\":404,\"height\":482,\"caption\":\"James B.V.\"},\"image\":{\"@id\":\"https:\/\/www.james.eu\/fr\/#\/schema\/logo\/image\/\"},\"sameAs\":[\"https:\/\/www.facebook.com\/James-BV-380608888706399\",\"https:\/\/www.instagram.com\/james.eu1927\/\"]}]}<\/script>\n<meta property=\"product:price:amount\" content=\"130.00\" \/>\n<meta property=\"product:price:currency\" content=\"EUR\" \/>\n<meta property=\"og:availability\" content=\"instock\" \/>\n<meta property=\"product:availability\" content=\"instock\" \/>\n<meta property=\"product:retailer_item_id\" content=\"3311\" \/>\n<meta property=\"product:condition\" content=\"new\" \/>\n<!-- \/ Yoast SEO Premium plugin. -->","yoast_head_json":{"title":"James Nettoyant pour Sols Naturel &amp; Prot\u00e9geant (Bidon) - James B.V.","robots":{"index":"index","follow":"follow","max-snippet":"max-snippet:-1","max-image-preview":"max-image-preview:large","max-video-preview":"max-video-preview:-1"},"canonical":"https:\/\/www.james.eu\/fr\/produits\/james-nettoyant-sols-naturel-protegeant-bidon\/","og_locale":"fr_FR","og_type":"article","og_title":"James Nettoyant pour Sols Naturel &amp; Prot\u00e9geant (Bidon)","og_description":"James Nettoyant pour Sols Naturel &amp; Prot\u00e9geant est un d\u00e9tergent super concentr\u00e9, apte au nettoyage quotidien de sols en vinyle, PVC, et tous autres sols durs et r\u00e9sistants \u00e0 l'humidit\u00e9 tels que sols en linol\u00e9um, caoutchouc, r\u00e9sine \u00e9poxy, dallages c\u00e9ramiques, et sols en pierre naturelle et synth\u00e9tique. Ce d\u00e9tergent offre les fonctionnalit\u00e9s suivantes:  Laisse une mince couche protectrice sur votre sol  James Nettoyant pour Sols Naturel &amp; Prot\u00e9geant donne \u00e0 votre sol un aspect mat  Fournit un sol antid\u00e9rapant  \u00c0 base de mati\u00e8res naturelles  Agr\u00e9able pour vos mains Si vous souhaitez prot\u00e9ger votre sol et\/ou changer l\u2019aspect, James Mat-Satin\u00e9 (avec un aspect mat) ou James Extra Mat (avec un aspect extra mat), forme une parfaite couche protectrice. Ensuite vous pouvez continuer \u00e0 nettoyer votre sol \u00e0 l\u2019aide de James \u00c9tage Cleaner Naturel &amp; Prot\u00e9geant. Le jerry can tap rend le bidon pratique \u00e0 utiliser!","og_url":"https:\/\/www.james.eu\/fr\/produits\/james-nettoyant-sols-naturel-protegeant-bidon\/","og_site_name":"James B.V.","article_publisher":"https:\/\/www.facebook.com\/James-BV-380608888706399","article_modified_time":"2023-01-26T09:15:26+00:00","og_image":[{"width":800,"height":1000,"url":"https:\/\/www.james.eu\/wp-content\/uploads\/2020\/08\/James-Vloerreiniger-Natuurlijk-Beschermend-can-10ltr-1.jpg","type":"image\/jpeg"}],"twitter_card":"summary_large_image","twitter_misc":{"Prix":"&euro;&nbsp;130,00","Availability":"In stock"},"schema":{"@context":"https:\/\/schema.org","@graph":[{"@type":"WebPage","@id":"https:\/\/www.james.eu\/fr\/produits\/james-nettoyant-sols-naturel-protegeant-bidon\/","url":"https:\/\/www.james.eu\/fr\/produits\/james-nettoyant-sols-naturel-protegeant-bidon\/","name":"James Nettoyant pour Sols Naturel &amp; Prot\u00e9geant (Bidon) - James B.V.","isPartOf":{"@id":"https:\/\/www.james.eu\/fr\/#website"},"primaryImageOfPage":{"@id":"https:\/\/www.james.eu\/fr\/produits\/james-nettoyant-sols-naturel-protegeant-bidon\/#primaryimage"},"image":{"@id":"https:\/\/www.james.eu\/fr\/produits\/james-nettoyant-sols-naturel-protegeant-bidon\/#primaryimage"},"thumbnailUrl":"https:\/\/www.james.eu\/wp-content\/uploads\/2020\/08\/James-Vloerreiniger-Natuurlijk-Beschermend-can-10ltr-1.jpg","datePublished":"2020-09-18T13:59:52+00:00","dateModified":"2023-01-26T09:15:26+00:00","breadcrumb":{"@id":"https:\/\/www.james.eu\/fr\/produits\/james-nettoyant-sols-naturel-protegeant-bidon\/#breadcrumb"},"inLanguage":"fr-FR","potentialAction":[{"@type":"ReadAction","target":["https:\/\/www.james.eu\/fr\/produits\/james-nettoyant-sols-naturel-protegeant-bidon\/"]}]},{"@type":"ImageObject","inLanguage":"fr-FR","@id":"https:\/\/www.james.eu\/fr\/produits\/james-nettoyant-sols-naturel-protegeant-bidon\/#primaryimage","url":"https:\/\/www.james.eu\/wp-content\/uploads\/2020\/08\/James-Vloerreiniger-Natuurlijk-Beschermend-can-10ltr-1.jpg","contentUrl":"https:\/\/www.james.eu\/wp-content\/uploads\/2020\/08\/James-Vloerreiniger-Natuurlijk-Beschermend-can-10ltr-1.jpg","width":800,"height":1000,"caption":"Nettoyant pour Sols Naturel &amp; Prot\u00e9geant"},{"@type":"BreadcrumbList","@id":"https:\/\/www.james.eu\/fr\/produits\/james-nettoyant-sols-naturel-protegeant-bidon\/#breadcrumb","itemListElement":[{"@type":"ListItem","position":1,"name":"Home","item":"https:\/\/www.james.eu\/fr\/page-daccueil-fr\/"},{"@type":"ListItem","position":2,"name":"Produits","item":"https:\/\/www.james.eu\/fr\/produits\/"},{"@type":"ListItem","position":3,"name":"James Nettoyant pour Sols Naturel &amp; Prot\u00e9geant (Bidon)"}]},{"@type":"WebSite","@id":"https:\/\/www.james.eu\/fr\/#website","url":"https:\/\/www.james.eu\/fr\/","name":"James B.V.","description":"The Finishing Touch","publisher":{"@id":"https:\/\/www.james.eu\/fr\/#organization"},"potentialAction":[{"@type":"SearchAction","target":{"@type":"EntryPoint","urlTemplate":"https:\/\/www.james.eu\/fr\/?s={search_term_string}"},"query-input":{"@type":"PropertyValueSpecification","valueRequired":true,"valueName":"search_term_string"}}],"inLanguage":"fr-FR"},{"@type":"Organization","@id":"https:\/\/www.james.eu\/fr\/#organization","name":"James B.V.","url":"https:\/\/www.james.eu\/fr\/","logo":{"@type":"ImageObject","inLanguage":"fr-FR","@id":"https:\/\/www.james.eu\/fr\/#\/schema\/logo\/image\/","url":"https:\/\/www.james.eu\/wp-content\/uploads\/2022\/02\/Logo-James-2021-mail-2.png","contentUrl":"https:\/\/www.james.eu\/wp-content\/uploads\/2022\/02\/Logo-James-2021-mail-2.png","width":404,"height":482,"caption":"James B.V."},"image":{"@id":"https:\/\/www.james.eu\/fr\/#\/schema\/logo\/image\/"},"sameAs":["https:\/\/www.facebook.com\/James-BV-380608888706399","https:\/\/www.instagram.com\/james.eu1927\/"]}]},"product_price_amount":"130.00","product_price_currency":"EUR","og_availability":"instock","product_availability":"instock","product_retailer_item_id":"3311","product_condition":"new"},"jetpack_sharing_enabled":true,"_links":{"self":[{"href":"https:\/\/www.james.eu\/fr\/wp-json\/wp\/v2\/product\/6787","targetHints":{"allow":["GET"]}}],"collection":[{"href":"https:\/\/www.james.eu\/fr\/wp-json\/wp\/v2\/product"}],"about":[{"href":"https:\/\/www.james.eu\/fr\/wp-json\/wp\/v2\/types\/product"}],"replies":[{"embeddable":true,"href":"https:\/\/www.james.eu\/fr\/wp-json\/wp\/v2\/comments?post=6787"}],"wp:featuredmedia":[{"embeddable":true,"href":"https:\/\/www.james.eu\/fr\/wp-json\/wp\/v2\/media\/17847"}],"wp:attachment":[{"href":"https:\/\/www.james.eu\/fr\/wp-json\/wp\/v2\/media?parent=6787"}],"wp:term":[{"taxonomy":"product_brand","embeddable":true,"href":"https:\/\/www.james.eu\/fr\/wp-json\/wp\/v2\/product_brand?post=6787"},{"taxonomy":"product_cat","embeddable":true,"href":"https:\/\/www.james.eu\/fr\/wp-json\/wp\/v2\/product_cat?post=6787"},{"taxonomy":"product_tag","embeddable":true,"href":"https:\/\/www.james.eu\/fr\/wp-json\/wp\/v2\/product_tag?post=6787"}],"curies":[{"name":"wp","href":"https:\/\/api.w.org\/{rel}","templated":true}]}}