{"id":59035,"date":"2021-06-28T12:05:50","date_gmt":"2022-01-18T10:55:33","guid":{"rendered":"https:\/\/www.james.eu\/producten\/sebo-dart-2-aspirateur\/"},"modified":"2025-07-22T08:26:03","modified_gmt":"2025-07-22T06:26:03","slug":"sebo-dart-2-stofzuiger","status":"publish","type":"product","link":"https:\/\/www.james.eu\/fr\/producten\/sebo-dart-2-stofzuiger\/","title":{"rendered":"SEBO Dart 2 Aspirateur"},"content":{"rendered":"<p class=\"h-details\"><span class=\"h-label\">Num\u00e9ro de type:<\/span> Dart 2<br \/>\n<span class=\"h-label\">Niveau sonore:<\/span> 68 dB<br \/>\n<span class=\"h-label\">Contenu:<\/span> 3,5 litres<br \/>\n<span class=\"h-label\">Puissance:<\/span> 890 Watts<\/p>\n<ul class=\"h-desc\">\n<li>Rayon d&rsquo;action: 10,5 m\u00e8tres<\/li>\n<li>Collecte de poussi\u00e8re: sac \u00e0 poussi\u00e8re<\/li>\n<li>R\u00e9gulation de la puissance d&rsquo;aspiration en continu<\/li>\n<li>Pour un usage professionnel<\/li>\n<li>Largeur de travail de 37 cm<\/li>\n<\/ul>\n","protected":false},"excerpt":{"rendered":"<h2>SEBO Dart 2<\/h2>\n<p><b>L&rsquo;aspirateur \u00e0 brosse le plus maniable au monde.<\/b><\/p>\n<p>Le Sebo Felix et le Sebo Dart sont deux aspirateurs \u00e0 brosse \u00e9quip\u00e9s d&rsquo;un moteur d&rsquo;aspiration et d&rsquo;un moteur \u00e0 brosse s\u00e9par\u00e9. Le Sebo Felix (pour un usage domestique) et le Sebo Dart (pour un usage professionnel) sont avant tout des aspirateurs pour une aspiration optimale des tapis..<\/p>\n<p>Pour aspirer parquet, carrelage et stratifi\u00e9 ou autres sols durs, nous recommandons la brosse parquet Sebo, qui est fournie en standard avec les Felix Classic, Fun et Black Premium I. Cette brosse parquet sp\u00e9cialement d\u00e9velopp\u00e9e par Sebo est \u00e9quip\u00e9e de roues en caoutchouc \u00e0 double roulement qu&rsquo;il n&rsquo;y a pas de dommages pouvant se former sur le sol.<\/p>\n<p>Gr\u00e2ce \u00e0 l&rsquo;articulation pivotante\/inclinable, le Sebo Felix et le Sebo Dart peuvent pivoter de 90\u00b0 verticalement et de 180\u00b0 horizontalement. Cela rend ces aspirateurs \u00e0 brosse extr\u00eamement maniables et donc particuli\u00e8rement adapt\u00e9s aux petits espaces ou aux surfaces avec de nombreux obstacles.<\/p>\n","protected":false},"featured_media":36298,"comment_status":"open","ping_status":"closed","template":"","meta":{"ocean_post_layout":"","ocean_both_sidebars_style":"","ocean_both_sidebars_content_width":0,"ocean_both_sidebars_sidebars_width":0,"ocean_sidebar":"0","ocean_second_sidebar":"0","ocean_disable_margins":"enable","ocean_add_body_class":"","ocean_shortcode_before_top_bar":"","ocean_shortcode_after_top_bar":"","ocean_shortcode_before_header":"","ocean_shortcode_after_header":"","ocean_has_shortcode":"","ocean_shortcode_after_title":"","ocean_shortcode_before_footer_widgets":"","ocean_shortcode_after_footer_widgets":"","ocean_shortcode_before_footer_bottom":"","ocean_shortcode_after_footer_bottom":"","ocean_display_top_bar":"default","ocean_display_header":"default","ocean_header_style":"","ocean_center_header_left_menu":"0","ocean_custom_header_template":"0","ocean_custom_logo":0,"ocean_custom_retina_logo":0,"ocean_custom_logo_max_width":0,"ocean_custom_logo_tablet_max_width":0,"ocean_custom_logo_mobile_max_width":0,"ocean_custom_logo_max_height":0,"ocean_custom_logo_tablet_max_height":0,"ocean_custom_logo_mobile_max_height":0,"ocean_header_custom_menu":"0","ocean_menu_typo_font_family":"0","ocean_menu_typo_font_subset":"","ocean_menu_typo_font_size":0,"ocean_menu_typo_font_size_tablet":0,"ocean_menu_typo_font_size_mobile":0,"ocean_menu_typo_font_size_unit":"px","ocean_menu_typo_font_weight":"","ocean_menu_typo_font_weight_tablet":"","ocean_menu_typo_font_weight_mobile":"","ocean_menu_typo_transform":"","ocean_menu_typo_transform_tablet":"","ocean_menu_typo_transform_mobile":"","ocean_menu_typo_line_height":0,"ocean_menu_typo_line_height_tablet":0,"ocean_menu_typo_line_height_mobile":0,"ocean_menu_typo_line_height_unit":"","ocean_menu_typo_spacing":0,"ocean_menu_typo_spacing_tablet":0,"ocean_menu_typo_spacing_mobile":0,"ocean_menu_typo_spacing_unit":"","ocean_menu_link_color":"","ocean_menu_link_color_hover":"","ocean_menu_link_color_active":"","ocean_menu_link_background":"","ocean_menu_link_hover_background":"","ocean_menu_link_active_background":"","ocean_menu_social_links_bg":"","ocean_menu_social_hover_links_bg":"","ocean_menu_social_links_color":"","ocean_menu_social_hover_links_color":"","ocean_disable_title":"default","ocean_disable_heading":"default","ocean_post_title":"","ocean_post_subheading":"","ocean_post_title_style":"","ocean_post_title_background_color":"","ocean_post_title_background":0,"ocean_post_title_bg_image_position":"","ocean_post_title_bg_image_attachment":"","ocean_post_title_bg_image_repeat":"","ocean_post_title_bg_image_size":"","ocean_post_title_height":0,"ocean_post_title_bg_overlay":0.5,"ocean_post_title_bg_overlay_color":"","ocean_disable_breadcrumbs":"default","ocean_breadcrumbs_color":"","ocean_breadcrumbs_separator_color":"","ocean_breadcrumbs_links_color":"","ocean_breadcrumbs_links_hover_color":"","ocean_display_footer_widgets":"default","ocean_display_footer_bottom":"default","ocean_custom_footer_template":"0","osh_disable_topbar_sticky":"default","osh_disable_header_sticky":"default","osh_sticky_header_style":"default","osh_sticky_header_effect":"","osh_custom_sticky_logo":0,"osh_custom_retina_sticky_logo":0,"osh_custom_sticky_logo_height":0,"osh_background_color":"","osh_links_color":"","osh_links_hover_color":"","osh_links_active_color":"","osh_links_bg_color":"","osh_links_hover_bg_color":"","osh_links_active_bg_color":"","osh_menu_social_links_color":"","osh_menu_social_hover_links_color":"","deny_import_in_micro_website":""},"product_brand":[],"product_cat":[1654,1658,1646],"product_tag":[],"class_list":{"0":"post-59035","1":"product","2":"type-product","3":"status-publish","4":"has-post-thumbnail","6":"product_cat-aspirateurs","7":"product_cat-tapis-moquette","8":"product_cat-tissu-dameublement","9":"product_shipping_class-stofzuigers","11":"entry","12":"has-media","14":"first","15":"onbackorder","16":"taxable","17":"shipping-taxable","18":"purchasable","19":"product-type-simple","20":"col","21":"span_1_of_3","22":"owp-content-center","23":"owp-thumbs-layout-horizontal","24":"owp-btn-very-big","25":"owp-tabs-layout-vertical","26":"has-no-thumbnails"},"acf":[],"yoast_head":"<!-- This site is optimized with the Yoast SEO Premium plugin v20.1 (Yoast SEO v25.3.1) - https:\/\/yoast.com\/wordpress\/plugins\/seo\/ -->\n<title>SEBO Dart 2 Aspirateur - James B.V.<\/title>\n<meta name=\"robots\" content=\"index, follow, max-snippet:-1, max-image-preview:large, max-video-preview:-1\" \/>\n<link rel=\"canonical\" href=\"https:\/\/www.james.eu\/fr\/producten\/sebo-dart-2-stofzuiger\/\" \/>\n<meta property=\"og:locale\" content=\"fr_FR\" \/>\n<meta property=\"og:type\" content=\"article\" \/>\n<meta property=\"og:title\" content=\"SEBO Dart 2 Aspirateur\" \/>\n<meta property=\"og:description\" content=\"SEBO Dart 2 L&#039;aspirateur \u00e0 brosse le plus maniable au monde. Le Sebo Felix et le Sebo Dart sont deux aspirateurs \u00e0 brosse \u00e9quip\u00e9s d&#039;un moteur d&#039;aspiration et d&#039;un moteur \u00e0 brosse s\u00e9par\u00e9. Le Sebo Felix (pour un usage domestique) et le Sebo Dart (pour un usage professionnel) sont avant tout des aspirateurs pour une aspiration optimale des tapis.. Pour aspirer parquet, carrelage et stratifi\u00e9 ou autres sols durs, nous recommandons la brosse parquet Sebo, qui est fournie en standard avec les Felix Classic, Fun et Black Premium I. Cette brosse parquet sp\u00e9cialement d\u00e9velopp\u00e9e par Sebo est \u00e9quip\u00e9e de roues en caoutchouc \u00e0 double roulement qu&#039;il n&#039;y a pas de dommages pouvant se former sur le sol. Gr\u00e2ce \u00e0 l&#039;articulation pivotante\/inclinable, le Sebo Felix et le Sebo Dart peuvent pivoter de 90\u00b0 verticalement et de 180\u00b0 horizontalement. Cela rend ces aspirateurs \u00e0 brosse extr\u00eamement maniables et donc particuli\u00e8rement adapt\u00e9s aux petits espaces ou aux surfaces avec de nombreux obstacles.\" \/>\n<meta property=\"og:url\" content=\"https:\/\/www.james.eu\/fr\/producten\/sebo-dart-2-stofzuiger\/\" \/>\n<meta property=\"og:site_name\" content=\"James B.V.\" \/>\n<meta property=\"article:publisher\" content=\"https:\/\/www.facebook.com\/James-BV-380608888706399\" \/>\n<meta property=\"article:modified_time\" content=\"2025-07-22T06:26:03+00:00\" \/>\n<meta property=\"og:image\" content=\"https:\/\/www.james.eu\/wp-content\/uploads\/2021\/06\/Sebo-Dart-2.jpg\" \/>\n\t<meta property=\"og:image:width\" content=\"800\" \/>\n\t<meta property=\"og:image:height\" content=\"1000\" \/>\n\t<meta property=\"og:image:type\" content=\"image\/jpeg\" \/>\n<meta name=\"twitter:card\" content=\"summary_large_image\" \/>\n<meta name=\"twitter:label1\" content=\"Prix\" \/>\n\t<meta name=\"twitter:data1\" content=\"&euro;&nbsp;419,95\" \/>\n\t<meta name=\"twitter:label2\" content=\"Availability\" \/>\n\t<meta name=\"twitter:data2\" content=\"On backorder\" \/>\n<script type=\"application\/ld+json\" class=\"yoast-schema-graph\">{\"@context\":\"https:\/\/schema.org\",\"@graph\":[{\"@type\":\"WebPage\",\"@id\":\"https:\/\/www.james.eu\/fr\/producten\/sebo-dart-2-stofzuiger\/\",\"url\":\"https:\/\/www.james.eu\/fr\/producten\/sebo-dart-2-stofzuiger\/\",\"name\":\"SEBO Dart 2 Aspirateur - James B.V.\",\"isPartOf\":{\"@id\":\"https:\/\/www.james.eu\/fr\/#website\"},\"primaryImageOfPage\":{\"@id\":\"https:\/\/www.james.eu\/fr\/producten\/sebo-dart-2-stofzuiger\/#primaryimage\"},\"image\":{\"@id\":\"https:\/\/www.james.eu\/fr\/producten\/sebo-dart-2-stofzuiger\/#primaryimage\"},\"thumbnailUrl\":\"https:\/\/www.james.eu\/wp-content\/uploads\/2021\/06\/Sebo-Dart-2.jpg\",\"datePublished\":\"2022-01-18T10:55:33+00:00\",\"dateModified\":\"2025-07-22T06:26:03+00:00\",\"breadcrumb\":{\"@id\":\"https:\/\/www.james.eu\/fr\/producten\/sebo-dart-2-stofzuiger\/#breadcrumb\"},\"inLanguage\":\"fr-FR\",\"potentialAction\":[{\"@type\":\"ReadAction\",\"target\":[\"https:\/\/www.james.eu\/fr\/producten\/sebo-dart-2-stofzuiger\/\"]}]},{\"@type\":\"ImageObject\",\"inLanguage\":\"fr-FR\",\"@id\":\"https:\/\/www.james.eu\/fr\/producten\/sebo-dart-2-stofzuiger\/#primaryimage\",\"url\":\"https:\/\/www.james.eu\/wp-content\/uploads\/2021\/06\/Sebo-Dart-2.jpg\",\"contentUrl\":\"https:\/\/www.james.eu\/wp-content\/uploads\/2021\/06\/Sebo-Dart-2.jpg\",\"width\":800,\"height\":1000,\"caption\":\"Sebo-Dart-2\"},{\"@type\":\"BreadcrumbList\",\"@id\":\"https:\/\/www.james.eu\/fr\/producten\/sebo-dart-2-stofzuiger\/#breadcrumb\",\"itemListElement\":[{\"@type\":\"ListItem\",\"position\":1,\"name\":\"Home\",\"item\":\"https:\/\/www.james.eu\/fr\/page-daccueil-fr\/\"},{\"@type\":\"ListItem\",\"position\":2,\"name\":\"Produits\",\"item\":\"https:\/\/www.james.eu\/fr\/produits\/\"},{\"@type\":\"ListItem\",\"position\":3,\"name\":\"SEBO Dart 2 Aspirateur\"}]},{\"@type\":\"WebSite\",\"@id\":\"https:\/\/www.james.eu\/fr\/#website\",\"url\":\"https:\/\/www.james.eu\/fr\/\",\"name\":\"James B.V.\",\"description\":\"The Finishing Touch\",\"publisher\":{\"@id\":\"https:\/\/www.james.eu\/fr\/#organization\"},\"potentialAction\":[{\"@type\":\"SearchAction\",\"target\":{\"@type\":\"EntryPoint\",\"urlTemplate\":\"https:\/\/www.james.eu\/fr\/?s={search_term_string}\"},\"query-input\":{\"@type\":\"PropertyValueSpecification\",\"valueRequired\":true,\"valueName\":\"search_term_string\"}}],\"inLanguage\":\"fr-FR\"},{\"@type\":\"Organization\",\"@id\":\"https:\/\/www.james.eu\/fr\/#organization\",\"name\":\"James B.V.\",\"url\":\"https:\/\/www.james.eu\/fr\/\",\"logo\":{\"@type\":\"ImageObject\",\"inLanguage\":\"fr-FR\",\"@id\":\"https:\/\/www.james.eu\/fr\/#\/schema\/logo\/image\/\",\"url\":\"https:\/\/www.james.eu\/wp-content\/uploads\/2022\/02\/Logo-James-2021-mail-2.png\",\"contentUrl\":\"https:\/\/www.james.eu\/wp-content\/uploads\/2022\/02\/Logo-James-2021-mail-2.png\",\"width\":404,\"height\":482,\"caption\":\"James B.V.\"},\"image\":{\"@id\":\"https:\/\/www.james.eu\/fr\/#\/schema\/logo\/image\/\"},\"sameAs\":[\"https:\/\/www.facebook.com\/James-BV-380608888706399\",\"https:\/\/www.instagram.com\/james.eu1927\/\"]}]}<\/script>\n<meta property=\"product:brand\" content=\"Sebo\" \/>\n<meta property=\"product:price:amount\" content=\"419.95\" \/>\n<meta property=\"product:price:currency\" content=\"EUR\" \/>\n<meta property=\"og:availability\" content=\"backorder\" \/>\n<meta property=\"product:availability\" content=\"available for order\" \/>\n<meta property=\"product:retailer_item_id\" content=\"8077\" \/>\n<meta property=\"product:condition\" content=\"new\" \/>\n<!-- \/ Yoast SEO Premium plugin. -->","yoast_head_json":{"title":"SEBO Dart 2 Aspirateur - James B.V.","robots":{"index":"index","follow":"follow","max-snippet":"max-snippet:-1","max-image-preview":"max-image-preview:large","max-video-preview":"max-video-preview:-1"},"canonical":"https:\/\/www.james.eu\/fr\/producten\/sebo-dart-2-stofzuiger\/","og_locale":"fr_FR","og_type":"article","og_title":"SEBO Dart 2 Aspirateur","og_description":"SEBO Dart 2 L'aspirateur \u00e0 brosse le plus maniable au monde. Le Sebo Felix et le Sebo Dart sont deux aspirateurs \u00e0 brosse \u00e9quip\u00e9s d'un moteur d'aspiration et d'un moteur \u00e0 brosse s\u00e9par\u00e9. Le Sebo Felix (pour un usage domestique) et le Sebo Dart (pour un usage professionnel) sont avant tout des aspirateurs pour une aspiration optimale des tapis.. Pour aspirer parquet, carrelage et stratifi\u00e9 ou autres sols durs, nous recommandons la brosse parquet Sebo, qui est fournie en standard avec les Felix Classic, Fun et Black Premium I. Cette brosse parquet sp\u00e9cialement d\u00e9velopp\u00e9e par Sebo est \u00e9quip\u00e9e de roues en caoutchouc \u00e0 double roulement qu'il n'y a pas de dommages pouvant se former sur le sol. Gr\u00e2ce \u00e0 l'articulation pivotante\/inclinable, le Sebo Felix et le Sebo Dart peuvent pivoter de 90\u00b0 verticalement et de 180\u00b0 horizontalement. Cela rend ces aspirateurs \u00e0 brosse extr\u00eamement maniables et donc particuli\u00e8rement adapt\u00e9s aux petits espaces ou aux surfaces avec de nombreux obstacles.","og_url":"https:\/\/www.james.eu\/fr\/producten\/sebo-dart-2-stofzuiger\/","og_site_name":"James B.V.","article_publisher":"https:\/\/www.facebook.com\/James-BV-380608888706399","article_modified_time":"2025-07-22T06:26:03+00:00","og_image":[{"width":800,"height":1000,"url":"https:\/\/www.james.eu\/wp-content\/uploads\/2021\/06\/Sebo-Dart-2.jpg","type":"image\/jpeg"}],"twitter_card":"summary_large_image","twitter_misc":{"Prix":"&euro;&nbsp;419,95","Availability":"On backorder"},"schema":{"@context":"https:\/\/schema.org","@graph":[{"@type":"WebPage","@id":"https:\/\/www.james.eu\/fr\/producten\/sebo-dart-2-stofzuiger\/","url":"https:\/\/www.james.eu\/fr\/producten\/sebo-dart-2-stofzuiger\/","name":"SEBO Dart 2 Aspirateur - James B.V.","isPartOf":{"@id":"https:\/\/www.james.eu\/fr\/#website"},"primaryImageOfPage":{"@id":"https:\/\/www.james.eu\/fr\/producten\/sebo-dart-2-stofzuiger\/#primaryimage"},"image":{"@id":"https:\/\/www.james.eu\/fr\/producten\/sebo-dart-2-stofzuiger\/#primaryimage"},"thumbnailUrl":"https:\/\/www.james.eu\/wp-content\/uploads\/2021\/06\/Sebo-Dart-2.jpg","datePublished":"2022-01-18T10:55:33+00:00","dateModified":"2025-07-22T06:26:03+00:00","breadcrumb":{"@id":"https:\/\/www.james.eu\/fr\/producten\/sebo-dart-2-stofzuiger\/#breadcrumb"},"inLanguage":"fr-FR","potentialAction":[{"@type":"ReadAction","target":["https:\/\/www.james.eu\/fr\/producten\/sebo-dart-2-stofzuiger\/"]}]},{"@type":"ImageObject","inLanguage":"fr-FR","@id":"https:\/\/www.james.eu\/fr\/producten\/sebo-dart-2-stofzuiger\/#primaryimage","url":"https:\/\/www.james.eu\/wp-content\/uploads\/2021\/06\/Sebo-Dart-2.jpg","contentUrl":"https:\/\/www.james.eu\/wp-content\/uploads\/2021\/06\/Sebo-Dart-2.jpg","width":800,"height":1000,"caption":"Sebo-Dart-2"},{"@type":"BreadcrumbList","@id":"https:\/\/www.james.eu\/fr\/producten\/sebo-dart-2-stofzuiger\/#breadcrumb","itemListElement":[{"@type":"ListItem","position":1,"name":"Home","item":"https:\/\/www.james.eu\/fr\/page-daccueil-fr\/"},{"@type":"ListItem","position":2,"name":"Produits","item":"https:\/\/www.james.eu\/fr\/produits\/"},{"@type":"ListItem","position":3,"name":"SEBO Dart 2 Aspirateur"}]},{"@type":"WebSite","@id":"https:\/\/www.james.eu\/fr\/#website","url":"https:\/\/www.james.eu\/fr\/","name":"James B.V.","description":"The Finishing Touch","publisher":{"@id":"https:\/\/www.james.eu\/fr\/#organization"},"potentialAction":[{"@type":"SearchAction","target":{"@type":"EntryPoint","urlTemplate":"https:\/\/www.james.eu\/fr\/?s={search_term_string}"},"query-input":{"@type":"PropertyValueSpecification","valueRequired":true,"valueName":"search_term_string"}}],"inLanguage":"fr-FR"},{"@type":"Organization","@id":"https:\/\/www.james.eu\/fr\/#organization","name":"James B.V.","url":"https:\/\/www.james.eu\/fr\/","logo":{"@type":"ImageObject","inLanguage":"fr-FR","@id":"https:\/\/www.james.eu\/fr\/#\/schema\/logo\/image\/","url":"https:\/\/www.james.eu\/wp-content\/uploads\/2022\/02\/Logo-James-2021-mail-2.png","contentUrl":"https:\/\/www.james.eu\/wp-content\/uploads\/2022\/02\/Logo-James-2021-mail-2.png","width":404,"height":482,"caption":"James B.V."},"image":{"@id":"https:\/\/www.james.eu\/fr\/#\/schema\/logo\/image\/"},"sameAs":["https:\/\/www.facebook.com\/James-BV-380608888706399","https:\/\/www.instagram.com\/james.eu1927\/"]}]},"product_brand":"Sebo","product_price_amount":"419.95","product_price_currency":"EUR","og_availability":"backorder","product_availability":"available for order","product_retailer_item_id":"8077","product_condition":"new"},"jetpack_sharing_enabled":true,"_links":{"self":[{"href":"https:\/\/www.james.eu\/fr\/wp-json\/wp\/v2\/product\/59035","targetHints":{"allow":["GET"]}}],"collection":[{"href":"https:\/\/www.james.eu\/fr\/wp-json\/wp\/v2\/product"}],"about":[{"href":"https:\/\/www.james.eu\/fr\/wp-json\/wp\/v2\/types\/product"}],"replies":[{"embeddable":true,"href":"https:\/\/www.james.eu\/fr\/wp-json\/wp\/v2\/comments?post=59035"}],"wp:featuredmedia":[{"embeddable":true,"href":"https:\/\/www.james.eu\/fr\/wp-json\/wp\/v2\/media\/36298"}],"wp:attachment":[{"href":"https:\/\/www.james.eu\/fr\/wp-json\/wp\/v2\/media?parent=59035"}],"wp:term":[{"taxonomy":"product_brand","embeddable":true,"href":"https:\/\/www.james.eu\/fr\/wp-json\/wp\/v2\/product_brand?post=59035"},{"taxonomy":"product_cat","embeddable":true,"href":"https:\/\/www.james.eu\/fr\/wp-json\/wp\/v2\/product_cat?post=59035"},{"taxonomy":"product_tag","embeddable":true,"href":"https:\/\/www.james.eu\/fr\/wp-json\/wp\/v2\/product_tag?post=59035"}],"curies":[{"name":"wp","href":"https:\/\/api.w.org\/{rel}","templated":true}]}}