{"id":59029,"date":"2021-06-28T11:45:08","date_gmt":"2022-01-18T10:24:47","guid":{"rendered":"https:\/\/www.james.eu\/producten\/sebo-aspirateur-airbelt-d4-premium\/"},"modified":"2026-04-04T20:17:50","modified_gmt":"2026-04-04T18:17:50","slug":"sebo-stofzuiger-airbelt-d4-premium","status":"publish","type":"product","link":"https:\/\/www.james.eu\/fr\/producten\/sebo-stofzuiger-airbelt-d4-premium\/","title":{"rendered":"SEBO Airbelt D4 Premium Aspirateur"},"content":{"rendered":"<ul class=\"h-desc\">\n<li>3 buses suppl\u00e9mentaires int\u00e9gr\u00e9es \u00e0 l&rsquo;appareil &#8211; pour des t\u00e2ches sp\u00e9ciales<\/li>\n<li>Port\u00e9e: 15,5 m\u00e8tres<\/li>\n<li>D\u00e9bits d&rsquo;air optimis\u00e9s et tube conique &#8211; pour plus de puissance d&rsquo;aspiration<\/li>\n<li>Indicateur plein<\/li>\n<li>Feu de position LED &#8211; pour un affichage visuel de la puissance d&rsquo;aspiration<\/li>\n<li>Filtres \u00e0 air: 3, classe S<\/li>\n<li>Y compris SEBO COMBI ET<\/li>\n<li>Collecte de poussi\u00e8re: sac \u00e0 poussi\u00e8re<\/li>\n<li>R\u00e9gulation de puissance en continu sur la poign\u00e9e &#8211; pour le confort<\/li>\n<\/ul>\n<ul>\n<li>Consommation: 890 W<\/li>\n<li>Volume du sac sous vide : 6,0 l<\/li>\n<li>Port\u00e9e: 6 m\u00e8tres<\/li>\n<\/ul>\n","protected":false},"excerpt":{"rendered":"<p>La conception de la s\u00e9rie Sebo Airbelt D r\u00e9v\u00e8le d\u00e9j\u00e0 le haut niveau de performance au premier coup d&rsquo;\u0153il. Gr\u00e2ce aux nombreux extras, ils r\u00e9pondent aux exigences de qualit\u00e9 les plus \u00e9lev\u00e9es. La port\u00e9e allant jusqu&rsquo;\u00e0 15,5 m offre une grande libert\u00e9 de mouvement. Le sac \u00e0 poussi\u00e8re de 6 litres contribue au caract\u00e8re \u00e9conomique du SEBO AIRBELT D. Bien entendu, la s\u00e9rie D r\u00e9pond \u00e0 toutes les normes SEBO et \u00e0 la qualit\u00e9 \u00ab\u00a0Made in Germany\u00a0\u00bb. Dans le mat\u00e9riau et la fabrication, SEBO met un accent particulier sur des performances et une long\u00e9vit\u00e9 optimales. Par exemple, la s\u00e9rie SEBO Airbelt D est tr\u00e8s bon march\u00e9 \u00e0 utiliser.<\/p>\n","protected":false},"featured_media":82408,"comment_status":"open","ping_status":"closed","template":"","meta":{"ocean_post_layout":"","ocean_both_sidebars_style":"","ocean_both_sidebars_content_width":0,"ocean_both_sidebars_sidebars_width":0,"ocean_sidebar":"0","ocean_second_sidebar":"0","ocean_disable_margins":"enable","ocean_add_body_class":"","ocean_shortcode_before_top_bar":"","ocean_shortcode_after_top_bar":"","ocean_shortcode_before_header":"","ocean_shortcode_after_header":"","ocean_has_shortcode":"","ocean_shortcode_after_title":"","ocean_shortcode_before_footer_widgets":"","ocean_shortcode_after_footer_widgets":"","ocean_shortcode_before_footer_bottom":"","ocean_shortcode_after_footer_bottom":"","ocean_display_top_bar":"default","ocean_display_header":"default","ocean_header_style":"","ocean_center_header_left_menu":"0","ocean_custom_header_template":"0","ocean_custom_logo":0,"ocean_custom_retina_logo":0,"ocean_custom_logo_max_width":0,"ocean_custom_logo_tablet_max_width":0,"ocean_custom_logo_mobile_max_width":0,"ocean_custom_logo_max_height":0,"ocean_custom_logo_tablet_max_height":0,"ocean_custom_logo_mobile_max_height":0,"ocean_header_custom_menu":"0","ocean_menu_typo_font_family":"0","ocean_menu_typo_font_subset":"","ocean_menu_typo_font_size":0,"ocean_menu_typo_font_size_tablet":0,"ocean_menu_typo_font_size_mobile":0,"ocean_menu_typo_font_size_unit":"px","ocean_menu_typo_font_weight":"","ocean_menu_typo_font_weight_tablet":"","ocean_menu_typo_font_weight_mobile":"","ocean_menu_typo_transform":"","ocean_menu_typo_transform_tablet":"","ocean_menu_typo_transform_mobile":"","ocean_menu_typo_line_height":0,"ocean_menu_typo_line_height_tablet":0,"ocean_menu_typo_line_height_mobile":0,"ocean_menu_typo_line_height_unit":"","ocean_menu_typo_spacing":0,"ocean_menu_typo_spacing_tablet":0,"ocean_menu_typo_spacing_mobile":0,"ocean_menu_typo_spacing_unit":"","ocean_menu_link_color":"","ocean_menu_link_color_hover":"","ocean_menu_link_color_active":"","ocean_menu_link_background":"","ocean_menu_link_hover_background":"","ocean_menu_link_active_background":"","ocean_menu_social_links_bg":"","ocean_menu_social_hover_links_bg":"","ocean_menu_social_links_color":"","ocean_menu_social_hover_links_color":"","ocean_disable_title":"default","ocean_disable_heading":"default","ocean_post_title":"","ocean_post_subheading":"","ocean_post_title_style":"","ocean_post_title_background_color":"","ocean_post_title_background":0,"ocean_post_title_bg_image_position":"","ocean_post_title_bg_image_attachment":"","ocean_post_title_bg_image_repeat":"","ocean_post_title_bg_image_size":"","ocean_post_title_height":0,"ocean_post_title_bg_overlay":0.5,"ocean_post_title_bg_overlay_color":"","ocean_disable_breadcrumbs":"default","ocean_breadcrumbs_color":"","ocean_breadcrumbs_separator_color":"","ocean_breadcrumbs_links_color":"","ocean_breadcrumbs_links_hover_color":"","ocean_display_footer_widgets":"default","ocean_display_footer_bottom":"default","ocean_custom_footer_template":"0","osh_disable_topbar_sticky":"default","osh_disable_header_sticky":"default","osh_sticky_header_style":"default","osh_sticky_header_effect":"","osh_custom_sticky_logo":0,"osh_custom_retina_sticky_logo":0,"osh_custom_sticky_logo_height":0,"osh_background_color":"","osh_links_color":"","osh_links_hover_color":"","osh_links_active_color":"","osh_links_bg_color":"","osh_links_hover_bg_color":"","osh_links_active_bg_color":"","osh_menu_social_links_color":"","osh_menu_social_hover_links_color":"","deny_import_in_micro_website":""},"product_brand":[],"product_cat":[1654],"product_tag":[],"class_list":{"0":"post-59029","1":"product","2":"type-product","3":"status-publish","4":"has-post-thumbnail","6":"product_cat-aspirateurs","7":"product_shipping_class-stofzuigers","9":"entry","10":"has-media","12":"first","13":"instock","14":"taxable","15":"shipping-taxable","16":"purchasable","17":"product-type-simple","18":"has-rating","19":"col","20":"span_1_of_3","21":"owp-content-center","22":"owp-thumbs-layout-horizontal","23":"owp-btn-very-big","24":"owp-tabs-layout-vertical","25":"has-no-thumbnails"},"acf":[],"yoast_head":"<!-- This site is optimized with the Yoast SEO Premium plugin v20.1 (Yoast SEO v25.3.1) - https:\/\/yoast.com\/wordpress\/plugins\/seo\/ -->\n<title>SEBO Airbelt D4 Premium Aspirateur - James B.V.<\/title>\n<meta name=\"robots\" content=\"index, follow, max-snippet:-1, max-image-preview:large, max-video-preview:-1\" \/>\n<link rel=\"canonical\" href=\"https:\/\/www.james.eu\/fr\/producten\/sebo-stofzuiger-airbelt-d4-premium\/\" \/>\n<meta property=\"og:locale\" content=\"fr_FR\" \/>\n<meta property=\"og:type\" content=\"article\" \/>\n<meta property=\"og:title\" content=\"SEBO Airbelt D4 Premium Aspirateur\" \/>\n<meta property=\"og:description\" content=\"La conception de la s\u00e9rie Sebo Airbelt D r\u00e9v\u00e8le d\u00e9j\u00e0 le haut niveau de performance au premier coup d&#039;\u0153il. Gr\u00e2ce aux nombreux extras, ils r\u00e9pondent aux exigences de qualit\u00e9 les plus \u00e9lev\u00e9es. La port\u00e9e allant jusqu&#039;\u00e0 15,5 m offre une grande libert\u00e9 de mouvement. Le sac \u00e0 poussi\u00e8re de 6 litres contribue au caract\u00e8re \u00e9conomique du SEBO AIRBELT D. Bien entendu, la s\u00e9rie D r\u00e9pond \u00e0 toutes les normes SEBO et \u00e0 la qualit\u00e9 &quot;Made in Germany&quot;. Dans le mat\u00e9riau et la fabrication, SEBO met un accent particulier sur des performances et une long\u00e9vit\u00e9 optimales. Par exemple, la s\u00e9rie SEBO Airbelt D est tr\u00e8s bon march\u00e9 \u00e0 utiliser.\" \/>\n<meta property=\"og:url\" content=\"https:\/\/www.james.eu\/fr\/producten\/sebo-stofzuiger-airbelt-d4-premium\/\" \/>\n<meta property=\"og:site_name\" content=\"James B.V.\" \/>\n<meta property=\"article:publisher\" content=\"https:\/\/www.facebook.com\/James-BV-380608888706399\" \/>\n<meta property=\"article:modified_time\" content=\"2026-04-04T18:17:50+00:00\" \/>\n<meta property=\"og:image\" content=\"https:\/\/www.james.eu\/wp-content\/uploads\/2021\/06\/Sebo-Airbelt-D4.jpg\" \/>\n\t<meta property=\"og:image:width\" content=\"800\" \/>\n\t<meta property=\"og:image:height\" content=\"1000\" \/>\n\t<meta property=\"og:image:type\" content=\"image\/jpeg\" \/>\n<meta name=\"twitter:card\" content=\"summary_large_image\" \/>\n<meta name=\"twitter:label1\" content=\"Prix\" \/>\n\t<meta name=\"twitter:data1\" content=\"&euro;&nbsp;649,95\" \/>\n\t<meta name=\"twitter:label2\" content=\"Availability\" \/>\n\t<meta name=\"twitter:data2\" content=\"In stock\" \/>\n<script type=\"application\/ld+json\" class=\"yoast-schema-graph\">{\"@context\":\"https:\/\/schema.org\",\"@graph\":[{\"@type\":\"WebPage\",\"@id\":\"https:\/\/www.james.eu\/fr\/producten\/sebo-stofzuiger-airbelt-d4-premium\/\",\"url\":\"https:\/\/www.james.eu\/fr\/producten\/sebo-stofzuiger-airbelt-d4-premium\/\",\"name\":\"SEBO Airbelt D4 Premium Aspirateur - James B.V.\",\"isPartOf\":{\"@id\":\"https:\/\/www.james.eu\/fr\/#website\"},\"primaryImageOfPage\":{\"@id\":\"https:\/\/www.james.eu\/fr\/producten\/sebo-stofzuiger-airbelt-d4-premium\/#primaryimage\"},\"image\":{\"@id\":\"https:\/\/www.james.eu\/fr\/producten\/sebo-stofzuiger-airbelt-d4-premium\/#primaryimage\"},\"thumbnailUrl\":\"https:\/\/www.james.eu\/wp-content\/uploads\/2021\/06\/Sebo-Airbelt-D4.jpg\",\"datePublished\":\"2022-01-18T10:24:47+00:00\",\"dateModified\":\"2026-04-04T18:17:50+00:00\",\"breadcrumb\":{\"@id\":\"https:\/\/www.james.eu\/fr\/producten\/sebo-stofzuiger-airbelt-d4-premium\/#breadcrumb\"},\"inLanguage\":\"fr-FR\",\"potentialAction\":[{\"@type\":\"ReadAction\",\"target\":[\"https:\/\/www.james.eu\/fr\/producten\/sebo-stofzuiger-airbelt-d4-premium\/\"]}]},{\"@type\":\"ImageObject\",\"inLanguage\":\"fr-FR\",\"@id\":\"https:\/\/www.james.eu\/fr\/producten\/sebo-stofzuiger-airbelt-d4-premium\/#primaryimage\",\"url\":\"https:\/\/www.james.eu\/wp-content\/uploads\/2021\/06\/Sebo-Airbelt-D4.jpg\",\"contentUrl\":\"https:\/\/www.james.eu\/wp-content\/uploads\/2021\/06\/Sebo-Airbelt-D4.jpg\",\"width\":800,\"height\":1000,\"caption\":\"Sebo-Airbelt-D4\"},{\"@type\":\"BreadcrumbList\",\"@id\":\"https:\/\/www.james.eu\/fr\/producten\/sebo-stofzuiger-airbelt-d4-premium\/#breadcrumb\",\"itemListElement\":[{\"@type\":\"ListItem\",\"position\":1,\"name\":\"Home\",\"item\":\"https:\/\/www.james.eu\/fr\/page-daccueil-fr\/\"},{\"@type\":\"ListItem\",\"position\":2,\"name\":\"Produits\",\"item\":\"https:\/\/www.james.eu\/fr\/produits\/\"},{\"@type\":\"ListItem\",\"position\":3,\"name\":\"SEBO Airbelt D4 Premium Aspirateur\"}]},{\"@type\":\"WebSite\",\"@id\":\"https:\/\/www.james.eu\/fr\/#website\",\"url\":\"https:\/\/www.james.eu\/fr\/\",\"name\":\"James B.V.\",\"description\":\"The Finishing Touch\",\"publisher\":{\"@id\":\"https:\/\/www.james.eu\/fr\/#organization\"},\"potentialAction\":[{\"@type\":\"SearchAction\",\"target\":{\"@type\":\"EntryPoint\",\"urlTemplate\":\"https:\/\/www.james.eu\/fr\/?s={search_term_string}\"},\"query-input\":{\"@type\":\"PropertyValueSpecification\",\"valueRequired\":true,\"valueName\":\"search_term_string\"}}],\"inLanguage\":\"fr-FR\"},{\"@type\":\"Organization\",\"@id\":\"https:\/\/www.james.eu\/fr\/#organization\",\"name\":\"James B.V.\",\"url\":\"https:\/\/www.james.eu\/fr\/\",\"logo\":{\"@type\":\"ImageObject\",\"inLanguage\":\"fr-FR\",\"@id\":\"https:\/\/www.james.eu\/fr\/#\/schema\/logo\/image\/\",\"url\":\"https:\/\/www.james.eu\/wp-content\/uploads\/2022\/02\/Logo-James-2021-mail-2.png\",\"contentUrl\":\"https:\/\/www.james.eu\/wp-content\/uploads\/2022\/02\/Logo-James-2021-mail-2.png\",\"width\":404,\"height\":482,\"caption\":\"James B.V.\"},\"image\":{\"@id\":\"https:\/\/www.james.eu\/fr\/#\/schema\/logo\/image\/\"},\"sameAs\":[\"https:\/\/www.facebook.com\/James-BV-380608888706399\",\"https:\/\/www.instagram.com\/james.eu1927\/\"]}]}<\/script>\n<meta property=\"product:brand\" content=\"James\" \/>\n<meta property=\"product:price:amount\" content=\"649.95\" \/>\n<meta property=\"product:price:currency\" content=\"EUR\" \/>\n<meta property=\"og:availability\" content=\"instock\" \/>\n<meta property=\"product:availability\" content=\"instock\" \/>\n<meta property=\"product:retailer_item_id\" content=\"8075\" \/>\n<meta property=\"product:condition\" content=\"new\" \/>\n<!-- \/ Yoast SEO Premium plugin. -->","yoast_head_json":{"title":"SEBO Airbelt D4 Premium Aspirateur - James B.V.","robots":{"index":"index","follow":"follow","max-snippet":"max-snippet:-1","max-image-preview":"max-image-preview:large","max-video-preview":"max-video-preview:-1"},"canonical":"https:\/\/www.james.eu\/fr\/producten\/sebo-stofzuiger-airbelt-d4-premium\/","og_locale":"fr_FR","og_type":"article","og_title":"SEBO Airbelt D4 Premium Aspirateur","og_description":"La conception de la s\u00e9rie Sebo Airbelt D r\u00e9v\u00e8le d\u00e9j\u00e0 le haut niveau de performance au premier coup d'\u0153il. Gr\u00e2ce aux nombreux extras, ils r\u00e9pondent aux exigences de qualit\u00e9 les plus \u00e9lev\u00e9es. La port\u00e9e allant jusqu'\u00e0 15,5 m offre une grande libert\u00e9 de mouvement. Le sac \u00e0 poussi\u00e8re de 6 litres contribue au caract\u00e8re \u00e9conomique du SEBO AIRBELT D. Bien entendu, la s\u00e9rie D r\u00e9pond \u00e0 toutes les normes SEBO et \u00e0 la qualit\u00e9 \"Made in Germany\". Dans le mat\u00e9riau et la fabrication, SEBO met un accent particulier sur des performances et une long\u00e9vit\u00e9 optimales. Par exemple, la s\u00e9rie SEBO Airbelt D est tr\u00e8s bon march\u00e9 \u00e0 utiliser.","og_url":"https:\/\/www.james.eu\/fr\/producten\/sebo-stofzuiger-airbelt-d4-premium\/","og_site_name":"James B.V.","article_publisher":"https:\/\/www.facebook.com\/James-BV-380608888706399","article_modified_time":"2026-04-04T18:17:50+00:00","og_image":[{"width":800,"height":1000,"url":"https:\/\/www.james.eu\/wp-content\/uploads\/2021\/06\/Sebo-Airbelt-D4.jpg","type":"image\/jpeg"}],"twitter_card":"summary_large_image","twitter_misc":{"Prix":"&euro;&nbsp;649,95","Availability":"In stock"},"schema":{"@context":"https:\/\/schema.org","@graph":[{"@type":"WebPage","@id":"https:\/\/www.james.eu\/fr\/producten\/sebo-stofzuiger-airbelt-d4-premium\/","url":"https:\/\/www.james.eu\/fr\/producten\/sebo-stofzuiger-airbelt-d4-premium\/","name":"SEBO Airbelt D4 Premium Aspirateur - James B.V.","isPartOf":{"@id":"https:\/\/www.james.eu\/fr\/#website"},"primaryImageOfPage":{"@id":"https:\/\/www.james.eu\/fr\/producten\/sebo-stofzuiger-airbelt-d4-premium\/#primaryimage"},"image":{"@id":"https:\/\/www.james.eu\/fr\/producten\/sebo-stofzuiger-airbelt-d4-premium\/#primaryimage"},"thumbnailUrl":"https:\/\/www.james.eu\/wp-content\/uploads\/2021\/06\/Sebo-Airbelt-D4.jpg","datePublished":"2022-01-18T10:24:47+00:00","dateModified":"2026-04-04T18:17:50+00:00","breadcrumb":{"@id":"https:\/\/www.james.eu\/fr\/producten\/sebo-stofzuiger-airbelt-d4-premium\/#breadcrumb"},"inLanguage":"fr-FR","potentialAction":[{"@type":"ReadAction","target":["https:\/\/www.james.eu\/fr\/producten\/sebo-stofzuiger-airbelt-d4-premium\/"]}]},{"@type":"ImageObject","inLanguage":"fr-FR","@id":"https:\/\/www.james.eu\/fr\/producten\/sebo-stofzuiger-airbelt-d4-premium\/#primaryimage","url":"https:\/\/www.james.eu\/wp-content\/uploads\/2021\/06\/Sebo-Airbelt-D4.jpg","contentUrl":"https:\/\/www.james.eu\/wp-content\/uploads\/2021\/06\/Sebo-Airbelt-D4.jpg","width":800,"height":1000,"caption":"Sebo-Airbelt-D4"},{"@type":"BreadcrumbList","@id":"https:\/\/www.james.eu\/fr\/producten\/sebo-stofzuiger-airbelt-d4-premium\/#breadcrumb","itemListElement":[{"@type":"ListItem","position":1,"name":"Home","item":"https:\/\/www.james.eu\/fr\/page-daccueil-fr\/"},{"@type":"ListItem","position":2,"name":"Produits","item":"https:\/\/www.james.eu\/fr\/produits\/"},{"@type":"ListItem","position":3,"name":"SEBO Airbelt D4 Premium Aspirateur"}]},{"@type":"WebSite","@id":"https:\/\/www.james.eu\/fr\/#website","url":"https:\/\/www.james.eu\/fr\/","name":"James B.V.","description":"The Finishing Touch","publisher":{"@id":"https:\/\/www.james.eu\/fr\/#organization"},"potentialAction":[{"@type":"SearchAction","target":{"@type":"EntryPoint","urlTemplate":"https:\/\/www.james.eu\/fr\/?s={search_term_string}"},"query-input":{"@type":"PropertyValueSpecification","valueRequired":true,"valueName":"search_term_string"}}],"inLanguage":"fr-FR"},{"@type":"Organization","@id":"https:\/\/www.james.eu\/fr\/#organization","name":"James B.V.","url":"https:\/\/www.james.eu\/fr\/","logo":{"@type":"ImageObject","inLanguage":"fr-FR","@id":"https:\/\/www.james.eu\/fr\/#\/schema\/logo\/image\/","url":"https:\/\/www.james.eu\/wp-content\/uploads\/2022\/02\/Logo-James-2021-mail-2.png","contentUrl":"https:\/\/www.james.eu\/wp-content\/uploads\/2022\/02\/Logo-James-2021-mail-2.png","width":404,"height":482,"caption":"James B.V."},"image":{"@id":"https:\/\/www.james.eu\/fr\/#\/schema\/logo\/image\/"},"sameAs":["https:\/\/www.facebook.com\/James-BV-380608888706399","https:\/\/www.instagram.com\/james.eu1927\/"]}]},"product_brand":"James","product_price_amount":"649.95","product_price_currency":"EUR","og_availability":"instock","product_availability":"instock","product_retailer_item_id":"8075","product_condition":"new"},"jetpack_sharing_enabled":true,"_links":{"self":[{"href":"https:\/\/www.james.eu\/fr\/wp-json\/wp\/v2\/product\/59029","targetHints":{"allow":["GET"]}}],"collection":[{"href":"https:\/\/www.james.eu\/fr\/wp-json\/wp\/v2\/product"}],"about":[{"href":"https:\/\/www.james.eu\/fr\/wp-json\/wp\/v2\/types\/product"}],"replies":[{"embeddable":true,"href":"https:\/\/www.james.eu\/fr\/wp-json\/wp\/v2\/comments?post=59029"}],"wp:featuredmedia":[{"embeddable":true,"href":"https:\/\/www.james.eu\/fr\/wp-json\/wp\/v2\/media\/82408"}],"wp:attachment":[{"href":"https:\/\/www.james.eu\/fr\/wp-json\/wp\/v2\/media?parent=59029"}],"wp:term":[{"taxonomy":"product_brand","embeddable":true,"href":"https:\/\/www.james.eu\/fr\/wp-json\/wp\/v2\/product_brand?post=59029"},{"taxonomy":"product_cat","embeddable":true,"href":"https:\/\/www.james.eu\/fr\/wp-json\/wp\/v2\/product_cat?post=59029"},{"taxonomy":"product_tag","embeddable":true,"href":"https:\/\/www.james.eu\/fr\/wp-json\/wp\/v2\/product_tag?post=59029"}],"curies":[{"name":"wp","href":"https:\/\/api.w.org\/{rel}","templated":true}]}}