{"id":20427,"date":"2021-05-06T12:49:53","date_gmt":"2021-05-18T10:30:17","guid":{"rendered":"https:\/\/www.james.eu\/producten\/ensemble-premium-de-produits-james-textile\/"},"modified":"2026-05-15T15:26:38","modified_gmt":"2026-05-15T13:26:38","slug":"ensemble-premium-de-produits-james-textile","status":"publish","type":"product","link":"https:\/\/www.james.eu\/fr\/producten\/ensemble-premium-de-produits-james-textile\/","title":{"rendered":"Ensemble Premium de produits James &#8211; Textile"},"content":{"rendered":"<p>Inclus dans cet ensemble:<\/p>\n<ul>\n<li><a href=\"https:\/\/www.james.eu\/fr\/produits\/james-protecteur-de-fibres-eco\/\" data-cke-saved-href=\"https:\/\/www.james.eu\/fr\/produits\/james-protecteur-de-fibres-eco\/\">James Protecteur de Fibres Eco 500ml<\/a> (pour la protection)<\/li>\n<li><a href=\"https:\/\/www.james.eu\/fr\/produits\/james-interior-cleaner\/\" data-cke-saved-href=\"https:\/\/www.james.eu\/fr\/produits\/james-interior-cleaner\/\">James Interior Cleaner 500ml<\/a> (pour l&rsquo;entretien g\u00e9n\u00e9ral, rafra\u00eechir)<\/li>\n<li><a href=\"https:\/\/www.james.eu\/fr\/produits\/james-stainwonder\/\" data-cke-saved-href=\"https:\/\/www.james.eu\/fr\/produits\/james-stainwonder\/\">James Stainwonder 250ml<\/a> (\u00e9limination de taches \u00e0 base d&rsquo;eau)<\/li>\n<li><a href=\"https:\/\/www.james.eu\/fr\/produits\/james-stainspray\/\" data-cke-saved-href=\"https:\/\/www.james.eu\/fr\/produits\/james-stainspray\/\">James Stainspray 200ml<\/a> (\u00e9limination de taches d&rsquo;huile et de graisse)<\/li>\n<li><a href=\"https:\/\/www.james.eu\/fr\/produits\/james-staindisc\/\" data-cke-saved-href=\"https:\/\/www.james.eu\/fr\/produits\/james-staindisc\/\">James Staindisc<\/a>(des solutions pour plus de 80 taches)<\/li>\n<li><a href=\"https:\/\/www.james.eu\/fr\/produits\/chiffon-en-coton.html\" data-cke-saved-href=\"https:\/\/www.james.eu\/fr\/produits\/chiffon-en-coton\/\">Chiffon en coton<\/a><\/li>\n<\/ul>\n<p>Pour plus d\u2019informations d\u00e9taill\u00e9es, voir les pages respectives des produits<\/p>\n<p><em>Conseil: une bouteille de James Protecteur de Fibres Eco permet de traiter environ 5 \u00e0 10 m\u00b2 (en fonction du pouvoir absorbant du mat\u00e9riau \u00e0 traiter). Vous avez une plus grande surface \u00e0 couvrir? N&rsquo;oubliez pas d&rsquo;ajouter une ou plusieurs bouteilles suppl\u00e9mentaires de <a href=\"https:\/\/www.james.eu\/fr\/produits\/james-protecteur-de-fibres-eco\/\" data-cke-saved-href=\"https:\/\/www.james.eu\/fr\/produits\/james-protecteur-de-fibres-eco\/\">James Protecteur de Fibres Eco<\/a> \u00e0 votre commande! <\/em><\/p>\n","protected":false},"excerpt":{"rendered":"<p style=\"text-align: left;\"><strong>Un ensemble premium des quatre produits James les plus importants<\/strong><\/p>\n<p style=\"text-align: left;\">Obtenez tout ce dont vous avez besoin pour garder agr\u00e9ablement propre votre moquette, tapis, sofa, divan, fauteuil, lit ou habitacle. Le compl\u00e9ment pr\u00e9cieux \u00e0 cet ensemble est le James Protecteur de Fibres Eco: avec ce produit, vous pouvez prot\u00e9ger vos textiles de mani\u00e8re pr\u00e9ventive, vraiment sans odeur et de mani\u00e8re totalement \u00e9cologique et s\u00fbre.<\/p>\n<p style=\"text-align: left;\">Les quatre produits James les plus importants pour les tapis et les tissus d&rsquo;ameublement pour l&rsquo;entretien, l&rsquo;\u00e9limination des taches et la protection pr\u00e9ventive. Aussi y inclus un James Staindisc et un chiffon en coton (gratuits). Emball\u00e9 dans une solide bo\u00eete de James.<\/p>\n","protected":false},"featured_media":59195,"comment_status":"open","ping_status":"closed","template":"","meta":{"ocean_post_layout":"","ocean_both_sidebars_style":"","ocean_both_sidebars_content_width":0,"ocean_both_sidebars_sidebars_width":0,"ocean_sidebar":"0","ocean_second_sidebar":"0","ocean_disable_margins":"enable","ocean_add_body_class":"","ocean_shortcode_before_top_bar":"","ocean_shortcode_after_top_bar":"","ocean_shortcode_before_header":"","ocean_shortcode_after_header":"","ocean_has_shortcode":"","ocean_shortcode_after_title":"","ocean_shortcode_before_footer_widgets":"","ocean_shortcode_after_footer_widgets":"","ocean_shortcode_before_footer_bottom":"","ocean_shortcode_after_footer_bottom":"","ocean_display_top_bar":"default","ocean_display_header":"default","ocean_header_style":"","ocean_center_header_left_menu":"0","ocean_custom_header_template":"0","ocean_custom_logo":0,"ocean_custom_retina_logo":0,"ocean_custom_logo_max_width":0,"ocean_custom_logo_tablet_max_width":0,"ocean_custom_logo_mobile_max_width":0,"ocean_custom_logo_max_height":0,"ocean_custom_logo_tablet_max_height":0,"ocean_custom_logo_mobile_max_height":0,"ocean_header_custom_menu":"0","ocean_menu_typo_font_family":"0","ocean_menu_typo_font_subset":"","ocean_menu_typo_font_size":0,"ocean_menu_typo_font_size_tablet":0,"ocean_menu_typo_font_size_mobile":0,"ocean_menu_typo_font_size_unit":"px","ocean_menu_typo_font_weight":"","ocean_menu_typo_font_weight_tablet":"","ocean_menu_typo_font_weight_mobile":"","ocean_menu_typo_transform":"","ocean_menu_typo_transform_tablet":"","ocean_menu_typo_transform_mobile":"","ocean_menu_typo_line_height":0,"ocean_menu_typo_line_height_tablet":0,"ocean_menu_typo_line_height_mobile":0,"ocean_menu_typo_line_height_unit":"","ocean_menu_typo_spacing":0,"ocean_menu_typo_spacing_tablet":0,"ocean_menu_typo_spacing_mobile":0,"ocean_menu_typo_spacing_unit":"","ocean_menu_link_color":"","ocean_menu_link_color_hover":"","ocean_menu_link_color_active":"","ocean_menu_link_background":"","ocean_menu_link_hover_background":"","ocean_menu_link_active_background":"","ocean_menu_social_links_bg":"","ocean_menu_social_hover_links_bg":"","ocean_menu_social_links_color":"","ocean_menu_social_hover_links_color":"","ocean_disable_title":"default","ocean_disable_heading":"default","ocean_post_title":"","ocean_post_subheading":"","ocean_post_title_style":"","ocean_post_title_background_color":"","ocean_post_title_background":0,"ocean_post_title_bg_image_position":"","ocean_post_title_bg_image_attachment":"","ocean_post_title_bg_image_repeat":"","ocean_post_title_bg_image_size":"","ocean_post_title_height":0,"ocean_post_title_bg_overlay":0.5,"ocean_post_title_bg_overlay_color":"","ocean_disable_breadcrumbs":"default","ocean_breadcrumbs_color":"","ocean_breadcrumbs_separator_color":"","ocean_breadcrumbs_links_color":"","ocean_breadcrumbs_links_hover_color":"","ocean_display_footer_widgets":"default","ocean_display_footer_bottom":"default","ocean_custom_footer_template":"0","osh_disable_topbar_sticky":"default","osh_disable_header_sticky":"default","osh_sticky_header_style":"default","osh_sticky_header_effect":"","osh_custom_sticky_logo":0,"osh_custom_retina_sticky_logo":0,"osh_custom_sticky_logo_height":0,"osh_background_color":"","osh_links_color":"","osh_links_hover_color":"","osh_links_active_color":"","osh_links_bg_color":"","osh_links_hover_bg_color":"","osh_links_active_bg_color":"","osh_menu_social_links_color":"","osh_menu_social_hover_links_color":"","deny_import_in_micro_website":""},"product_brand":[],"product_cat":[1658,1646],"product_tag":[],"class_list":{"0":"post-20427","1":"product","2":"type-product","3":"status-publish","4":"has-post-thumbnail","6":"product_cat-tapis-moquette","7":"product_cat-tissu-dameublement","9":"entry","10":"has-media","12":"first","13":"instock","14":"sale","15":"taxable","16":"shipping-taxable","17":"purchasable","18":"product-type-simple","19":"col","20":"span_1_of_3","21":"owp-content-center","22":"owp-thumbs-layout-horizontal","23":"owp-btn-very-big","24":"owp-tabs-layout-vertical","25":"has-no-thumbnails"},"acf":[],"yoast_head":"<!-- This site is optimized with the Yoast SEO Premium plugin v20.1 (Yoast SEO v25.3.1) - https:\/\/yoast.com\/wordpress\/plugins\/seo\/ -->\n<title>Ensemble Premium de produits James - Textile - James B.V.<\/title>\n<meta name=\"robots\" content=\"index, follow, max-snippet:-1, max-image-preview:large, max-video-preview:-1\" \/>\n<link rel=\"canonical\" href=\"https:\/\/www.james.eu\/fr\/producten\/ensemble-premium-de-produits-james-textile\/\" \/>\n<meta property=\"og:locale\" content=\"fr_FR\" \/>\n<meta property=\"og:type\" content=\"article\" \/>\n<meta property=\"og:title\" content=\"Ensemble Premium de produits James - Textile\" \/>\n<meta property=\"og:description\" content=\"Un ensemble premium des quatre produits James les plus importants Obtenez tout ce dont vous avez besoin pour garder agr\u00e9ablement propre votre moquette, tapis, sofa, divan, fauteuil, lit ou habitacle. Le compl\u00e9ment pr\u00e9cieux \u00e0 cet ensemble est le James Protecteur de Fibres Eco: avec ce produit, vous pouvez prot\u00e9ger vos textiles de mani\u00e8re pr\u00e9ventive, vraiment sans odeur et de mani\u00e8re totalement \u00e9cologique et s\u00fbre. Les quatre produits James les plus importants pour les tapis et les tissus d&#039;ameublement pour l&#039;entretien, l&#039;\u00e9limination des taches et la protection pr\u00e9ventive. Aussi y inclus un James Staindisc et un chiffon en coton (gratuits). Emball\u00e9 dans une solide bo\u00eete de James.\" \/>\n<meta property=\"og:url\" content=\"https:\/\/www.james.eu\/fr\/producten\/ensemble-premium-de-produits-james-textile\/\" \/>\n<meta property=\"og:site_name\" content=\"James B.V.\" \/>\n<meta property=\"article:publisher\" content=\"https:\/\/www.facebook.com\/James-BV-380608888706399\" \/>\n<meta property=\"article:modified_time\" content=\"2026-05-15T13:26:38+00:00\" \/>\n<meta property=\"og:image\" content=\"https:\/\/www.james.eu\/wp-content\/uploads\/2021\/05\/Premium-Set-James-Textiel.jpg\" \/>\n\t<meta property=\"og:image:width\" content=\"800\" \/>\n\t<meta property=\"og:image:height\" content=\"1000\" \/>\n\t<meta property=\"og:image:type\" content=\"image\/jpeg\" \/>\n<meta name=\"twitter:card\" content=\"summary_large_image\" \/>\n<meta name=\"twitter:label1\" content=\"Prix\" \/>\n\t<meta name=\"twitter:data1\" content=\"&euro;&nbsp;74,95\" \/>\n\t<meta name=\"twitter:label2\" content=\"Availability\" \/>\n\t<meta name=\"twitter:data2\" content=\"In stock\" \/>\n<script type=\"application\/ld+json\" class=\"yoast-schema-graph\">{\"@context\":\"https:\/\/schema.org\",\"@graph\":[{\"@type\":\"WebPage\",\"@id\":\"https:\/\/www.james.eu\/fr\/producten\/ensemble-premium-de-produits-james-textile\/\",\"url\":\"https:\/\/www.james.eu\/fr\/producten\/ensemble-premium-de-produits-james-textile\/\",\"name\":\"Ensemble Premium de produits James - Textile - James B.V.\",\"isPartOf\":{\"@id\":\"https:\/\/www.james.eu\/fr\/#website\"},\"primaryImageOfPage\":{\"@id\":\"https:\/\/www.james.eu\/fr\/producten\/ensemble-premium-de-produits-james-textile\/#primaryimage\"},\"image\":{\"@id\":\"https:\/\/www.james.eu\/fr\/producten\/ensemble-premium-de-produits-james-textile\/#primaryimage\"},\"thumbnailUrl\":\"https:\/\/www.james.eu\/wp-content\/uploads\/2021\/05\/Premium-Set-James-Textiel.jpg\",\"datePublished\":\"2021-05-18T10:30:17+00:00\",\"dateModified\":\"2026-05-15T13:26:38+00:00\",\"breadcrumb\":{\"@id\":\"https:\/\/www.james.eu\/fr\/producten\/ensemble-premium-de-produits-james-textile\/#breadcrumb\"},\"inLanguage\":\"fr-FR\",\"potentialAction\":[{\"@type\":\"ReadAction\",\"target\":[\"https:\/\/www.james.eu\/fr\/producten\/ensemble-premium-de-produits-james-textile\/\"]}]},{\"@type\":\"ImageObject\",\"inLanguage\":\"fr-FR\",\"@id\":\"https:\/\/www.james.eu\/fr\/producten\/ensemble-premium-de-produits-james-textile\/#primaryimage\",\"url\":\"https:\/\/www.james.eu\/wp-content\/uploads\/2021\/05\/Premium-Set-James-Textiel.jpg\",\"contentUrl\":\"https:\/\/www.james.eu\/wp-content\/uploads\/2021\/05\/Premium-Set-James-Textiel.jpg\",\"width\":800,\"height\":1000,\"caption\":\"Premium de produits James Textiel\"},{\"@type\":\"BreadcrumbList\",\"@id\":\"https:\/\/www.james.eu\/fr\/producten\/ensemble-premium-de-produits-james-textile\/#breadcrumb\",\"itemListElement\":[{\"@type\":\"ListItem\",\"position\":1,\"name\":\"Home\",\"item\":\"https:\/\/www.james.eu\/fr\/page-daccueil-fr\/\"},{\"@type\":\"ListItem\",\"position\":2,\"name\":\"Produits\",\"item\":\"https:\/\/www.james.eu\/fr\/produits\/\"},{\"@type\":\"ListItem\",\"position\":3,\"name\":\"Ensemble Premium de produits James &#8211; Textile\"}]},{\"@type\":\"WebSite\",\"@id\":\"https:\/\/www.james.eu\/fr\/#website\",\"url\":\"https:\/\/www.james.eu\/fr\/\",\"name\":\"James B.V.\",\"description\":\"The Finishing Touch\",\"publisher\":{\"@id\":\"https:\/\/www.james.eu\/fr\/#organization\"},\"potentialAction\":[{\"@type\":\"SearchAction\",\"target\":{\"@type\":\"EntryPoint\",\"urlTemplate\":\"https:\/\/www.james.eu\/fr\/?s={search_term_string}\"},\"query-input\":{\"@type\":\"PropertyValueSpecification\",\"valueRequired\":true,\"valueName\":\"search_term_string\"}}],\"inLanguage\":\"fr-FR\"},{\"@type\":\"Organization\",\"@id\":\"https:\/\/www.james.eu\/fr\/#organization\",\"name\":\"James B.V.\",\"url\":\"https:\/\/www.james.eu\/fr\/\",\"logo\":{\"@type\":\"ImageObject\",\"inLanguage\":\"fr-FR\",\"@id\":\"https:\/\/www.james.eu\/fr\/#\/schema\/logo\/image\/\",\"url\":\"https:\/\/www.james.eu\/wp-content\/uploads\/2022\/02\/Logo-James-2021-mail-2.png\",\"contentUrl\":\"https:\/\/www.james.eu\/wp-content\/uploads\/2022\/02\/Logo-James-2021-mail-2.png\",\"width\":404,\"height\":482,\"caption\":\"James B.V.\"},\"image\":{\"@id\":\"https:\/\/www.james.eu\/fr\/#\/schema\/logo\/image\/\"},\"sameAs\":[\"https:\/\/www.facebook.com\/James-BV-380608888706399\",\"https:\/\/www.instagram.com\/james.eu1927\/\"]}]}<\/script>\n<meta property=\"product:brand\" content=\"James\" \/>\n<meta property=\"product:price:amount\" content=\"74.95\" \/>\n<meta property=\"product:price:currency\" content=\"EUR\" \/>\n<meta property=\"og:availability\" content=\"instock\" \/>\n<meta property=\"product:availability\" content=\"instock\" \/>\n<meta property=\"product:retailer_item_id\" content=\"8026\" \/>\n<meta property=\"product:condition\" content=\"new\" \/>\n<!-- \/ Yoast SEO Premium plugin. -->","yoast_head_json":{"title":"Ensemble Premium de produits James - Textile - James B.V.","robots":{"index":"index","follow":"follow","max-snippet":"max-snippet:-1","max-image-preview":"max-image-preview:large","max-video-preview":"max-video-preview:-1"},"canonical":"https:\/\/www.james.eu\/fr\/producten\/ensemble-premium-de-produits-james-textile\/","og_locale":"fr_FR","og_type":"article","og_title":"Ensemble Premium de produits James - Textile","og_description":"Un ensemble premium des quatre produits James les plus importants Obtenez tout ce dont vous avez besoin pour garder agr\u00e9ablement propre votre moquette, tapis, sofa, divan, fauteuil, lit ou habitacle. Le compl\u00e9ment pr\u00e9cieux \u00e0 cet ensemble est le James Protecteur de Fibres Eco: avec ce produit, vous pouvez prot\u00e9ger vos textiles de mani\u00e8re pr\u00e9ventive, vraiment sans odeur et de mani\u00e8re totalement \u00e9cologique et s\u00fbre. Les quatre produits James les plus importants pour les tapis et les tissus d'ameublement pour l'entretien, l'\u00e9limination des taches et la protection pr\u00e9ventive. Aussi y inclus un James Staindisc et un chiffon en coton (gratuits). Emball\u00e9 dans une solide bo\u00eete de James.","og_url":"https:\/\/www.james.eu\/fr\/producten\/ensemble-premium-de-produits-james-textile\/","og_site_name":"James B.V.","article_publisher":"https:\/\/www.facebook.com\/James-BV-380608888706399","article_modified_time":"2026-05-15T13:26:38+00:00","og_image":[{"width":800,"height":1000,"url":"https:\/\/www.james.eu\/wp-content\/uploads\/2021\/05\/Premium-Set-James-Textiel.jpg","type":"image\/jpeg"}],"twitter_card":"summary_large_image","twitter_misc":{"Prix":"&euro;&nbsp;74,95","Availability":"In stock"},"schema":{"@context":"https:\/\/schema.org","@graph":[{"@type":"WebPage","@id":"https:\/\/www.james.eu\/fr\/producten\/ensemble-premium-de-produits-james-textile\/","url":"https:\/\/www.james.eu\/fr\/producten\/ensemble-premium-de-produits-james-textile\/","name":"Ensemble Premium de produits James - Textile - James B.V.","isPartOf":{"@id":"https:\/\/www.james.eu\/fr\/#website"},"primaryImageOfPage":{"@id":"https:\/\/www.james.eu\/fr\/producten\/ensemble-premium-de-produits-james-textile\/#primaryimage"},"image":{"@id":"https:\/\/www.james.eu\/fr\/producten\/ensemble-premium-de-produits-james-textile\/#primaryimage"},"thumbnailUrl":"https:\/\/www.james.eu\/wp-content\/uploads\/2021\/05\/Premium-Set-James-Textiel.jpg","datePublished":"2021-05-18T10:30:17+00:00","dateModified":"2026-05-15T13:26:38+00:00","breadcrumb":{"@id":"https:\/\/www.james.eu\/fr\/producten\/ensemble-premium-de-produits-james-textile\/#breadcrumb"},"inLanguage":"fr-FR","potentialAction":[{"@type":"ReadAction","target":["https:\/\/www.james.eu\/fr\/producten\/ensemble-premium-de-produits-james-textile\/"]}]},{"@type":"ImageObject","inLanguage":"fr-FR","@id":"https:\/\/www.james.eu\/fr\/producten\/ensemble-premium-de-produits-james-textile\/#primaryimage","url":"https:\/\/www.james.eu\/wp-content\/uploads\/2021\/05\/Premium-Set-James-Textiel.jpg","contentUrl":"https:\/\/www.james.eu\/wp-content\/uploads\/2021\/05\/Premium-Set-James-Textiel.jpg","width":800,"height":1000,"caption":"Premium de produits James Textiel"},{"@type":"BreadcrumbList","@id":"https:\/\/www.james.eu\/fr\/producten\/ensemble-premium-de-produits-james-textile\/#breadcrumb","itemListElement":[{"@type":"ListItem","position":1,"name":"Home","item":"https:\/\/www.james.eu\/fr\/page-daccueil-fr\/"},{"@type":"ListItem","position":2,"name":"Produits","item":"https:\/\/www.james.eu\/fr\/produits\/"},{"@type":"ListItem","position":3,"name":"Ensemble Premium de produits James &#8211; Textile"}]},{"@type":"WebSite","@id":"https:\/\/www.james.eu\/fr\/#website","url":"https:\/\/www.james.eu\/fr\/","name":"James B.V.","description":"The Finishing Touch","publisher":{"@id":"https:\/\/www.james.eu\/fr\/#organization"},"potentialAction":[{"@type":"SearchAction","target":{"@type":"EntryPoint","urlTemplate":"https:\/\/www.james.eu\/fr\/?s={search_term_string}"},"query-input":{"@type":"PropertyValueSpecification","valueRequired":true,"valueName":"search_term_string"}}],"inLanguage":"fr-FR"},{"@type":"Organization","@id":"https:\/\/www.james.eu\/fr\/#organization","name":"James B.V.","url":"https:\/\/www.james.eu\/fr\/","logo":{"@type":"ImageObject","inLanguage":"fr-FR","@id":"https:\/\/www.james.eu\/fr\/#\/schema\/logo\/image\/","url":"https:\/\/www.james.eu\/wp-content\/uploads\/2022\/02\/Logo-James-2021-mail-2.png","contentUrl":"https:\/\/www.james.eu\/wp-content\/uploads\/2022\/02\/Logo-James-2021-mail-2.png","width":404,"height":482,"caption":"James B.V."},"image":{"@id":"https:\/\/www.james.eu\/fr\/#\/schema\/logo\/image\/"},"sameAs":["https:\/\/www.facebook.com\/James-BV-380608888706399","https:\/\/www.instagram.com\/james.eu1927\/"]}]},"product_brand":"James","product_price_amount":"74.95","product_price_currency":"EUR","og_availability":"instock","product_availability":"instock","product_retailer_item_id":"8026","product_condition":"new"},"jetpack_sharing_enabled":true,"_links":{"self":[{"href":"https:\/\/www.james.eu\/fr\/wp-json\/wp\/v2\/product\/20427","targetHints":{"allow":["GET"]}}],"collection":[{"href":"https:\/\/www.james.eu\/fr\/wp-json\/wp\/v2\/product"}],"about":[{"href":"https:\/\/www.james.eu\/fr\/wp-json\/wp\/v2\/types\/product"}],"replies":[{"embeddable":true,"href":"https:\/\/www.james.eu\/fr\/wp-json\/wp\/v2\/comments?post=20427"}],"wp:featuredmedia":[{"embeddable":true,"href":"https:\/\/www.james.eu\/fr\/wp-json\/wp\/v2\/media\/59195"}],"wp:attachment":[{"href":"https:\/\/www.james.eu\/fr\/wp-json\/wp\/v2\/media?parent=20427"}],"wp:term":[{"taxonomy":"product_brand","embeddable":true,"href":"https:\/\/www.james.eu\/fr\/wp-json\/wp\/v2\/product_brand?post=20427"},{"taxonomy":"product_cat","embeddable":true,"href":"https:\/\/www.james.eu\/fr\/wp-json\/wp\/v2\/product_cat?post=20427"},{"taxonomy":"product_tag","embeddable":true,"href":"https:\/\/www.james.eu\/fr\/wp-json\/wp\/v2\/product_tag?post=20427"}],"curies":[{"name":"wp","href":"https:\/\/api.w.org\/{rel}","templated":true}]}}