{"id":20380,"date":"2020-08-07T09:27:55","date_gmt":"2021-05-17T11:09:16","guid":{"rendered":"https:\/\/www.james.eu\/producten\/james-nettoyant-pour-sols-propre-rapidement-sec-bouteille-a\/"},"modified":"2026-05-08T16:19:14","modified_gmt":"2026-05-08T14:19:14","slug":"nettoyant-sols-propre-rapidement-sec-a","status":"publish","type":"product","link":"https:\/\/www.james.eu\/fr\/producten\/nettoyant-sols-propre-rapidement-sec-a\/","title":{"rendered":"James Nettoyant Sols Propre &amp; Rapidement sec (Flacon A)"},"content":{"rendered":"<p><strong>James Nettoyant Sols Propre &amp; Rapidement sec <\/strong> est un nettoyant tr\u00e8s concentr\u00e9 qui convient au nettoyage quotidien de tous les autres sols durs r\u00e9sistants \u00e0 l&rsquo;humidit\u00e9.<\/p>\n<p>Ce d\u00e9tergent, bouteille A dans notre <a href=\"https:\/\/www.james.eu\/fr\/laide-au-choix\/\">l&rsquo;Aide aux Choix<\/a> offre les fonctionnalit\u00e9s suivantes:<\/p>\n<ul>\n<li>Enl\u00e8ve facilement la salissure en essuyant, et donne de nouveau un aspect frais \u00e0 votre sol<\/li>\n<li>\u00c0 la base d&rsquo;alcool; votre sol s\u00e8chera plus rapidement<\/li>\n<li>James Nettoyant Sols Propre &amp; Rapidement sec ne modifie pas l&rsquo;aspect de votre sol.<\/li>\n<li>Ne laisse aucun r\u00e9sidu sur votre sol, donc pas d&rsquo;accumulation de couches d\u00e9rangeantes<\/li>\n<li>Avec fiert\u00e9 certifi\u00e9 A.I.S.E. et biod\u00e9gradable<\/li>\n<li>A un parfum frais et agr\u00e9able<\/li>\n<li>Vous avez un robot laveur de sols? Ils l&rsquo;adorent! <\/li>\n<li>\u00c9galement disponible en bidon de <a href=\"https:\/\/www.james.eu\/fr\/produits\/james-nettoyant-sols-propre-rapidement-sec-bidon\/\">10 L<\/a><\/li>\n<\/ul>\n<p><strong>CONSEIL!<\/strong> Une protection suppl\u00e9mentaire pour votre sol ou la r\u00e9paration de rayures et de stries? C&rsquo;est possible avec <a href=\"https:\/\/www.james.eu\/fr\/produits\/james-mat-satine-2\/\">James Mat-Satin\u00e9<\/a> ou <a href=\"https:\/\/www.james.eu\/fr\/produits\/james-extra-mat-3\/\">James Extra Mat<\/a>. Votre sol peut redevenir comme neuf!<\/p>\n","protected":false},"excerpt":{"rendered":"<p><strong>Le nettoyant quotidien infaillible. Toujours bon pour tous les sols<\/strong><\/p>\n<p>James Nettoyant Sols Propre &amp; Rapidement sec est un nettoyant tr\u00e8s concentr\u00e9, au parfum frais et au s\u00e9chage rapide, qui convient au nettoyage quotidien de tous les sols durs r\u00e9sistants \u00e0 l&rsquo;humidit\u00e9. Enl\u00e8ve facilement la salissure en essuyant, et donne de nouveau un aspect frais \u00e0 votre sol<\/p>\n<p>Ne laisse aucun r\u00e9sidu sur votre sol, donc pas d&rsquo;accumulation de couches d\u00e9rangeantes M\u00eame le surdosage n&rsquo;est pas un probl\u00e8me.<\/p>\n<p data-start=\"70\" data-end=\"303\">Le James Floor Cleaner Clean and Quick Dry convient \u00e0 tous les sols durs r\u00e9sistants \u00e0 l&rsquo;humidit\u00e9, tels que les sols stratifi\u00e9s, le vinyle, le PVC, le LVT, le linol\u00e9um, les carreaux de c\u00e9ramique, les sols \u00e9poxy, le caoutchouc, la pierre naturelle, la pierre artificielle, les sols coul\u00e9s, les sols en li\u00e8ge et les parquets vernis.<\/p>\n","protected":false},"featured_media":17755,"comment_status":"open","ping_status":"closed","template":"","meta":{"ocean_post_layout":"","ocean_both_sidebars_style":"","ocean_both_sidebars_content_width":0,"ocean_both_sidebars_sidebars_width":0,"ocean_sidebar":"0","ocean_second_sidebar":"0","ocean_disable_margins":"enable","ocean_add_body_class":"","ocean_shortcode_before_top_bar":"","ocean_shortcode_after_top_bar":"","ocean_shortcode_before_header":"","ocean_shortcode_after_header":"","ocean_has_shortcode":"","ocean_shortcode_after_title":"","ocean_shortcode_before_footer_widgets":"","ocean_shortcode_after_footer_widgets":"","ocean_shortcode_before_footer_bottom":"","ocean_shortcode_after_footer_bottom":"","ocean_display_top_bar":"default","ocean_display_header":"default","ocean_header_style":"","ocean_center_header_left_menu":"0","ocean_custom_header_template":"0","ocean_custom_logo":0,"ocean_custom_retina_logo":0,"ocean_custom_logo_max_width":0,"ocean_custom_logo_tablet_max_width":0,"ocean_custom_logo_mobile_max_width":0,"ocean_custom_logo_max_height":0,"ocean_custom_logo_tablet_max_height":0,"ocean_custom_logo_mobile_max_height":0,"ocean_header_custom_menu":"0","ocean_menu_typo_font_family":"0","ocean_menu_typo_font_subset":"","ocean_menu_typo_font_size":0,"ocean_menu_typo_font_size_tablet":0,"ocean_menu_typo_font_size_mobile":0,"ocean_menu_typo_font_size_unit":"px","ocean_menu_typo_font_weight":"","ocean_menu_typo_font_weight_tablet":"","ocean_menu_typo_font_weight_mobile":"","ocean_menu_typo_transform":"","ocean_menu_typo_transform_tablet":"","ocean_menu_typo_transform_mobile":"","ocean_menu_typo_line_height":0,"ocean_menu_typo_line_height_tablet":0,"ocean_menu_typo_line_height_mobile":0,"ocean_menu_typo_line_height_unit":"","ocean_menu_typo_spacing":0,"ocean_menu_typo_spacing_tablet":0,"ocean_menu_typo_spacing_mobile":0,"ocean_menu_typo_spacing_unit":"","ocean_menu_link_color":"","ocean_menu_link_color_hover":"","ocean_menu_link_color_active":"","ocean_menu_link_background":"","ocean_menu_link_hover_background":"","ocean_menu_link_active_background":"","ocean_menu_social_links_bg":"","ocean_menu_social_hover_links_bg":"","ocean_menu_social_links_color":"","ocean_menu_social_hover_links_color":"","ocean_disable_title":"default","ocean_disable_heading":"default","ocean_post_title":"","ocean_post_subheading":"","ocean_post_title_style":"","ocean_post_title_background_color":"","ocean_post_title_background":0,"ocean_post_title_bg_image_position":"","ocean_post_title_bg_image_attachment":"","ocean_post_title_bg_image_repeat":"","ocean_post_title_bg_image_size":"","ocean_post_title_height":0,"ocean_post_title_bg_overlay":0.5,"ocean_post_title_bg_overlay_color":"","ocean_disable_breadcrumbs":"default","ocean_breadcrumbs_color":"","ocean_breadcrumbs_separator_color":"","ocean_breadcrumbs_links_color":"","ocean_breadcrumbs_links_hover_color":"","ocean_display_footer_widgets":"default","ocean_display_footer_bottom":"default","ocean_custom_footer_template":"0","osh_disable_topbar_sticky":"default","osh_disable_header_sticky":"default","osh_sticky_header_style":"default","osh_sticky_header_effect":"","osh_custom_sticky_logo":0,"osh_custom_retina_sticky_logo":0,"osh_custom_sticky_logo_height":0,"osh_background_color":"","osh_links_color":"","osh_links_hover_color":"","osh_links_active_color":"","osh_links_bg_color":"","osh_links_hover_bg_color":"","osh_links_active_bg_color":"","osh_menu_social_links_color":"","osh_menu_social_hover_links_color":"","deny_import_in_micro_website":""},"product_brand":[],"product_cat":[1639],"product_tag":[],"class_list":{"0":"post-20380","1":"product","2":"type-product","3":"status-publish","4":"has-post-thumbnail","6":"product_cat-sols-durs","8":"entry","9":"has-media","11":"first","12":"instock","13":"taxable","14":"shipping-taxable","15":"purchasable","16":"product-type-simple","17":"has-rating","18":"col","19":"span_1_of_3","20":"owp-content-center","21":"owp-thumbs-layout-horizontal","22":"owp-btn-very-big","23":"owp-tabs-layout-vertical","24":"has-no-thumbnails"},"acf":[],"yoast_head":"<!-- This site is optimized with the Yoast SEO Premium plugin v20.1 (Yoast SEO v25.3.1) - https:\/\/yoast.com\/wordpress\/plugins\/seo\/ -->\n<title>James Nettoyant Sols Propre &amp; Rapidement sec (Flacon A) - James B.V.<\/title>\n<meta name=\"robots\" content=\"index, follow, max-snippet:-1, max-image-preview:large, max-video-preview:-1\" \/>\n<link rel=\"canonical\" href=\"https:\/\/www.james.eu\/fr\/producten\/nettoyant-sols-propre-rapidement-sec-a\/\" \/>\n<meta property=\"og:locale\" content=\"fr_FR\" \/>\n<meta property=\"og:type\" content=\"article\" \/>\n<meta property=\"og:title\" content=\"James Nettoyant Sols Propre &amp; Rapidement sec (Flacon A)\" \/>\n<meta property=\"og:description\" content=\"Le nettoyant quotidien infaillible. Toujours bon pour tous les solsJames Nettoyant Sols Propre &amp; Rapidement sec est un nettoyant tr\u00e8s concentr\u00e9, au parfum frais et au s\u00e9chage rapide, qui convient au nettoyage quotidien de tous les sols durs r\u00e9sistants \u00e0 l&#039;humidit\u00e9. Enl\u00e8ve facilement la salissure en essuyant, et donne de nouveau un aspect frais \u00e0 votre solNe laisse aucun r\u00e9sidu sur votre sol, donc pas d&#039;accumulation de couches d\u00e9rangeantes M\u00eame le surdosage n&#039;est pas un probl\u00e8me.Le James Floor Cleaner Clean and Quick Dry convient \u00e0 tous les sols durs r\u00e9sistants \u00e0 l&#039;humidit\u00e9, tels que les sols stratifi\u00e9s, le vinyle, le PVC, le LVT, le linol\u00e9um, les carreaux de c\u00e9ramique, les sols \u00e9poxy, le caoutchouc, la pierre naturelle, la pierre artificielle, les sols coul\u00e9s, les sols en li\u00e8ge et les parquets vernis.\" \/>\n<meta property=\"og:url\" content=\"https:\/\/www.james.eu\/fr\/producten\/nettoyant-sols-propre-rapidement-sec-a\/\" \/>\n<meta property=\"og:site_name\" content=\"James B.V.\" \/>\n<meta property=\"article:publisher\" content=\"https:\/\/www.facebook.com\/James-BV-380608888706399\" \/>\n<meta property=\"article:modified_time\" content=\"2026-05-08T14:19:14+00:00\" \/>\n<meta property=\"og:image\" content=\"https:\/\/www.james.eu\/wp-content\/uploads\/2020\/10\/James-Vloerreiniger-Schoon-Snel-Droog-1ltr.jpg\" \/>\n\t<meta property=\"og:image:width\" content=\"800\" \/>\n\t<meta property=\"og:image:height\" content=\"1000\" \/>\n\t<meta property=\"og:image:type\" content=\"image\/jpeg\" \/>\n<meta name=\"twitter:card\" content=\"summary_large_image\" \/>\n<meta name=\"twitter:label1\" content=\"Prix\" \/>\n\t<meta name=\"twitter:data1\" content=\"&euro;&nbsp;14,50\" \/>\n\t<meta name=\"twitter:label2\" content=\"Availability\" \/>\n\t<meta name=\"twitter:data2\" content=\"In stock\" \/>\n<script type=\"application\/ld+json\" class=\"yoast-schema-graph\">{\"@context\":\"https:\/\/schema.org\",\"@graph\":[{\"@type\":\"WebPage\",\"@id\":\"https:\/\/www.james.eu\/fr\/producten\/nettoyant-sols-propre-rapidement-sec-a\/\",\"url\":\"https:\/\/www.james.eu\/fr\/producten\/nettoyant-sols-propre-rapidement-sec-a\/\",\"name\":\"James Nettoyant Sols Propre &amp; Rapidement sec (Flacon A) - James B.V.\",\"isPartOf\":{\"@id\":\"https:\/\/www.james.eu\/fr\/#website\"},\"primaryImageOfPage\":{\"@id\":\"https:\/\/www.james.eu\/fr\/producten\/nettoyant-sols-propre-rapidement-sec-a\/#primaryimage\"},\"image\":{\"@id\":\"https:\/\/www.james.eu\/fr\/producten\/nettoyant-sols-propre-rapidement-sec-a\/#primaryimage\"},\"thumbnailUrl\":\"https:\/\/www.james.eu\/wp-content\/uploads\/2020\/10\/James-Vloerreiniger-Schoon-Snel-Droog-1ltr.jpg\",\"datePublished\":\"2021-05-17T11:09:16+00:00\",\"dateModified\":\"2026-05-08T14:19:14+00:00\",\"breadcrumb\":{\"@id\":\"https:\/\/www.james.eu\/fr\/producten\/nettoyant-sols-propre-rapidement-sec-a\/#breadcrumb\"},\"inLanguage\":\"fr-FR\",\"potentialAction\":[{\"@type\":\"ReadAction\",\"target\":[\"https:\/\/www.james.eu\/fr\/producten\/nettoyant-sols-propre-rapidement-sec-a\/\"]}]},{\"@type\":\"ImageObject\",\"inLanguage\":\"fr-FR\",\"@id\":\"https:\/\/www.james.eu\/fr\/producten\/nettoyant-sols-propre-rapidement-sec-a\/#primaryimage\",\"url\":\"https:\/\/www.james.eu\/wp-content\/uploads\/2020\/10\/James-Vloerreiniger-Schoon-Snel-Droog-1ltr.jpg\",\"contentUrl\":\"https:\/\/www.james.eu\/wp-content\/uploads\/2020\/10\/James-Vloerreiniger-Schoon-Snel-Droog-1ltr.jpg\",\"width\":800,\"height\":1000,\"caption\":\"James Nettoyant pour Sols Propre &amp; Rapidement Sec 1 ltr\"},{\"@type\":\"BreadcrumbList\",\"@id\":\"https:\/\/www.james.eu\/fr\/producten\/nettoyant-sols-propre-rapidement-sec-a\/#breadcrumb\",\"itemListElement\":[{\"@type\":\"ListItem\",\"position\":1,\"name\":\"Home\",\"item\":\"https:\/\/www.james.eu\/fr\/page-daccueil-fr\/\"},{\"@type\":\"ListItem\",\"position\":2,\"name\":\"Produits\",\"item\":\"https:\/\/www.james.eu\/fr\/produits\/\"},{\"@type\":\"ListItem\",\"position\":3,\"name\":\"James Nettoyant Sols Propre &amp; Rapidement sec (Flacon A)\"}]},{\"@type\":\"WebSite\",\"@id\":\"https:\/\/www.james.eu\/fr\/#website\",\"url\":\"https:\/\/www.james.eu\/fr\/\",\"name\":\"James B.V.\",\"description\":\"The Finishing Touch\",\"publisher\":{\"@id\":\"https:\/\/www.james.eu\/fr\/#organization\"},\"potentialAction\":[{\"@type\":\"SearchAction\",\"target\":{\"@type\":\"EntryPoint\",\"urlTemplate\":\"https:\/\/www.james.eu\/fr\/?s={search_term_string}\"},\"query-input\":{\"@type\":\"PropertyValueSpecification\",\"valueRequired\":true,\"valueName\":\"search_term_string\"}}],\"inLanguage\":\"fr-FR\"},{\"@type\":\"Organization\",\"@id\":\"https:\/\/www.james.eu\/fr\/#organization\",\"name\":\"James B.V.\",\"url\":\"https:\/\/www.james.eu\/fr\/\",\"logo\":{\"@type\":\"ImageObject\",\"inLanguage\":\"fr-FR\",\"@id\":\"https:\/\/www.james.eu\/fr\/#\/schema\/logo\/image\/\",\"url\":\"https:\/\/www.james.eu\/wp-content\/uploads\/2022\/02\/Logo-James-2021-mail-2.png\",\"contentUrl\":\"https:\/\/www.james.eu\/wp-content\/uploads\/2022\/02\/Logo-James-2021-mail-2.png\",\"width\":404,\"height\":482,\"caption\":\"James B.V.\"},\"image\":{\"@id\":\"https:\/\/www.james.eu\/fr\/#\/schema\/logo\/image\/\"},\"sameAs\":[\"https:\/\/www.facebook.com\/James-BV-380608888706399\",\"https:\/\/www.instagram.com\/james.eu1927\/\"]}]}<\/script>\n<meta property=\"product:brand\" content=\"James\" \/>\n<meta property=\"product:price:amount\" content=\"14.50\" \/>\n<meta property=\"product:price:currency\" content=\"EUR\" \/>\n<meta property=\"og:availability\" content=\"instock\" \/>\n<meta property=\"product:availability\" content=\"instock\" \/>\n<meta property=\"product:retailer_item_id\" content=\"4303\" \/>\n<meta property=\"product:condition\" content=\"new\" \/>\n<!-- \/ Yoast SEO Premium plugin. -->","yoast_head_json":{"title":"James Nettoyant Sols Propre &amp; Rapidement sec (Flacon A) - James B.V.","robots":{"index":"index","follow":"follow","max-snippet":"max-snippet:-1","max-image-preview":"max-image-preview:large","max-video-preview":"max-video-preview:-1"},"canonical":"https:\/\/www.james.eu\/fr\/producten\/nettoyant-sols-propre-rapidement-sec-a\/","og_locale":"fr_FR","og_type":"article","og_title":"James Nettoyant Sols Propre &amp; Rapidement sec (Flacon A)","og_description":"Le nettoyant quotidien infaillible. Toujours bon pour tous les solsJames Nettoyant Sols Propre &amp; Rapidement sec est un nettoyant tr\u00e8s concentr\u00e9, au parfum frais et au s\u00e9chage rapide, qui convient au nettoyage quotidien de tous les sols durs r\u00e9sistants \u00e0 l'humidit\u00e9. Enl\u00e8ve facilement la salissure en essuyant, et donne de nouveau un aspect frais \u00e0 votre solNe laisse aucun r\u00e9sidu sur votre sol, donc pas d'accumulation de couches d\u00e9rangeantes M\u00eame le surdosage n'est pas un probl\u00e8me.Le James Floor Cleaner Clean and Quick Dry convient \u00e0 tous les sols durs r\u00e9sistants \u00e0 l'humidit\u00e9, tels que les sols stratifi\u00e9s, le vinyle, le PVC, le LVT, le linol\u00e9um, les carreaux de c\u00e9ramique, les sols \u00e9poxy, le caoutchouc, la pierre naturelle, la pierre artificielle, les sols coul\u00e9s, les sols en li\u00e8ge et les parquets vernis.","og_url":"https:\/\/www.james.eu\/fr\/producten\/nettoyant-sols-propre-rapidement-sec-a\/","og_site_name":"James B.V.","article_publisher":"https:\/\/www.facebook.com\/James-BV-380608888706399","article_modified_time":"2026-05-08T14:19:14+00:00","og_image":[{"width":800,"height":1000,"url":"https:\/\/www.james.eu\/wp-content\/uploads\/2020\/10\/James-Vloerreiniger-Schoon-Snel-Droog-1ltr.jpg","type":"image\/jpeg"}],"twitter_card":"summary_large_image","twitter_misc":{"Prix":"&euro;&nbsp;14,50","Availability":"In stock"},"schema":{"@context":"https:\/\/schema.org","@graph":[{"@type":"WebPage","@id":"https:\/\/www.james.eu\/fr\/producten\/nettoyant-sols-propre-rapidement-sec-a\/","url":"https:\/\/www.james.eu\/fr\/producten\/nettoyant-sols-propre-rapidement-sec-a\/","name":"James Nettoyant Sols Propre &amp; Rapidement sec (Flacon A) - James B.V.","isPartOf":{"@id":"https:\/\/www.james.eu\/fr\/#website"},"primaryImageOfPage":{"@id":"https:\/\/www.james.eu\/fr\/producten\/nettoyant-sols-propre-rapidement-sec-a\/#primaryimage"},"image":{"@id":"https:\/\/www.james.eu\/fr\/producten\/nettoyant-sols-propre-rapidement-sec-a\/#primaryimage"},"thumbnailUrl":"https:\/\/www.james.eu\/wp-content\/uploads\/2020\/10\/James-Vloerreiniger-Schoon-Snel-Droog-1ltr.jpg","datePublished":"2021-05-17T11:09:16+00:00","dateModified":"2026-05-08T14:19:14+00:00","breadcrumb":{"@id":"https:\/\/www.james.eu\/fr\/producten\/nettoyant-sols-propre-rapidement-sec-a\/#breadcrumb"},"inLanguage":"fr-FR","potentialAction":[{"@type":"ReadAction","target":["https:\/\/www.james.eu\/fr\/producten\/nettoyant-sols-propre-rapidement-sec-a\/"]}]},{"@type":"ImageObject","inLanguage":"fr-FR","@id":"https:\/\/www.james.eu\/fr\/producten\/nettoyant-sols-propre-rapidement-sec-a\/#primaryimage","url":"https:\/\/www.james.eu\/wp-content\/uploads\/2020\/10\/James-Vloerreiniger-Schoon-Snel-Droog-1ltr.jpg","contentUrl":"https:\/\/www.james.eu\/wp-content\/uploads\/2020\/10\/James-Vloerreiniger-Schoon-Snel-Droog-1ltr.jpg","width":800,"height":1000,"caption":"James Nettoyant pour Sols Propre &amp; Rapidement Sec 1 ltr"},{"@type":"BreadcrumbList","@id":"https:\/\/www.james.eu\/fr\/producten\/nettoyant-sols-propre-rapidement-sec-a\/#breadcrumb","itemListElement":[{"@type":"ListItem","position":1,"name":"Home","item":"https:\/\/www.james.eu\/fr\/page-daccueil-fr\/"},{"@type":"ListItem","position":2,"name":"Produits","item":"https:\/\/www.james.eu\/fr\/produits\/"},{"@type":"ListItem","position":3,"name":"James Nettoyant Sols Propre &amp; Rapidement sec (Flacon A)"}]},{"@type":"WebSite","@id":"https:\/\/www.james.eu\/fr\/#website","url":"https:\/\/www.james.eu\/fr\/","name":"James B.V.","description":"The Finishing Touch","publisher":{"@id":"https:\/\/www.james.eu\/fr\/#organization"},"potentialAction":[{"@type":"SearchAction","target":{"@type":"EntryPoint","urlTemplate":"https:\/\/www.james.eu\/fr\/?s={search_term_string}"},"query-input":{"@type":"PropertyValueSpecification","valueRequired":true,"valueName":"search_term_string"}}],"inLanguage":"fr-FR"},{"@type":"Organization","@id":"https:\/\/www.james.eu\/fr\/#organization","name":"James B.V.","url":"https:\/\/www.james.eu\/fr\/","logo":{"@type":"ImageObject","inLanguage":"fr-FR","@id":"https:\/\/www.james.eu\/fr\/#\/schema\/logo\/image\/","url":"https:\/\/www.james.eu\/wp-content\/uploads\/2022\/02\/Logo-James-2021-mail-2.png","contentUrl":"https:\/\/www.james.eu\/wp-content\/uploads\/2022\/02\/Logo-James-2021-mail-2.png","width":404,"height":482,"caption":"James B.V."},"image":{"@id":"https:\/\/www.james.eu\/fr\/#\/schema\/logo\/image\/"},"sameAs":["https:\/\/www.facebook.com\/James-BV-380608888706399","https:\/\/www.instagram.com\/james.eu1927\/"]}]},"product_brand":"James","product_price_amount":"14.50","product_price_currency":"EUR","og_availability":"instock","product_availability":"instock","product_retailer_item_id":"4303","product_condition":"new"},"jetpack_sharing_enabled":true,"_links":{"self":[{"href":"https:\/\/www.james.eu\/fr\/wp-json\/wp\/v2\/product\/20380","targetHints":{"allow":["GET"]}}],"collection":[{"href":"https:\/\/www.james.eu\/fr\/wp-json\/wp\/v2\/product"}],"about":[{"href":"https:\/\/www.james.eu\/fr\/wp-json\/wp\/v2\/types\/product"}],"replies":[{"embeddable":true,"href":"https:\/\/www.james.eu\/fr\/wp-json\/wp\/v2\/comments?post=20380"}],"wp:featuredmedia":[{"embeddable":true,"href":"https:\/\/www.james.eu\/fr\/wp-json\/wp\/v2\/media\/17755"}],"wp:attachment":[{"href":"https:\/\/www.james.eu\/fr\/wp-json\/wp\/v2\/media?parent=20380"}],"wp:term":[{"taxonomy":"product_brand","embeddable":true,"href":"https:\/\/www.james.eu\/fr\/wp-json\/wp\/v2\/product_brand?post=20380"},{"taxonomy":"product_cat","embeddable":true,"href":"https:\/\/www.james.eu\/fr\/wp-json\/wp\/v2\/product_cat?post=20380"},{"taxonomy":"product_tag","embeddable":true,"href":"https:\/\/www.james.eu\/fr\/wp-json\/wp\/v2\/product_tag?post=20380"}],"curies":[{"name":"wp","href":"https:\/\/api.w.org\/{rel}","templated":true}]}}