{"id":65130,"date":"2022-11-02T14:38:18","date_gmt":"2022-11-02T13:38:18","guid":{"rendered":"https:\/\/www.james.eu\/conseils-dentretien\/bonaparte\/"},"modified":"2022-12-18T16:35:04","modified_gmt":"2022-12-18T15:35:04","slug":"bonaparte","status":"publish","type":"page","link":"https:\/\/www.james.eu\/fr\/conseils-dentretien\/bonaparte\/","title":{"rendered":"Bonaparte"},"content":{"rendered":"\t\t<div data-elementor-type=\"wp-page\" data-elementor-id=\"65130\" class=\"elementor elementor-65130 elementor-64679\" data-elementor-post-type=\"page\">\n\t\t\t\t\t\t<section class=\"elementor-section elementor-top-section elementor-element elementor-element-c4d1d0a elementor-section-height-min-height animated-slow elementor-section-boxed elementor-section-height-default elementor-section-items-middle\" data-id=\"c4d1d0a\" data-element_type=\"section\" data-settings=\"{&quot;background_background&quot;:&quot;classic&quot;,&quot;jet_parallax_layout_list&quot;:[{&quot;jet_parallax_layout_image&quot;:{&quot;url&quot;:&quot;&quot;,&quot;id&quot;:&quot;&quot;,&quot;size&quot;:&quot;&quot;},&quot;_id&quot;:&quot;97970a9&quot;,&quot;jet_parallax_layout_image_tablet&quot;:{&quot;url&quot;:&quot;&quot;,&quot;id&quot;:&quot;&quot;,&quot;size&quot;:&quot;&quot;},&quot;jet_parallax_layout_image_mobile&quot;:{&quot;url&quot;:&quot;&quot;,&quot;id&quot;:&quot;&quot;,&quot;size&quot;:&quot;&quot;},&quot;jet_parallax_layout_speed&quot;:{&quot;unit&quot;:&quot;%&quot;,&quot;size&quot;:50,&quot;sizes&quot;:[]},&quot;jet_parallax_layout_type&quot;:&quot;scroll&quot;,&quot;jet_parallax_layout_direction&quot;:null,&quot;jet_parallax_layout_fx_direction&quot;:null,&quot;jet_parallax_layout_z_index&quot;:&quot;&quot;,&quot;jet_parallax_layout_bg_x&quot;:50,&quot;jet_parallax_layout_bg_x_tablet&quot;:&quot;&quot;,&quot;jet_parallax_layout_bg_x_mobile&quot;:&quot;&quot;,&quot;jet_parallax_layout_bg_y&quot;:50,&quot;jet_parallax_layout_bg_y_tablet&quot;:&quot;&quot;,&quot;jet_parallax_layout_bg_y_mobile&quot;:&quot;&quot;,&quot;jet_parallax_layout_bg_size&quot;:&quot;auto&quot;,&quot;jet_parallax_layout_bg_size_tablet&quot;:&quot;&quot;,&quot;jet_parallax_layout_bg_size_mobile&quot;:&quot;&quot;,&quot;jet_parallax_layout_animation_prop&quot;:&quot;transform&quot;,&quot;jet_parallax_layout_on&quot;:[&quot;desktop&quot;,&quot;tablet&quot;]}],&quot;animation&quot;:&quot;none&quot;}\">\n\t\t\t\t\t\t\t<div class=\"elementor-background-overlay\"><\/div>\n\t\t\t\t\t\t\t<div class=\"elementor-container elementor-column-gap-default\">\n\t\t\t\t\t<div class=\"elementor-column elementor-col-100 elementor-top-column elementor-element elementor-element-17e7e7d\" data-id=\"17e7e7d\" data-element_type=\"column\">\n\t\t\t<div class=\"elementor-widget-wrap elementor-element-populated\">\n\t\t\t\t\t\t<div class=\"elementor-element elementor-element-b71772c elementor-invisible elementor-widget elementor-widget-heading\" data-id=\"b71772c\" data-element_type=\"widget\" data-settings=\"{&quot;motion_fx_motion_fx_scrolling&quot;:&quot;yes&quot;,&quot;motion_fx_opacity_effect&quot;:&quot;yes&quot;,&quot;motion_fx_opacity_direction&quot;:&quot;out-in-out&quot;,&quot;motion_fx_opacity_range&quot;:{&quot;unit&quot;:&quot;%&quot;,&quot;size&quot;:&quot;&quot;,&quot;sizes&quot;:{&quot;start&quot;:50,&quot;end&quot;:71}},&quot;_animation&quot;:&quot;fadeInUp&quot;,&quot;_animation_delay&quot;:500,&quot;motion_fx_opacity_level&quot;:{&quot;unit&quot;:&quot;px&quot;,&quot;size&quot;:10,&quot;sizes&quot;:[]},&quot;motion_fx_devices&quot;:[&quot;desktop&quot;,&quot;tablet&quot;,&quot;mobile&quot;]}\" data-widget_type=\"heading.default\">\n\t\t\t\t<div class=\"elementor-widget-container\">\n\t\t\t<h1 class=\"elementor-heading-title elementor-size-default\">Conseil d'entretien Bonaparte<\/h1>\t\t<\/div>\n\t\t\t\t<\/div>\n\t\t\t\t<div class=\"elementor-element elementor-element-566b37e elementor-invisible elementor-widget elementor-widget-heading\" data-id=\"566b37e\" data-element_type=\"widget\" data-settings=\"{&quot;motion_fx_motion_fx_scrolling&quot;:&quot;yes&quot;,&quot;motion_fx_opacity_effect&quot;:&quot;yes&quot;,&quot;motion_fx_opacity_direction&quot;:&quot;out-in-out&quot;,&quot;motion_fx_opacity_range&quot;:{&quot;unit&quot;:&quot;%&quot;,&quot;size&quot;:&quot;&quot;,&quot;sizes&quot;:{&quot;start&quot;:50,&quot;end&quot;:71}},&quot;_animation&quot;:&quot;fadeInUp&quot;,&quot;_animation_delay&quot;:1000,&quot;motion_fx_opacity_level&quot;:{&quot;unit&quot;:&quot;px&quot;,&quot;size&quot;:10,&quot;sizes&quot;:[]},&quot;motion_fx_devices&quot;:[&quot;desktop&quot;,&quot;tablet&quot;,&quot;mobile&quot;]}\" data-widget_type=\"heading.default\">\n\t\t\t\t<div class=\"elementor-widget-container\">\n\t\t\t<h2 class=\"elementor-heading-title elementor-size-default\">POUR TAPIS ET MOQUETTES\n<\/h2>\t\t<\/div>\n\t\t\t\t<\/div>\n\t\t\t\t\t<\/div>\n\t\t<\/div>\n\t\t\t\t\t<\/div>\n\t\t<\/section>\n\t\t\t\t<section class=\"elementor-section elementor-top-section elementor-element elementor-element-7b30b7d elementor-section-boxed elementor-section-height-default elementor-section-height-default\" data-id=\"7b30b7d\" data-element_type=\"section\" data-settings=\"{&quot;jet_parallax_layout_list&quot;:[{&quot;jet_parallax_layout_image&quot;:{&quot;url&quot;:&quot;&quot;,&quot;id&quot;:&quot;&quot;,&quot;size&quot;:&quot;&quot;},&quot;_id&quot;:&quot;93f0856&quot;,&quot;jet_parallax_layout_image_tablet&quot;:{&quot;url&quot;:&quot;&quot;,&quot;id&quot;:&quot;&quot;,&quot;size&quot;:&quot;&quot;},&quot;jet_parallax_layout_image_mobile&quot;:{&quot;url&quot;:&quot;&quot;,&quot;id&quot;:&quot;&quot;,&quot;size&quot;:&quot;&quot;},&quot;jet_parallax_layout_speed&quot;:{&quot;unit&quot;:&quot;%&quot;,&quot;size&quot;:50,&quot;sizes&quot;:[]},&quot;jet_parallax_layout_type&quot;:&quot;scroll&quot;,&quot;jet_parallax_layout_direction&quot;:null,&quot;jet_parallax_layout_fx_direction&quot;:null,&quot;jet_parallax_layout_z_index&quot;:&quot;&quot;,&quot;jet_parallax_layout_bg_x&quot;:50,&quot;jet_parallax_layout_bg_x_tablet&quot;:&quot;&quot;,&quot;jet_parallax_layout_bg_x_mobile&quot;:&quot;&quot;,&quot;jet_parallax_layout_bg_y&quot;:50,&quot;jet_parallax_layout_bg_y_tablet&quot;:&quot;&quot;,&quot;jet_parallax_layout_bg_y_mobile&quot;:&quot;&quot;,&quot;jet_parallax_layout_bg_size&quot;:&quot;auto&quot;,&quot;jet_parallax_layout_bg_size_tablet&quot;:&quot;&quot;,&quot;jet_parallax_layout_bg_size_mobile&quot;:&quot;&quot;,&quot;jet_parallax_layout_animation_prop&quot;:&quot;transform&quot;,&quot;jet_parallax_layout_on&quot;:[&quot;desktop&quot;,&quot;tablet&quot;]}]}\">\n\t\t\t\t\t\t<div class=\"elementor-container elementor-column-gap-default\">\n\t\t\t\t\t<div class=\"elementor-column elementor-col-100 elementor-top-column elementor-element elementor-element-db8ee8c\" data-id=\"db8ee8c\" data-element_type=\"column\">\n\t\t\t<div class=\"elementor-widget-wrap elementor-element-populated\">\n\t\t\t\t\t\t<div class=\"elementor-element elementor-element-01f3474 elementor-widget elementor-widget-breadcrumbs\" data-id=\"01f3474\" data-element_type=\"widget\" data-widget_type=\"breadcrumbs.default\">\n\t\t\t\t<div class=\"elementor-widget-container\">\n\t\t\t<p id=\"breadcrumbs\"><span><span><a href=\"https:\/\/www.james.eu\/fr\/page-daccueil-fr\/\">Home<\/a><\/span><\/span><\/p>\t\t<\/div>\n\t\t\t\t<\/div>\n\t\t\t\t<div class=\"elementor-element elementor-element-2815a1e elementor-invisible elementor-widget elementor-widget-heading\" data-id=\"2815a1e\" data-element_type=\"widget\" data-settings=\"{&quot;_animation&quot;:&quot;fadeInLeft&quot;}\" data-widget_type=\"heading.default\">\n\t\t\t\t<div class=\"elementor-widget-container\">\n\t\t\t<h2 class=\"elementor-heading-title elementor-size-default\">CONSEIL D'ENTRETIEN BONAPARTE<\/h2>\t\t<\/div>\n\t\t\t\t<\/div>\n\t\t\t\t<div class=\"elementor-element elementor-element-4c64bac animated-slow elementor-widget-divider--view-line elementor-invisible elementor-widget elementor-widget-divider\" data-id=\"4c64bac\" data-element_type=\"widget\" data-settings=\"{&quot;_animation&quot;:&quot;fadeIn&quot;,&quot;_animation_delay&quot;:400}\" data-widget_type=\"divider.default\">\n\t\t\t\t<div class=\"elementor-widget-container\">\n\t\t\t\t\t<div class=\"elementor-divider\">\n\t\t\t<span class=\"elementor-divider-separator\">\n\t\t\t\t\t\t<\/span>\n\t\t<\/div>\n\t\t\t\t<\/div>\n\t\t\t\t<\/div>\n\t\t\t\t<div class=\"elementor-element elementor-element-2107548 elementor-invisible elementor-widget elementor-widget-text-editor\" data-id=\"2107548\" data-element_type=\"widget\" data-settings=\"{&quot;_animation&quot;:&quot;fadeInUp&quot;}\" data-widget_type=\"text-editor.default\">\n\t\t\t\t<div class=\"elementor-widget-container\">\n\t\t\t\t\t\t\t<p>James propose un service gratuit et unique: le conseil d&rsquo;entretien personnalis\u00e9 James! Il s&rsquo;agit d&rsquo;un conseil d\u2019entretien adapt\u00e9 \u00e0 votre situation individuelle.<\/p>\n<p>James dispose d&rsquo;un laboratoire complet o\u00f9 de nombreuses moquettes, tissus d&rsquo;ameublement et sols durs tels que le stratifi\u00e9, le vinyle, le PVC et le LVT sont test\u00e9s en ce qui concerne entretien. Chaque produit individuel est test\u00e9 \u00e0 l&rsquo;aide d&rsquo;une m\u00e9thode d&rsquo;essai standardis\u00e9e en ce qui concerne les possibilit\u00e9s d&rsquo;entretien: peut-on (brosser) d\u00e9poussi\u00e9rer, quelles m\u00e9thodes de nettoyage professionnel sont possibles sur chaque qualit\u00e9 sp\u00e9cifique, peut-on appliquer les produits James, etc.<\/p>\n<p>Vient ensuite la personnalisation. Vous choisissez entre autres o\u00f9 votre tapis est situ\u00e9, de quelle couleur il est, et si vous avez des animaux domestiques, des enfants ou du chauffage par le sol. Ces informations sont utilis\u00e9es pour g\u00e9n\u00e9rer un conseil adapt\u00e9 \u00e0 la situation de votre habitation.<\/p>\n<p>Vous \u00eates curieux du r\u00e9sultat dans les coulisses? Jetez alors un oeil sur une courte impression.<\/p>\n<p>Veuillez d\u2019abord choisir ci-dessous le fabricant de votre tapis ou moquette et la qualit\u00e9, afin de recevoir instantan\u00e9ment votre conseil d\u2019entretien personnalis\u00e9 de James.<\/p>\n\t\t\t\t\t\t<\/div>\n\t\t\t\t<\/div>\n\t\t\t\t\t<\/div>\n\t\t<\/div>\n\t\t\t\t\t<\/div>\n\t\t<\/section>\n\t\t\t\t<section class=\"elementor-section elementor-top-section elementor-element elementor-element-03614f6 elementor-section-boxed elementor-section-height-default elementor-section-height-default\" data-id=\"03614f6\" data-element_type=\"section\" data-settings=\"{&quot;jet_parallax_layout_list&quot;:[]}\">\n\t\t\t\t\t\t<div class=\"elementor-container elementor-column-gap-default\">\n\t\t\t\t\t<div class=\"elementor-column elementor-col-100 elementor-top-column elementor-element elementor-element-a013f47\" data-id=\"a013f47\" data-element_type=\"column\">\n\t\t\t<div class=\"elementor-widget-wrap elementor-element-populated\">\n\t\t\t\t\t\t<div class=\"elementor-element elementor-element-427765c iframe-test elementor-widget elementor-widget-shortcode\" data-id=\"427765c\" data-element_type=\"widget\" data-widget_type=\"shortcode.default\">\n\t\t\t\t<div class=\"elementor-widget-container\">\n\t\t\t\t\t<div class=\"elementor-shortcode\"><iframe src=\"https:\/\/jamespoa.nl\/fr\/conseils-d-entretien\/dealer\/bonaparte\" height=\"1400\" scrolling=\"no\") title=\"Conseil d'entretien Bonaparte\"><\/iframe><\/div>\n\t\t\t\t<\/div>\n\t\t\t\t<\/div>\n\t\t\t\t\t<\/div>\n\t\t<\/div>\n\t\t\t\t\t<\/div>\n\t\t<\/section>\n\t\t\t\t<\/div>\n\t\t","protected":false},"excerpt":{"rendered":"<p>Conseil d&rsquo;entretien Bonaparte POUR TAPIS ET MOQUETTES CONSEIL D&rsquo;ENTRETIEN BONAPARTE James propose un service gratuit et unique: le conseil d&rsquo;entretien personnalis\u00e9 James! Il s&rsquo;agit d&rsquo;un conseil d\u2019entretien adapt\u00e9 \u00e0 votre situation individuelle. James dispose d&rsquo;un laboratoire complet o\u00f9 de nombreuses moquettes, tissus d&rsquo;ameublement et sols durs tels que le stratifi\u00e9, le vinyle, le PVC et [&hellip;]<\/p>\n","protected":false},"author":1,"featured_media":0,"parent":55644,"menu_order":0,"comment_status":"closed","ping_status":"closed","template":"elementor_header_footer","meta":{"ocean_post_layout":"","ocean_both_sidebars_style":"","ocean_both_sidebars_content_width":0,"ocean_both_sidebars_sidebars_width":0,"ocean_sidebar":"0","ocean_second_sidebar":"0","ocean_disable_margins":"enable","ocean_add_body_class":"","ocean_shortcode_before_top_bar":"","ocean_shortcode_after_top_bar":"","ocean_shortcode_before_header":"","ocean_shortcode_after_header":"","ocean_has_shortcode":"","ocean_shortcode_after_title":"","ocean_shortcode_before_footer_widgets":"","ocean_shortcode_after_footer_widgets":"","ocean_shortcode_before_footer_bottom":"","ocean_shortcode_after_footer_bottom":"","ocean_display_top_bar":"default","ocean_display_header":"default","ocean_header_style":"","ocean_center_header_left_menu":"0","ocean_custom_header_template":"0","ocean_custom_logo":0,"ocean_custom_retina_logo":0,"ocean_custom_logo_max_width":0,"ocean_custom_logo_tablet_max_width":0,"ocean_custom_logo_mobile_max_width":0,"ocean_custom_logo_max_height":0,"ocean_custom_logo_tablet_max_height":0,"ocean_custom_logo_mobile_max_height":0,"ocean_header_custom_menu":"0","ocean_menu_typo_font_family":"0","ocean_menu_typo_font_subset":"","ocean_menu_typo_font_size":0,"ocean_menu_typo_font_size_tablet":0,"ocean_menu_typo_font_size_mobile":0,"ocean_menu_typo_font_size_unit":"px","ocean_menu_typo_font_weight":"","ocean_menu_typo_font_weight_tablet":"","ocean_menu_typo_font_weight_mobile":"","ocean_menu_typo_transform":"","ocean_menu_typo_transform_tablet":"","ocean_menu_typo_transform_mobile":"","ocean_menu_typo_line_height":0,"ocean_menu_typo_line_height_tablet":0,"ocean_menu_typo_line_height_mobile":0,"ocean_menu_typo_line_height_unit":"","ocean_menu_typo_spacing":0,"ocean_menu_typo_spacing_tablet":0,"ocean_menu_typo_spacing_mobile":0,"ocean_menu_typo_spacing_unit":"","ocean_menu_link_color":"","ocean_menu_link_color_hover":"","ocean_menu_link_color_active":"","ocean_menu_link_background":"","ocean_menu_link_hover_background":"","ocean_menu_link_active_background":"","ocean_menu_social_links_bg":"","ocean_menu_social_hover_links_bg":"","ocean_menu_social_links_color":"","ocean_menu_social_hover_links_color":"","ocean_disable_title":"default","ocean_disable_heading":"default","ocean_post_title":"","ocean_post_subheading":"","ocean_post_title_style":"","ocean_post_title_background_color":"","ocean_post_title_background":0,"ocean_post_title_bg_image_position":"","ocean_post_title_bg_image_attachment":"","ocean_post_title_bg_image_repeat":"","ocean_post_title_bg_image_size":"","ocean_post_title_height":0,"ocean_post_title_bg_overlay":0.5,"ocean_post_title_bg_overlay_color":"","ocean_disable_breadcrumbs":"default","ocean_breadcrumbs_color":"","ocean_breadcrumbs_separator_color":"","ocean_breadcrumbs_links_color":"","ocean_breadcrumbs_links_hover_color":"","ocean_display_footer_widgets":"default","ocean_display_footer_bottom":"default","ocean_custom_footer_template":"0","osh_disable_topbar_sticky":"default","osh_disable_header_sticky":"default","osh_sticky_header_style":"default","osh_sticky_header_effect":"","osh_custom_sticky_logo":0,"osh_custom_retina_sticky_logo":0,"osh_custom_sticky_logo_height":0,"osh_background_color":"","osh_links_color":"","osh_links_hover_color":"","osh_links_active_color":"","osh_links_bg_color":"","osh_links_hover_bg_color":"","osh_links_active_bg_color":"","osh_menu_social_links_color":"","osh_menu_social_hover_links_color":"","footnotes":""},"class_list":["post-65130","page","type-page","status-publish","hentry","entry","owp-thumbs-layout-horizontal","owp-btn-very-big","owp-tabs-layout-vertical","has-no-thumbnails"],"acf":[],"yoast_head":"<!-- This site is optimized with the Yoast SEO Premium plugin v20.1 (Yoast SEO v25.3.1) - https:\/\/yoast.com\/wordpress\/plugins\/seo\/ -->\n<title>Bonaparte - James B.V.<\/title>\n<meta name=\"robots\" content=\"index, follow, max-snippet:-1, max-image-preview:large, max-video-preview:-1\" \/>\n<link rel=\"canonical\" href=\"https:\/\/www.james.eu\/fr\/conseils-dentretien\/bonaparte\/\" \/>\n<meta property=\"og:locale\" content=\"fr_FR\" \/>\n<meta property=\"og:type\" content=\"article\" \/>\n<meta property=\"og:title\" content=\"Bonaparte\" \/>\n<meta property=\"og:description\" content=\"Conseil d&rsquo;entretien Bonaparte POUR TAPIS ET MOQUETTES CONSEIL D&rsquo;ENTRETIEN BONAPARTE James propose un service gratuit et unique: le conseil d&rsquo;entretien personnalis\u00e9 James! Il s&rsquo;agit d&rsquo;un conseil d\u2019entretien adapt\u00e9 \u00e0 votre situation individuelle. James dispose d&rsquo;un laboratoire complet o\u00f9 de nombreuses moquettes, tissus d&rsquo;ameublement et sols durs tels que le stratifi\u00e9, le vinyle, le PVC et [&hellip;]\" \/>\n<meta property=\"og:url\" content=\"https:\/\/www.james.eu\/fr\/conseils-dentretien\/bonaparte\/\" \/>\n<meta property=\"og:site_name\" content=\"James B.V.\" \/>\n<meta property=\"article:publisher\" content=\"https:\/\/www.facebook.com\/James-BV-380608888706399\" \/>\n<meta property=\"article:modified_time\" content=\"2022-12-18T15:35:04+00:00\" \/>\n<meta property=\"og:image\" content=\"https:\/\/www.james.eu\/wp-content\/uploads\/2022\/02\/Logo-James-2021-mail-2.png\" \/>\n\t<meta property=\"og:image:width\" content=\"404\" \/>\n\t<meta property=\"og:image:height\" content=\"482\" \/>\n\t<meta property=\"og:image:type\" content=\"image\/png\" \/>\n<meta name=\"twitter:card\" content=\"summary_large_image\" \/>\n<meta name=\"twitter:label1\" content=\"Dur\u00e9e de lecture estim\u00e9e\" \/>\n\t<meta name=\"twitter:data1\" content=\"1 minute\" \/>\n<script type=\"application\/ld+json\" class=\"yoast-schema-graph\">{\"@context\":\"https:\/\/schema.org\",\"@graph\":[{\"@type\":\"WebPage\",\"@id\":\"https:\/\/www.james.eu\/fr\/conseils-dentretien\/bonaparte\/\",\"url\":\"https:\/\/www.james.eu\/fr\/conseils-dentretien\/bonaparte\/\",\"name\":\"Bonaparte - James B.V.\",\"isPartOf\":{\"@id\":\"https:\/\/www.james.eu\/fr\/#website\"},\"datePublished\":\"2022-11-02T13:38:18+00:00\",\"dateModified\":\"2022-12-18T15:35:04+00:00\",\"breadcrumb\":{\"@id\":\"https:\/\/www.james.eu\/fr\/conseils-dentretien\/bonaparte\/#breadcrumb\"},\"inLanguage\":\"fr-FR\",\"potentialAction\":[{\"@type\":\"ReadAction\",\"target\":[\"https:\/\/www.james.eu\/fr\/conseils-dentretien\/bonaparte\/\"]}]},{\"@type\":\"BreadcrumbList\",\"@id\":\"https:\/\/www.james.eu\/fr\/conseils-dentretien\/bonaparte\/#breadcrumb\",\"itemListElement\":[{\"@type\":\"ListItem\",\"position\":1,\"name\":\"Home\",\"item\":\"https:\/\/www.james.eu\/fr\/page-daccueil-fr\/\"},{\"@type\":\"ListItem\",\"position\":2,\"name\":\"Conseils d&#8217;entretien\",\"item\":\"https:\/\/www.james.eu\/fr\/onderhoudsadvies\/\"},{\"@type\":\"ListItem\",\"position\":3,\"name\":\"Bonaparte\"}]},{\"@type\":\"WebSite\",\"@id\":\"https:\/\/www.james.eu\/fr\/#website\",\"url\":\"https:\/\/www.james.eu\/fr\/\",\"name\":\"James B.V.\",\"description\":\"The Finishing Touch\",\"publisher\":{\"@id\":\"https:\/\/www.james.eu\/fr\/#organization\"},\"potentialAction\":[{\"@type\":\"SearchAction\",\"target\":{\"@type\":\"EntryPoint\",\"urlTemplate\":\"https:\/\/www.james.eu\/fr\/?s={search_term_string}\"},\"query-input\":{\"@type\":\"PropertyValueSpecification\",\"valueRequired\":true,\"valueName\":\"search_term_string\"}}],\"inLanguage\":\"fr-FR\"},{\"@type\":\"Organization\",\"@id\":\"https:\/\/www.james.eu\/fr\/#organization\",\"name\":\"James B.V.\",\"url\":\"https:\/\/www.james.eu\/fr\/\",\"logo\":{\"@type\":\"ImageObject\",\"inLanguage\":\"fr-FR\",\"@id\":\"https:\/\/www.james.eu\/fr\/#\/schema\/logo\/image\/\",\"url\":\"https:\/\/www.james.eu\/wp-content\/uploads\/2022\/02\/Logo-James-2021-mail-2.png\",\"contentUrl\":\"https:\/\/www.james.eu\/wp-content\/uploads\/2022\/02\/Logo-James-2021-mail-2.png\",\"width\":404,\"height\":482,\"caption\":\"James B.V.\"},\"image\":{\"@id\":\"https:\/\/www.james.eu\/fr\/#\/schema\/logo\/image\/\"},\"sameAs\":[\"https:\/\/www.facebook.com\/James-BV-380608888706399\",\"https:\/\/www.instagram.com\/james.eu1927\/\"]}]}<\/script>\n<!-- \/ Yoast SEO Premium plugin. -->","yoast_head_json":{"title":"Bonaparte - James B.V.","robots":{"index":"index","follow":"follow","max-snippet":"max-snippet:-1","max-image-preview":"max-image-preview:large","max-video-preview":"max-video-preview:-1"},"canonical":"https:\/\/www.james.eu\/fr\/conseils-dentretien\/bonaparte\/","og_locale":"fr_FR","og_type":"article","og_title":"Bonaparte","og_description":"Conseil d&rsquo;entretien Bonaparte POUR TAPIS ET MOQUETTES CONSEIL D&rsquo;ENTRETIEN BONAPARTE James propose un service gratuit et unique: le conseil d&rsquo;entretien personnalis\u00e9 James! Il s&rsquo;agit d&rsquo;un conseil d\u2019entretien adapt\u00e9 \u00e0 votre situation individuelle. James dispose d&rsquo;un laboratoire complet o\u00f9 de nombreuses moquettes, tissus d&rsquo;ameublement et sols durs tels que le stratifi\u00e9, le vinyle, le PVC et [&hellip;]","og_url":"https:\/\/www.james.eu\/fr\/conseils-dentretien\/bonaparte\/","og_site_name":"James B.V.","article_publisher":"https:\/\/www.facebook.com\/James-BV-380608888706399","article_modified_time":"2022-12-18T15:35:04+00:00","og_image":[{"width":404,"height":482,"url":"https:\/\/www.james.eu\/wp-content\/uploads\/2022\/02\/Logo-James-2021-mail-2.png","type":"image\/png"}],"twitter_card":"summary_large_image","twitter_misc":{"Dur\u00e9e de lecture estim\u00e9e":"1 minute"},"schema":{"@context":"https:\/\/schema.org","@graph":[{"@type":"WebPage","@id":"https:\/\/www.james.eu\/fr\/conseils-dentretien\/bonaparte\/","url":"https:\/\/www.james.eu\/fr\/conseils-dentretien\/bonaparte\/","name":"Bonaparte - James B.V.","isPartOf":{"@id":"https:\/\/www.james.eu\/fr\/#website"},"datePublished":"2022-11-02T13:38:18+00:00","dateModified":"2022-12-18T15:35:04+00:00","breadcrumb":{"@id":"https:\/\/www.james.eu\/fr\/conseils-dentretien\/bonaparte\/#breadcrumb"},"inLanguage":"fr-FR","potentialAction":[{"@type":"ReadAction","target":["https:\/\/www.james.eu\/fr\/conseils-dentretien\/bonaparte\/"]}]},{"@type":"BreadcrumbList","@id":"https:\/\/www.james.eu\/fr\/conseils-dentretien\/bonaparte\/#breadcrumb","itemListElement":[{"@type":"ListItem","position":1,"name":"Home","item":"https:\/\/www.james.eu\/fr\/page-daccueil-fr\/"},{"@type":"ListItem","position":2,"name":"Conseils d&#8217;entretien","item":"https:\/\/www.james.eu\/fr\/onderhoudsadvies\/"},{"@type":"ListItem","position":3,"name":"Bonaparte"}]},{"@type":"WebSite","@id":"https:\/\/www.james.eu\/fr\/#website","url":"https:\/\/www.james.eu\/fr\/","name":"James B.V.","description":"The Finishing Touch","publisher":{"@id":"https:\/\/www.james.eu\/fr\/#organization"},"potentialAction":[{"@type":"SearchAction","target":{"@type":"EntryPoint","urlTemplate":"https:\/\/www.james.eu\/fr\/?s={search_term_string}"},"query-input":{"@type":"PropertyValueSpecification","valueRequired":true,"valueName":"search_term_string"}}],"inLanguage":"fr-FR"},{"@type":"Organization","@id":"https:\/\/www.james.eu\/fr\/#organization","name":"James B.V.","url":"https:\/\/www.james.eu\/fr\/","logo":{"@type":"ImageObject","inLanguage":"fr-FR","@id":"https:\/\/www.james.eu\/fr\/#\/schema\/logo\/image\/","url":"https:\/\/www.james.eu\/wp-content\/uploads\/2022\/02\/Logo-James-2021-mail-2.png","contentUrl":"https:\/\/www.james.eu\/wp-content\/uploads\/2022\/02\/Logo-James-2021-mail-2.png","width":404,"height":482,"caption":"James B.V."},"image":{"@id":"https:\/\/www.james.eu\/fr\/#\/schema\/logo\/image\/"},"sameAs":["https:\/\/www.facebook.com\/James-BV-380608888706399","https:\/\/www.instagram.com\/james.eu1927\/"]}]}},"jetpack_sharing_enabled":true,"_links":{"self":[{"href":"https:\/\/www.james.eu\/fr\/wp-json\/wp\/v2\/pages\/65130","targetHints":{"allow":["GET"]}}],"collection":[{"href":"https:\/\/www.james.eu\/fr\/wp-json\/wp\/v2\/pages"}],"about":[{"href":"https:\/\/www.james.eu\/fr\/wp-json\/wp\/v2\/types\/page"}],"author":[{"embeddable":true,"href":"https:\/\/www.james.eu\/fr\/wp-json\/wp\/v2\/users\/1"}],"replies":[{"embeddable":true,"href":"https:\/\/www.james.eu\/fr\/wp-json\/wp\/v2\/comments?post=65130"}],"version-history":[{"count":0,"href":"https:\/\/www.james.eu\/fr\/wp-json\/wp\/v2\/pages\/65130\/revisions"}],"up":[{"embeddable":true,"href":"https:\/\/www.james.eu\/fr\/wp-json\/wp\/v2\/pages\/55644"}],"wp:attachment":[{"href":"https:\/\/www.james.eu\/fr\/wp-json\/wp\/v2\/media?parent=65130"}],"curies":[{"name":"wp","href":"https:\/\/api.w.org\/{rel}","templated":true}]}}