{"id":6391,"date":"2020-08-20T11:09:19","date_gmt":"2020-08-20T11:09:19","guid":{"rendered":"https:\/\/www.james.eu\/a-propos-de-nous\/cradle-2-cradle\/"},"modified":"2022-10-04T21:05:44","modified_gmt":"2022-10-04T20:05:44","slug":"cradle-2-cradle","status":"publish","type":"page","link":"https:\/\/www.james.eu\/fr\/a-propos-de-nous\/cradle-2-cradle\/","title":{"rendered":"Cradle 2 cradle"},"content":{"rendered":"\t\t<div data-elementor-type=\"wp-page\" data-elementor-id=\"6391\" class=\"elementor elementor-6391 elementor-4369\" data-elementor-post-type=\"page\">\n\t\t\t\t\t\t<section class=\"elementor-section elementor-top-section elementor-element elementor-element-782a9d7 elementor-section-boxed elementor-section-height-default elementor-section-height-default\" data-id=\"782a9d7\" data-element_type=\"section\" data-settings=\"{&quot;background_background&quot;:&quot;classic&quot;,&quot;jet_parallax_layout_list&quot;:[{&quot;jet_parallax_layout_image&quot;:{&quot;url&quot;:&quot;&quot;,&quot;id&quot;:&quot;&quot;,&quot;size&quot;:&quot;&quot;},&quot;_id&quot;:&quot;401ea73&quot;,&quot;jet_parallax_layout_image_tablet&quot;:{&quot;url&quot;:&quot;&quot;,&quot;id&quot;:&quot;&quot;,&quot;size&quot;:&quot;&quot;},&quot;jet_parallax_layout_image_mobile&quot;:{&quot;url&quot;:&quot;&quot;,&quot;id&quot;:&quot;&quot;,&quot;size&quot;:&quot;&quot;},&quot;jet_parallax_layout_speed&quot;:{&quot;unit&quot;:&quot;%&quot;,&quot;size&quot;:50,&quot;sizes&quot;:[]},&quot;jet_parallax_layout_type&quot;:&quot;scroll&quot;,&quot;jet_parallax_layout_direction&quot;:null,&quot;jet_parallax_layout_fx_direction&quot;:null,&quot;jet_parallax_layout_z_index&quot;:&quot;&quot;,&quot;jet_parallax_layout_bg_x&quot;:50,&quot;jet_parallax_layout_bg_x_tablet&quot;:&quot;&quot;,&quot;jet_parallax_layout_bg_x_mobile&quot;:&quot;&quot;,&quot;jet_parallax_layout_bg_y&quot;:50,&quot;jet_parallax_layout_bg_y_tablet&quot;:&quot;&quot;,&quot;jet_parallax_layout_bg_y_mobile&quot;:&quot;&quot;,&quot;jet_parallax_layout_bg_size&quot;:&quot;auto&quot;,&quot;jet_parallax_layout_bg_size_tablet&quot;:&quot;&quot;,&quot;jet_parallax_layout_bg_size_mobile&quot;:&quot;&quot;,&quot;jet_parallax_layout_animation_prop&quot;:&quot;transform&quot;,&quot;jet_parallax_layout_on&quot;:[&quot;desktop&quot;,&quot;tablet&quot;]}]}\">\n\t\t\t\t\t\t<div class=\"elementor-container elementor-column-gap-default\">\n\t\t\t\t\t<div class=\"elementor-column elementor-col-50 elementor-top-column elementor-element elementor-element-cfc2740\" data-id=\"cfc2740\" data-element_type=\"column\">\n\t\t\t<div class=\"elementor-widget-wrap elementor-element-populated\">\n\t\t\t\t\t\t<div class=\"elementor-element elementor-element-8f01f1f elementor-widget elementor-widget-heading\" data-id=\"8f01f1f\" data-element_type=\"widget\" data-widget_type=\"heading.default\">\n\t\t\t\t<div class=\"elementor-widget-container\">\n\t\t\t<h4 class=\"elementor-heading-title elementor-size-default\">Durabilit\u00e9<\/h4>\t\t<\/div>\n\t\t\t\t<\/div>\n\t\t\t\t<div class=\"elementor-element elementor-element-063d8ab elementor-widget elementor-widget-heading\" data-id=\"063d8ab\" data-element_type=\"widget\" data-widget_type=\"heading.default\">\n\t\t\t\t<div class=\"elementor-widget-container\">\n\t\t\t<h2 class=\"elementor-heading-title elementor-size-default\">Cradle 2 Cradle<\/h2>\t\t<\/div>\n\t\t\t\t<\/div>\n\t\t\t\t<div class=\"elementor-element elementor-element-ac783e5 elementor-widget elementor-widget-text-editor\" data-id=\"ac783e5\" data-element_type=\"widget\" data-widget_type=\"text-editor.default\">\n\t\t\t\t<div class=\"elementor-widget-container\">\n\t\t\t\t\t\t\t<p>James a pass\u00e9 un contrat avec EPEA (Environmental Protection and Encouragement Agency), l&rsquo;institution officielle pour collaborer avec cradle to cradle. La philosophie des fondateurs, William McDonough &amp; Michael Braungart, correspond avec la vision pour l&rsquo;avenir de James.<\/p>\n<p>Selon le principe cradle to cradle, concevoir et d\u00e9velopper des produits a lieu \u00e0 base de mati\u00e8res premi\u00e8res sans risques et cent pour cent recyclables. Ainsi d\u00e9chets peuvent e.g. devenir nourriture dans un cycle infini. Cette philosophie va donc plus loin que le d\u00e9veloppement de produits durables.<\/p>\n<p>James, en collaboration avec EPEA, a commenc\u00e9 recherches sur ses \u00e9liminateurs de taches. Ne pas seulement le produit est concern\u00e9, mais aussi son emballage. Le flacon, ainsi que l&rsquo;\u00e9tiquette et la bo\u00eete dans laquelle le produit est emball\u00e9.<\/p>\n\t\t\t\t\t\t<\/div>\n\t\t\t\t<\/div>\n\t\t\t\t<div class=\"elementor-element elementor-element-955f93f elementor-widget-divider--view-line elementor-widget elementor-widget-divider\" data-id=\"955f93f\" data-element_type=\"widget\" data-widget_type=\"divider.default\">\n\t\t\t\t<div class=\"elementor-widget-container\">\n\t\t\t\t\t<div class=\"elementor-divider\">\n\t\t\t<span class=\"elementor-divider-separator\">\n\t\t\t\t\t\t<\/span>\n\t\t<\/div>\n\t\t\t\t<\/div>\n\t\t\t\t<\/div>\n\t\t\t\t<div class=\"elementor-element elementor-element-f3a01a9 animated-slow elementor-invisible elementor-widget elementor-widget-button\" data-id=\"f3a01a9\" data-element_type=\"widget\" data-settings=\"{&quot;_animation&quot;:&quot;fadeIn&quot;}\" data-widget_type=\"button.default\">\n\t\t\t\t<div class=\"elementor-widget-container\">\n\t\t\t\t\t\t\t<div class=\"elementor-button-wrapper\">\n\t\t\t\t\t<a class=\"elementor-button elementor-button-link elementor-size-sm elementor-animation-float\" href=\"https:\/\/www.james.eu\/fr\/a-propos-de-nous\/\">\n\t\t\t\t\t\t<span class=\"elementor-button-content-wrapper\">\n\t\t\t\t\t\t<span class=\"elementor-button-icon\">\n\t\t\t\t<i aria-hidden=\"true\" class=\"fas fa-arrow-left\"><\/i>\t\t\t<\/span>\n\t\t\t\t\t\t\t\t\t<span class=\"elementor-button-text\">Retour \"\u00e0 propos de James\"<\/span>\n\t\t\t\t\t<\/span>\n\t\t\t\t\t<\/a>\n\t\t\t\t<\/div>\n\t\t\t\t\t\t<\/div>\n\t\t\t\t<\/div>\n\t\t\t\t\t<\/div>\n\t\t<\/div>\n\t\t\t\t<div class=\"elementor-column elementor-col-50 elementor-top-column elementor-element elementor-element-7a51282\" data-id=\"7a51282\" data-element_type=\"column\">\n\t\t\t<div class=\"elementor-widget-wrap elementor-element-populated\">\n\t\t\t\t\t\t<div class=\"elementor-element elementor-element-001203f elementor-invisible elementor-widget elementor-widget-image\" data-id=\"001203f\" data-element_type=\"widget\" data-settings=\"{&quot;_animation&quot;:&quot;fadeInRight&quot;}\" data-widget_type=\"image.default\">\n\t\t\t\t<div class=\"elementor-widget-container\">\n\t\t\t\t\t\t\t\t\t\t\t\t\t\t<a href=\"https:\/\/www.james.eu\/fr\/actualites\/emballage-james-starterset-innove\/\">\n\t\t\t\t\t\t\t<img fetchpriority=\"high\" decoding=\"async\" width=\"935\" height=\"766\" src=\"https:\/\/www.james.eu\/wp-content\/uploads\/2022\/09\/Verpakking-Starterset-1.jpg\" class=\"attachment-large size-large wp-image-62776\" alt=\"Verpakking Starterset\" srcset=\"https:\/\/www.james.eu\/wp-content\/uploads\/2022\/09\/Verpakking-Starterset-1.jpg 935w, https:\/\/www.james.eu\/wp-content\/uploads\/2022\/09\/Verpakking-Starterset-1-300x246.jpg 300w, https:\/\/www.james.eu\/wp-content\/uploads\/2022\/09\/Verpakking-Starterset-1-768x629.jpg 768w\" sizes=\"(max-width: 935px) 100vw, 935px\" \/>\t\t\t\t\t\t\t\t<\/a>\n\t\t\t\t\t\t\t\t\t\t\t\t\t<\/div>\n\t\t\t\t<\/div>\n\t\t\t\t\t<\/div>\n\t\t<\/div>\n\t\t\t\t\t<\/div>\n\t\t<\/section>\n\t\t\t\t<\/div>\n\t\t","protected":false},"excerpt":{"rendered":"<p>Durabilit\u00e9 Cradle 2 Cradle James a pass\u00e9 un contrat avec EPEA (Environmental Protection and Encouragement Agency), l&rsquo;institution officielle pour collaborer avec cradle to cradle. La philosophie des fondateurs, William McDonough &amp; Michael Braungart, correspond avec la vision pour l&rsquo;avenir de James. Selon le principe cradle to cradle, concevoir et d\u00e9velopper des produits a lieu \u00e0 [&hellip;]<\/p>\n","protected":false},"author":1,"featured_media":0,"parent":5589,"menu_order":0,"comment_status":"closed","ping_status":"closed","template":"elementor_header_footer","meta":{"ocean_post_layout":"","ocean_both_sidebars_style":"","ocean_both_sidebars_content_width":0,"ocean_both_sidebars_sidebars_width":0,"ocean_sidebar":"0","ocean_second_sidebar":"0","ocean_disable_margins":"on","ocean_add_body_class":"","ocean_shortcode_before_top_bar":"","ocean_shortcode_after_top_bar":"","ocean_shortcode_before_header":"","ocean_shortcode_after_header":"","ocean_has_shortcode":"","ocean_shortcode_after_title":"","ocean_shortcode_before_footer_widgets":"","ocean_shortcode_after_footer_widgets":"","ocean_shortcode_before_footer_bottom":"","ocean_shortcode_after_footer_bottom":"","ocean_display_top_bar":"default","ocean_display_header":"default","ocean_header_style":"","ocean_center_header_left_menu":"0","ocean_custom_header_template":"0","ocean_custom_logo":0,"ocean_custom_retina_logo":0,"ocean_custom_logo_max_width":0,"ocean_custom_logo_tablet_max_width":0,"ocean_custom_logo_mobile_max_width":0,"ocean_custom_logo_max_height":0,"ocean_custom_logo_tablet_max_height":0,"ocean_custom_logo_mobile_max_height":0,"ocean_header_custom_menu":"0","ocean_menu_typo_font_family":"0","ocean_menu_typo_font_subset":"","ocean_menu_typo_font_size":0,"ocean_menu_typo_font_size_tablet":0,"ocean_menu_typo_font_size_mobile":0,"ocean_menu_typo_font_size_unit":"px","ocean_menu_typo_font_weight":"","ocean_menu_typo_font_weight_tablet":"","ocean_menu_typo_font_weight_mobile":"","ocean_menu_typo_transform":"","ocean_menu_typo_transform_tablet":"","ocean_menu_typo_transform_mobile":"","ocean_menu_typo_line_height":0,"ocean_menu_typo_line_height_tablet":0,"ocean_menu_typo_line_height_mobile":0,"ocean_menu_typo_line_height_unit":"","ocean_menu_typo_spacing":0,"ocean_menu_typo_spacing_tablet":0,"ocean_menu_typo_spacing_mobile":0,"ocean_menu_typo_spacing_unit":"","ocean_menu_link_color":"","ocean_menu_link_color_hover":"","ocean_menu_link_color_active":"","ocean_menu_link_background":"","ocean_menu_link_hover_background":"","ocean_menu_link_active_background":"","ocean_menu_social_links_bg":"","ocean_menu_social_hover_links_bg":"","ocean_menu_social_links_color":"","ocean_menu_social_hover_links_color":"","ocean_disable_title":"default","ocean_disable_heading":"default","ocean_post_title":"","ocean_post_subheading":"","ocean_post_title_style":"","ocean_post_title_background_color":"","ocean_post_title_background":0,"ocean_post_title_bg_image_position":"","ocean_post_title_bg_image_attachment":"","ocean_post_title_bg_image_repeat":"","ocean_post_title_bg_image_size":"","ocean_post_title_height":0,"ocean_post_title_bg_overlay":0.5,"ocean_post_title_bg_overlay_color":"","ocean_disable_breadcrumbs":"default","ocean_breadcrumbs_color":"","ocean_breadcrumbs_separator_color":"","ocean_breadcrumbs_links_color":"","ocean_breadcrumbs_links_hover_color":"","ocean_display_footer_widgets":"default","ocean_display_footer_bottom":"default","ocean_custom_footer_template":"0","osh_disable_topbar_sticky":"default","osh_disable_header_sticky":"default","osh_sticky_header_style":"default","osh_sticky_header_effect":"","osh_custom_sticky_logo":0,"osh_custom_retina_sticky_logo":0,"osh_custom_sticky_logo_height":0,"osh_background_color":"","osh_links_color":"","osh_links_hover_color":"","osh_links_active_color":"","osh_links_bg_color":"","osh_links_hover_bg_color":"","osh_links_active_bg_color":"","osh_menu_social_links_color":"","osh_menu_social_hover_links_color":"","footnotes":""},"class_list":["post-6391","page","type-page","status-publish","hentry","entry","owp-thumbs-layout-horizontal","owp-btn-very-big","owp-tabs-layout-vertical","has-no-thumbnails"],"acf":[],"yoast_head":"<!-- This site is optimized with the Yoast SEO Premium plugin v20.1 (Yoast SEO v25.3.1) - https:\/\/yoast.com\/wordpress\/plugins\/seo\/ -->\n<title>Cradle 2 cradle - James B.V.<\/title>\n<meta name=\"robots\" content=\"index, follow, max-snippet:-1, max-image-preview:large, max-video-preview:-1\" \/>\n<link rel=\"canonical\" href=\"https:\/\/www.james.eu\/fr\/a-propos-de-nous\/cradle-2-cradle\/\" \/>\n<meta property=\"og:locale\" content=\"fr_FR\" \/>\n<meta property=\"og:type\" content=\"article\" \/>\n<meta property=\"og:title\" content=\"Cradle 2 cradle\" \/>\n<meta property=\"og:description\" content=\"Durabilit\u00e9 Cradle 2 Cradle James a pass\u00e9 un contrat avec EPEA (Environmental Protection and Encouragement Agency), l&rsquo;institution officielle pour collaborer avec cradle to cradle. La philosophie des fondateurs, William McDonough &amp; Michael Braungart, correspond avec la vision pour l&rsquo;avenir de James. Selon le principe cradle to cradle, concevoir et d\u00e9velopper des produits a lieu \u00e0 [&hellip;]\" \/>\n<meta property=\"og:url\" content=\"https:\/\/www.james.eu\/fr\/a-propos-de-nous\/cradle-2-cradle\/\" \/>\n<meta property=\"og:site_name\" content=\"James B.V.\" \/>\n<meta property=\"article:publisher\" content=\"https:\/\/www.facebook.com\/James-BV-380608888706399\" \/>\n<meta property=\"article:modified_time\" content=\"2022-10-04T20:05:44+00:00\" \/>\n<meta property=\"og:image\" content=\"https:\/\/www.james.eu\/wp-content\/uploads\/2022\/09\/Verpakking-Starterset-1.jpg\" \/>\n<meta name=\"twitter:card\" content=\"summary_large_image\" \/>\n<meta name=\"twitter:label1\" content=\"Dur\u00e9e de lecture estim\u00e9e\" \/>\n\t<meta name=\"twitter:data1\" content=\"1 minute\" \/>\n<script type=\"application\/ld+json\" class=\"yoast-schema-graph\">{\"@context\":\"https:\/\/schema.org\",\"@graph\":[{\"@type\":\"WebPage\",\"@id\":\"https:\/\/www.james.eu\/fr\/a-propos-de-nous\/cradle-2-cradle\/\",\"url\":\"https:\/\/www.james.eu\/fr\/a-propos-de-nous\/cradle-2-cradle\/\",\"name\":\"Cradle 2 cradle - James B.V.\",\"isPartOf\":{\"@id\":\"https:\/\/www.james.eu\/fr\/#website\"},\"primaryImageOfPage\":{\"@id\":\"https:\/\/www.james.eu\/fr\/a-propos-de-nous\/cradle-2-cradle\/#primaryimage\"},\"image\":{\"@id\":\"https:\/\/www.james.eu\/fr\/a-propos-de-nous\/cradle-2-cradle\/#primaryimage\"},\"thumbnailUrl\":\"https:\/\/www.james.eu\/wp-content\/uploads\/2022\/09\/Verpakking-Starterset-1.jpg\",\"datePublished\":\"2020-08-20T11:09:19+00:00\",\"dateModified\":\"2022-10-04T20:05:44+00:00\",\"breadcrumb\":{\"@id\":\"https:\/\/www.james.eu\/fr\/a-propos-de-nous\/cradle-2-cradle\/#breadcrumb\"},\"inLanguage\":\"fr-FR\",\"potentialAction\":[{\"@type\":\"ReadAction\",\"target\":[\"https:\/\/www.james.eu\/fr\/a-propos-de-nous\/cradle-2-cradle\/\"]}]},{\"@type\":\"ImageObject\",\"inLanguage\":\"fr-FR\",\"@id\":\"https:\/\/www.james.eu\/fr\/a-propos-de-nous\/cradle-2-cradle\/#primaryimage\",\"url\":\"https:\/\/www.james.eu\/wp-content\/uploads\/2022\/09\/Verpakking-Starterset-1.jpg\",\"contentUrl\":\"https:\/\/www.james.eu\/wp-content\/uploads\/2022\/09\/Verpakking-Starterset-1.jpg\"},{\"@type\":\"BreadcrumbList\",\"@id\":\"https:\/\/www.james.eu\/fr\/a-propos-de-nous\/cradle-2-cradle\/#breadcrumb\",\"itemListElement\":[{\"@type\":\"ListItem\",\"position\":1,\"name\":\"Home\",\"item\":\"https:\/\/www.james.eu\/fr\/page-daccueil-fr\/\"},{\"@type\":\"ListItem\",\"position\":2,\"name\":\"A propos de nous\",\"item\":\"https:\/\/www.james.eu\/fr\/over-james\/\"},{\"@type\":\"ListItem\",\"position\":3,\"name\":\"Cradle 2 cradle\"}]},{\"@type\":\"WebSite\",\"@id\":\"https:\/\/www.james.eu\/fr\/#website\",\"url\":\"https:\/\/www.james.eu\/fr\/\",\"name\":\"James B.V.\",\"description\":\"The Finishing Touch\",\"publisher\":{\"@id\":\"https:\/\/www.james.eu\/fr\/#organization\"},\"potentialAction\":[{\"@type\":\"SearchAction\",\"target\":{\"@type\":\"EntryPoint\",\"urlTemplate\":\"https:\/\/www.james.eu\/fr\/?s={search_term_string}\"},\"query-input\":{\"@type\":\"PropertyValueSpecification\",\"valueRequired\":true,\"valueName\":\"search_term_string\"}}],\"inLanguage\":\"fr-FR\"},{\"@type\":\"Organization\",\"@id\":\"https:\/\/www.james.eu\/fr\/#organization\",\"name\":\"James B.V.\",\"url\":\"https:\/\/www.james.eu\/fr\/\",\"logo\":{\"@type\":\"ImageObject\",\"inLanguage\":\"fr-FR\",\"@id\":\"https:\/\/www.james.eu\/fr\/#\/schema\/logo\/image\/\",\"url\":\"https:\/\/www.james.eu\/wp-content\/uploads\/2022\/02\/Logo-James-2021-mail-2.png\",\"contentUrl\":\"https:\/\/www.james.eu\/wp-content\/uploads\/2022\/02\/Logo-James-2021-mail-2.png\",\"width\":404,\"height\":482,\"caption\":\"James B.V.\"},\"image\":{\"@id\":\"https:\/\/www.james.eu\/fr\/#\/schema\/logo\/image\/\"},\"sameAs\":[\"https:\/\/www.facebook.com\/James-BV-380608888706399\",\"https:\/\/www.instagram.com\/james.eu1927\/\"]}]}<\/script>\n<!-- \/ Yoast SEO Premium plugin. -->","yoast_head_json":{"title":"Cradle 2 cradle - James B.V.","robots":{"index":"index","follow":"follow","max-snippet":"max-snippet:-1","max-image-preview":"max-image-preview:large","max-video-preview":"max-video-preview:-1"},"canonical":"https:\/\/www.james.eu\/fr\/a-propos-de-nous\/cradle-2-cradle\/","og_locale":"fr_FR","og_type":"article","og_title":"Cradle 2 cradle","og_description":"Durabilit\u00e9 Cradle 2 Cradle James a pass\u00e9 un contrat avec EPEA (Environmental Protection and Encouragement Agency), l&rsquo;institution officielle pour collaborer avec cradle to cradle. La philosophie des fondateurs, William McDonough &amp; Michael Braungart, correspond avec la vision pour l&rsquo;avenir de James. Selon le principe cradle to cradle, concevoir et d\u00e9velopper des produits a lieu \u00e0 [&hellip;]","og_url":"https:\/\/www.james.eu\/fr\/a-propos-de-nous\/cradle-2-cradle\/","og_site_name":"James B.V.","article_publisher":"https:\/\/www.facebook.com\/James-BV-380608888706399","article_modified_time":"2022-10-04T20:05:44+00:00","og_image":[{"url":"https:\/\/www.james.eu\/wp-content\/uploads\/2022\/09\/Verpakking-Starterset-1.jpg","type":"","width":"","height":""}],"twitter_card":"summary_large_image","twitter_misc":{"Dur\u00e9e de lecture estim\u00e9e":"1 minute"},"schema":{"@context":"https:\/\/schema.org","@graph":[{"@type":"WebPage","@id":"https:\/\/www.james.eu\/fr\/a-propos-de-nous\/cradle-2-cradle\/","url":"https:\/\/www.james.eu\/fr\/a-propos-de-nous\/cradle-2-cradle\/","name":"Cradle 2 cradle - James B.V.","isPartOf":{"@id":"https:\/\/www.james.eu\/fr\/#website"},"primaryImageOfPage":{"@id":"https:\/\/www.james.eu\/fr\/a-propos-de-nous\/cradle-2-cradle\/#primaryimage"},"image":{"@id":"https:\/\/www.james.eu\/fr\/a-propos-de-nous\/cradle-2-cradle\/#primaryimage"},"thumbnailUrl":"https:\/\/www.james.eu\/wp-content\/uploads\/2022\/09\/Verpakking-Starterset-1.jpg","datePublished":"2020-08-20T11:09:19+00:00","dateModified":"2022-10-04T20:05:44+00:00","breadcrumb":{"@id":"https:\/\/www.james.eu\/fr\/a-propos-de-nous\/cradle-2-cradle\/#breadcrumb"},"inLanguage":"fr-FR","potentialAction":[{"@type":"ReadAction","target":["https:\/\/www.james.eu\/fr\/a-propos-de-nous\/cradle-2-cradle\/"]}]},{"@type":"ImageObject","inLanguage":"fr-FR","@id":"https:\/\/www.james.eu\/fr\/a-propos-de-nous\/cradle-2-cradle\/#primaryimage","url":"https:\/\/www.james.eu\/wp-content\/uploads\/2022\/09\/Verpakking-Starterset-1.jpg","contentUrl":"https:\/\/www.james.eu\/wp-content\/uploads\/2022\/09\/Verpakking-Starterset-1.jpg"},{"@type":"BreadcrumbList","@id":"https:\/\/www.james.eu\/fr\/a-propos-de-nous\/cradle-2-cradle\/#breadcrumb","itemListElement":[{"@type":"ListItem","position":1,"name":"Home","item":"https:\/\/www.james.eu\/fr\/page-daccueil-fr\/"},{"@type":"ListItem","position":2,"name":"A propos de nous","item":"https:\/\/www.james.eu\/fr\/over-james\/"},{"@type":"ListItem","position":3,"name":"Cradle 2 cradle"}]},{"@type":"WebSite","@id":"https:\/\/www.james.eu\/fr\/#website","url":"https:\/\/www.james.eu\/fr\/","name":"James B.V.","description":"The Finishing Touch","publisher":{"@id":"https:\/\/www.james.eu\/fr\/#organization"},"potentialAction":[{"@type":"SearchAction","target":{"@type":"EntryPoint","urlTemplate":"https:\/\/www.james.eu\/fr\/?s={search_term_string}"},"query-input":{"@type":"PropertyValueSpecification","valueRequired":true,"valueName":"search_term_string"}}],"inLanguage":"fr-FR"},{"@type":"Organization","@id":"https:\/\/www.james.eu\/fr\/#organization","name":"James B.V.","url":"https:\/\/www.james.eu\/fr\/","logo":{"@type":"ImageObject","inLanguage":"fr-FR","@id":"https:\/\/www.james.eu\/fr\/#\/schema\/logo\/image\/","url":"https:\/\/www.james.eu\/wp-content\/uploads\/2022\/02\/Logo-James-2021-mail-2.png","contentUrl":"https:\/\/www.james.eu\/wp-content\/uploads\/2022\/02\/Logo-James-2021-mail-2.png","width":404,"height":482,"caption":"James B.V."},"image":{"@id":"https:\/\/www.james.eu\/fr\/#\/schema\/logo\/image\/"},"sameAs":["https:\/\/www.facebook.com\/James-BV-380608888706399","https:\/\/www.instagram.com\/james.eu1927\/"]}]}},"jetpack_sharing_enabled":true,"_links":{"self":[{"href":"https:\/\/www.james.eu\/fr\/wp-json\/wp\/v2\/pages\/6391","targetHints":{"allow":["GET"]}}],"collection":[{"href":"https:\/\/www.james.eu\/fr\/wp-json\/wp\/v2\/pages"}],"about":[{"href":"https:\/\/www.james.eu\/fr\/wp-json\/wp\/v2\/types\/page"}],"author":[{"embeddable":true,"href":"https:\/\/www.james.eu\/fr\/wp-json\/wp\/v2\/users\/1"}],"replies":[{"embeddable":true,"href":"https:\/\/www.james.eu\/fr\/wp-json\/wp\/v2\/comments?post=6391"}],"version-history":[{"count":0,"href":"https:\/\/www.james.eu\/fr\/wp-json\/wp\/v2\/pages\/6391\/revisions"}],"up":[{"embeddable":true,"href":"https:\/\/www.james.eu\/fr\/wp-json\/wp\/v2\/pages\/5589"}],"wp:attachment":[{"href":"https:\/\/www.james.eu\/fr\/wp-json\/wp\/v2\/media?parent=6391"}],"curies":[{"name":"wp","href":"https:\/\/api.w.org\/{rel}","templated":true}]}}