{"id":84436,"date":"2021-06-28T11:38:22","date_gmt":"2024-12-06T13:00:26","guid":{"rendered":"https:\/\/www.james.eu\/producten\/sebo-x8-automatic-staubsauger\/"},"modified":"2024-12-06T14:00:26","modified_gmt":"2024-12-06T13:00:26","slug":"sebo-x8-automatic-staubsauger","status":"publish","type":"product","link":"https:\/\/www.james.eu\/de\/producten\/sebo-x8-automatic-staubsauger\/","title":{"rendered":"SEBO X8 Automatic Staubsauger"},"content":{"rendered":"<p>Dabei m\u00fcssen Sie sich um nichts k\u00fcmmern: Sie schalten Ihren Staubsauger<br \/>einfach nur an \u2013 alles andere stellt sich automatisch ein. Mit dem praktischen Handsaugrohr haben Sie eine erweiterte Reichweite von 2,60 m: So k\u00f6nnen Sie m\u00fchelos Kanten und Decken absaugen.<\/p>\n<p>Die neuen Modelle des SEBO AUTOMATIC X sind mit der j\u00fcngsten Generation unserer S-KlasseFiltration ausgestattet: Die leistungsstarke Allergiker-Filtration erreicht nun Bestwerte. Das Design wurde ebenfalls \u00fcberarbeitet: Mit ihrem modernen Look sind die Ger\u00e4te auch \u00e4sthetisch<br \/>eine Bereicherung f\u00fcr Ihr Zuhause.<\/p>\n<ul>\n<li>Nennleistung: 890 W<\/li>\n<li>Filtert\u00fctenvolumen: 5,3 l<\/li>\n<li>Aktionsradius: 12 m<\/li>\n<li>Arbeitsbreite: 37 cm<\/li>\n<\/ul>\n","protected":false},"excerpt":{"rendered":"<p><strong>SEBO B\u00fcrstsauger X8 Automatic &#8211; <\/strong>Das Multitalent<\/p>\n<p>Sie haben unterschiedliche B\u00f6den in Ihrem Zuhause und wollen einen Staubsauger, der sich jeder<br \/>Herausforderung stellt? Kein Problem! Speziell f\u00fcr die besonders gr\u00fcndliche und schonende Reinigung unterschiedlicher Bodenbel\u00e4ge hat SEBO AUTOMATIC X entwickelt. Den leistungsstarken Ger\u00e4ten entgeht auch beim Wechsel von Teppich- auf Hartb\u00f6den kein K\u00f6rnchen Staub oder Tierhaar.<\/p>\n","protected":false},"featured_media":33255,"comment_status":"open","ping_status":"closed","template":"","meta":{"ocean_post_layout":"","ocean_both_sidebars_style":"","ocean_both_sidebars_content_width":0,"ocean_both_sidebars_sidebars_width":0,"ocean_sidebar":"0","ocean_second_sidebar":"0","ocean_disable_margins":"enable","ocean_add_body_class":"","ocean_shortcode_before_top_bar":"","ocean_shortcode_after_top_bar":"","ocean_shortcode_before_header":"","ocean_shortcode_after_header":"","ocean_has_shortcode":"","ocean_shortcode_after_title":"","ocean_shortcode_before_footer_widgets":"","ocean_shortcode_after_footer_widgets":"","ocean_shortcode_before_footer_bottom":"","ocean_shortcode_after_footer_bottom":"","ocean_display_top_bar":"default","ocean_display_header":"default","ocean_header_style":"","ocean_center_header_left_menu":"0","ocean_custom_header_template":"0","ocean_custom_logo":0,"ocean_custom_retina_logo":0,"ocean_custom_logo_max_width":0,"ocean_custom_logo_tablet_max_width":0,"ocean_custom_logo_mobile_max_width":0,"ocean_custom_logo_max_height":0,"ocean_custom_logo_tablet_max_height":0,"ocean_custom_logo_mobile_max_height":0,"ocean_header_custom_menu":"0","ocean_menu_typo_font_family":"0","ocean_menu_typo_font_subset":"","ocean_menu_typo_font_size":0,"ocean_menu_typo_font_size_tablet":0,"ocean_menu_typo_font_size_mobile":0,"ocean_menu_typo_font_size_unit":"px","ocean_menu_typo_font_weight":"","ocean_menu_typo_font_weight_tablet":"","ocean_menu_typo_font_weight_mobile":"","ocean_menu_typo_transform":"","ocean_menu_typo_transform_tablet":"","ocean_menu_typo_transform_mobile":"","ocean_menu_typo_line_height":0,"ocean_menu_typo_line_height_tablet":0,"ocean_menu_typo_line_height_mobile":0,"ocean_menu_typo_line_height_unit":"","ocean_menu_typo_spacing":0,"ocean_menu_typo_spacing_tablet":0,"ocean_menu_typo_spacing_mobile":0,"ocean_menu_typo_spacing_unit":"","ocean_menu_link_color":"","ocean_menu_link_color_hover":"","ocean_menu_link_color_active":"","ocean_menu_link_background":"","ocean_menu_link_hover_background":"","ocean_menu_link_active_background":"","ocean_menu_social_links_bg":"","ocean_menu_social_hover_links_bg":"","ocean_menu_social_links_color":"","ocean_menu_social_hover_links_color":"","ocean_disable_title":"default","ocean_disable_heading":"default","ocean_post_title":"","ocean_post_subheading":"","ocean_post_title_style":"","ocean_post_title_background_color":"","ocean_post_title_background":0,"ocean_post_title_bg_image_position":"","ocean_post_title_bg_image_attachment":"","ocean_post_title_bg_image_repeat":"","ocean_post_title_bg_image_size":"","ocean_post_title_height":0,"ocean_post_title_bg_overlay":0.5,"ocean_post_title_bg_overlay_color":"","ocean_disable_breadcrumbs":"default","ocean_breadcrumbs_color":"","ocean_breadcrumbs_separator_color":"","ocean_breadcrumbs_links_color":"","ocean_breadcrumbs_links_hover_color":"","ocean_display_footer_widgets":"default","ocean_display_footer_bottom":"default","ocean_custom_footer_template":"0","osh_disable_topbar_sticky":"default","osh_disable_header_sticky":"default","osh_sticky_header_style":"default","osh_sticky_header_effect":"","osh_custom_sticky_logo":0,"osh_custom_retina_sticky_logo":0,"osh_custom_sticky_logo_height":0,"osh_background_color":"","osh_links_color":"","osh_links_hover_color":"","osh_links_active_color":"","osh_links_bg_color":"","osh_links_hover_bg_color":"","osh_links_active_bg_color":"","osh_menu_social_links_color":"","osh_menu_social_hover_links_color":"","deny_import_in_micro_website":""},"product_brand":[],"product_cat":[1655],"product_tag":[],"class_list":{"0":"post-84436","1":"product","2":"type-product","3":"status-publish","4":"has-post-thumbnail","6":"product_cat-staubsaugern","7":"product_shipping_class-stofzuigers","9":"entry","10":"has-media","12":"first","13":"onbackorder","14":"taxable","15":"shipping-taxable","16":"purchasable","17":"product-type-variable","18":"col","19":"span_1_of_3","20":"owp-content-center","21":"owp-thumbs-layout-horizontal","22":"owp-btn-very-big","23":"owp-tabs-layout-vertical","24":"has-no-thumbnails"},"acf":[],"yoast_head":"<!-- This site is optimized with the Yoast SEO Premium plugin v20.1 (Yoast SEO v25.3.1) - https:\/\/yoast.com\/wordpress\/plugins\/seo\/ -->\n<title>SEBO X8 Automatic Staubsauger - James B.V.<\/title>\n<meta name=\"robots\" content=\"index, follow, max-snippet:-1, max-image-preview:large, max-video-preview:-1\" \/>\n<link rel=\"canonical\" href=\"https:\/\/www.james.eu\/de\/producten\/sebo-x8-automatic-staubsauger\/\" \/>\n<meta property=\"og:locale\" content=\"de_DE\" \/>\n<meta property=\"og:type\" content=\"article\" \/>\n<meta property=\"og:title\" content=\"SEBO X8 Automatic Staubsauger\" \/>\n<meta property=\"og:description\" content=\"SEBO B\u00fcrstsauger X8 Automatic - Das Multitalent Sie haben unterschiedliche B\u00f6den in Ihrem Zuhause und wollen einen Staubsauger, der sich jederHerausforderung stellt? Kein Problem! Speziell f\u00fcr die besonders gr\u00fcndliche und schonende Reinigung unterschiedlicher Bodenbel\u00e4ge hat SEBO AUTOMATIC X entwickelt. Den leistungsstarken Ger\u00e4ten entgeht auch beim Wechsel von Teppich- auf Hartb\u00f6den kein K\u00f6rnchen Staub oder Tierhaar.\" \/>\n<meta property=\"og:url\" content=\"https:\/\/www.james.eu\/de\/producten\/sebo-x8-automatic-staubsauger\/\" \/>\n<meta property=\"og:site_name\" content=\"James B.V.\" \/>\n<meta property=\"article:publisher\" content=\"https:\/\/www.facebook.com\/James-BV-380608888706399\" \/>\n<meta property=\"og:image\" content=\"https:\/\/www.james.eu\/wp-content\/uploads\/2021\/06\/Sebo-Automatic-X8.jpg\" \/>\n\t<meta property=\"og:image:width\" content=\"800\" \/>\n\t<meta property=\"og:image:height\" content=\"1000\" \/>\n\t<meta property=\"og:image:type\" content=\"image\/jpeg\" \/>\n<meta name=\"twitter:card\" content=\"summary_large_image\" \/>\n<meta name=\"twitter:label1\" content=\"Availability\" \/>\n\t<meta name=\"twitter:data1\" content=\"On backorder\" \/>\n<script type=\"application\/ld+json\" class=\"yoast-schema-graph\">{\"@context\":\"https:\/\/schema.org\",\"@graph\":[{\"@type\":\"WebPage\",\"@id\":\"https:\/\/www.james.eu\/de\/producten\/sebo-x8-automatic-staubsauger\/\",\"url\":\"https:\/\/www.james.eu\/de\/producten\/sebo-x8-automatic-staubsauger\/\",\"name\":\"SEBO X8 Automatic Staubsauger - James B.V.\",\"isPartOf\":{\"@id\":\"https:\/\/www.james.eu\/de\/#website\"},\"primaryImageOfPage\":{\"@id\":\"https:\/\/www.james.eu\/de\/producten\/sebo-x8-automatic-staubsauger\/#primaryimage\"},\"image\":{\"@id\":\"https:\/\/www.james.eu\/de\/producten\/sebo-x8-automatic-staubsauger\/#primaryimage\"},\"thumbnailUrl\":\"https:\/\/www.james.eu\/wp-content\/uploads\/2021\/06\/Sebo-Automatic-X8.jpg\",\"datePublished\":\"2024-12-06T13:00:26+00:00\",\"breadcrumb\":{\"@id\":\"https:\/\/www.james.eu\/de\/producten\/sebo-x8-automatic-staubsauger\/#breadcrumb\"},\"inLanguage\":\"de\",\"potentialAction\":[{\"@type\":\"ReadAction\",\"target\":[\"https:\/\/www.james.eu\/de\/producten\/sebo-x8-automatic-staubsauger\/\"]}]},{\"@type\":\"ImageObject\",\"inLanguage\":\"de\",\"@id\":\"https:\/\/www.james.eu\/de\/producten\/sebo-x8-automatic-staubsauger\/#primaryimage\",\"url\":\"https:\/\/www.james.eu\/wp-content\/uploads\/2021\/06\/Sebo-Automatic-X8.jpg\",\"contentUrl\":\"https:\/\/www.james.eu\/wp-content\/uploads\/2021\/06\/Sebo-Automatic-X8.jpg\",\"width\":800,\"height\":1000,\"caption\":\"Sebo-Automatic-X8\"},{\"@type\":\"BreadcrumbList\",\"@id\":\"https:\/\/www.james.eu\/de\/producten\/sebo-x8-automatic-staubsauger\/#breadcrumb\",\"itemListElement\":[{\"@type\":\"ListItem\",\"position\":1,\"name\":\"Home\",\"item\":\"https:\/\/www.james.eu\/de\/homepage-de\/\"},{\"@type\":\"ListItem\",\"position\":2,\"name\":\"Produkte\",\"item\":\"https:\/\/www.james.eu\/de\/produkte\/\"},{\"@type\":\"ListItem\",\"position\":3,\"name\":\"SEBO X8 Automatic Staubsauger\"}]},{\"@type\":\"WebSite\",\"@id\":\"https:\/\/www.james.eu\/de\/#website\",\"url\":\"https:\/\/www.james.eu\/de\/\",\"name\":\"James B.V.\",\"description\":\"The Finishing Touch\",\"publisher\":{\"@id\":\"https:\/\/www.james.eu\/de\/#organization\"},\"potentialAction\":[{\"@type\":\"SearchAction\",\"target\":{\"@type\":\"EntryPoint\",\"urlTemplate\":\"https:\/\/www.james.eu\/de\/?s={search_term_string}\"},\"query-input\":{\"@type\":\"PropertyValueSpecification\",\"valueRequired\":true,\"valueName\":\"search_term_string\"}}],\"inLanguage\":\"de\"},{\"@type\":\"Organization\",\"@id\":\"https:\/\/www.james.eu\/de\/#organization\",\"name\":\"James B.V.\",\"url\":\"https:\/\/www.james.eu\/de\/\",\"logo\":{\"@type\":\"ImageObject\",\"inLanguage\":\"de\",\"@id\":\"https:\/\/www.james.eu\/de\/#\/schema\/logo\/image\/\",\"url\":\"https:\/\/www.james.eu\/wp-content\/uploads\/2022\/02\/Logo-James-2021-mail-2.png\",\"contentUrl\":\"https:\/\/www.james.eu\/wp-content\/uploads\/2022\/02\/Logo-James-2021-mail-2.png\",\"width\":404,\"height\":482,\"caption\":\"James B.V.\"},\"image\":{\"@id\":\"https:\/\/www.james.eu\/de\/#\/schema\/logo\/image\/\"},\"sameAs\":[\"https:\/\/www.facebook.com\/James-BV-380608888706399\",\"https:\/\/www.instagram.com\/james.eu1927\/\"]}]}<\/script>\n<meta property=\"product:brand\" content=\"Sebo\" \/>\n<meta property=\"og:availability\" content=\"backorder\" \/>\n<meta property=\"product:availability\" content=\"available for order\" \/>\n<meta property=\"product:retailer_item_id\" content=\"8073\" \/>\n<meta property=\"product:condition\" content=\"new\" \/>\n<!-- \/ Yoast SEO Premium plugin. -->","yoast_head_json":{"title":"SEBO X8 Automatic Staubsauger - James B.V.","robots":{"index":"index","follow":"follow","max-snippet":"max-snippet:-1","max-image-preview":"max-image-preview:large","max-video-preview":"max-video-preview:-1"},"canonical":"https:\/\/www.james.eu\/de\/producten\/sebo-x8-automatic-staubsauger\/","og_locale":"de_DE","og_type":"article","og_title":"SEBO X8 Automatic Staubsauger","og_description":"SEBO B\u00fcrstsauger X8 Automatic - Das Multitalent Sie haben unterschiedliche B\u00f6den in Ihrem Zuhause und wollen einen Staubsauger, der sich jederHerausforderung stellt? Kein Problem! Speziell f\u00fcr die besonders gr\u00fcndliche und schonende Reinigung unterschiedlicher Bodenbel\u00e4ge hat SEBO AUTOMATIC X entwickelt. Den leistungsstarken Ger\u00e4ten entgeht auch beim Wechsel von Teppich- auf Hartb\u00f6den kein K\u00f6rnchen Staub oder Tierhaar.","og_url":"https:\/\/www.james.eu\/de\/producten\/sebo-x8-automatic-staubsauger\/","og_site_name":"James B.V.","article_publisher":"https:\/\/www.facebook.com\/James-BV-380608888706399","og_image":[{"width":800,"height":1000,"url":"https:\/\/www.james.eu\/wp-content\/uploads\/2021\/06\/Sebo-Automatic-X8.jpg","type":"image\/jpeg"}],"twitter_card":"summary_large_image","twitter_misc":{"Availability":"On backorder"},"schema":{"@context":"https:\/\/schema.org","@graph":[{"@type":"WebPage","@id":"https:\/\/www.james.eu\/de\/producten\/sebo-x8-automatic-staubsauger\/","url":"https:\/\/www.james.eu\/de\/producten\/sebo-x8-automatic-staubsauger\/","name":"SEBO X8 Automatic Staubsauger - James B.V.","isPartOf":{"@id":"https:\/\/www.james.eu\/de\/#website"},"primaryImageOfPage":{"@id":"https:\/\/www.james.eu\/de\/producten\/sebo-x8-automatic-staubsauger\/#primaryimage"},"image":{"@id":"https:\/\/www.james.eu\/de\/producten\/sebo-x8-automatic-staubsauger\/#primaryimage"},"thumbnailUrl":"https:\/\/www.james.eu\/wp-content\/uploads\/2021\/06\/Sebo-Automatic-X8.jpg","datePublished":"2024-12-06T13:00:26+00:00","breadcrumb":{"@id":"https:\/\/www.james.eu\/de\/producten\/sebo-x8-automatic-staubsauger\/#breadcrumb"},"inLanguage":"de","potentialAction":[{"@type":"ReadAction","target":["https:\/\/www.james.eu\/de\/producten\/sebo-x8-automatic-staubsauger\/"]}]},{"@type":"ImageObject","inLanguage":"de","@id":"https:\/\/www.james.eu\/de\/producten\/sebo-x8-automatic-staubsauger\/#primaryimage","url":"https:\/\/www.james.eu\/wp-content\/uploads\/2021\/06\/Sebo-Automatic-X8.jpg","contentUrl":"https:\/\/www.james.eu\/wp-content\/uploads\/2021\/06\/Sebo-Automatic-X8.jpg","width":800,"height":1000,"caption":"Sebo-Automatic-X8"},{"@type":"BreadcrumbList","@id":"https:\/\/www.james.eu\/de\/producten\/sebo-x8-automatic-staubsauger\/#breadcrumb","itemListElement":[{"@type":"ListItem","position":1,"name":"Home","item":"https:\/\/www.james.eu\/de\/homepage-de\/"},{"@type":"ListItem","position":2,"name":"Produkte","item":"https:\/\/www.james.eu\/de\/produkte\/"},{"@type":"ListItem","position":3,"name":"SEBO X8 Automatic Staubsauger"}]},{"@type":"WebSite","@id":"https:\/\/www.james.eu\/de\/#website","url":"https:\/\/www.james.eu\/de\/","name":"James B.V.","description":"The Finishing Touch","publisher":{"@id":"https:\/\/www.james.eu\/de\/#organization"},"potentialAction":[{"@type":"SearchAction","target":{"@type":"EntryPoint","urlTemplate":"https:\/\/www.james.eu\/de\/?s={search_term_string}"},"query-input":{"@type":"PropertyValueSpecification","valueRequired":true,"valueName":"search_term_string"}}],"inLanguage":"de"},{"@type":"Organization","@id":"https:\/\/www.james.eu\/de\/#organization","name":"James B.V.","url":"https:\/\/www.james.eu\/de\/","logo":{"@type":"ImageObject","inLanguage":"de","@id":"https:\/\/www.james.eu\/de\/#\/schema\/logo\/image\/","url":"https:\/\/www.james.eu\/wp-content\/uploads\/2022\/02\/Logo-James-2021-mail-2.png","contentUrl":"https:\/\/www.james.eu\/wp-content\/uploads\/2022\/02\/Logo-James-2021-mail-2.png","width":404,"height":482,"caption":"James B.V."},"image":{"@id":"https:\/\/www.james.eu\/de\/#\/schema\/logo\/image\/"},"sameAs":["https:\/\/www.facebook.com\/James-BV-380608888706399","https:\/\/www.instagram.com\/james.eu1927\/"]}]},"product_brand":"Sebo","og_availability":"backorder","product_availability":"available for order","product_retailer_item_id":"8073","product_condition":"new"},"jetpack_sharing_enabled":true,"_links":{"self":[{"href":"https:\/\/www.james.eu\/de\/wp-json\/wp\/v2\/product\/84436","targetHints":{"allow":["GET"]}}],"collection":[{"href":"https:\/\/www.james.eu\/de\/wp-json\/wp\/v2\/product"}],"about":[{"href":"https:\/\/www.james.eu\/de\/wp-json\/wp\/v2\/types\/product"}],"replies":[{"embeddable":true,"href":"https:\/\/www.james.eu\/de\/wp-json\/wp\/v2\/comments?post=84436"}],"wp:featuredmedia":[{"embeddable":true,"href":"https:\/\/www.james.eu\/de\/wp-json\/wp\/v2\/media\/33255"}],"wp:attachment":[{"href":"https:\/\/www.james.eu\/de\/wp-json\/wp\/v2\/media?parent=84436"}],"wp:term":[{"taxonomy":"product_brand","embeddable":true,"href":"https:\/\/www.james.eu\/de\/wp-json\/wp\/v2\/product_brand?post=84436"},{"taxonomy":"product_cat","embeddable":true,"href":"https:\/\/www.james.eu\/de\/wp-json\/wp\/v2\/product_cat?post=84436"},{"taxonomy":"product_tag","embeddable":true,"href":"https:\/\/www.james.eu\/de\/wp-json\/wp\/v2\/product_tag?post=84436"}],"curies":[{"name":"wp","href":"https:\/\/api.w.org\/{rel}","templated":true}]}}