{"id":7079,"date":"2020-08-06T10:21:00","date_gmt":"2020-10-06T09:08:01","guid":{"rendered":"https:\/\/www.james.eu\/product\/james-stainspray\/"},"modified":"2023-09-29T14:52:03","modified_gmt":"2023-09-29T13:52:03","slug":"james-stainspray","status":"publish","type":"product","link":"https:\/\/www.james.eu\/de\/produkte\/james-stainspray\/","title":{"rendered":"James Stainspray"},"content":{"rendered":"<p>Dieser Fleckentferner bietet folgende Eigenschaften:<\/p>\n<ul>\n<li style=\"list-style-type: none;\">\n<ul>\n<li>Entfernt leicht Flecken wie von Schuhcreme, Fett, \u00d6l, Farbe, Leimresten, Kaugummi und Teer<\/li>\n<li>James Stainspray ist ein L\u00f6sungsmittel<\/li>\n<li>Trocknet schnell<\/li>\n<li>Verursacht keine erneute Verschmutzung<\/li>\n<\/ul>\n<\/li>\n<\/ul>\n<p>James Stainspray sollte mittels eines wei\u00dfen <a href=\"https:\/\/www.james.eu\/de\/produkte\/frotteehandtuch\/\">Frotteehandtuch<\/a> angewendet werden.<\/p>\n<p>Gibt es noch andere Flecken?<br \/>\n<em>Flecken wie Kaffee, Tee, Rotwein, Obst und Blutflecken k\u00f6nnen mit <a href=\"https:\/\/www.james.eu\/de\/produkte\/james-stainwonder\/\">James Stainwonder<\/a> entfernt werden.<\/em><\/p>\n<p><em>Zum Auffrischen und Pflegen von Teppich- und M\u00f6belstoffen k\u00f6nnen Sie <a href=\"https:\/\/www.james.eu\/de\/produkte\/james-interior-cleaner\/\">James Interior Cleaner<\/a><\/em> <em>verwenden.<\/em><\/p>\n","protected":false},"excerpt":{"rendered":"<p><strong>Entfernung von \u00f6ligen und fettigen Flecken aus Teppichen und M\u00f6belstoffen<\/strong><\/p>\n<p>James Stainspray entfernt u. a. Klebstoff, Kaugummi, Teer, Schuhcreme und Farbe aus Teppichen und M\u00f6belstoffen. Es eignet sich f\u00fcr alle nat\u00fcrlichen (wie Wolle) als auch synthetischen Materialien. Auch sehr praktisch, wenn Sie \u00d6l in Ihrem Vorhang haben.<\/p>\n","protected":false},"featured_media":88296,"comment_status":"open","ping_status":"closed","template":"","meta":{"ocean_post_layout":"","ocean_both_sidebars_style":"","ocean_both_sidebars_content_width":0,"ocean_both_sidebars_sidebars_width":0,"ocean_sidebar":"0","ocean_second_sidebar":"0","ocean_disable_margins":"enable","ocean_add_body_class":"","ocean_shortcode_before_top_bar":"","ocean_shortcode_after_top_bar":"","ocean_shortcode_before_header":"","ocean_shortcode_after_header":"","ocean_has_shortcode":"","ocean_shortcode_after_title":"","ocean_shortcode_before_footer_widgets":"","ocean_shortcode_after_footer_widgets":"","ocean_shortcode_before_footer_bottom":"","ocean_shortcode_after_footer_bottom":"","ocean_display_top_bar":"default","ocean_display_header":"default","ocean_header_style":"","ocean_center_header_left_menu":"0","ocean_custom_header_template":"0","ocean_custom_logo":0,"ocean_custom_retina_logo":0,"ocean_custom_logo_max_width":0,"ocean_custom_logo_tablet_max_width":0,"ocean_custom_logo_mobile_max_width":0,"ocean_custom_logo_max_height":0,"ocean_custom_logo_tablet_max_height":0,"ocean_custom_logo_mobile_max_height":0,"ocean_header_custom_menu":"0","ocean_menu_typo_font_family":"0","ocean_menu_typo_font_subset":"","ocean_menu_typo_font_size":0,"ocean_menu_typo_font_size_tablet":0,"ocean_menu_typo_font_size_mobile":0,"ocean_menu_typo_font_size_unit":"px","ocean_menu_typo_font_weight":"","ocean_menu_typo_font_weight_tablet":"","ocean_menu_typo_font_weight_mobile":"","ocean_menu_typo_transform":"","ocean_menu_typo_transform_tablet":"","ocean_menu_typo_transform_mobile":"","ocean_menu_typo_line_height":0,"ocean_menu_typo_line_height_tablet":0,"ocean_menu_typo_line_height_mobile":0,"ocean_menu_typo_line_height_unit":"","ocean_menu_typo_spacing":0,"ocean_menu_typo_spacing_tablet":0,"ocean_menu_typo_spacing_mobile":0,"ocean_menu_typo_spacing_unit":"","ocean_menu_link_color":"","ocean_menu_link_color_hover":"","ocean_menu_link_color_active":"","ocean_menu_link_background":"","ocean_menu_link_hover_background":"","ocean_menu_link_active_background":"","ocean_menu_social_links_bg":"","ocean_menu_social_hover_links_bg":"","ocean_menu_social_links_color":"","ocean_menu_social_hover_links_color":"","ocean_disable_title":"default","ocean_disable_heading":"default","ocean_post_title":"","ocean_post_subheading":"","ocean_post_title_style":"","ocean_post_title_background_color":"","ocean_post_title_background":0,"ocean_post_title_bg_image_position":"","ocean_post_title_bg_image_attachment":"","ocean_post_title_bg_image_repeat":"","ocean_post_title_bg_image_size":"","ocean_post_title_height":0,"ocean_post_title_bg_overlay":0.5,"ocean_post_title_bg_overlay_color":"","ocean_disable_breadcrumbs":"default","ocean_breadcrumbs_color":"","ocean_breadcrumbs_separator_color":"","ocean_breadcrumbs_links_color":"","ocean_breadcrumbs_links_hover_color":"","ocean_display_footer_widgets":"default","ocean_display_footer_bottom":"default","ocean_custom_footer_template":"0","osh_disable_topbar_sticky":"default","osh_disable_header_sticky":"default","osh_sticky_header_style":"default","osh_sticky_header_effect":"","osh_custom_sticky_logo":0,"osh_custom_retina_sticky_logo":0,"osh_custom_sticky_logo_height":0,"osh_background_color":"","osh_links_color":"","osh_links_hover_color":"","osh_links_active_color":"","osh_links_bg_color":"","osh_links_hover_bg_color":"","osh_links_active_bg_color":"","osh_menu_social_links_color":"","osh_menu_social_hover_links_color":"","deny_import_in_micro_website":""},"product_brand":[],"product_cat":[1645,1657],"product_tag":[],"class_list":{"0":"post-7079","1":"product","2":"type-product","3":"status-publish","4":"has-post-thumbnail","6":"product_cat-moebelstoff","7":"product_cat-teppich-vorleger","9":"entry","10":"has-media","12":"first","13":"instock","14":"taxable","15":"shipping-taxable","16":"purchasable","17":"product-type-simple","18":"has-rating","19":"col","20":"span_1_of_3","21":"owp-content-center","22":"owp-thumbs-layout-horizontal","23":"owp-btn-very-big","24":"owp-tabs-layout-vertical","25":"has-no-thumbnails"},"acf":[],"yoast_head":"<!-- This site is optimized with the Yoast SEO Premium plugin v20.1 (Yoast SEO v25.3.1) - https:\/\/yoast.com\/wordpress\/plugins\/seo\/ -->\n<title>James Stainspray - James B.V.<\/title>\n<meta name=\"robots\" content=\"index, follow, max-snippet:-1, max-image-preview:large, max-video-preview:-1\" \/>\n<link rel=\"canonical\" href=\"https:\/\/www.james.eu\/de\/produkte\/james-stainspray\/\" \/>\n<meta property=\"og:locale\" content=\"de_DE\" \/>\n<meta property=\"og:type\" content=\"article\" \/>\n<meta property=\"og:title\" content=\"James Stainspray\" \/>\n<meta property=\"og:description\" content=\"Entfernung von \u00f6ligen und fettigen Flecken aus Teppichen und M\u00f6belstoffen  James Stainspray entfernt u. a. Klebstoff, Kaugummi, Teer, Schuhcreme und Farbe aus Teppichen und M\u00f6belstoffen. Es eignet sich f\u00fcr alle nat\u00fcrlichen (wie Wolle) als auch synthetischen Materialien. Auch sehr praktisch, wenn Sie \u00d6l in Ihrem Vorhang haben.\" \/>\n<meta property=\"og:url\" content=\"https:\/\/www.james.eu\/de\/produkte\/james-stainspray\/\" \/>\n<meta property=\"og:site_name\" content=\"James B.V.\" \/>\n<meta property=\"article:publisher\" content=\"https:\/\/www.facebook.com\/James-BV-380608888706399\" \/>\n<meta property=\"article:modified_time\" content=\"2023-09-29T13:52:03+00:00\" \/>\n<meta property=\"og:image\" content=\"https:\/\/www.james.eu\/wp-content\/uploads\/2020\/08\/James-Vlekkenspray-200ml-1.jpg\" \/>\n\t<meta property=\"og:image:width\" content=\"800\" \/>\n\t<meta property=\"og:image:height\" content=\"1000\" \/>\n\t<meta property=\"og:image:type\" content=\"image\/jpeg\" \/>\n<meta name=\"twitter:card\" content=\"summary_large_image\" \/>\n<meta name=\"twitter:label1\" content=\"Preis\" \/>\n\t<meta name=\"twitter:data1\" content=\"&euro;&nbsp;16,95\" \/>\n\t<meta name=\"twitter:label2\" content=\"Availability\" \/>\n\t<meta name=\"twitter:data2\" content=\"In stock\" \/>\n<script type=\"application\/ld+json\" class=\"yoast-schema-graph\">{\"@context\":\"https:\/\/schema.org\",\"@graph\":[{\"@type\":\"WebPage\",\"@id\":\"https:\/\/www.james.eu\/de\/produkte\/james-stainspray\/\",\"url\":\"https:\/\/www.james.eu\/de\/produkte\/james-stainspray\/\",\"name\":\"James Stainspray - James B.V.\",\"isPartOf\":{\"@id\":\"https:\/\/www.james.eu\/de\/#website\"},\"primaryImageOfPage\":{\"@id\":\"https:\/\/www.james.eu\/de\/produkte\/james-stainspray\/#primaryimage\"},\"image\":{\"@id\":\"https:\/\/www.james.eu\/de\/produkte\/james-stainspray\/#primaryimage\"},\"thumbnailUrl\":\"https:\/\/www.james.eu\/wp-content\/uploads\/2020\/08\/James-Vlekkenspray-200ml-2.jpg\",\"datePublished\":\"2020-10-06T09:08:01+00:00\",\"dateModified\":\"2023-09-29T13:52:03+00:00\",\"breadcrumb\":{\"@id\":\"https:\/\/www.james.eu\/de\/produkte\/james-stainspray\/#breadcrumb\"},\"inLanguage\":\"de\",\"potentialAction\":[{\"@type\":\"ReadAction\",\"target\":[\"https:\/\/www.james.eu\/de\/produkte\/james-stainspray\/\"]}]},{\"@type\":\"ImageObject\",\"inLanguage\":\"de\",\"@id\":\"https:\/\/www.james.eu\/de\/produkte\/james-stainspray\/#primaryimage\",\"url\":\"https:\/\/www.james.eu\/wp-content\/uploads\/2020\/08\/James-Vlekkenspray-200ml-2.jpg\",\"contentUrl\":\"https:\/\/www.james.eu\/wp-content\/uploads\/2020\/08\/James-Vlekkenspray-200ml-2.jpg\",\"width\":800,\"height\":1000,\"caption\":\"James Vlekkenspray\"},{\"@type\":\"BreadcrumbList\",\"@id\":\"https:\/\/www.james.eu\/de\/produkte\/james-stainspray\/#breadcrumb\",\"itemListElement\":[{\"@type\":\"ListItem\",\"position\":1,\"name\":\"Home\",\"item\":\"https:\/\/www.james.eu\/de\/homepage-de\/\"},{\"@type\":\"ListItem\",\"position\":2,\"name\":\"Produkte\",\"item\":\"https:\/\/www.james.eu\/de\/produkte\/\"},{\"@type\":\"ListItem\",\"position\":3,\"name\":\"James Stainspray\"}]},{\"@type\":\"WebSite\",\"@id\":\"https:\/\/www.james.eu\/de\/#website\",\"url\":\"https:\/\/www.james.eu\/de\/\",\"name\":\"James B.V.\",\"description\":\"The Finishing Touch\",\"publisher\":{\"@id\":\"https:\/\/www.james.eu\/de\/#organization\"},\"potentialAction\":[{\"@type\":\"SearchAction\",\"target\":{\"@type\":\"EntryPoint\",\"urlTemplate\":\"https:\/\/www.james.eu\/de\/?s={search_term_string}\"},\"query-input\":{\"@type\":\"PropertyValueSpecification\",\"valueRequired\":true,\"valueName\":\"search_term_string\"}}],\"inLanguage\":\"de\"},{\"@type\":\"Organization\",\"@id\":\"https:\/\/www.james.eu\/de\/#organization\",\"name\":\"James B.V.\",\"url\":\"https:\/\/www.james.eu\/de\/\",\"logo\":{\"@type\":\"ImageObject\",\"inLanguage\":\"de\",\"@id\":\"https:\/\/www.james.eu\/de\/#\/schema\/logo\/image\/\",\"url\":\"https:\/\/www.james.eu\/wp-content\/uploads\/2022\/02\/Logo-James-2021-mail-2.png\",\"contentUrl\":\"https:\/\/www.james.eu\/wp-content\/uploads\/2022\/02\/Logo-James-2021-mail-2.png\",\"width\":404,\"height\":482,\"caption\":\"James B.V.\"},\"image\":{\"@id\":\"https:\/\/www.james.eu\/de\/#\/schema\/logo\/image\/\"},\"sameAs\":[\"https:\/\/www.facebook.com\/James-BV-380608888706399\",\"https:\/\/www.instagram.com\/james.eu1927\/\"]}]}<\/script>\n<meta property=\"product:brand\" content=\"James\" \/>\n<meta property=\"product:price:amount\" content=\"16.95\" \/>\n<meta property=\"product:price:currency\" content=\"EUR\" \/>\n<meta property=\"og:availability\" content=\"instock\" \/>\n<meta property=\"product:availability\" content=\"instock\" \/>\n<meta property=\"product:retailer_item_id\" content=\"1759\" \/>\n<meta property=\"product:condition\" content=\"new\" \/>\n<!-- \/ Yoast SEO Premium plugin. -->","yoast_head_json":{"title":"James Stainspray - James B.V.","robots":{"index":"index","follow":"follow","max-snippet":"max-snippet:-1","max-image-preview":"max-image-preview:large","max-video-preview":"max-video-preview:-1"},"canonical":"https:\/\/www.james.eu\/de\/produkte\/james-stainspray\/","og_locale":"de_DE","og_type":"article","og_title":"James Stainspray","og_description":"Entfernung von \u00f6ligen und fettigen Flecken aus Teppichen und M\u00f6belstoffen  James Stainspray entfernt u. a. Klebstoff, Kaugummi, Teer, Schuhcreme und Farbe aus Teppichen und M\u00f6belstoffen. Es eignet sich f\u00fcr alle nat\u00fcrlichen (wie Wolle) als auch synthetischen Materialien. Auch sehr praktisch, wenn Sie \u00d6l in Ihrem Vorhang haben.","og_url":"https:\/\/www.james.eu\/de\/produkte\/james-stainspray\/","og_site_name":"James B.V.","article_publisher":"https:\/\/www.facebook.com\/James-BV-380608888706399","article_modified_time":"2023-09-29T13:52:03+00:00","og_image":[{"width":800,"height":1000,"url":"https:\/\/www.james.eu\/wp-content\/uploads\/2020\/08\/James-Vlekkenspray-200ml-1.jpg","type":"image\/jpeg"}],"twitter_card":"summary_large_image","twitter_misc":{"Preis":"&euro;&nbsp;16,95","Availability":"In stock"},"schema":{"@context":"https:\/\/schema.org","@graph":[{"@type":"WebPage","@id":"https:\/\/www.james.eu\/de\/produkte\/james-stainspray\/","url":"https:\/\/www.james.eu\/de\/produkte\/james-stainspray\/","name":"James Stainspray - James B.V.","isPartOf":{"@id":"https:\/\/www.james.eu\/de\/#website"},"primaryImageOfPage":{"@id":"https:\/\/www.james.eu\/de\/produkte\/james-stainspray\/#primaryimage"},"image":{"@id":"https:\/\/www.james.eu\/de\/produkte\/james-stainspray\/#primaryimage"},"thumbnailUrl":"https:\/\/www.james.eu\/wp-content\/uploads\/2020\/08\/James-Vlekkenspray-200ml-2.jpg","datePublished":"2020-10-06T09:08:01+00:00","dateModified":"2023-09-29T13:52:03+00:00","breadcrumb":{"@id":"https:\/\/www.james.eu\/de\/produkte\/james-stainspray\/#breadcrumb"},"inLanguage":"de","potentialAction":[{"@type":"ReadAction","target":["https:\/\/www.james.eu\/de\/produkte\/james-stainspray\/"]}]},{"@type":"ImageObject","inLanguage":"de","@id":"https:\/\/www.james.eu\/de\/produkte\/james-stainspray\/#primaryimage","url":"https:\/\/www.james.eu\/wp-content\/uploads\/2020\/08\/James-Vlekkenspray-200ml-2.jpg","contentUrl":"https:\/\/www.james.eu\/wp-content\/uploads\/2020\/08\/James-Vlekkenspray-200ml-2.jpg","width":800,"height":1000,"caption":"James Vlekkenspray"},{"@type":"BreadcrumbList","@id":"https:\/\/www.james.eu\/de\/produkte\/james-stainspray\/#breadcrumb","itemListElement":[{"@type":"ListItem","position":1,"name":"Home","item":"https:\/\/www.james.eu\/de\/homepage-de\/"},{"@type":"ListItem","position":2,"name":"Produkte","item":"https:\/\/www.james.eu\/de\/produkte\/"},{"@type":"ListItem","position":3,"name":"James Stainspray"}]},{"@type":"WebSite","@id":"https:\/\/www.james.eu\/de\/#website","url":"https:\/\/www.james.eu\/de\/","name":"James B.V.","description":"The Finishing Touch","publisher":{"@id":"https:\/\/www.james.eu\/de\/#organization"},"potentialAction":[{"@type":"SearchAction","target":{"@type":"EntryPoint","urlTemplate":"https:\/\/www.james.eu\/de\/?s={search_term_string}"},"query-input":{"@type":"PropertyValueSpecification","valueRequired":true,"valueName":"search_term_string"}}],"inLanguage":"de"},{"@type":"Organization","@id":"https:\/\/www.james.eu\/de\/#organization","name":"James B.V.","url":"https:\/\/www.james.eu\/de\/","logo":{"@type":"ImageObject","inLanguage":"de","@id":"https:\/\/www.james.eu\/de\/#\/schema\/logo\/image\/","url":"https:\/\/www.james.eu\/wp-content\/uploads\/2022\/02\/Logo-James-2021-mail-2.png","contentUrl":"https:\/\/www.james.eu\/wp-content\/uploads\/2022\/02\/Logo-James-2021-mail-2.png","width":404,"height":482,"caption":"James B.V."},"image":{"@id":"https:\/\/www.james.eu\/de\/#\/schema\/logo\/image\/"},"sameAs":["https:\/\/www.facebook.com\/James-BV-380608888706399","https:\/\/www.instagram.com\/james.eu1927\/"]}]},"product_brand":"James","product_price_amount":"16.95","product_price_currency":"EUR","og_availability":"instock","product_availability":"instock","product_retailer_item_id":"1759","product_condition":"new"},"jetpack_sharing_enabled":true,"_links":{"self":[{"href":"https:\/\/www.james.eu\/de\/wp-json\/wp\/v2\/product\/7079","targetHints":{"allow":["GET"]}}],"collection":[{"href":"https:\/\/www.james.eu\/de\/wp-json\/wp\/v2\/product"}],"about":[{"href":"https:\/\/www.james.eu\/de\/wp-json\/wp\/v2\/types\/product"}],"replies":[{"embeddable":true,"href":"https:\/\/www.james.eu\/de\/wp-json\/wp\/v2\/comments?post=7079"}],"wp:featuredmedia":[{"embeddable":true,"href":"https:\/\/www.james.eu\/de\/wp-json\/wp\/v2\/media\/88296"}],"wp:attachment":[{"href":"https:\/\/www.james.eu\/de\/wp-json\/wp\/v2\/media?parent=7079"}],"wp:term":[{"taxonomy":"product_brand","embeddable":true,"href":"https:\/\/www.james.eu\/de\/wp-json\/wp\/v2\/product_brand?post=7079"},{"taxonomy":"product_cat","embeddable":true,"href":"https:\/\/www.james.eu\/de\/wp-json\/wp\/v2\/product_cat?post=7079"},{"taxonomy":"product_tag","embeddable":true,"href":"https:\/\/www.james.eu\/de\/wp-json\/wp\/v2\/product_tag?post=7079"}],"curies":[{"name":"wp","href":"https:\/\/api.w.org\/{rel}","templated":true}]}}