{"id":7041,"date":"2020-08-06T12:52:01","date_gmt":"2020-09-29T11:08:40","guid":{"rendered":"https:\/\/www.james.eu\/product\/james-extra-matt-3\/"},"modified":"2023-09-19T13:13:42","modified_gmt":"2023-09-19T12:13:42","slug":"james-extra-matt-3","status":"publish","type":"product","link":"https:\/\/www.james.eu\/de\/produkte\/james-extra-matt-3\/","title":{"rendered":"James Extra Matt (Flasche 3)"},"content":{"rendered":"<p>Es erzeugt eine extra matte Schutzschicht, die rutschfest und kratzfest ist. Fast alle B\u00f6den bleiben so matt wie der original war. Geeignet f\u00fcr Vinyl, LVT, PVC, Linoleum, Gummi-, und Natur- und Kunststeinb\u00f6den.<\/p>\n<p>Dieses Produkt, Schritt 3 in unserem <a href=\"https:\/\/www.james.eu\/de\/produktfinder\/\">Produktfinder<\/a>, bietet folgende Eigenschaften:<\/p>\n<ul>\n<li>Entfernbare Schutzschicht verl\u00e4ngert die Lebensdauer Ihres Bodens<\/li>\n<li>Kratzer und oberfl\u00e4chliche Sch\u00e4den bilden sich in der Schutzschicht, nicht in Ihrem Boden, und sind deshalb zu reparieren<\/li>\n<li>James Extra Matt ist schmutzabweisend<\/li>\n<li>Gibt Ihrem Boden ein extra mattes Aussehen<\/li>\n<li>Aussehen Nicht anwendbar auf einfarbig dunkle B\u00f6den (im Zusammenhang mit m\u00f6glichen Streifenbildung nach dem Trocknen)<\/li>\n<li>Eine Flasche ist ausreichend f\u00fcr etwa 20 <sup>m2<\/sup><\/li>\n<li>Auch verf\u00fcgbar in <a href=\"https:\/\/www.james.eu\/de\/produkte\/james-extra-matt-kanister\/\">10 L Kanister<\/a><\/li>\n<\/ul>\n<p>Bevor Sie dieses Produkt auf Ihrem (neuen) Boden anwenden, oder wenn Sie, im Laufe der Zeit, eine neue Schutzschicht anbringen m\u00f6chten, den Boden zuerst reinigen mittels <a href=\"https:\/\/www.james.eu\/de\/produkte\/james-grundreiniger-1\/\">James Grundreiniger.<\/a><\/p>\n<p>F\u00fcr die t\u00e4gliche Reinigung und Pflege Ihres Bodens verwenden Sie unseren <a href=\"https:\/\/www.james.eu\/de\/produkte\/james-bodenreiniger-sauber-schnelltrocknend-a\/\">James Bodenreiniger Sauber &amp; Schnelltrocknend<\/a>.<\/p>\n<p>Weitere Informationen in unserer Blogmeldung &#8222;<a href=\"https:\/\/www.james.eu\/de\/nachrichten\/einzigartiges-neues-produkt-james-extra-matt\/\">Einzigartiges neues Produkt: James Extra Matt<\/a>&#8222;.<\/p>\n","protected":false},"excerpt":{"rendered":"<p><strong>Extra matte Schutzschicht, verl\u00e4ngert die Lebensdauer<\/strong><\/p>\n<p>James Extra Matt ist ein einzigartiges Produkt auf dem Markt, da es die matteste Schutzschicht bietet. Die L\u00f6sung f\u00fcr die meisten matten B\u00f6den von heute, oder um Ihrem Boden ein extra mattes Aussehen zu verleihen!<\/p>\n<p>W\u00e4hlen Sie es direkt nach dem Verlegen Ihres Fu\u00dfbodens (ideal, weil Ihr Zimmer leer ist!) oder wenn der Fu\u00dfboden besch\u00e4digt oder verkratzt ist.<\/p>\n<p>Verleiht eine transparente, extra matte Schutzschicht und ist rutsch- und kratzfest. Geeignet f\u00fcr Vinyl, LVT, PVC, Linoleum, Gummi-, und Natur- und Kunststeinb\u00f6den. Zum regelm\u00e4\u00dfigen Schutz.<\/p>\n<p>Cleverer Tipp: Finden Sie, dass Ihr Boden zu matt ist (verwenden Sie <a href=\"https:\/\/www.james.eu\/de\/produkte\/james-seidenmatt-2\/\">James Seidenmatt<\/a>, um ihn gl\u00e4nzender zu machen) oder zu gl\u00e4nzend (verwenden Sie James Extra Matt, um ihn matter zu machen)? Mit dem richtigen Produkt k\u00f6nnen Sie den Glanzgrad Ihres Fu\u00dfbodens anpassen und er wird Ihrem Geschmack besser entsprechen!<\/p>\n","protected":false},"featured_media":17680,"comment_status":"open","ping_status":"closed","template":"","meta":{"ocean_post_layout":"","ocean_both_sidebars_style":"","ocean_both_sidebars_content_width":0,"ocean_both_sidebars_sidebars_width":0,"ocean_sidebar":"0","ocean_second_sidebar":"0","ocean_disable_margins":"enable","ocean_add_body_class":"","ocean_shortcode_before_top_bar":"","ocean_shortcode_after_top_bar":"","ocean_shortcode_before_header":"","ocean_shortcode_after_header":"","ocean_has_shortcode":"","ocean_shortcode_after_title":"","ocean_shortcode_before_footer_widgets":"","ocean_shortcode_after_footer_widgets":"","ocean_shortcode_before_footer_bottom":"","ocean_shortcode_after_footer_bottom":"","ocean_display_top_bar":"default","ocean_display_header":"default","ocean_header_style":"","ocean_center_header_left_menu":"0","ocean_custom_header_template":"0","ocean_custom_logo":0,"ocean_custom_retina_logo":0,"ocean_custom_logo_max_width":0,"ocean_custom_logo_tablet_max_width":0,"ocean_custom_logo_mobile_max_width":0,"ocean_custom_logo_max_height":0,"ocean_custom_logo_tablet_max_height":0,"ocean_custom_logo_mobile_max_height":0,"ocean_header_custom_menu":"0","ocean_menu_typo_font_family":"0","ocean_menu_typo_font_subset":"","ocean_menu_typo_font_size":0,"ocean_menu_typo_font_size_tablet":0,"ocean_menu_typo_font_size_mobile":0,"ocean_menu_typo_font_size_unit":"px","ocean_menu_typo_font_weight":"","ocean_menu_typo_font_weight_tablet":"","ocean_menu_typo_font_weight_mobile":"","ocean_menu_typo_transform":"","ocean_menu_typo_transform_tablet":"","ocean_menu_typo_transform_mobile":"","ocean_menu_typo_line_height":0,"ocean_menu_typo_line_height_tablet":0,"ocean_menu_typo_line_height_mobile":0,"ocean_menu_typo_line_height_unit":"","ocean_menu_typo_spacing":0,"ocean_menu_typo_spacing_tablet":0,"ocean_menu_typo_spacing_mobile":0,"ocean_menu_typo_spacing_unit":"","ocean_menu_link_color":"","ocean_menu_link_color_hover":"","ocean_menu_link_color_active":"","ocean_menu_link_background":"","ocean_menu_link_hover_background":"","ocean_menu_link_active_background":"","ocean_menu_social_links_bg":"","ocean_menu_social_hover_links_bg":"","ocean_menu_social_links_color":"","ocean_menu_social_hover_links_color":"","ocean_disable_title":"default","ocean_disable_heading":"default","ocean_post_title":"","ocean_post_subheading":"","ocean_post_title_style":"","ocean_post_title_background_color":"","ocean_post_title_background":0,"ocean_post_title_bg_image_position":"","ocean_post_title_bg_image_attachment":"","ocean_post_title_bg_image_repeat":"","ocean_post_title_bg_image_size":"","ocean_post_title_height":0,"ocean_post_title_bg_overlay":0.5,"ocean_post_title_bg_overlay_color":"","ocean_disable_breadcrumbs":"default","ocean_breadcrumbs_color":"","ocean_breadcrumbs_separator_color":"","ocean_breadcrumbs_links_color":"","ocean_breadcrumbs_links_hover_color":"","ocean_display_footer_widgets":"default","ocean_display_footer_bottom":"default","ocean_custom_footer_template":"0","osh_disable_topbar_sticky":"default","osh_disable_header_sticky":"default","osh_sticky_header_style":"default","osh_sticky_header_effect":"","osh_custom_sticky_logo":0,"osh_custom_retina_sticky_logo":0,"osh_custom_sticky_logo_height":0,"osh_background_color":"","osh_links_color":"","osh_links_hover_color":"","osh_links_active_color":"","osh_links_bg_color":"","osh_links_hover_bg_color":"","osh_links_active_bg_color":"","osh_menu_social_links_color":"","osh_menu_social_hover_links_color":"","deny_import_in_micro_website":""},"product_brand":[],"product_cat":[1640],"product_tag":[],"class_list":{"0":"post-7041","1":"product","2":"type-product","3":"status-publish","4":"has-post-thumbnail","6":"product_cat-hartboeden","8":"entry","9":"has-media","11":"first","12":"instock","13":"taxable","14":"shipping-taxable","15":"purchasable","16":"product-type-simple","17":"col","18":"span_1_of_3","19":"owp-content-center","20":"owp-thumbs-layout-horizontal","21":"owp-btn-very-big","22":"owp-tabs-layout-vertical","23":"has-no-thumbnails"},"acf":[],"yoast_head":"<!-- This site is optimized with the Yoast SEO Premium plugin v20.1 (Yoast SEO v25.3.1) - https:\/\/yoast.com\/wordpress\/plugins\/seo\/ -->\n<title>James Extra Matt (Flasche 3) - James B.V.<\/title>\n<meta name=\"robots\" content=\"index, follow, max-snippet:-1, max-image-preview:large, max-video-preview:-1\" \/>\n<link rel=\"canonical\" href=\"https:\/\/www.james.eu\/de\/produkte\/james-extra-matt-3\/\" \/>\n<meta property=\"og:locale\" content=\"de_DE\" \/>\n<meta property=\"og:type\" content=\"article\" \/>\n<meta property=\"og:title\" content=\"James Extra Matt (Flasche 3)\" \/>\n<meta property=\"og:description\" content=\"Extra matte Schutzschicht, verl\u00e4ngert die Lebensdauer James Extra Matt ist ein einzigartiges Produkt auf dem Markt, da es die matteste Schutzschicht bietet. Die L\u00f6sung f\u00fcr die meisten matten B\u00f6den von heute, oder um Ihrem Boden ein extra mattes Aussehen zu verleihen! W\u00e4hlen Sie es direkt nach dem Verlegen Ihres Fu\u00dfbodens (ideal, weil Ihr Zimmer leer ist!) oder wenn der Fu\u00dfboden besch\u00e4digt oder verkratzt ist. Verleiht eine transparente, extra matte Schutzschicht und ist rutsch- und kratzfest. Geeignet f\u00fcr Vinyl, LVT, PVC, Linoleum, Gummi-, und Natur- und Kunststeinb\u00f6den. Zum regelm\u00e4\u00dfigen Schutz. Cleverer Tipp: Finden Sie, dass Ihr Boden zu matt ist (verwenden Sie James Seidenmatt, um ihn gl\u00e4nzender zu machen) oder zu gl\u00e4nzend (verwenden Sie James Extra Matt, um ihn matter zu machen)? Mit dem richtigen Produkt k\u00f6nnen Sie den Glanzgrad Ihres Fu\u00dfbodens anpassen und er wird Ihrem Geschmack besser entsprechen!\" \/>\n<meta property=\"og:url\" content=\"https:\/\/www.james.eu\/de\/produkte\/james-extra-matt-3\/\" \/>\n<meta property=\"og:site_name\" content=\"James B.V.\" \/>\n<meta property=\"article:publisher\" content=\"https:\/\/www.facebook.com\/James-BV-380608888706399\" \/>\n<meta property=\"article:modified_time\" content=\"2023-09-19T12:13:42+00:00\" \/>\n<meta property=\"og:image\" content=\"https:\/\/www.james.eu\/wp-content\/uploads\/2020\/10\/James-Extra-Mat-1ltr-1.jpg\" \/>\n\t<meta property=\"og:image:width\" content=\"800\" \/>\n\t<meta property=\"og:image:height\" content=\"1000\" \/>\n\t<meta property=\"og:image:type\" content=\"image\/jpeg\" \/>\n<meta name=\"twitter:card\" content=\"summary_large_image\" \/>\n<meta name=\"twitter:label1\" content=\"Preis\" \/>\n\t<meta name=\"twitter:data1\" content=\"&euro;&nbsp;24,50\" \/>\n\t<meta name=\"twitter:label2\" content=\"Availability\" \/>\n\t<meta name=\"twitter:data2\" content=\"In stock\" \/>\n<script type=\"application\/ld+json\" class=\"yoast-schema-graph\">{\"@context\":\"https:\/\/schema.org\",\"@graph\":[{\"@type\":\"WebPage\",\"@id\":\"https:\/\/www.james.eu\/de\/produkte\/james-extra-matt-3\/\",\"url\":\"https:\/\/www.james.eu\/de\/produkte\/james-extra-matt-3\/\",\"name\":\"James Extra Matt (Flasche 3) - James B.V.\",\"isPartOf\":{\"@id\":\"https:\/\/www.james.eu\/de\/#website\"},\"primaryImageOfPage\":{\"@id\":\"https:\/\/www.james.eu\/de\/produkte\/james-extra-matt-3\/#primaryimage\"},\"image\":{\"@id\":\"https:\/\/www.james.eu\/de\/produkte\/james-extra-matt-3\/#primaryimage\"},\"thumbnailUrl\":\"https:\/\/www.james.eu\/wp-content\/uploads\/2020\/10\/James-Extra-Mat-1ltr-1.jpg\",\"datePublished\":\"2020-09-29T11:08:40+00:00\",\"dateModified\":\"2023-09-19T12:13:42+00:00\",\"breadcrumb\":{\"@id\":\"https:\/\/www.james.eu\/de\/produkte\/james-extra-matt-3\/#breadcrumb\"},\"inLanguage\":\"de\",\"potentialAction\":[{\"@type\":\"ReadAction\",\"target\":[\"https:\/\/www.james.eu\/de\/produkte\/james-extra-matt-3\/\"]}]},{\"@type\":\"ImageObject\",\"inLanguage\":\"de\",\"@id\":\"https:\/\/www.james.eu\/de\/produkte\/james-extra-matt-3\/#primaryimage\",\"url\":\"https:\/\/www.james.eu\/wp-content\/uploads\/2020\/10\/James-Extra-Mat-1ltr-1.jpg\",\"contentUrl\":\"https:\/\/www.james.eu\/wp-content\/uploads\/2020\/10\/James-Extra-Mat-1ltr-1.jpg\",\"width\":800,\"height\":1000,\"caption\":\"James Extra Matt 1ltr\"},{\"@type\":\"BreadcrumbList\",\"@id\":\"https:\/\/www.james.eu\/de\/produkte\/james-extra-matt-3\/#breadcrumb\",\"itemListElement\":[{\"@type\":\"ListItem\",\"position\":1,\"name\":\"Home\",\"item\":\"https:\/\/www.james.eu\/de\/homepage-de\/\"},{\"@type\":\"ListItem\",\"position\":2,\"name\":\"Produkte\",\"item\":\"https:\/\/www.james.eu\/de\/produkte\/\"},{\"@type\":\"ListItem\",\"position\":3,\"name\":\"James Extra Matt (Flasche 3)\"}]},{\"@type\":\"WebSite\",\"@id\":\"https:\/\/www.james.eu\/de\/#website\",\"url\":\"https:\/\/www.james.eu\/de\/\",\"name\":\"James B.V.\",\"description\":\"The Finishing Touch\",\"publisher\":{\"@id\":\"https:\/\/www.james.eu\/de\/#organization\"},\"potentialAction\":[{\"@type\":\"SearchAction\",\"target\":{\"@type\":\"EntryPoint\",\"urlTemplate\":\"https:\/\/www.james.eu\/de\/?s={search_term_string}\"},\"query-input\":{\"@type\":\"PropertyValueSpecification\",\"valueRequired\":true,\"valueName\":\"search_term_string\"}}],\"inLanguage\":\"de\"},{\"@type\":\"Organization\",\"@id\":\"https:\/\/www.james.eu\/de\/#organization\",\"name\":\"James B.V.\",\"url\":\"https:\/\/www.james.eu\/de\/\",\"logo\":{\"@type\":\"ImageObject\",\"inLanguage\":\"de\",\"@id\":\"https:\/\/www.james.eu\/de\/#\/schema\/logo\/image\/\",\"url\":\"https:\/\/www.james.eu\/wp-content\/uploads\/2022\/02\/Logo-James-2021-mail-2.png\",\"contentUrl\":\"https:\/\/www.james.eu\/wp-content\/uploads\/2022\/02\/Logo-James-2021-mail-2.png\",\"width\":404,\"height\":482,\"caption\":\"James B.V.\"},\"image\":{\"@id\":\"https:\/\/www.james.eu\/de\/#\/schema\/logo\/image\/\"},\"sameAs\":[\"https:\/\/www.facebook.com\/James-BV-380608888706399\",\"https:\/\/www.instagram.com\/james.eu1927\/\"]}]}<\/script>\n<meta property=\"product:brand\" content=\"James\" \/>\n<meta property=\"product:price:amount\" content=\"24.50\" \/>\n<meta property=\"product:price:currency\" content=\"EUR\" \/>\n<meta property=\"og:availability\" content=\"instock\" \/>\n<meta property=\"product:availability\" content=\"instock\" \/>\n<meta property=\"product:retailer_item_id\" content=\"4309\" \/>\n<meta property=\"product:condition\" content=\"new\" \/>\n<!-- \/ Yoast SEO Premium plugin. -->","yoast_head_json":{"title":"James Extra Matt (Flasche 3) - James B.V.","robots":{"index":"index","follow":"follow","max-snippet":"max-snippet:-1","max-image-preview":"max-image-preview:large","max-video-preview":"max-video-preview:-1"},"canonical":"https:\/\/www.james.eu\/de\/produkte\/james-extra-matt-3\/","og_locale":"de_DE","og_type":"article","og_title":"James Extra Matt (Flasche 3)","og_description":"Extra matte Schutzschicht, verl\u00e4ngert die Lebensdauer James Extra Matt ist ein einzigartiges Produkt auf dem Markt, da es die matteste Schutzschicht bietet. Die L\u00f6sung f\u00fcr die meisten matten B\u00f6den von heute, oder um Ihrem Boden ein extra mattes Aussehen zu verleihen! W\u00e4hlen Sie es direkt nach dem Verlegen Ihres Fu\u00dfbodens (ideal, weil Ihr Zimmer leer ist!) oder wenn der Fu\u00dfboden besch\u00e4digt oder verkratzt ist. Verleiht eine transparente, extra matte Schutzschicht und ist rutsch- und kratzfest. Geeignet f\u00fcr Vinyl, LVT, PVC, Linoleum, Gummi-, und Natur- und Kunststeinb\u00f6den. Zum regelm\u00e4\u00dfigen Schutz. Cleverer Tipp: Finden Sie, dass Ihr Boden zu matt ist (verwenden Sie James Seidenmatt, um ihn gl\u00e4nzender zu machen) oder zu gl\u00e4nzend (verwenden Sie James Extra Matt, um ihn matter zu machen)? Mit dem richtigen Produkt k\u00f6nnen Sie den Glanzgrad Ihres Fu\u00dfbodens anpassen und er wird Ihrem Geschmack besser entsprechen!","og_url":"https:\/\/www.james.eu\/de\/produkte\/james-extra-matt-3\/","og_site_name":"James B.V.","article_publisher":"https:\/\/www.facebook.com\/James-BV-380608888706399","article_modified_time":"2023-09-19T12:13:42+00:00","og_image":[{"width":800,"height":1000,"url":"https:\/\/www.james.eu\/wp-content\/uploads\/2020\/10\/James-Extra-Mat-1ltr-1.jpg","type":"image\/jpeg"}],"twitter_card":"summary_large_image","twitter_misc":{"Preis":"&euro;&nbsp;24,50","Availability":"In stock"},"schema":{"@context":"https:\/\/schema.org","@graph":[{"@type":"WebPage","@id":"https:\/\/www.james.eu\/de\/produkte\/james-extra-matt-3\/","url":"https:\/\/www.james.eu\/de\/produkte\/james-extra-matt-3\/","name":"James Extra Matt (Flasche 3) - James B.V.","isPartOf":{"@id":"https:\/\/www.james.eu\/de\/#website"},"primaryImageOfPage":{"@id":"https:\/\/www.james.eu\/de\/produkte\/james-extra-matt-3\/#primaryimage"},"image":{"@id":"https:\/\/www.james.eu\/de\/produkte\/james-extra-matt-3\/#primaryimage"},"thumbnailUrl":"https:\/\/www.james.eu\/wp-content\/uploads\/2020\/10\/James-Extra-Mat-1ltr-1.jpg","datePublished":"2020-09-29T11:08:40+00:00","dateModified":"2023-09-19T12:13:42+00:00","breadcrumb":{"@id":"https:\/\/www.james.eu\/de\/produkte\/james-extra-matt-3\/#breadcrumb"},"inLanguage":"de","potentialAction":[{"@type":"ReadAction","target":["https:\/\/www.james.eu\/de\/produkte\/james-extra-matt-3\/"]}]},{"@type":"ImageObject","inLanguage":"de","@id":"https:\/\/www.james.eu\/de\/produkte\/james-extra-matt-3\/#primaryimage","url":"https:\/\/www.james.eu\/wp-content\/uploads\/2020\/10\/James-Extra-Mat-1ltr-1.jpg","contentUrl":"https:\/\/www.james.eu\/wp-content\/uploads\/2020\/10\/James-Extra-Mat-1ltr-1.jpg","width":800,"height":1000,"caption":"James Extra Matt 1ltr"},{"@type":"BreadcrumbList","@id":"https:\/\/www.james.eu\/de\/produkte\/james-extra-matt-3\/#breadcrumb","itemListElement":[{"@type":"ListItem","position":1,"name":"Home","item":"https:\/\/www.james.eu\/de\/homepage-de\/"},{"@type":"ListItem","position":2,"name":"Produkte","item":"https:\/\/www.james.eu\/de\/produkte\/"},{"@type":"ListItem","position":3,"name":"James Extra Matt (Flasche 3)"}]},{"@type":"WebSite","@id":"https:\/\/www.james.eu\/de\/#website","url":"https:\/\/www.james.eu\/de\/","name":"James B.V.","description":"The Finishing Touch","publisher":{"@id":"https:\/\/www.james.eu\/de\/#organization"},"potentialAction":[{"@type":"SearchAction","target":{"@type":"EntryPoint","urlTemplate":"https:\/\/www.james.eu\/de\/?s={search_term_string}"},"query-input":{"@type":"PropertyValueSpecification","valueRequired":true,"valueName":"search_term_string"}}],"inLanguage":"de"},{"@type":"Organization","@id":"https:\/\/www.james.eu\/de\/#organization","name":"James B.V.","url":"https:\/\/www.james.eu\/de\/","logo":{"@type":"ImageObject","inLanguage":"de","@id":"https:\/\/www.james.eu\/de\/#\/schema\/logo\/image\/","url":"https:\/\/www.james.eu\/wp-content\/uploads\/2022\/02\/Logo-James-2021-mail-2.png","contentUrl":"https:\/\/www.james.eu\/wp-content\/uploads\/2022\/02\/Logo-James-2021-mail-2.png","width":404,"height":482,"caption":"James B.V."},"image":{"@id":"https:\/\/www.james.eu\/de\/#\/schema\/logo\/image\/"},"sameAs":["https:\/\/www.facebook.com\/James-BV-380608888706399","https:\/\/www.instagram.com\/james.eu1927\/"]}]},"product_brand":"James","product_price_amount":"24.50","product_price_currency":"EUR","og_availability":"instock","product_availability":"instock","product_retailer_item_id":"4309","product_condition":"new"},"jetpack_sharing_enabled":true,"_links":{"self":[{"href":"https:\/\/www.james.eu\/de\/wp-json\/wp\/v2\/product\/7041","targetHints":{"allow":["GET"]}}],"collection":[{"href":"https:\/\/www.james.eu\/de\/wp-json\/wp\/v2\/product"}],"about":[{"href":"https:\/\/www.james.eu\/de\/wp-json\/wp\/v2\/types\/product"}],"replies":[{"embeddable":true,"href":"https:\/\/www.james.eu\/de\/wp-json\/wp\/v2\/comments?post=7041"}],"wp:featuredmedia":[{"embeddable":true,"href":"https:\/\/www.james.eu\/de\/wp-json\/wp\/v2\/media\/17680"}],"wp:attachment":[{"href":"https:\/\/www.james.eu\/de\/wp-json\/wp\/v2\/media?parent=7041"}],"wp:term":[{"taxonomy":"product_brand","embeddable":true,"href":"https:\/\/www.james.eu\/de\/wp-json\/wp\/v2\/product_brand?post=7041"},{"taxonomy":"product_cat","embeddable":true,"href":"https:\/\/www.james.eu\/de\/wp-json\/wp\/v2\/product_cat?post=7041"},{"taxonomy":"product_tag","embeddable":true,"href":"https:\/\/www.james.eu\/de\/wp-json\/wp\/v2\/product_tag?post=7041"}],"curies":[{"name":"wp","href":"https:\/\/api.w.org\/{rel}","templated":true}]}}