{"id":59530,"date":"2022-01-13T10:39:53","date_gmt":"2022-04-04T20:32:13","guid":{"rendered":"https:\/\/www.james.eu\/producten\/james-interior-cleaner-kanister\/"},"modified":"2025-04-04T10:32:01","modified_gmt":"2025-04-04T08:32:01","slug":"james-interioir-cleaner-can","status":"publish","type":"product","link":"https:\/\/www.james.eu\/de\/producten\/james-interioir-cleaner-can\/","title":{"rendered":"James Interior Cleaner (Kanister)"},"content":{"rendered":"<p>Dieses Produkt bietet folgende Eigenschaften:<\/p>\n<ul>\n<li>Reinigt st\u00f6rende Laufpfade auf Teppichboden und Teppichen<\/li>\n<li>Entfernt Talg; l\u00e4sst Ihr Sofa oder Ihren Sessel wie neu aussehen<\/li>\n<li>Auch besonders geeignet f\u00fcr die Reinigung von Ihrem Autositz, wie Kopfst\u00fctze und Mittelarmlehne<\/li>\n<li>Interior Cleaner ist biologisch abbaubar und pH neutral<\/li>\n<li>Verursacht keine erneute Verschmutzung<\/li>\n<li>Hat einen angenehmen, frischen Duft<\/li>\n<li>Auch in einer <a href=\"https:\/\/james.eu\/de\/produkte\/james-interior-cleaner\/\">500ml Spr\u00fchflasche erh\u00e4ltlich<\/a><\/li>\n<\/ul>\n<p><em>Gibt es hartn\u00e4ckige Flecken? Sehen Sie unsere Produkte <a href=\"https:\/\/james.eu\/de\/produkte\/james-stainwonder\/\">James Stainwonder<\/a> und <a href=\"https:\/\/james.eu\/de\/produkte\/james-stainspray\/\">James Stainspray<\/a>.<\/em><\/p>\n","protected":false},"excerpt":{"rendered":"<p><strong>Auffrischen und Sauberhalten des Innenraums<\/strong><\/p>\n<p>James Interieurreiniger ist f\u00fcr alles was kein Fleck ist, aber auch nicht sauber. F\u00fcr alles, was mit der Zeit schmuddelig aussieht (durch Gebrauch). Mit Hilfe von Interior Cleaner halten Sie Ihren Teppich, Sofa, Stuhl, Boxspring, Autoinnenraum, Kinderwagen usw. frisch und sauber.<\/p>\n<p>Es eignet sich f\u00fcr alle nat\u00fcrlichen (wie Wolle) als auch synthetischen Materialien. Kann auch auf Kunstleder und gef\u00e4rbtem Leder verwendet werden.<\/p>\n<p>Der <a href=\"https:\/\/www.james.eu\/nl\/producten\/jerrycan-kraan\/\">Kanisterhahn<\/a> macht die Dose einfach zu bedienen!<\/p>\n","protected":false},"featured_media":59131,"comment_status":"open","ping_status":"closed","template":"","meta":{"ocean_post_layout":"","ocean_both_sidebars_style":"","ocean_both_sidebars_content_width":0,"ocean_both_sidebars_sidebars_width":0,"ocean_sidebar":"0","ocean_second_sidebar":"0","ocean_disable_margins":"enable","ocean_add_body_class":"","ocean_shortcode_before_top_bar":"","ocean_shortcode_after_top_bar":"","ocean_shortcode_before_header":"","ocean_shortcode_after_header":"","ocean_has_shortcode":"","ocean_shortcode_after_title":"","ocean_shortcode_before_footer_widgets":"","ocean_shortcode_after_footer_widgets":"","ocean_shortcode_before_footer_bottom":"","ocean_shortcode_after_footer_bottom":"","ocean_display_top_bar":"default","ocean_display_header":"default","ocean_header_style":"","ocean_center_header_left_menu":"0","ocean_custom_header_template":"0","ocean_custom_logo":0,"ocean_custom_retina_logo":0,"ocean_custom_logo_max_width":0,"ocean_custom_logo_tablet_max_width":0,"ocean_custom_logo_mobile_max_width":0,"ocean_custom_logo_max_height":0,"ocean_custom_logo_tablet_max_height":0,"ocean_custom_logo_mobile_max_height":0,"ocean_header_custom_menu":"0","ocean_menu_typo_font_family":"0","ocean_menu_typo_font_subset":"","ocean_menu_typo_font_size":0,"ocean_menu_typo_font_size_tablet":0,"ocean_menu_typo_font_size_mobile":0,"ocean_menu_typo_font_size_unit":"px","ocean_menu_typo_font_weight":"","ocean_menu_typo_font_weight_tablet":"","ocean_menu_typo_font_weight_mobile":"","ocean_menu_typo_transform":"","ocean_menu_typo_transform_tablet":"","ocean_menu_typo_transform_mobile":"","ocean_menu_typo_line_height":0,"ocean_menu_typo_line_height_tablet":0,"ocean_menu_typo_line_height_mobile":0,"ocean_menu_typo_line_height_unit":"","ocean_menu_typo_spacing":0,"ocean_menu_typo_spacing_tablet":0,"ocean_menu_typo_spacing_mobile":0,"ocean_menu_typo_spacing_unit":"","ocean_menu_link_color":"","ocean_menu_link_color_hover":"","ocean_menu_link_color_active":"","ocean_menu_link_background":"","ocean_menu_link_hover_background":"","ocean_menu_link_active_background":"","ocean_menu_social_links_bg":"","ocean_menu_social_hover_links_bg":"","ocean_menu_social_links_color":"","ocean_menu_social_hover_links_color":"","ocean_disable_title":"default","ocean_disable_heading":"default","ocean_post_title":"","ocean_post_subheading":"","ocean_post_title_style":"","ocean_post_title_background_color":"","ocean_post_title_background":0,"ocean_post_title_bg_image_position":"","ocean_post_title_bg_image_attachment":"","ocean_post_title_bg_image_repeat":"","ocean_post_title_bg_image_size":"","ocean_post_title_height":0,"ocean_post_title_bg_overlay":0.5,"ocean_post_title_bg_overlay_color":"","ocean_disable_breadcrumbs":"default","ocean_breadcrumbs_color":"","ocean_breadcrumbs_separator_color":"","ocean_breadcrumbs_links_color":"","ocean_breadcrumbs_links_hover_color":"","ocean_display_footer_widgets":"default","ocean_display_footer_bottom":"default","ocean_custom_footer_template":"0","osh_disable_topbar_sticky":"default","osh_disable_header_sticky":"default","osh_sticky_header_style":"default","osh_sticky_header_effect":"","osh_custom_sticky_logo":0,"osh_custom_retina_sticky_logo":0,"osh_custom_sticky_logo_height":0,"osh_background_color":"","osh_links_color":"","osh_links_hover_color":"","osh_links_active_color":"","osh_links_bg_color":"","osh_links_hover_bg_color":"","osh_links_active_bg_color":"","osh_menu_social_links_color":"","osh_menu_social_hover_links_color":"","deny_import_in_micro_website":""},"product_brand":[],"product_cat":[1636,1642,1645,1657],"product_tag":[],"class_list":{"0":"post-59530","1":"product","2":"type-product","3":"status-publish","4":"has-post-thumbnail","6":"product_cat-grosspackung","7":"product_cat-leder","8":"product_cat-moebelstoff","9":"product_cat-teppich-vorleger","11":"entry","12":"has-media","14":"first","15":"instock","16":"taxable","17":"shipping-taxable","18":"purchasable","19":"product-type-simple","20":"col","21":"span_1_of_3","22":"owp-content-center","23":"owp-thumbs-layout-horizontal","24":"owp-btn-very-big","25":"owp-tabs-layout-vertical","26":"has-no-thumbnails"},"acf":[],"yoast_head":"<!-- This site is optimized with the Yoast SEO Premium plugin v20.1 (Yoast SEO v25.3.1) - https:\/\/yoast.com\/wordpress\/plugins\/seo\/ -->\n<title>James Interior Cleaner (Kanister) - James B.V.<\/title>\n<meta name=\"robots\" content=\"index, follow, max-snippet:-1, max-image-preview:large, max-video-preview:-1\" \/>\n<link rel=\"canonical\" href=\"https:\/\/www.james.eu\/de\/producten\/james-interioir-cleaner-can\/\" \/>\n<meta property=\"og:locale\" content=\"de_DE\" \/>\n<meta property=\"og:type\" content=\"article\" \/>\n<meta property=\"og:title\" content=\"James Interior Cleaner (Kanister)\" \/>\n<meta property=\"og:description\" content=\"Auffrischen und Sauberhalten des Innenraums James Interieurreiniger ist f\u00fcr alles was kein Fleck ist, aber auch nicht sauber. F\u00fcr alles, was mit der Zeit schmuddelig aussieht (durch Gebrauch). Mit Hilfe von Interior Cleaner halten Sie Ihren Teppich, Sofa, Stuhl, Boxspring, Autoinnenraum, Kinderwagen usw. frisch und sauber. Es eignet sich f\u00fcr alle nat\u00fcrlichen (wie Wolle) als auch synthetischen Materialien. Kann auch auf Kunstleder und gef\u00e4rbtem Leder verwendet werden. Der Kanisterhahn macht die Dose einfach zu bedienen!\" \/>\n<meta property=\"og:url\" content=\"https:\/\/www.james.eu\/de\/producten\/james-interioir-cleaner-can\/\" \/>\n<meta property=\"og:site_name\" content=\"James B.V.\" \/>\n<meta property=\"article:publisher\" content=\"https:\/\/www.facebook.com\/James-BV-380608888706399\" \/>\n<meta property=\"article:modified_time\" content=\"2025-04-04T08:32:01+00:00\" \/>\n<meta property=\"og:image\" content=\"https:\/\/www.james.eu\/wp-content\/uploads\/2022\/01\/James-Interieurreiniger-can-10ltr.jpg\" \/>\n\t<meta property=\"og:image:width\" content=\"800\" \/>\n\t<meta property=\"og:image:height\" content=\"1000\" \/>\n\t<meta property=\"og:image:type\" content=\"image\/jpeg\" \/>\n<meta name=\"twitter:card\" content=\"summary_large_image\" \/>\n<meta name=\"twitter:label1\" content=\"Preis\" \/>\n\t<meta name=\"twitter:data1\" content=\"&euro;&nbsp;269,00\" \/>\n\t<meta name=\"twitter:label2\" content=\"Availability\" \/>\n\t<meta name=\"twitter:data2\" content=\"In stock\" \/>\n<script type=\"application\/ld+json\" class=\"yoast-schema-graph\">{\"@context\":\"https:\/\/schema.org\",\"@graph\":[{\"@type\":\"WebPage\",\"@id\":\"https:\/\/www.james.eu\/de\/producten\/james-interioir-cleaner-can\/\",\"url\":\"https:\/\/www.james.eu\/de\/producten\/james-interioir-cleaner-can\/\",\"name\":\"James Interior Cleaner (Kanister) - James B.V.\",\"isPartOf\":{\"@id\":\"https:\/\/www.james.eu\/de\/#website\"},\"primaryImageOfPage\":{\"@id\":\"https:\/\/www.james.eu\/de\/producten\/james-interioir-cleaner-can\/#primaryimage\"},\"image\":{\"@id\":\"https:\/\/www.james.eu\/de\/producten\/james-interioir-cleaner-can\/#primaryimage\"},\"thumbnailUrl\":\"https:\/\/www.james.eu\/wp-content\/uploads\/2022\/01\/James-Interieurreiniger-can-10ltr.jpg\",\"datePublished\":\"2022-04-04T20:32:13+00:00\",\"dateModified\":\"2025-04-04T08:32:01+00:00\",\"breadcrumb\":{\"@id\":\"https:\/\/www.james.eu\/de\/producten\/james-interioir-cleaner-can\/#breadcrumb\"},\"inLanguage\":\"de\",\"potentialAction\":[{\"@type\":\"ReadAction\",\"target\":[\"https:\/\/www.james.eu\/de\/producten\/james-interioir-cleaner-can\/\"]}]},{\"@type\":\"ImageObject\",\"inLanguage\":\"de\",\"@id\":\"https:\/\/www.james.eu\/de\/producten\/james-interioir-cleaner-can\/#primaryimage\",\"url\":\"https:\/\/www.james.eu\/wp-content\/uploads\/2022\/01\/James-Interieurreiniger-can-10ltr.jpg\",\"contentUrl\":\"https:\/\/www.james.eu\/wp-content\/uploads\/2022\/01\/James-Interieurreiniger-can-10ltr.jpg\",\"width\":800,\"height\":1000,\"caption\":\"James Interior Cleaner - Kanister 10 l\"},{\"@type\":\"BreadcrumbList\",\"@id\":\"https:\/\/www.james.eu\/de\/producten\/james-interioir-cleaner-can\/#breadcrumb\",\"itemListElement\":[{\"@type\":\"ListItem\",\"position\":1,\"name\":\"Home\",\"item\":\"https:\/\/www.james.eu\/de\/homepage-de\/\"},{\"@type\":\"ListItem\",\"position\":2,\"name\":\"Produkte\",\"item\":\"https:\/\/www.james.eu\/de\/produkte\/\"},{\"@type\":\"ListItem\",\"position\":3,\"name\":\"James Interior Cleaner (Kanister)\"}]},{\"@type\":\"WebSite\",\"@id\":\"https:\/\/www.james.eu\/de\/#website\",\"url\":\"https:\/\/www.james.eu\/de\/\",\"name\":\"James B.V.\",\"description\":\"The Finishing Touch\",\"publisher\":{\"@id\":\"https:\/\/www.james.eu\/de\/#organization\"},\"potentialAction\":[{\"@type\":\"SearchAction\",\"target\":{\"@type\":\"EntryPoint\",\"urlTemplate\":\"https:\/\/www.james.eu\/de\/?s={search_term_string}\"},\"query-input\":{\"@type\":\"PropertyValueSpecification\",\"valueRequired\":true,\"valueName\":\"search_term_string\"}}],\"inLanguage\":\"de\"},{\"@type\":\"Organization\",\"@id\":\"https:\/\/www.james.eu\/de\/#organization\",\"name\":\"James B.V.\",\"url\":\"https:\/\/www.james.eu\/de\/\",\"logo\":{\"@type\":\"ImageObject\",\"inLanguage\":\"de\",\"@id\":\"https:\/\/www.james.eu\/de\/#\/schema\/logo\/image\/\",\"url\":\"https:\/\/www.james.eu\/wp-content\/uploads\/2022\/02\/Logo-James-2021-mail-2.png\",\"contentUrl\":\"https:\/\/www.james.eu\/wp-content\/uploads\/2022\/02\/Logo-James-2021-mail-2.png\",\"width\":404,\"height\":482,\"caption\":\"James B.V.\"},\"image\":{\"@id\":\"https:\/\/www.james.eu\/de\/#\/schema\/logo\/image\/\"},\"sameAs\":[\"https:\/\/www.facebook.com\/James-BV-380608888706399\",\"https:\/\/www.instagram.com\/james.eu1927\/\"]}]}<\/script>\n<meta property=\"product:brand\" content=\"James\" \/>\n<meta property=\"product:price:amount\" content=\"269.00\" \/>\n<meta property=\"product:price:currency\" content=\"EUR\" \/>\n<meta property=\"og:availability\" content=\"instock\" \/>\n<meta property=\"product:availability\" content=\"instock\" \/>\n<meta property=\"product:retailer_item_id\" content=\"2700\" \/>\n<meta property=\"product:condition\" content=\"new\" \/>\n<!-- \/ Yoast SEO Premium plugin. -->","yoast_head_json":{"title":"James Interior Cleaner (Kanister) - James B.V.","robots":{"index":"index","follow":"follow","max-snippet":"max-snippet:-1","max-image-preview":"max-image-preview:large","max-video-preview":"max-video-preview:-1"},"canonical":"https:\/\/www.james.eu\/de\/producten\/james-interioir-cleaner-can\/","og_locale":"de_DE","og_type":"article","og_title":"James Interior Cleaner (Kanister)","og_description":"Auffrischen und Sauberhalten des Innenraums James Interieurreiniger ist f\u00fcr alles was kein Fleck ist, aber auch nicht sauber. F\u00fcr alles, was mit der Zeit schmuddelig aussieht (durch Gebrauch). Mit Hilfe von Interior Cleaner halten Sie Ihren Teppich, Sofa, Stuhl, Boxspring, Autoinnenraum, Kinderwagen usw. frisch und sauber. Es eignet sich f\u00fcr alle nat\u00fcrlichen (wie Wolle) als auch synthetischen Materialien. Kann auch auf Kunstleder und gef\u00e4rbtem Leder verwendet werden. Der Kanisterhahn macht die Dose einfach zu bedienen!","og_url":"https:\/\/www.james.eu\/de\/producten\/james-interioir-cleaner-can\/","og_site_name":"James B.V.","article_publisher":"https:\/\/www.facebook.com\/James-BV-380608888706399","article_modified_time":"2025-04-04T08:32:01+00:00","og_image":[{"width":800,"height":1000,"url":"https:\/\/www.james.eu\/wp-content\/uploads\/2022\/01\/James-Interieurreiniger-can-10ltr.jpg","type":"image\/jpeg"}],"twitter_card":"summary_large_image","twitter_misc":{"Preis":"&euro;&nbsp;269,00","Availability":"In stock"},"schema":{"@context":"https:\/\/schema.org","@graph":[{"@type":"WebPage","@id":"https:\/\/www.james.eu\/de\/producten\/james-interioir-cleaner-can\/","url":"https:\/\/www.james.eu\/de\/producten\/james-interioir-cleaner-can\/","name":"James Interior Cleaner (Kanister) - James B.V.","isPartOf":{"@id":"https:\/\/www.james.eu\/de\/#website"},"primaryImageOfPage":{"@id":"https:\/\/www.james.eu\/de\/producten\/james-interioir-cleaner-can\/#primaryimage"},"image":{"@id":"https:\/\/www.james.eu\/de\/producten\/james-interioir-cleaner-can\/#primaryimage"},"thumbnailUrl":"https:\/\/www.james.eu\/wp-content\/uploads\/2022\/01\/James-Interieurreiniger-can-10ltr.jpg","datePublished":"2022-04-04T20:32:13+00:00","dateModified":"2025-04-04T08:32:01+00:00","breadcrumb":{"@id":"https:\/\/www.james.eu\/de\/producten\/james-interioir-cleaner-can\/#breadcrumb"},"inLanguage":"de","potentialAction":[{"@type":"ReadAction","target":["https:\/\/www.james.eu\/de\/producten\/james-interioir-cleaner-can\/"]}]},{"@type":"ImageObject","inLanguage":"de","@id":"https:\/\/www.james.eu\/de\/producten\/james-interioir-cleaner-can\/#primaryimage","url":"https:\/\/www.james.eu\/wp-content\/uploads\/2022\/01\/James-Interieurreiniger-can-10ltr.jpg","contentUrl":"https:\/\/www.james.eu\/wp-content\/uploads\/2022\/01\/James-Interieurreiniger-can-10ltr.jpg","width":800,"height":1000,"caption":"James Interior Cleaner - Kanister 10 l"},{"@type":"BreadcrumbList","@id":"https:\/\/www.james.eu\/de\/producten\/james-interioir-cleaner-can\/#breadcrumb","itemListElement":[{"@type":"ListItem","position":1,"name":"Home","item":"https:\/\/www.james.eu\/de\/homepage-de\/"},{"@type":"ListItem","position":2,"name":"Produkte","item":"https:\/\/www.james.eu\/de\/produkte\/"},{"@type":"ListItem","position":3,"name":"James Interior Cleaner (Kanister)"}]},{"@type":"WebSite","@id":"https:\/\/www.james.eu\/de\/#website","url":"https:\/\/www.james.eu\/de\/","name":"James B.V.","description":"The Finishing Touch","publisher":{"@id":"https:\/\/www.james.eu\/de\/#organization"},"potentialAction":[{"@type":"SearchAction","target":{"@type":"EntryPoint","urlTemplate":"https:\/\/www.james.eu\/de\/?s={search_term_string}"},"query-input":{"@type":"PropertyValueSpecification","valueRequired":true,"valueName":"search_term_string"}}],"inLanguage":"de"},{"@type":"Organization","@id":"https:\/\/www.james.eu\/de\/#organization","name":"James B.V.","url":"https:\/\/www.james.eu\/de\/","logo":{"@type":"ImageObject","inLanguage":"de","@id":"https:\/\/www.james.eu\/de\/#\/schema\/logo\/image\/","url":"https:\/\/www.james.eu\/wp-content\/uploads\/2022\/02\/Logo-James-2021-mail-2.png","contentUrl":"https:\/\/www.james.eu\/wp-content\/uploads\/2022\/02\/Logo-James-2021-mail-2.png","width":404,"height":482,"caption":"James B.V."},"image":{"@id":"https:\/\/www.james.eu\/de\/#\/schema\/logo\/image\/"},"sameAs":["https:\/\/www.facebook.com\/James-BV-380608888706399","https:\/\/www.instagram.com\/james.eu1927\/"]}]},"product_brand":"James","product_price_amount":"269.00","product_price_currency":"EUR","og_availability":"instock","product_availability":"instock","product_retailer_item_id":"2700","product_condition":"new"},"jetpack_sharing_enabled":true,"_links":{"self":[{"href":"https:\/\/www.james.eu\/de\/wp-json\/wp\/v2\/product\/59530","targetHints":{"allow":["GET"]}}],"collection":[{"href":"https:\/\/www.james.eu\/de\/wp-json\/wp\/v2\/product"}],"about":[{"href":"https:\/\/www.james.eu\/de\/wp-json\/wp\/v2\/types\/product"}],"replies":[{"embeddable":true,"href":"https:\/\/www.james.eu\/de\/wp-json\/wp\/v2\/comments?post=59530"}],"wp:featuredmedia":[{"embeddable":true,"href":"https:\/\/www.james.eu\/de\/wp-json\/wp\/v2\/media\/59131"}],"wp:attachment":[{"href":"https:\/\/www.james.eu\/de\/wp-json\/wp\/v2\/media?parent=59530"}],"wp:term":[{"taxonomy":"product_brand","embeddable":true,"href":"https:\/\/www.james.eu\/de\/wp-json\/wp\/v2\/product_brand?post=59530"},{"taxonomy":"product_cat","embeddable":true,"href":"https:\/\/www.james.eu\/de\/wp-json\/wp\/v2\/product_cat?post=59530"},{"taxonomy":"product_tag","embeddable":true,"href":"https:\/\/www.james.eu\/de\/wp-json\/wp\/v2\/product_tag?post=59530"}],"curies":[{"name":"wp","href":"https:\/\/api.w.org\/{rel}","templated":true}]}}