{"id":20428,"date":"2021-05-06T12:49:53","date_gmt":"2021-05-18T10:39:12","guid":{"rendered":"https:\/\/www.james.eu\/producten\/premium-kombi-james-produkte-textil\/"},"modified":"2025-04-04T10:32:01","modified_gmt":"2025-04-04T08:32:01","slug":"premium-kombi-james-textil","status":"publish","type":"product","link":"https:\/\/www.james.eu\/de\/producten\/premium-kombi-james-textil\/","title":{"rendered":"Premium Kombi James &#8211; Textil"},"content":{"rendered":"<p>In diesem Set enthalten:<\/p>\n<ul>\n<li><a href=\"https:\/\/www.james.eu\/de\/produkte\/james-faserschutz-eco\/\" data-cke-saved-href=\"https:\/\/www.james.eu\/de\/produkte\/james-faserschutz-eco\/\">James Faserschutz Eco 500ml<\/a> (zum Schutzen)<\/li>\n<li><a href=\"https:\/\/www.james.eu\/de\/produkte\/james-interior-cleaner\/\" data-cke-saved-href=\"https:\/\/www.james.eu\/de\/produkte\/james-interior-cleaner\/\">James Interior Cleaner 500ml<\/a> (f\u00fcr allgemeine Wartung, Auffrischung)<\/li>\n<li><a href=\"https:\/\/www.james.eu\/de\/produkte\/james-stainwonder\/\" data-cke-saved-href=\"https:\/\/www.james.eu\/de\/produkte\/james-stainwonder\/\">James Stainwonder 250ml<\/a> (Fleckentfernung von wasserbasierten Flecken)<\/li>\n<li><a href=\"https:\/\/www.james.eu\/de\/produkte\/james-stainspray\/\" data-cke-saved-href=\"https:\/\/www.james.eu\/de\/produkte\/james-stainspray\/\">James Stainspray 200ml<\/a> (Fleckentfernung von \u00d6l- und Fettflecken)<\/li>\n<li><a href=\"https:\/\/www.james.eu\/de\/produkte\/james-fleckenscheibe\/\" data-cke-saved-href=\"https:\/\/www.james.eu\/de\/produkte\/james-fleckenscheibe\/\">James Fleckenscheibe<\/a> (L\u00f6sungen f\u00fcr \u00fcber 80 Flecken)<\/li>\n<li><a href=\"https:\/\/www.james.eu\/de\/produkte\/frotteehandtuch\/\" data-cke-saved-href=\"https:\/\/www.james.eu\/de\/produkte\/frotteehandtuch\/\">Frotteehandtuch<\/a><\/li>\n<\/ul>\n<p>&nbsp;<\/p>\n<p>Detaillierte Produktinformationen finden Sie auf den jeweiligen Produktseiten.<\/p>\n<p><em>Tipp: Eine Flasche James Fiber Faserschutz Eco reicht f\u00fcr ca. 5 &#8211; 10 m\u00b2 (abh\u00e4ngig von der Saugf\u00e4higkeit des zu behandelnden Materials). M\u00fcssen Sie ein gr\u00f6\u00dferes Gebiet abdecken? Vergessen Sie nicht, Ihrer Bestellung eine oder mehrere zus\u00e4tzliche Flasche(n) <a href=\"https:\/\/www.james.eu\/de\/produkte\/james-faserschutz-eco\/\" data-cke-saved-href=\"https:\/\/www.james.eu\/de\/produkte\/james-faserschutz-eco\/\">James Faserschutz Eco <\/a>beizuf\u00fcgen! <\/em><\/p>\n","protected":false},"excerpt":{"rendered":"<p style=\"text-align: left;\"><strong>Ein Premium Set mit den vier wichtigsten James Produkten<\/strong><\/p>\n<p style=\"text-align: left;\">Holen Sie sich alles was Sie brauchen, um Ihren Teppich, Ihre Couch, Ihr Sofa, Ihren Stuhl, Ihr Bett oder das Innere Ihres Autos sch\u00f6n und sauber zu halten. Die wertvolle Erg\u00e4nzung zu diesem Set ist der James Faserschutz Eco: Mit ihm k\u00f6nnen Sie Ihre Textilien vorbeugend, wirklich geruchlos und auf absolut umweltfreundliche und sichere Weise sch\u00fctzen.<\/p>\n<p style=\"text-align: left;\">Die vier wichtigsten James Produkte f\u00fcr Teppich und Polster zur Pflege, Fleckentfernung und zum vorbeugenden Schutz. Ebenfalls enthalten sind eine James Fleckenscheibe und ein Frotteehandtuch (kostenlos). Verpackt in einer stabilen James-Box.<\/p>\n","protected":false},"featured_media":59196,"comment_status":"open","ping_status":"closed","template":"","meta":{"ocean_post_layout":"","ocean_both_sidebars_style":"","ocean_both_sidebars_content_width":0,"ocean_both_sidebars_sidebars_width":0,"ocean_sidebar":"0","ocean_second_sidebar":"0","ocean_disable_margins":"enable","ocean_add_body_class":"","ocean_shortcode_before_top_bar":"","ocean_shortcode_after_top_bar":"","ocean_shortcode_before_header":"","ocean_shortcode_after_header":"","ocean_has_shortcode":"","ocean_shortcode_after_title":"","ocean_shortcode_before_footer_widgets":"","ocean_shortcode_after_footer_widgets":"","ocean_shortcode_before_footer_bottom":"","ocean_shortcode_after_footer_bottom":"","ocean_display_top_bar":"default","ocean_display_header":"default","ocean_header_style":"","ocean_center_header_left_menu":"0","ocean_custom_header_template":"0","ocean_custom_logo":0,"ocean_custom_retina_logo":0,"ocean_custom_logo_max_width":0,"ocean_custom_logo_tablet_max_width":0,"ocean_custom_logo_mobile_max_width":0,"ocean_custom_logo_max_height":0,"ocean_custom_logo_tablet_max_height":0,"ocean_custom_logo_mobile_max_height":0,"ocean_header_custom_menu":"0","ocean_menu_typo_font_family":"0","ocean_menu_typo_font_subset":"","ocean_menu_typo_font_size":0,"ocean_menu_typo_font_size_tablet":0,"ocean_menu_typo_font_size_mobile":0,"ocean_menu_typo_font_size_unit":"px","ocean_menu_typo_font_weight":"","ocean_menu_typo_font_weight_tablet":"","ocean_menu_typo_font_weight_mobile":"","ocean_menu_typo_transform":"","ocean_menu_typo_transform_tablet":"","ocean_menu_typo_transform_mobile":"","ocean_menu_typo_line_height":0,"ocean_menu_typo_line_height_tablet":0,"ocean_menu_typo_line_height_mobile":0,"ocean_menu_typo_line_height_unit":"","ocean_menu_typo_spacing":0,"ocean_menu_typo_spacing_tablet":0,"ocean_menu_typo_spacing_mobile":0,"ocean_menu_typo_spacing_unit":"","ocean_menu_link_color":"","ocean_menu_link_color_hover":"","ocean_menu_link_color_active":"","ocean_menu_link_background":"","ocean_menu_link_hover_background":"","ocean_menu_link_active_background":"","ocean_menu_social_links_bg":"","ocean_menu_social_hover_links_bg":"","ocean_menu_social_links_color":"","ocean_menu_social_hover_links_color":"","ocean_disable_title":"default","ocean_disable_heading":"default","ocean_post_title":"","ocean_post_subheading":"","ocean_post_title_style":"","ocean_post_title_background_color":"","ocean_post_title_background":0,"ocean_post_title_bg_image_position":"","ocean_post_title_bg_image_attachment":"","ocean_post_title_bg_image_repeat":"","ocean_post_title_bg_image_size":"","ocean_post_title_height":0,"ocean_post_title_bg_overlay":0.5,"ocean_post_title_bg_overlay_color":"","ocean_disable_breadcrumbs":"default","ocean_breadcrumbs_color":"","ocean_breadcrumbs_separator_color":"","ocean_breadcrumbs_links_color":"","ocean_breadcrumbs_links_hover_color":"","ocean_display_footer_widgets":"default","ocean_display_footer_bottom":"default","ocean_custom_footer_template":"0","osh_disable_topbar_sticky":"default","osh_disable_header_sticky":"default","osh_sticky_header_style":"default","osh_sticky_header_effect":"","osh_custom_sticky_logo":0,"osh_custom_retina_sticky_logo":0,"osh_custom_sticky_logo_height":0,"osh_background_color":"","osh_links_color":"","osh_links_hover_color":"","osh_links_active_color":"","osh_links_bg_color":"","osh_links_hover_bg_color":"","osh_links_active_bg_color":"","osh_menu_social_links_color":"","osh_menu_social_hover_links_color":"","deny_import_in_micro_website":""},"product_brand":[],"product_cat":[1645,1657],"product_tag":[],"class_list":{"0":"post-20428","1":"product","2":"type-product","3":"status-publish","4":"has-post-thumbnail","6":"product_cat-moebelstoff","7":"product_cat-teppich-vorleger","9":"entry","10":"has-media","12":"first","13":"instock","14":"sale","15":"taxable","16":"shipping-taxable","17":"purchasable","18":"product-type-simple","19":"col","20":"span_1_of_3","21":"owp-content-center","22":"owp-thumbs-layout-horizontal","23":"owp-btn-very-big","24":"owp-tabs-layout-vertical","25":"has-no-thumbnails"},"acf":[],"yoast_head":"<!-- This site is optimized with the Yoast SEO Premium plugin v20.1 (Yoast SEO v25.3.1) - https:\/\/yoast.com\/wordpress\/plugins\/seo\/ -->\n<title>Premium Kombi James - Textil - James B.V.<\/title>\n<meta name=\"robots\" content=\"index, follow, max-snippet:-1, max-image-preview:large, max-video-preview:-1\" \/>\n<link rel=\"canonical\" href=\"https:\/\/www.james.eu\/de\/producten\/premium-kombi-james-textil\/\" \/>\n<meta property=\"og:locale\" content=\"de_DE\" \/>\n<meta property=\"og:type\" content=\"article\" \/>\n<meta property=\"og:title\" content=\"Premium Kombi James - Textil\" \/>\n<meta property=\"og:description\" content=\"Ein Premium Set mit den vier wichtigsten James Produkten Holen Sie sich alles was Sie brauchen, um Ihren Teppich, Ihre Couch, Ihr Sofa, Ihren Stuhl, Ihr Bett oder das Innere Ihres Autos sch\u00f6n und sauber zu halten. Die wertvolle Erg\u00e4nzung zu diesem Set ist der James Faserschutz Eco: Mit ihm k\u00f6nnen Sie Ihre Textilien vorbeugend, wirklich geruchlos und auf absolut umweltfreundliche und sichere Weise sch\u00fctzen. Die vier wichtigsten James Produkte f\u00fcr Teppich und Polster zur Pflege, Fleckentfernung und zum vorbeugenden Schutz. Ebenfalls enthalten sind eine James Fleckenscheibe und ein Frotteehandtuch (kostenlos). Verpackt in einer stabilen James-Box.\" \/>\n<meta property=\"og:url\" content=\"https:\/\/www.james.eu\/de\/producten\/premium-kombi-james-textil\/\" \/>\n<meta property=\"og:site_name\" content=\"James B.V.\" \/>\n<meta property=\"article:publisher\" content=\"https:\/\/www.facebook.com\/James-BV-380608888706399\" \/>\n<meta property=\"article:modified_time\" content=\"2025-04-04T08:32:01+00:00\" \/>\n<meta property=\"og:image\" content=\"https:\/\/www.james.eu\/wp-content\/uploads\/2021\/05\/Premium-Set-James-Textiel.jpg\" \/>\n\t<meta property=\"og:image:width\" content=\"800\" \/>\n\t<meta property=\"og:image:height\" content=\"1000\" \/>\n\t<meta property=\"og:image:type\" content=\"image\/jpeg\" \/>\n<meta name=\"twitter:card\" content=\"summary_large_image\" \/>\n<meta name=\"twitter:label1\" content=\"Preis\" \/>\n\t<meta name=\"twitter:data1\" content=\"&euro;&nbsp;74,95\" \/>\n\t<meta name=\"twitter:label2\" content=\"Availability\" \/>\n\t<meta name=\"twitter:data2\" content=\"In stock\" \/>\n<script type=\"application\/ld+json\" class=\"yoast-schema-graph\">{\"@context\":\"https:\/\/schema.org\",\"@graph\":[{\"@type\":\"WebPage\",\"@id\":\"https:\/\/www.james.eu\/de\/producten\/premium-kombi-james-textil\/\",\"url\":\"https:\/\/www.james.eu\/de\/producten\/premium-kombi-james-textil\/\",\"name\":\"Premium Kombi James - Textil - James B.V.\",\"isPartOf\":{\"@id\":\"https:\/\/www.james.eu\/de\/#website\"},\"primaryImageOfPage\":{\"@id\":\"https:\/\/www.james.eu\/de\/producten\/premium-kombi-james-textil\/#primaryimage\"},\"image\":{\"@id\":\"https:\/\/www.james.eu\/de\/producten\/premium-kombi-james-textil\/#primaryimage\"},\"thumbnailUrl\":\"https:\/\/www.james.eu\/wp-content\/uploads\/2021\/05\/Premium-Set-James-Textiel.jpg\",\"datePublished\":\"2021-05-18T10:39:12+00:00\",\"dateModified\":\"2025-04-04T08:32:01+00:00\",\"breadcrumb\":{\"@id\":\"https:\/\/www.james.eu\/de\/producten\/premium-kombi-james-textil\/#breadcrumb\"},\"inLanguage\":\"de\",\"potentialAction\":[{\"@type\":\"ReadAction\",\"target\":[\"https:\/\/www.james.eu\/de\/producten\/premium-kombi-james-textil\/\"]}]},{\"@type\":\"ImageObject\",\"inLanguage\":\"de\",\"@id\":\"https:\/\/www.james.eu\/de\/producten\/premium-kombi-james-textil\/#primaryimage\",\"url\":\"https:\/\/www.james.eu\/wp-content\/uploads\/2021\/05\/Premium-Set-James-Textiel.jpg\",\"contentUrl\":\"https:\/\/www.james.eu\/wp-content\/uploads\/2021\/05\/Premium-Set-James-Textiel.jpg\",\"width\":800,\"height\":1000,\"caption\":\"Premium Kombi James Textil\"},{\"@type\":\"BreadcrumbList\",\"@id\":\"https:\/\/www.james.eu\/de\/producten\/premium-kombi-james-textil\/#breadcrumb\",\"itemListElement\":[{\"@type\":\"ListItem\",\"position\":1,\"name\":\"Home\",\"item\":\"https:\/\/www.james.eu\/de\/homepage-de\/\"},{\"@type\":\"ListItem\",\"position\":2,\"name\":\"Produkte\",\"item\":\"https:\/\/www.james.eu\/de\/produkte\/\"},{\"@type\":\"ListItem\",\"position\":3,\"name\":\"Premium Kombi James &#8211; Textil\"}]},{\"@type\":\"WebSite\",\"@id\":\"https:\/\/www.james.eu\/de\/#website\",\"url\":\"https:\/\/www.james.eu\/de\/\",\"name\":\"James B.V.\",\"description\":\"The Finishing Touch\",\"publisher\":{\"@id\":\"https:\/\/www.james.eu\/de\/#organization\"},\"potentialAction\":[{\"@type\":\"SearchAction\",\"target\":{\"@type\":\"EntryPoint\",\"urlTemplate\":\"https:\/\/www.james.eu\/de\/?s={search_term_string}\"},\"query-input\":{\"@type\":\"PropertyValueSpecification\",\"valueRequired\":true,\"valueName\":\"search_term_string\"}}],\"inLanguage\":\"de\"},{\"@type\":\"Organization\",\"@id\":\"https:\/\/www.james.eu\/de\/#organization\",\"name\":\"James B.V.\",\"url\":\"https:\/\/www.james.eu\/de\/\",\"logo\":{\"@type\":\"ImageObject\",\"inLanguage\":\"de\",\"@id\":\"https:\/\/www.james.eu\/de\/#\/schema\/logo\/image\/\",\"url\":\"https:\/\/www.james.eu\/wp-content\/uploads\/2022\/02\/Logo-James-2021-mail-2.png\",\"contentUrl\":\"https:\/\/www.james.eu\/wp-content\/uploads\/2022\/02\/Logo-James-2021-mail-2.png\",\"width\":404,\"height\":482,\"caption\":\"James B.V.\"},\"image\":{\"@id\":\"https:\/\/www.james.eu\/de\/#\/schema\/logo\/image\/\"},\"sameAs\":[\"https:\/\/www.facebook.com\/James-BV-380608888706399\",\"https:\/\/www.instagram.com\/james.eu1927\/\"]}]}<\/script>\n<meta property=\"product:brand\" content=\"James\" \/>\n<meta property=\"product:price:amount\" content=\"74.95\" \/>\n<meta property=\"product:price:currency\" content=\"EUR\" \/>\n<meta property=\"og:availability\" content=\"instock\" \/>\n<meta property=\"product:availability\" content=\"instock\" \/>\n<meta property=\"product:retailer_item_id\" content=\"8026\" \/>\n<meta property=\"product:condition\" content=\"new\" \/>\n<!-- \/ Yoast SEO Premium plugin. -->","yoast_head_json":{"title":"Premium Kombi James - Textil - James B.V.","robots":{"index":"index","follow":"follow","max-snippet":"max-snippet:-1","max-image-preview":"max-image-preview:large","max-video-preview":"max-video-preview:-1"},"canonical":"https:\/\/www.james.eu\/de\/producten\/premium-kombi-james-textil\/","og_locale":"de_DE","og_type":"article","og_title":"Premium Kombi James - Textil","og_description":"Ein Premium Set mit den vier wichtigsten James Produkten Holen Sie sich alles was Sie brauchen, um Ihren Teppich, Ihre Couch, Ihr Sofa, Ihren Stuhl, Ihr Bett oder das Innere Ihres Autos sch\u00f6n und sauber zu halten. Die wertvolle Erg\u00e4nzung zu diesem Set ist der James Faserschutz Eco: Mit ihm k\u00f6nnen Sie Ihre Textilien vorbeugend, wirklich geruchlos und auf absolut umweltfreundliche und sichere Weise sch\u00fctzen. Die vier wichtigsten James Produkte f\u00fcr Teppich und Polster zur Pflege, Fleckentfernung und zum vorbeugenden Schutz. Ebenfalls enthalten sind eine James Fleckenscheibe und ein Frotteehandtuch (kostenlos). Verpackt in einer stabilen James-Box.","og_url":"https:\/\/www.james.eu\/de\/producten\/premium-kombi-james-textil\/","og_site_name":"James B.V.","article_publisher":"https:\/\/www.facebook.com\/James-BV-380608888706399","article_modified_time":"2025-04-04T08:32:01+00:00","og_image":[{"width":800,"height":1000,"url":"https:\/\/www.james.eu\/wp-content\/uploads\/2021\/05\/Premium-Set-James-Textiel.jpg","type":"image\/jpeg"}],"twitter_card":"summary_large_image","twitter_misc":{"Preis":"&euro;&nbsp;74,95","Availability":"In stock"},"schema":{"@context":"https:\/\/schema.org","@graph":[{"@type":"WebPage","@id":"https:\/\/www.james.eu\/de\/producten\/premium-kombi-james-textil\/","url":"https:\/\/www.james.eu\/de\/producten\/premium-kombi-james-textil\/","name":"Premium Kombi James - Textil - James B.V.","isPartOf":{"@id":"https:\/\/www.james.eu\/de\/#website"},"primaryImageOfPage":{"@id":"https:\/\/www.james.eu\/de\/producten\/premium-kombi-james-textil\/#primaryimage"},"image":{"@id":"https:\/\/www.james.eu\/de\/producten\/premium-kombi-james-textil\/#primaryimage"},"thumbnailUrl":"https:\/\/www.james.eu\/wp-content\/uploads\/2021\/05\/Premium-Set-James-Textiel.jpg","datePublished":"2021-05-18T10:39:12+00:00","dateModified":"2025-04-04T08:32:01+00:00","breadcrumb":{"@id":"https:\/\/www.james.eu\/de\/producten\/premium-kombi-james-textil\/#breadcrumb"},"inLanguage":"de","potentialAction":[{"@type":"ReadAction","target":["https:\/\/www.james.eu\/de\/producten\/premium-kombi-james-textil\/"]}]},{"@type":"ImageObject","inLanguage":"de","@id":"https:\/\/www.james.eu\/de\/producten\/premium-kombi-james-textil\/#primaryimage","url":"https:\/\/www.james.eu\/wp-content\/uploads\/2021\/05\/Premium-Set-James-Textiel.jpg","contentUrl":"https:\/\/www.james.eu\/wp-content\/uploads\/2021\/05\/Premium-Set-James-Textiel.jpg","width":800,"height":1000,"caption":"Premium Kombi James Textil"},{"@type":"BreadcrumbList","@id":"https:\/\/www.james.eu\/de\/producten\/premium-kombi-james-textil\/#breadcrumb","itemListElement":[{"@type":"ListItem","position":1,"name":"Home","item":"https:\/\/www.james.eu\/de\/homepage-de\/"},{"@type":"ListItem","position":2,"name":"Produkte","item":"https:\/\/www.james.eu\/de\/produkte\/"},{"@type":"ListItem","position":3,"name":"Premium Kombi James &#8211; Textil"}]},{"@type":"WebSite","@id":"https:\/\/www.james.eu\/de\/#website","url":"https:\/\/www.james.eu\/de\/","name":"James B.V.","description":"The Finishing Touch","publisher":{"@id":"https:\/\/www.james.eu\/de\/#organization"},"potentialAction":[{"@type":"SearchAction","target":{"@type":"EntryPoint","urlTemplate":"https:\/\/www.james.eu\/de\/?s={search_term_string}"},"query-input":{"@type":"PropertyValueSpecification","valueRequired":true,"valueName":"search_term_string"}}],"inLanguage":"de"},{"@type":"Organization","@id":"https:\/\/www.james.eu\/de\/#organization","name":"James B.V.","url":"https:\/\/www.james.eu\/de\/","logo":{"@type":"ImageObject","inLanguage":"de","@id":"https:\/\/www.james.eu\/de\/#\/schema\/logo\/image\/","url":"https:\/\/www.james.eu\/wp-content\/uploads\/2022\/02\/Logo-James-2021-mail-2.png","contentUrl":"https:\/\/www.james.eu\/wp-content\/uploads\/2022\/02\/Logo-James-2021-mail-2.png","width":404,"height":482,"caption":"James B.V."},"image":{"@id":"https:\/\/www.james.eu\/de\/#\/schema\/logo\/image\/"},"sameAs":["https:\/\/www.facebook.com\/James-BV-380608888706399","https:\/\/www.instagram.com\/james.eu1927\/"]}]},"product_brand":"James","product_price_amount":"74.95","product_price_currency":"EUR","og_availability":"instock","product_availability":"instock","product_retailer_item_id":"8026","product_condition":"new"},"jetpack_sharing_enabled":true,"_links":{"self":[{"href":"https:\/\/www.james.eu\/de\/wp-json\/wp\/v2\/product\/20428","targetHints":{"allow":["GET"]}}],"collection":[{"href":"https:\/\/www.james.eu\/de\/wp-json\/wp\/v2\/product"}],"about":[{"href":"https:\/\/www.james.eu\/de\/wp-json\/wp\/v2\/types\/product"}],"replies":[{"embeddable":true,"href":"https:\/\/www.james.eu\/de\/wp-json\/wp\/v2\/comments?post=20428"}],"wp:featuredmedia":[{"embeddable":true,"href":"https:\/\/www.james.eu\/de\/wp-json\/wp\/v2\/media\/59196"}],"wp:attachment":[{"href":"https:\/\/www.james.eu\/de\/wp-json\/wp\/v2\/media?parent=20428"}],"wp:term":[{"taxonomy":"product_brand","embeddable":true,"href":"https:\/\/www.james.eu\/de\/wp-json\/wp\/v2\/product_brand?post=20428"},{"taxonomy":"product_cat","embeddable":true,"href":"https:\/\/www.james.eu\/de\/wp-json\/wp\/v2\/product_cat?post=20428"},{"taxonomy":"product_tag","embeddable":true,"href":"https:\/\/www.james.eu\/de\/wp-json\/wp\/v2\/product_tag?post=20428"}],"curies":[{"name":"wp","href":"https:\/\/api.w.org\/{rel}","templated":true}]}}