{"id":20407,"date":"2020-08-07T09:31:01","date_gmt":"2021-05-18T07:43:46","guid":{"rendered":"https:\/\/www.james.eu\/producten\/james-bodenreiniger-schutz-pflege-flasche-b\/"},"modified":"2025-04-04T10:32:01","modified_gmt":"2025-04-04T08:32:01","slug":"james-bodenreiniger-schutz-pflege-b","status":"publish","type":"product","link":"https:\/\/www.james.eu\/de\/producten\/james-bodenreiniger-schutz-pflege-b\/","title":{"rendered":"James Bodenreiniger Schutz &amp; Pflege (Flasche B)"},"content":{"rendered":"<p><strong>James Bodenreiniger Schutz &amp; Pflege<\/strong> ist ein Reinigungs- und Pflegemittel in einem und eignet sich f\u00fcr alle anderen feuchtigkeitsbest\u00e4ndigen Hartb\u00f6den.<\/p>\n<p>Dieser Reiniger, Flasche B in unserem <a href=\"https:\/\/www.james.eu\/de\/produktfinder\/\">Produktfinder<\/a>, bietet die folgenden Eigenschaften:<\/p>\n<ul>\n<li>Entfernt Schmutz einfach w\u00e4hrend des Wischens<\/li>\n<li>Dieses Produkt hinterl\u00e4sst eine Schutzschicht auf Ihrem Boden und verl\u00e4ngert somit die Lebensdauer Ihres Bodens<\/li>\n<li>James Bodeneiniger Schutz &amp; Pflege kann oberfl\u00e4chliche Kratzer und Streifen entfernen<\/li>\n<li>Schmutzabweisend und rutschhemmend<\/li>\n<li>Erzeugt ein mattes Aussehen Ihres Bodens<\/li>\n<li>James ist stolz auf die A.I.S.E. Zertifizierung und dass es biologisch abbaubar ist<\/li>\n<li>Auch verf\u00fcgbar in <a href=\"https:\/\/www.james.eu\/de\/produkte\/james-bodenreiniger-schutz-pflege-kanister\/\">10 L Kanister<\/a><\/li>\n<\/ul>\n<p>Da dieser Reiniger auch den Boden repariert, dauert es l\u00e4nger, bis er getrocknet ist, ca. 45 Min., und der Boden darf NICHT betreten werden.<\/p>\n","protected":false},"excerpt":{"rendered":"<p><strong>Entfernen von oberfl\u00e4chlichen Kratzern beim Wischen<\/strong><\/p>\n<p>James Bodenreiniger Schutz &amp; Pflege ist ein Reinigungs- und Pflegeprodukt in einem. Oberfl\u00e4chliche Kratzer und Schlieren werden ausgebessert. Ideales Produkt, wenn Ihr Boden oberfl\u00e4chliche Kratzer und Streifen aufweist oder wenn eine Schutzschicht wie James Seidenmatt oder James Extra Matt nicht m\u00f6glich oder erw\u00fcnscht ist.<\/p>\n<p><strong>TIPP!<\/strong> F\u00fcr die T\u00e4gliche Reinigung ist <a href=\"https:\/\/www.james.eu\/nl\/producten\/vloerreiniger-schoon-snel-droog-a\/\">James Bodenreiniger Sauber &amp; Schnelltrocknend<\/a> am besten geeignet.<br \/>\nVerwenden Sie eine gesamte Flasche James Bodenreiniger Schutz &amp; Pflege (die oberfl\u00e4chlichen Kratzer sollten auf jeden Fall schon verschwunden sein) und verwenden Sie anschlie\u00dfend wieder James Bodenreiniger Sauber &amp; Schnelltrocknend.<\/p>\n","protected":false},"featured_media":17748,"comment_status":"open","ping_status":"closed","template":"","meta":{"ocean_post_layout":"","ocean_both_sidebars_style":"","ocean_both_sidebars_content_width":0,"ocean_both_sidebars_sidebars_width":0,"ocean_sidebar":"0","ocean_second_sidebar":"0","ocean_disable_margins":"enable","ocean_add_body_class":"","ocean_shortcode_before_top_bar":"","ocean_shortcode_after_top_bar":"","ocean_shortcode_before_header":"","ocean_shortcode_after_header":"","ocean_has_shortcode":"","ocean_shortcode_after_title":"","ocean_shortcode_before_footer_widgets":"","ocean_shortcode_after_footer_widgets":"","ocean_shortcode_before_footer_bottom":"","ocean_shortcode_after_footer_bottom":"","ocean_display_top_bar":"default","ocean_display_header":"default","ocean_header_style":"","ocean_center_header_left_menu":"0","ocean_custom_header_template":"0","ocean_custom_logo":0,"ocean_custom_retina_logo":0,"ocean_custom_logo_max_width":0,"ocean_custom_logo_tablet_max_width":0,"ocean_custom_logo_mobile_max_width":0,"ocean_custom_logo_max_height":0,"ocean_custom_logo_tablet_max_height":0,"ocean_custom_logo_mobile_max_height":0,"ocean_header_custom_menu":"0","ocean_menu_typo_font_family":"0","ocean_menu_typo_font_subset":"","ocean_menu_typo_font_size":0,"ocean_menu_typo_font_size_tablet":0,"ocean_menu_typo_font_size_mobile":0,"ocean_menu_typo_font_size_unit":"px","ocean_menu_typo_font_weight":"","ocean_menu_typo_font_weight_tablet":"","ocean_menu_typo_font_weight_mobile":"","ocean_menu_typo_transform":"","ocean_menu_typo_transform_tablet":"","ocean_menu_typo_transform_mobile":"","ocean_menu_typo_line_height":0,"ocean_menu_typo_line_height_tablet":0,"ocean_menu_typo_line_height_mobile":0,"ocean_menu_typo_line_height_unit":"","ocean_menu_typo_spacing":0,"ocean_menu_typo_spacing_tablet":0,"ocean_menu_typo_spacing_mobile":0,"ocean_menu_typo_spacing_unit":"","ocean_menu_link_color":"","ocean_menu_link_color_hover":"","ocean_menu_link_color_active":"","ocean_menu_link_background":"","ocean_menu_link_hover_background":"","ocean_menu_link_active_background":"","ocean_menu_social_links_bg":"","ocean_menu_social_hover_links_bg":"","ocean_menu_social_links_color":"","ocean_menu_social_hover_links_color":"","ocean_disable_title":"default","ocean_disable_heading":"default","ocean_post_title":"","ocean_post_subheading":"","ocean_post_title_style":"","ocean_post_title_background_color":"","ocean_post_title_background":0,"ocean_post_title_bg_image_position":"","ocean_post_title_bg_image_attachment":"","ocean_post_title_bg_image_repeat":"","ocean_post_title_bg_image_size":"","ocean_post_title_height":0,"ocean_post_title_bg_overlay":0.5,"ocean_post_title_bg_overlay_color":"","ocean_disable_breadcrumbs":"default","ocean_breadcrumbs_color":"","ocean_breadcrumbs_separator_color":"","ocean_breadcrumbs_links_color":"","ocean_breadcrumbs_links_hover_color":"","ocean_display_footer_widgets":"default","ocean_display_footer_bottom":"default","ocean_custom_footer_template":"0","osh_disable_topbar_sticky":"default","osh_disable_header_sticky":"default","osh_sticky_header_style":"default","osh_sticky_header_effect":"","osh_custom_sticky_logo":0,"osh_custom_retina_sticky_logo":0,"osh_custom_sticky_logo_height":0,"osh_background_color":"","osh_links_color":"","osh_links_hover_color":"","osh_links_active_color":"","osh_links_bg_color":"","osh_links_hover_bg_color":"","osh_links_active_bg_color":"","osh_menu_social_links_color":"","osh_menu_social_hover_links_color":"","deny_import_in_micro_website":""},"product_brand":[],"product_cat":[1640],"product_tag":[],"class_list":{"0":"post-20407","1":"product","2":"type-product","3":"status-publish","4":"has-post-thumbnail","6":"product_cat-hartboeden","8":"entry","9":"has-media","11":"first","12":"instock","13":"taxable","14":"shipping-taxable","15":"purchasable","16":"product-type-simple","17":"has-rating","18":"col","19":"span_1_of_3","20":"owp-content-center","21":"owp-thumbs-layout-horizontal","22":"owp-btn-very-big","23":"owp-tabs-layout-vertical","24":"has-no-thumbnails"},"acf":[],"yoast_head":"<!-- This site is optimized with the Yoast SEO Premium plugin v20.1 (Yoast SEO v25.3.1) - https:\/\/yoast.com\/wordpress\/plugins\/seo\/ -->\n<title>James Bodenreiniger Schutz &amp; Pflege (Flasche B) - James B.V.<\/title>\n<meta name=\"robots\" content=\"index, follow, max-snippet:-1, max-image-preview:large, max-video-preview:-1\" \/>\n<link rel=\"canonical\" href=\"https:\/\/www.james.eu\/de\/producten\/james-bodenreiniger-schutz-pflege-b\/\" \/>\n<meta property=\"og:locale\" content=\"de_DE\" \/>\n<meta property=\"og:type\" content=\"article\" \/>\n<meta property=\"og:title\" content=\"James Bodenreiniger Schutz &amp; Pflege (Flasche B)\" \/>\n<meta property=\"og:description\" content=\"Entfernen von oberfl\u00e4chlichen Kratzern beim Wischen James Bodenreiniger Schutz &amp; Pflege ist ein Reinigungs- und Pflegeprodukt in einem. Oberfl\u00e4chliche Kratzer und Schlieren werden ausgebessert. Ideales Produkt, wenn Ihr Boden oberfl\u00e4chliche Kratzer und Streifen aufweist oder wenn eine Schutzschicht wie James Seidenmatt oder James Extra Matt nicht m\u00f6glich oder erw\u00fcnscht ist. TIPP! F\u00fcr die T\u00e4gliche Reinigung ist James Bodenreiniger Sauber &amp; Schnelltrocknend am besten geeignet. Verwenden Sie eine gesamte Flasche James Bodenreiniger Schutz &amp; Pflege (die oberfl\u00e4chlichen Kratzer sollten auf jeden Fall schon verschwunden sein) und verwenden Sie anschlie\u00dfend wieder James Bodenreiniger Sauber &amp; Schnelltrocknend.\" \/>\n<meta property=\"og:url\" content=\"https:\/\/www.james.eu\/de\/producten\/james-bodenreiniger-schutz-pflege-b\/\" \/>\n<meta property=\"og:site_name\" content=\"James B.V.\" \/>\n<meta property=\"article:publisher\" content=\"https:\/\/www.facebook.com\/James-BV-380608888706399\" \/>\n<meta property=\"article:modified_time\" content=\"2025-04-04T08:32:01+00:00\" \/>\n<meta property=\"og:image\" content=\"https:\/\/www.james.eu\/wp-content\/uploads\/2020\/10\/James-Vloerreiniger-Beschermt-Herstelt-1ltr.jpg\" \/>\n\t<meta property=\"og:image:width\" content=\"800\" \/>\n\t<meta property=\"og:image:height\" content=\"1000\" \/>\n\t<meta property=\"og:image:type\" content=\"image\/jpeg\" \/>\n<meta name=\"twitter:card\" content=\"summary_large_image\" \/>\n<meta name=\"twitter:label1\" content=\"Preis\" \/>\n\t<meta name=\"twitter:data1\" content=\"&euro;&nbsp;16,50\" \/>\n\t<meta name=\"twitter:label2\" content=\"Availability\" \/>\n\t<meta name=\"twitter:data2\" content=\"In stock\" \/>\n<script type=\"application\/ld+json\" class=\"yoast-schema-graph\">{\"@context\":\"https:\/\/schema.org\",\"@graph\":[{\"@type\":\"WebPage\",\"@id\":\"https:\/\/www.james.eu\/de\/producten\/james-bodenreiniger-schutz-pflege-b\/\",\"url\":\"https:\/\/www.james.eu\/de\/producten\/james-bodenreiniger-schutz-pflege-b\/\",\"name\":\"James Bodenreiniger Schutz &amp; Pflege (Flasche B) - James B.V.\",\"isPartOf\":{\"@id\":\"https:\/\/www.james.eu\/de\/#website\"},\"primaryImageOfPage\":{\"@id\":\"https:\/\/www.james.eu\/de\/producten\/james-bodenreiniger-schutz-pflege-b\/#primaryimage\"},\"image\":{\"@id\":\"https:\/\/www.james.eu\/de\/producten\/james-bodenreiniger-schutz-pflege-b\/#primaryimage\"},\"thumbnailUrl\":\"https:\/\/www.james.eu\/wp-content\/uploads\/2020\/10\/James-Vloerreiniger-Beschermt-Herstelt-1ltr.jpg\",\"datePublished\":\"2021-05-18T07:43:46+00:00\",\"dateModified\":\"2025-04-04T08:32:01+00:00\",\"breadcrumb\":{\"@id\":\"https:\/\/www.james.eu\/de\/producten\/james-bodenreiniger-schutz-pflege-b\/#breadcrumb\"},\"inLanguage\":\"de\",\"potentialAction\":[{\"@type\":\"ReadAction\",\"target\":[\"https:\/\/www.james.eu\/de\/producten\/james-bodenreiniger-schutz-pflege-b\/\"]}]},{\"@type\":\"ImageObject\",\"inLanguage\":\"de\",\"@id\":\"https:\/\/www.james.eu\/de\/producten\/james-bodenreiniger-schutz-pflege-b\/#primaryimage\",\"url\":\"https:\/\/www.james.eu\/wp-content\/uploads\/2020\/10\/James-Vloerreiniger-Beschermt-Herstelt-1ltr.jpg\",\"contentUrl\":\"https:\/\/www.james.eu\/wp-content\/uploads\/2020\/10\/James-Vloerreiniger-Beschermt-Herstelt-1ltr.jpg\",\"width\":800,\"height\":1000,\"caption\":\"James Bodenreiniger Schutz &amp; Pflege 1 ltr\"},{\"@type\":\"BreadcrumbList\",\"@id\":\"https:\/\/www.james.eu\/de\/producten\/james-bodenreiniger-schutz-pflege-b\/#breadcrumb\",\"itemListElement\":[{\"@type\":\"ListItem\",\"position\":1,\"name\":\"Home\",\"item\":\"https:\/\/www.james.eu\/de\/homepage-de\/\"},{\"@type\":\"ListItem\",\"position\":2,\"name\":\"Produkte\",\"item\":\"https:\/\/www.james.eu\/de\/produkte\/\"},{\"@type\":\"ListItem\",\"position\":3,\"name\":\"James Bodenreiniger Schutz &amp; Pflege (Flasche B)\"}]},{\"@type\":\"WebSite\",\"@id\":\"https:\/\/www.james.eu\/de\/#website\",\"url\":\"https:\/\/www.james.eu\/de\/\",\"name\":\"James B.V.\",\"description\":\"The Finishing Touch\",\"publisher\":{\"@id\":\"https:\/\/www.james.eu\/de\/#organization\"},\"potentialAction\":[{\"@type\":\"SearchAction\",\"target\":{\"@type\":\"EntryPoint\",\"urlTemplate\":\"https:\/\/www.james.eu\/de\/?s={search_term_string}\"},\"query-input\":{\"@type\":\"PropertyValueSpecification\",\"valueRequired\":true,\"valueName\":\"search_term_string\"}}],\"inLanguage\":\"de\"},{\"@type\":\"Organization\",\"@id\":\"https:\/\/www.james.eu\/de\/#organization\",\"name\":\"James B.V.\",\"url\":\"https:\/\/www.james.eu\/de\/\",\"logo\":{\"@type\":\"ImageObject\",\"inLanguage\":\"de\",\"@id\":\"https:\/\/www.james.eu\/de\/#\/schema\/logo\/image\/\",\"url\":\"https:\/\/www.james.eu\/wp-content\/uploads\/2022\/02\/Logo-James-2021-mail-2.png\",\"contentUrl\":\"https:\/\/www.james.eu\/wp-content\/uploads\/2022\/02\/Logo-James-2021-mail-2.png\",\"width\":404,\"height\":482,\"caption\":\"James B.V.\"},\"image\":{\"@id\":\"https:\/\/www.james.eu\/de\/#\/schema\/logo\/image\/\"},\"sameAs\":[\"https:\/\/www.facebook.com\/James-BV-380608888706399\",\"https:\/\/www.instagram.com\/james.eu1927\/\"]}]}<\/script>\n<meta property=\"product:brand\" content=\"James\" \/>\n<meta property=\"product:price:amount\" content=\"16.50\" \/>\n<meta property=\"product:price:currency\" content=\"EUR\" \/>\n<meta property=\"og:availability\" content=\"instock\" \/>\n<meta property=\"product:availability\" content=\"instock\" \/>\n<meta property=\"product:retailer_item_id\" content=\"4304\" \/>\n<meta property=\"product:condition\" content=\"new\" \/>\n<!-- \/ Yoast SEO Premium plugin. -->","yoast_head_json":{"title":"James Bodenreiniger Schutz &amp; Pflege (Flasche B) - James B.V.","robots":{"index":"index","follow":"follow","max-snippet":"max-snippet:-1","max-image-preview":"max-image-preview:large","max-video-preview":"max-video-preview:-1"},"canonical":"https:\/\/www.james.eu\/de\/producten\/james-bodenreiniger-schutz-pflege-b\/","og_locale":"de_DE","og_type":"article","og_title":"James Bodenreiniger Schutz &amp; Pflege (Flasche B)","og_description":"Entfernen von oberfl\u00e4chlichen Kratzern beim Wischen James Bodenreiniger Schutz &amp; Pflege ist ein Reinigungs- und Pflegeprodukt in einem. Oberfl\u00e4chliche Kratzer und Schlieren werden ausgebessert. Ideales Produkt, wenn Ihr Boden oberfl\u00e4chliche Kratzer und Streifen aufweist oder wenn eine Schutzschicht wie James Seidenmatt oder James Extra Matt nicht m\u00f6glich oder erw\u00fcnscht ist. TIPP! F\u00fcr die T\u00e4gliche Reinigung ist James Bodenreiniger Sauber &amp; Schnelltrocknend am besten geeignet. Verwenden Sie eine gesamte Flasche James Bodenreiniger Schutz &amp; Pflege (die oberfl\u00e4chlichen Kratzer sollten auf jeden Fall schon verschwunden sein) und verwenden Sie anschlie\u00dfend wieder James Bodenreiniger Sauber &amp; Schnelltrocknend.","og_url":"https:\/\/www.james.eu\/de\/producten\/james-bodenreiniger-schutz-pflege-b\/","og_site_name":"James B.V.","article_publisher":"https:\/\/www.facebook.com\/James-BV-380608888706399","article_modified_time":"2025-04-04T08:32:01+00:00","og_image":[{"width":800,"height":1000,"url":"https:\/\/www.james.eu\/wp-content\/uploads\/2020\/10\/James-Vloerreiniger-Beschermt-Herstelt-1ltr.jpg","type":"image\/jpeg"}],"twitter_card":"summary_large_image","twitter_misc":{"Preis":"&euro;&nbsp;16,50","Availability":"In stock"},"schema":{"@context":"https:\/\/schema.org","@graph":[{"@type":"WebPage","@id":"https:\/\/www.james.eu\/de\/producten\/james-bodenreiniger-schutz-pflege-b\/","url":"https:\/\/www.james.eu\/de\/producten\/james-bodenreiniger-schutz-pflege-b\/","name":"James Bodenreiniger Schutz &amp; Pflege (Flasche B) - James B.V.","isPartOf":{"@id":"https:\/\/www.james.eu\/de\/#website"},"primaryImageOfPage":{"@id":"https:\/\/www.james.eu\/de\/producten\/james-bodenreiniger-schutz-pflege-b\/#primaryimage"},"image":{"@id":"https:\/\/www.james.eu\/de\/producten\/james-bodenreiniger-schutz-pflege-b\/#primaryimage"},"thumbnailUrl":"https:\/\/www.james.eu\/wp-content\/uploads\/2020\/10\/James-Vloerreiniger-Beschermt-Herstelt-1ltr.jpg","datePublished":"2021-05-18T07:43:46+00:00","dateModified":"2025-04-04T08:32:01+00:00","breadcrumb":{"@id":"https:\/\/www.james.eu\/de\/producten\/james-bodenreiniger-schutz-pflege-b\/#breadcrumb"},"inLanguage":"de","potentialAction":[{"@type":"ReadAction","target":["https:\/\/www.james.eu\/de\/producten\/james-bodenreiniger-schutz-pflege-b\/"]}]},{"@type":"ImageObject","inLanguage":"de","@id":"https:\/\/www.james.eu\/de\/producten\/james-bodenreiniger-schutz-pflege-b\/#primaryimage","url":"https:\/\/www.james.eu\/wp-content\/uploads\/2020\/10\/James-Vloerreiniger-Beschermt-Herstelt-1ltr.jpg","contentUrl":"https:\/\/www.james.eu\/wp-content\/uploads\/2020\/10\/James-Vloerreiniger-Beschermt-Herstelt-1ltr.jpg","width":800,"height":1000,"caption":"James Bodenreiniger Schutz &amp; Pflege 1 ltr"},{"@type":"BreadcrumbList","@id":"https:\/\/www.james.eu\/de\/producten\/james-bodenreiniger-schutz-pflege-b\/#breadcrumb","itemListElement":[{"@type":"ListItem","position":1,"name":"Home","item":"https:\/\/www.james.eu\/de\/homepage-de\/"},{"@type":"ListItem","position":2,"name":"Produkte","item":"https:\/\/www.james.eu\/de\/produkte\/"},{"@type":"ListItem","position":3,"name":"James Bodenreiniger Schutz &amp; Pflege (Flasche B)"}]},{"@type":"WebSite","@id":"https:\/\/www.james.eu\/de\/#website","url":"https:\/\/www.james.eu\/de\/","name":"James B.V.","description":"The Finishing Touch","publisher":{"@id":"https:\/\/www.james.eu\/de\/#organization"},"potentialAction":[{"@type":"SearchAction","target":{"@type":"EntryPoint","urlTemplate":"https:\/\/www.james.eu\/de\/?s={search_term_string}"},"query-input":{"@type":"PropertyValueSpecification","valueRequired":true,"valueName":"search_term_string"}}],"inLanguage":"de"},{"@type":"Organization","@id":"https:\/\/www.james.eu\/de\/#organization","name":"James B.V.","url":"https:\/\/www.james.eu\/de\/","logo":{"@type":"ImageObject","inLanguage":"de","@id":"https:\/\/www.james.eu\/de\/#\/schema\/logo\/image\/","url":"https:\/\/www.james.eu\/wp-content\/uploads\/2022\/02\/Logo-James-2021-mail-2.png","contentUrl":"https:\/\/www.james.eu\/wp-content\/uploads\/2022\/02\/Logo-James-2021-mail-2.png","width":404,"height":482,"caption":"James B.V."},"image":{"@id":"https:\/\/www.james.eu\/de\/#\/schema\/logo\/image\/"},"sameAs":["https:\/\/www.facebook.com\/James-BV-380608888706399","https:\/\/www.instagram.com\/james.eu1927\/"]}]},"product_brand":"James","product_price_amount":"16.50","product_price_currency":"EUR","og_availability":"instock","product_availability":"instock","product_retailer_item_id":"4304","product_condition":"new"},"jetpack_sharing_enabled":true,"_links":{"self":[{"href":"https:\/\/www.james.eu\/de\/wp-json\/wp\/v2\/product\/20407","targetHints":{"allow":["GET"]}}],"collection":[{"href":"https:\/\/www.james.eu\/de\/wp-json\/wp\/v2\/product"}],"about":[{"href":"https:\/\/www.james.eu\/de\/wp-json\/wp\/v2\/types\/product"}],"replies":[{"embeddable":true,"href":"https:\/\/www.james.eu\/de\/wp-json\/wp\/v2\/comments?post=20407"}],"wp:featuredmedia":[{"embeddable":true,"href":"https:\/\/www.james.eu\/de\/wp-json\/wp\/v2\/media\/17748"}],"wp:attachment":[{"href":"https:\/\/www.james.eu\/de\/wp-json\/wp\/v2\/media?parent=20407"}],"wp:term":[{"taxonomy":"product_brand","embeddable":true,"href":"https:\/\/www.james.eu\/de\/wp-json\/wp\/v2\/product_brand?post=20407"},{"taxonomy":"product_cat","embeddable":true,"href":"https:\/\/www.james.eu\/de\/wp-json\/wp\/v2\/product_cat?post=20407"},{"taxonomy":"product_tag","embeddable":true,"href":"https:\/\/www.james.eu\/de\/wp-json\/wp\/v2\/product_tag?post=20407"}],"curies":[{"name":"wp","href":"https:\/\/api.w.org\/{rel}","templated":true}]}}