{"id":65164,"date":"2022-11-02T19:54:11","date_gmt":"2022-11-02T18:54:11","guid":{"rendered":"https:\/\/www.james.eu\/pflegehinweise\/bonaparte\/"},"modified":"2022-12-18T16:35:17","modified_gmt":"2022-12-18T15:35:17","slug":"bonaparte","status":"publish","type":"page","link":"https:\/\/www.james.eu\/de\/pflegehinweise\/bonaparte\/","title":{"rendered":"Bonaparte"},"content":{"rendered":"\t\t<div data-elementor-type=\"wp-page\" data-elementor-id=\"65164\" class=\"elementor elementor-65164 elementor-64679\" data-elementor-post-type=\"page\">\n\t\t\t\t\t\t<section class=\"elementor-section elementor-top-section elementor-element elementor-element-c4d1d0a elementor-section-height-min-height animated-slow elementor-section-boxed elementor-section-height-default elementor-section-items-middle\" data-id=\"c4d1d0a\" data-element_type=\"section\" data-settings=\"{&quot;background_background&quot;:&quot;classic&quot;,&quot;jet_parallax_layout_list&quot;:[{&quot;jet_parallax_layout_image&quot;:{&quot;url&quot;:&quot;&quot;,&quot;id&quot;:&quot;&quot;,&quot;size&quot;:&quot;&quot;},&quot;_id&quot;:&quot;97970a9&quot;,&quot;jet_parallax_layout_image_tablet&quot;:{&quot;url&quot;:&quot;&quot;,&quot;id&quot;:&quot;&quot;,&quot;size&quot;:&quot;&quot;},&quot;jet_parallax_layout_image_mobile&quot;:{&quot;url&quot;:&quot;&quot;,&quot;id&quot;:&quot;&quot;,&quot;size&quot;:&quot;&quot;},&quot;jet_parallax_layout_speed&quot;:{&quot;unit&quot;:&quot;%&quot;,&quot;size&quot;:50,&quot;sizes&quot;:[]},&quot;jet_parallax_layout_type&quot;:&quot;scroll&quot;,&quot;jet_parallax_layout_direction&quot;:null,&quot;jet_parallax_layout_fx_direction&quot;:null,&quot;jet_parallax_layout_z_index&quot;:&quot;&quot;,&quot;jet_parallax_layout_bg_x&quot;:50,&quot;jet_parallax_layout_bg_x_tablet&quot;:&quot;&quot;,&quot;jet_parallax_layout_bg_x_mobile&quot;:&quot;&quot;,&quot;jet_parallax_layout_bg_y&quot;:50,&quot;jet_parallax_layout_bg_y_tablet&quot;:&quot;&quot;,&quot;jet_parallax_layout_bg_y_mobile&quot;:&quot;&quot;,&quot;jet_parallax_layout_bg_size&quot;:&quot;auto&quot;,&quot;jet_parallax_layout_bg_size_tablet&quot;:&quot;&quot;,&quot;jet_parallax_layout_bg_size_mobile&quot;:&quot;&quot;,&quot;jet_parallax_layout_animation_prop&quot;:&quot;transform&quot;,&quot;jet_parallax_layout_on&quot;:[&quot;desktop&quot;,&quot;tablet&quot;]}],&quot;animation&quot;:&quot;none&quot;}\">\n\t\t\t\t\t\t\t<div class=\"elementor-background-overlay\"><\/div>\n\t\t\t\t\t\t\t<div class=\"elementor-container elementor-column-gap-default\">\n\t\t\t\t\t<div class=\"elementor-column elementor-col-100 elementor-top-column elementor-element elementor-element-17e7e7d\" data-id=\"17e7e7d\" data-element_type=\"column\">\n\t\t\t<div class=\"elementor-widget-wrap elementor-element-populated\">\n\t\t\t\t\t\t<div class=\"elementor-element elementor-element-b71772c elementor-invisible elementor-widget elementor-widget-heading\" data-id=\"b71772c\" data-element_type=\"widget\" data-settings=\"{&quot;motion_fx_motion_fx_scrolling&quot;:&quot;yes&quot;,&quot;motion_fx_opacity_effect&quot;:&quot;yes&quot;,&quot;motion_fx_opacity_direction&quot;:&quot;out-in-out&quot;,&quot;motion_fx_opacity_range&quot;:{&quot;unit&quot;:&quot;%&quot;,&quot;size&quot;:&quot;&quot;,&quot;sizes&quot;:{&quot;start&quot;:50,&quot;end&quot;:71}},&quot;_animation&quot;:&quot;fadeInUp&quot;,&quot;_animation_delay&quot;:500,&quot;motion_fx_opacity_level&quot;:{&quot;unit&quot;:&quot;px&quot;,&quot;size&quot;:10,&quot;sizes&quot;:[]},&quot;motion_fx_devices&quot;:[&quot;desktop&quot;,&quot;tablet&quot;,&quot;mobile&quot;]}\" data-widget_type=\"heading.default\">\n\t\t\t\t<div class=\"elementor-widget-container\">\n\t\t\t<h1 class=\"elementor-heading-title elementor-size-default\">Pflegeberatung Bonaparte<\/h1>\t\t<\/div>\n\t\t\t\t<\/div>\n\t\t\t\t<div class=\"elementor-element elementor-element-566b37e elementor-invisible elementor-widget elementor-widget-heading\" data-id=\"566b37e\" data-element_type=\"widget\" data-settings=\"{&quot;motion_fx_motion_fx_scrolling&quot;:&quot;yes&quot;,&quot;motion_fx_opacity_effect&quot;:&quot;yes&quot;,&quot;motion_fx_opacity_direction&quot;:&quot;out-in-out&quot;,&quot;motion_fx_opacity_range&quot;:{&quot;unit&quot;:&quot;%&quot;,&quot;size&quot;:&quot;&quot;,&quot;sizes&quot;:{&quot;start&quot;:50,&quot;end&quot;:71}},&quot;_animation&quot;:&quot;fadeInUp&quot;,&quot;_animation_delay&quot;:1000,&quot;motion_fx_opacity_level&quot;:{&quot;unit&quot;:&quot;px&quot;,&quot;size&quot;:10,&quot;sizes&quot;:[]},&quot;motion_fx_devices&quot;:[&quot;desktop&quot;,&quot;tablet&quot;,&quot;mobile&quot;]}\" data-widget_type=\"heading.default\">\n\t\t\t\t<div class=\"elementor-widget-container\">\n\t\t\t<h2 class=\"elementor-heading-title elementor-size-default\">F\u00dcR TEPPICHE UND TEPPICHB\u00d6DEN\n<\/h2>\t\t<\/div>\n\t\t\t\t<\/div>\n\t\t\t\t\t<\/div>\n\t\t<\/div>\n\t\t\t\t\t<\/div>\n\t\t<\/section>\n\t\t\t\t<section class=\"elementor-section elementor-top-section elementor-element elementor-element-7b30b7d elementor-section-boxed elementor-section-height-default elementor-section-height-default\" data-id=\"7b30b7d\" data-element_type=\"section\" data-settings=\"{&quot;jet_parallax_layout_list&quot;:[{&quot;jet_parallax_layout_image&quot;:{&quot;url&quot;:&quot;&quot;,&quot;id&quot;:&quot;&quot;,&quot;size&quot;:&quot;&quot;},&quot;_id&quot;:&quot;93f0856&quot;,&quot;jet_parallax_layout_image_tablet&quot;:{&quot;url&quot;:&quot;&quot;,&quot;id&quot;:&quot;&quot;,&quot;size&quot;:&quot;&quot;},&quot;jet_parallax_layout_image_mobile&quot;:{&quot;url&quot;:&quot;&quot;,&quot;id&quot;:&quot;&quot;,&quot;size&quot;:&quot;&quot;},&quot;jet_parallax_layout_speed&quot;:{&quot;unit&quot;:&quot;%&quot;,&quot;size&quot;:50,&quot;sizes&quot;:[]},&quot;jet_parallax_layout_type&quot;:&quot;scroll&quot;,&quot;jet_parallax_layout_direction&quot;:null,&quot;jet_parallax_layout_fx_direction&quot;:null,&quot;jet_parallax_layout_z_index&quot;:&quot;&quot;,&quot;jet_parallax_layout_bg_x&quot;:50,&quot;jet_parallax_layout_bg_x_tablet&quot;:&quot;&quot;,&quot;jet_parallax_layout_bg_x_mobile&quot;:&quot;&quot;,&quot;jet_parallax_layout_bg_y&quot;:50,&quot;jet_parallax_layout_bg_y_tablet&quot;:&quot;&quot;,&quot;jet_parallax_layout_bg_y_mobile&quot;:&quot;&quot;,&quot;jet_parallax_layout_bg_size&quot;:&quot;auto&quot;,&quot;jet_parallax_layout_bg_size_tablet&quot;:&quot;&quot;,&quot;jet_parallax_layout_bg_size_mobile&quot;:&quot;&quot;,&quot;jet_parallax_layout_animation_prop&quot;:&quot;transform&quot;,&quot;jet_parallax_layout_on&quot;:[&quot;desktop&quot;,&quot;tablet&quot;]}]}\">\n\t\t\t\t\t\t<div class=\"elementor-container elementor-column-gap-default\">\n\t\t\t\t\t<div class=\"elementor-column elementor-col-100 elementor-top-column elementor-element elementor-element-db8ee8c\" data-id=\"db8ee8c\" data-element_type=\"column\">\n\t\t\t<div class=\"elementor-widget-wrap elementor-element-populated\">\n\t\t\t\t\t\t<div class=\"elementor-element elementor-element-01f3474 elementor-widget elementor-widget-breadcrumbs\" data-id=\"01f3474\" data-element_type=\"widget\" data-widget_type=\"breadcrumbs.default\">\n\t\t\t\t<div class=\"elementor-widget-container\">\n\t\t\t<p id=\"breadcrumbs\"><span><span><a href=\"https:\/\/www.james.eu\/de\/homepage-de\/\">Home<\/a><\/span><\/span><\/p>\t\t<\/div>\n\t\t\t\t<\/div>\n\t\t\t\t<div class=\"elementor-element elementor-element-2815a1e elementor-invisible elementor-widget elementor-widget-heading\" data-id=\"2815a1e\" data-element_type=\"widget\" data-settings=\"{&quot;_animation&quot;:&quot;fadeInLeft&quot;}\" data-widget_type=\"heading.default\">\n\t\t\t\t<div class=\"elementor-widget-container\">\n\t\t\t<h2 class=\"elementor-heading-title elementor-size-default\">PFLEGEBERATUNG BONAPARTE<\/h2>\t\t<\/div>\n\t\t\t\t<\/div>\n\t\t\t\t<div class=\"elementor-element elementor-element-4c64bac animated-slow elementor-widget-divider--view-line elementor-invisible elementor-widget elementor-widget-divider\" data-id=\"4c64bac\" data-element_type=\"widget\" data-settings=\"{&quot;_animation&quot;:&quot;fadeIn&quot;,&quot;_animation_delay&quot;:400}\" data-widget_type=\"divider.default\">\n\t\t\t\t<div class=\"elementor-widget-container\">\n\t\t\t\t\t<div class=\"elementor-divider\">\n\t\t\t<span class=\"elementor-divider-separator\">\n\t\t\t\t\t\t<\/span>\n\t\t<\/div>\n\t\t\t\t<\/div>\n\t\t\t\t<\/div>\n\t\t\t\t<div class=\"elementor-element elementor-element-2107548 elementor-invisible elementor-widget elementor-widget-text-editor\" data-id=\"2107548\" data-element_type=\"widget\" data-settings=\"{&quot;_animation&quot;:&quot;fadeInUp&quot;}\" data-widget_type=\"text-editor.default\">\n\t\t\t\t<div class=\"elementor-widget-container\">\n\t\t\t\t\t\t\t<p>James hat einen kostenlosen und einzigartigen Service: die James pers\u00f6nliche Pflegeanleitung! Dies ist eine Pflegeanleitung, die auf Ihre pers\u00f6nliche Situation zugeschnitten ist.<\/p>\n<p>James verf\u00fcgt \u00fcber ein komplettes Labor, in dem viele Teppiche, M\u00f6belstoffe und Hartb\u00f6den wie Laminat, Vinyl, PVC und LVT auf Pflege gepr\u00fcft werden. Jedes einzelne Produkt wird anhand einer standardisierten Pr\u00fcfmethode auf Pflegem\u00f6glichkeiten gepr\u00fcft: Kann der (B\u00fcrst-)Staub abgesaugt werden, welche professionellen Reinigungsmethoden sind f\u00fcr jede spezifische Qualit\u00e4t m\u00f6glich, k\u00f6nnen die James-Produkte angewendet werden usw.<\/p>\n<p>Dann kommt die Personalisierung. Sie w\u00e4hlen selbst unter anderem wo der Teppich liegt, welche Farbe er hat und ob Sie Haustiere, Kinder oder Fu\u00dfbodenheizung haben. Diese Information wird verwendet um sofort eine Stellungnahme zu generieren, zugeschnitten auf Ihre Situation zu Hause.<\/p>\n<p>M\u00f6chten Sie sehen was wir im Labor machen? Schauen Sie sich unser Video an.<\/p>\n<p>Bitte w\u00e4hlen Sie zuerst weiter unten den Teppich Hersteller und die Qualit\u00e4t, um sofort Ihre James pers\u00f6nliche Pflegeanleitung zu erhalten.<\/p>\n\t\t\t\t\t\t<\/div>\n\t\t\t\t<\/div>\n\t\t\t\t\t<\/div>\n\t\t<\/div>\n\t\t\t\t\t<\/div>\n\t\t<\/section>\n\t\t\t\t<section class=\"elementor-section elementor-top-section elementor-element elementor-element-03614f6 elementor-section-boxed elementor-section-height-default elementor-section-height-default\" data-id=\"03614f6\" data-element_type=\"section\" data-settings=\"{&quot;jet_parallax_layout_list&quot;:[]}\">\n\t\t\t\t\t\t<div class=\"elementor-container elementor-column-gap-default\">\n\t\t\t\t\t<div class=\"elementor-column elementor-col-100 elementor-top-column elementor-element elementor-element-a013f47\" data-id=\"a013f47\" data-element_type=\"column\">\n\t\t\t<div class=\"elementor-widget-wrap elementor-element-populated\">\n\t\t\t\t\t\t<div class=\"elementor-element elementor-element-427765c iframe-test elementor-widget elementor-widget-shortcode\" data-id=\"427765c\" data-element_type=\"widget\" data-widget_type=\"shortcode.default\">\n\t\t\t\t<div class=\"elementor-widget-container\">\n\t\t\t\t\t<div class=\"elementor-shortcode\"><iframe src=\"https:\/\/jamespoa.nl\/de\/pflegeanleitung\/dealer\/bonaparte\" height=\"1400\" scrolling=\"no\") title=\"Bonaparte Pflegeberatung\"><\/iframe><\/div>\n\t\t\t\t<\/div>\n\t\t\t\t<\/div>\n\t\t\t\t\t<\/div>\n\t\t<\/div>\n\t\t\t\t\t<\/div>\n\t\t<\/section>\n\t\t\t\t<\/div>\n\t\t","protected":false},"excerpt":{"rendered":"<p>Pflegeberatung Bonaparte F\u00dcR TEPPICHE UND TEPPICHB\u00d6DEN PFLEGEBERATUNG BONAPARTE James hat einen kostenlosen und einzigartigen Service: die James pers\u00f6nliche Pflegeanleitung! Dies ist eine Pflegeanleitung, die auf Ihre pers\u00f6nliche Situation zugeschnitten ist. James verf\u00fcgt \u00fcber ein komplettes Labor, in dem viele Teppiche, M\u00f6belstoffe und Hartb\u00f6den wie Laminat, Vinyl, PVC und LVT auf Pflege gepr\u00fcft werden. Jedes einzelne [&hellip;]<\/p>\n","protected":false},"author":1,"featured_media":0,"parent":55648,"menu_order":0,"comment_status":"closed","ping_status":"closed","template":"elementor_header_footer","meta":{"ocean_post_layout":"","ocean_both_sidebars_style":"","ocean_both_sidebars_content_width":0,"ocean_both_sidebars_sidebars_width":0,"ocean_sidebar":"0","ocean_second_sidebar":"0","ocean_disable_margins":"enable","ocean_add_body_class":"","ocean_shortcode_before_top_bar":"","ocean_shortcode_after_top_bar":"","ocean_shortcode_before_header":"","ocean_shortcode_after_header":"","ocean_has_shortcode":"","ocean_shortcode_after_title":"","ocean_shortcode_before_footer_widgets":"","ocean_shortcode_after_footer_widgets":"","ocean_shortcode_before_footer_bottom":"","ocean_shortcode_after_footer_bottom":"","ocean_display_top_bar":"default","ocean_display_header":"default","ocean_header_style":"","ocean_center_header_left_menu":"0","ocean_custom_header_template":"0","ocean_custom_logo":0,"ocean_custom_retina_logo":0,"ocean_custom_logo_max_width":0,"ocean_custom_logo_tablet_max_width":0,"ocean_custom_logo_mobile_max_width":0,"ocean_custom_logo_max_height":0,"ocean_custom_logo_tablet_max_height":0,"ocean_custom_logo_mobile_max_height":0,"ocean_header_custom_menu":"0","ocean_menu_typo_font_family":"0","ocean_menu_typo_font_subset":"","ocean_menu_typo_font_size":0,"ocean_menu_typo_font_size_tablet":0,"ocean_menu_typo_font_size_mobile":0,"ocean_menu_typo_font_size_unit":"px","ocean_menu_typo_font_weight":"","ocean_menu_typo_font_weight_tablet":"","ocean_menu_typo_font_weight_mobile":"","ocean_menu_typo_transform":"","ocean_menu_typo_transform_tablet":"","ocean_menu_typo_transform_mobile":"","ocean_menu_typo_line_height":0,"ocean_menu_typo_line_height_tablet":0,"ocean_menu_typo_line_height_mobile":0,"ocean_menu_typo_line_height_unit":"","ocean_menu_typo_spacing":0,"ocean_menu_typo_spacing_tablet":0,"ocean_menu_typo_spacing_mobile":0,"ocean_menu_typo_spacing_unit":"","ocean_menu_link_color":"","ocean_menu_link_color_hover":"","ocean_menu_link_color_active":"","ocean_menu_link_background":"","ocean_menu_link_hover_background":"","ocean_menu_link_active_background":"","ocean_menu_social_links_bg":"","ocean_menu_social_hover_links_bg":"","ocean_menu_social_links_color":"","ocean_menu_social_hover_links_color":"","ocean_disable_title":"default","ocean_disable_heading":"default","ocean_post_title":"","ocean_post_subheading":"","ocean_post_title_style":"","ocean_post_title_background_color":"","ocean_post_title_background":0,"ocean_post_title_bg_image_position":"","ocean_post_title_bg_image_attachment":"","ocean_post_title_bg_image_repeat":"","ocean_post_title_bg_image_size":"","ocean_post_title_height":0,"ocean_post_title_bg_overlay":0.5,"ocean_post_title_bg_overlay_color":"","ocean_disable_breadcrumbs":"default","ocean_breadcrumbs_color":"","ocean_breadcrumbs_separator_color":"","ocean_breadcrumbs_links_color":"","ocean_breadcrumbs_links_hover_color":"","ocean_display_footer_widgets":"default","ocean_display_footer_bottom":"default","ocean_custom_footer_template":"0","osh_disable_topbar_sticky":"default","osh_disable_header_sticky":"default","osh_sticky_header_style":"default","osh_sticky_header_effect":"","osh_custom_sticky_logo":0,"osh_custom_retina_sticky_logo":0,"osh_custom_sticky_logo_height":0,"osh_background_color":"","osh_links_color":"","osh_links_hover_color":"","osh_links_active_color":"","osh_links_bg_color":"","osh_links_hover_bg_color":"","osh_links_active_bg_color":"","osh_menu_social_links_color":"","osh_menu_social_hover_links_color":"","footnotes":""},"class_list":["post-65164","page","type-page","status-publish","hentry","entry","owp-thumbs-layout-horizontal","owp-btn-very-big","owp-tabs-layout-vertical","has-no-thumbnails"],"acf":[],"yoast_head":"<!-- This site is optimized with the Yoast SEO Premium plugin v20.1 (Yoast SEO v25.3.1) - https:\/\/yoast.com\/wordpress\/plugins\/seo\/ -->\n<title>Bonaparte - James B.V.<\/title>\n<meta name=\"robots\" content=\"index, follow, max-snippet:-1, max-image-preview:large, max-video-preview:-1\" \/>\n<link rel=\"canonical\" href=\"https:\/\/www.james.eu\/de\/pflegehinweise\/bonaparte\/\" \/>\n<meta property=\"og:locale\" content=\"de_DE\" \/>\n<meta property=\"og:type\" content=\"article\" \/>\n<meta property=\"og:title\" content=\"Bonaparte\" \/>\n<meta property=\"og:description\" content=\"Pflegeberatung Bonaparte F\u00dcR TEPPICHE UND TEPPICHB\u00d6DEN PFLEGEBERATUNG BONAPARTE James hat einen kostenlosen und einzigartigen Service: die James pers\u00f6nliche Pflegeanleitung! Dies ist eine Pflegeanleitung, die auf Ihre pers\u00f6nliche Situation zugeschnitten ist. James verf\u00fcgt \u00fcber ein komplettes Labor, in dem viele Teppiche, M\u00f6belstoffe und Hartb\u00f6den wie Laminat, Vinyl, PVC und LVT auf Pflege gepr\u00fcft werden. Jedes einzelne [&hellip;]\" \/>\n<meta property=\"og:url\" content=\"https:\/\/www.james.eu\/de\/pflegehinweise\/bonaparte\/\" \/>\n<meta property=\"og:site_name\" content=\"James B.V.\" \/>\n<meta property=\"article:publisher\" content=\"https:\/\/www.facebook.com\/James-BV-380608888706399\" \/>\n<meta property=\"article:modified_time\" content=\"2022-12-18T15:35:17+00:00\" \/>\n<meta property=\"og:image\" content=\"https:\/\/www.james.eu\/wp-content\/uploads\/2022\/02\/Logo-James-2021-mail-2.png\" \/>\n\t<meta property=\"og:image:width\" content=\"404\" \/>\n\t<meta property=\"og:image:height\" content=\"482\" \/>\n\t<meta property=\"og:image:type\" content=\"image\/png\" \/>\n<meta name=\"twitter:card\" content=\"summary_large_image\" \/>\n<meta name=\"twitter:label1\" content=\"Gesch\u00e4tzte Lesezeit\" \/>\n\t<meta name=\"twitter:data1\" content=\"1\u00a0Minute\" \/>\n<script type=\"application\/ld+json\" class=\"yoast-schema-graph\">{\"@context\":\"https:\/\/schema.org\",\"@graph\":[{\"@type\":\"WebPage\",\"@id\":\"https:\/\/www.james.eu\/de\/pflegehinweise\/bonaparte\/\",\"url\":\"https:\/\/www.james.eu\/de\/pflegehinweise\/bonaparte\/\",\"name\":\"Bonaparte - James B.V.\",\"isPartOf\":{\"@id\":\"https:\/\/www.james.eu\/de\/#website\"},\"datePublished\":\"2022-11-02T18:54:11+00:00\",\"dateModified\":\"2022-12-18T15:35:17+00:00\",\"breadcrumb\":{\"@id\":\"https:\/\/www.james.eu\/de\/pflegehinweise\/bonaparte\/#breadcrumb\"},\"inLanguage\":\"de\",\"potentialAction\":[{\"@type\":\"ReadAction\",\"target\":[\"https:\/\/www.james.eu\/de\/pflegehinweise\/bonaparte\/\"]}]},{\"@type\":\"BreadcrumbList\",\"@id\":\"https:\/\/www.james.eu\/de\/pflegehinweise\/bonaparte\/#breadcrumb\",\"itemListElement\":[{\"@type\":\"ListItem\",\"position\":1,\"name\":\"Home\",\"item\":\"https:\/\/www.james.eu\/de\/homepage-de\/\"},{\"@type\":\"ListItem\",\"position\":2,\"name\":\"Pflegehinweise\",\"item\":\"https:\/\/www.james.eu\/de\/onderhoudsadvies\/\"},{\"@type\":\"ListItem\",\"position\":3,\"name\":\"Bonaparte\"}]},{\"@type\":\"WebSite\",\"@id\":\"https:\/\/www.james.eu\/de\/#website\",\"url\":\"https:\/\/www.james.eu\/de\/\",\"name\":\"James B.V.\",\"description\":\"The Finishing Touch\",\"publisher\":{\"@id\":\"https:\/\/www.james.eu\/de\/#organization\"},\"potentialAction\":[{\"@type\":\"SearchAction\",\"target\":{\"@type\":\"EntryPoint\",\"urlTemplate\":\"https:\/\/www.james.eu\/de\/?s={search_term_string}\"},\"query-input\":{\"@type\":\"PropertyValueSpecification\",\"valueRequired\":true,\"valueName\":\"search_term_string\"}}],\"inLanguage\":\"de\"},{\"@type\":\"Organization\",\"@id\":\"https:\/\/www.james.eu\/de\/#organization\",\"name\":\"James B.V.\",\"url\":\"https:\/\/www.james.eu\/de\/\",\"logo\":{\"@type\":\"ImageObject\",\"inLanguage\":\"de\",\"@id\":\"https:\/\/www.james.eu\/de\/#\/schema\/logo\/image\/\",\"url\":\"https:\/\/www.james.eu\/wp-content\/uploads\/2022\/02\/Logo-James-2021-mail-2.png\",\"contentUrl\":\"https:\/\/www.james.eu\/wp-content\/uploads\/2022\/02\/Logo-James-2021-mail-2.png\",\"width\":404,\"height\":482,\"caption\":\"James B.V.\"},\"image\":{\"@id\":\"https:\/\/www.james.eu\/de\/#\/schema\/logo\/image\/\"},\"sameAs\":[\"https:\/\/www.facebook.com\/James-BV-380608888706399\",\"https:\/\/www.instagram.com\/james.eu1927\/\"]}]}<\/script>\n<!-- \/ Yoast SEO Premium plugin. -->","yoast_head_json":{"title":"Bonaparte - James B.V.","robots":{"index":"index","follow":"follow","max-snippet":"max-snippet:-1","max-image-preview":"max-image-preview:large","max-video-preview":"max-video-preview:-1"},"canonical":"https:\/\/www.james.eu\/de\/pflegehinweise\/bonaparte\/","og_locale":"de_DE","og_type":"article","og_title":"Bonaparte","og_description":"Pflegeberatung Bonaparte F\u00dcR TEPPICHE UND TEPPICHB\u00d6DEN PFLEGEBERATUNG BONAPARTE James hat einen kostenlosen und einzigartigen Service: die James pers\u00f6nliche Pflegeanleitung! Dies ist eine Pflegeanleitung, die auf Ihre pers\u00f6nliche Situation zugeschnitten ist. James verf\u00fcgt \u00fcber ein komplettes Labor, in dem viele Teppiche, M\u00f6belstoffe und Hartb\u00f6den wie Laminat, Vinyl, PVC und LVT auf Pflege gepr\u00fcft werden. Jedes einzelne [&hellip;]","og_url":"https:\/\/www.james.eu\/de\/pflegehinweise\/bonaparte\/","og_site_name":"James B.V.","article_publisher":"https:\/\/www.facebook.com\/James-BV-380608888706399","article_modified_time":"2022-12-18T15:35:17+00:00","og_image":[{"width":404,"height":482,"url":"https:\/\/www.james.eu\/wp-content\/uploads\/2022\/02\/Logo-James-2021-mail-2.png","type":"image\/png"}],"twitter_card":"summary_large_image","twitter_misc":{"Gesch\u00e4tzte Lesezeit":"1\u00a0Minute"},"schema":{"@context":"https:\/\/schema.org","@graph":[{"@type":"WebPage","@id":"https:\/\/www.james.eu\/de\/pflegehinweise\/bonaparte\/","url":"https:\/\/www.james.eu\/de\/pflegehinweise\/bonaparte\/","name":"Bonaparte - James B.V.","isPartOf":{"@id":"https:\/\/www.james.eu\/de\/#website"},"datePublished":"2022-11-02T18:54:11+00:00","dateModified":"2022-12-18T15:35:17+00:00","breadcrumb":{"@id":"https:\/\/www.james.eu\/de\/pflegehinweise\/bonaparte\/#breadcrumb"},"inLanguage":"de","potentialAction":[{"@type":"ReadAction","target":["https:\/\/www.james.eu\/de\/pflegehinweise\/bonaparte\/"]}]},{"@type":"BreadcrumbList","@id":"https:\/\/www.james.eu\/de\/pflegehinweise\/bonaparte\/#breadcrumb","itemListElement":[{"@type":"ListItem","position":1,"name":"Home","item":"https:\/\/www.james.eu\/de\/homepage-de\/"},{"@type":"ListItem","position":2,"name":"Pflegehinweise","item":"https:\/\/www.james.eu\/de\/onderhoudsadvies\/"},{"@type":"ListItem","position":3,"name":"Bonaparte"}]},{"@type":"WebSite","@id":"https:\/\/www.james.eu\/de\/#website","url":"https:\/\/www.james.eu\/de\/","name":"James B.V.","description":"The Finishing Touch","publisher":{"@id":"https:\/\/www.james.eu\/de\/#organization"},"potentialAction":[{"@type":"SearchAction","target":{"@type":"EntryPoint","urlTemplate":"https:\/\/www.james.eu\/de\/?s={search_term_string}"},"query-input":{"@type":"PropertyValueSpecification","valueRequired":true,"valueName":"search_term_string"}}],"inLanguage":"de"},{"@type":"Organization","@id":"https:\/\/www.james.eu\/de\/#organization","name":"James B.V.","url":"https:\/\/www.james.eu\/de\/","logo":{"@type":"ImageObject","inLanguage":"de","@id":"https:\/\/www.james.eu\/de\/#\/schema\/logo\/image\/","url":"https:\/\/www.james.eu\/wp-content\/uploads\/2022\/02\/Logo-James-2021-mail-2.png","contentUrl":"https:\/\/www.james.eu\/wp-content\/uploads\/2022\/02\/Logo-James-2021-mail-2.png","width":404,"height":482,"caption":"James B.V."},"image":{"@id":"https:\/\/www.james.eu\/de\/#\/schema\/logo\/image\/"},"sameAs":["https:\/\/www.facebook.com\/James-BV-380608888706399","https:\/\/www.instagram.com\/james.eu1927\/"]}]}},"jetpack_sharing_enabled":true,"_links":{"self":[{"href":"https:\/\/www.james.eu\/de\/wp-json\/wp\/v2\/pages\/65164","targetHints":{"allow":["GET"]}}],"collection":[{"href":"https:\/\/www.james.eu\/de\/wp-json\/wp\/v2\/pages"}],"about":[{"href":"https:\/\/www.james.eu\/de\/wp-json\/wp\/v2\/types\/page"}],"author":[{"embeddable":true,"href":"https:\/\/www.james.eu\/de\/wp-json\/wp\/v2\/users\/1"}],"replies":[{"embeddable":true,"href":"https:\/\/www.james.eu\/de\/wp-json\/wp\/v2\/comments?post=65164"}],"version-history":[{"count":0,"href":"https:\/\/www.james.eu\/de\/wp-json\/wp\/v2\/pages\/65164\/revisions"}],"up":[{"embeddable":true,"href":"https:\/\/www.james.eu\/de\/wp-json\/wp\/v2\/pages\/55648"}],"wp:attachment":[{"href":"https:\/\/www.james.eu\/de\/wp-json\/wp\/v2\/media?parent=65164"}],"curies":[{"name":"wp","href":"https:\/\/api.w.org\/{rel}","templated":true}]}}