{"id":6489,"date":"2020-08-21T12:51:54","date_gmt":"2020-08-21T12:51:54","guid":{"rendered":"https:\/\/www.james.eu\/ueber-james\/vita-projekt\/"},"modified":"2022-10-05T10:39:42","modified_gmt":"2022-10-05T09:39:42","slug":"vita-projekt","status":"publish","type":"page","link":"https:\/\/www.james.eu\/de\/ueber-james\/vita-projekt\/","title":{"rendered":"Vita-Projekt"},"content":{"rendered":"\t\t<div data-elementor-type=\"wp-page\" data-elementor-id=\"6489\" class=\"elementor elementor-6489 elementor-4399\" data-elementor-post-type=\"page\">\n\t\t\t\t\t\t<section class=\"elementor-section elementor-top-section elementor-element elementor-element-7de94e4 elementor-section-boxed elementor-section-height-default elementor-section-height-default\" data-id=\"7de94e4\" data-element_type=\"section\" data-settings=\"{&quot;background_background&quot;:&quot;classic&quot;,&quot;jet_parallax_layout_list&quot;:[{&quot;jet_parallax_layout_image&quot;:{&quot;url&quot;:&quot;&quot;,&quot;id&quot;:&quot;&quot;,&quot;size&quot;:&quot;&quot;},&quot;_id&quot;:&quot;401ea73&quot;,&quot;jet_parallax_layout_image_tablet&quot;:{&quot;url&quot;:&quot;&quot;,&quot;id&quot;:&quot;&quot;,&quot;size&quot;:&quot;&quot;},&quot;jet_parallax_layout_image_mobile&quot;:{&quot;url&quot;:&quot;&quot;,&quot;id&quot;:&quot;&quot;,&quot;size&quot;:&quot;&quot;},&quot;jet_parallax_layout_speed&quot;:{&quot;unit&quot;:&quot;%&quot;,&quot;size&quot;:50,&quot;sizes&quot;:[]},&quot;jet_parallax_layout_type&quot;:&quot;scroll&quot;,&quot;jet_parallax_layout_direction&quot;:null,&quot;jet_parallax_layout_fx_direction&quot;:null,&quot;jet_parallax_layout_z_index&quot;:&quot;&quot;,&quot;jet_parallax_layout_bg_x&quot;:50,&quot;jet_parallax_layout_bg_x_tablet&quot;:&quot;&quot;,&quot;jet_parallax_layout_bg_x_mobile&quot;:&quot;&quot;,&quot;jet_parallax_layout_bg_y&quot;:50,&quot;jet_parallax_layout_bg_y_tablet&quot;:&quot;&quot;,&quot;jet_parallax_layout_bg_y_mobile&quot;:&quot;&quot;,&quot;jet_parallax_layout_bg_size&quot;:&quot;auto&quot;,&quot;jet_parallax_layout_bg_size_tablet&quot;:&quot;&quot;,&quot;jet_parallax_layout_bg_size_mobile&quot;:&quot;&quot;,&quot;jet_parallax_layout_animation_prop&quot;:&quot;transform&quot;,&quot;jet_parallax_layout_on&quot;:[&quot;desktop&quot;,&quot;tablet&quot;]}]}\">\n\t\t\t\t\t\t<div class=\"elementor-container elementor-column-gap-default\">\n\t\t\t\t\t<div class=\"elementor-column elementor-col-50 elementor-top-column elementor-element elementor-element-07d5af3\" data-id=\"07d5af3\" data-element_type=\"column\">\n\t\t\t<div class=\"elementor-widget-wrap elementor-element-populated\">\n\t\t\t\t\t\t<div class=\"elementor-element elementor-element-a75c903 elementor-widget elementor-widget-heading\" data-id=\"a75c903\" data-element_type=\"widget\" data-widget_type=\"heading.default\">\n\t\t\t\t<div class=\"elementor-widget-container\">\n\t\t\t<h4 class=\"elementor-heading-title elementor-size-default\">Europ\u00e4ische Projekte<\/h4>\t\t<\/div>\n\t\t\t\t<\/div>\n\t\t\t\t<div class=\"elementor-element elementor-element-05533fa elementor-widget elementor-widget-heading\" data-id=\"05533fa\" data-element_type=\"widget\" data-widget_type=\"heading.default\">\n\t\t\t\t<div class=\"elementor-widget-container\">\n\t\t\t<h2 class=\"elementor-heading-title elementor-size-default\">Vita-Projekt<\/h2>\t\t<\/div>\n\t\t\t\t<\/div>\n\t\t\t\t<div class=\"elementor-element elementor-element-39ede8e elementor-widget-divider--view-line elementor-widget elementor-widget-divider\" data-id=\"39ede8e\" data-element_type=\"widget\" data-widget_type=\"divider.default\">\n\t\t\t\t<div class=\"elementor-widget-container\">\n\t\t\t\t\t<div class=\"elementor-divider\">\n\t\t\t<span class=\"elementor-divider-separator\">\n\t\t\t\t\t\t<\/span>\n\t\t<\/div>\n\t\t\t\t<\/div>\n\t\t\t\t<\/div>\n\t\t\t\t<div class=\"elementor-element elementor-element-b1c84b9 elementor-widget elementor-widget-text-editor\" data-id=\"b1c84b9\" data-element_type=\"widget\" data-widget_type=\"text-editor.default\">\n\t\t\t\t<div class=\"elementor-widget-container\">\n\t\t\t\t\t\t\t<p style=\"text-align: left;\">VITA ist die Abk\u00fcrzung f\u00fcr die \u201aVirtual Interior Textile Academy\u2018. Dabei handelt es sich um eine Internetakademie (e-learning), die sich mit allen Themen rund um den Teppichboden befasst. Dort stehen unter anderem Lernmodule \u00fcber die Produktion, den Verkauf, die Pflege und Reinigung von Teppichb\u00f6den Zur Verf\u00fcgung. Die Lerneinheiten k\u00f6nnen von Architekten, Mitarbeitern in Reinigungsbetrieben oder Einrichtungsh\u00e4usern etc. erworben werden.<\/p>\n<p style=\"text-align: left;\">F\u00fcr den Durchlauf eines Moduls ist der Lernende selber verantwortlich, es gibt keine Zeitvorgaben oder einen Lehrer. Das Wissen wird dem Sch\u00fcler anhand von Animationen, Fotos, \u00dcbungen und Text \u00fcbermittel, wobei das Lernen vollst\u00e4ndig dem Anwender selbst obliegt.<\/p>\n<p style=\"text-align: left;\">Die VITA-ACADEMY wurde im Januar 2006 errichtet und James hat darin die Funktion des Vorsitzenden \u00fcbernommen. Die Hauptaufgabe der VITA-ACADEMY besteht darin, den Bekanntheitsgrad der Lernmodule, die im \u00dcbrigen in vier Sprachen zur Verf\u00fcgung stehen (niederl\u00e4ndisch, englisch, deutsch und franz\u00f6sisch), innerhalb der europ\u00e4ischen Industrie zu steigern.<\/p>\n<p style=\"text-align: left;\">F\u00fcr den Inhalt der Lernmodule waren diverse wichtige europ\u00e4ische Unternehmen, Institute und Kompetenzzentren verantwortlich.<\/p>\n<p style=\"text-align: left;\">Weitere Informationen k\u00f6nnen Sie der Webseite www.vita-academy.com entnehmen. Die VITA-ACADEMY stellt das Endergebnis des gleichnamigen europ\u00e4ischen Forschungsvorhabens dar. Die Lernmodule stehen allen Interessierten seit dem Jahr 2006 zur Verf\u00fcgung, eine Anmeldung und Registrierung erfolgt \u00fcber oben genannte Internetsei<\/p>\n\t\t\t\t\t\t<\/div>\n\t\t\t\t<\/div>\n\t\t\t\t<div class=\"elementor-element elementor-element-a412da3 elementor-widget-divider--view-line elementor-widget elementor-widget-divider\" data-id=\"a412da3\" data-element_type=\"widget\" data-widget_type=\"divider.default\">\n\t\t\t\t<div class=\"elementor-widget-container\">\n\t\t\t\t\t<div class=\"elementor-divider\">\n\t\t\t<span class=\"elementor-divider-separator\">\n\t\t\t\t\t\t<\/span>\n\t\t<\/div>\n\t\t\t\t<\/div>\n\t\t\t\t<\/div>\n\t\t\t\t<div class=\"elementor-element elementor-element-edeae4a animated-slow elementor-invisible elementor-widget elementor-widget-button\" data-id=\"edeae4a\" data-element_type=\"widget\" data-settings=\"{&quot;_animation&quot;:&quot;fadeIn&quot;}\" data-widget_type=\"button.default\">\n\t\t\t\t<div class=\"elementor-widget-container\">\n\t\t\t\t\t\t\t<div class=\"elementor-button-wrapper\">\n\t\t\t\t\t<a class=\"elementor-button elementor-button-link elementor-size-sm elementor-animation-float\" href=\"https:\/\/www.james.eu\/de\/ueber-james\/\">\n\t\t\t\t\t\t<span class=\"elementor-button-content-wrapper\">\n\t\t\t\t\t\t<span class=\"elementor-button-icon\">\n\t\t\t\t<i aria-hidden=\"true\" class=\"fas fa-arrow-left\"><\/i>\t\t\t<\/span>\n\t\t\t\t\t\t\t\t\t<span class=\"elementor-button-text\">Zur\u00fcck zu \"\u00dcber James\"<\/span>\n\t\t\t\t\t<\/span>\n\t\t\t\t\t<\/a>\n\t\t\t\t<\/div>\n\t\t\t\t\t\t<\/div>\n\t\t\t\t<\/div>\n\t\t\t\t\t<\/div>\n\t\t<\/div>\n\t\t\t\t<div class=\"elementor-column elementor-col-50 elementor-top-column elementor-element elementor-element-561399d\" data-id=\"561399d\" data-element_type=\"column\">\n\t\t\t<div class=\"elementor-widget-wrap elementor-element-populated\">\n\t\t\t\t\t\t<div class=\"elementor-element elementor-element-9f646b7 elementor-invisible elementor-widget elementor-widget-image\" data-id=\"9f646b7\" data-element_type=\"widget\" data-settings=\"{&quot;_animation&quot;:&quot;fadeInRight&quot;}\" data-widget_type=\"image.default\">\n\t\t\t\t<div class=\"elementor-widget-container\">\n\t\t\t\t\t\t\t\t\t\t\t\t\t<img fetchpriority=\"high\" decoding=\"async\" width=\"605\" height=\"605\" src=\"https:\/\/www.james.eu\/wp-content\/uploads\/2020\/07\/Slider-1.jpg\" class=\"attachment-large size-large wp-image-4968\" alt=\"\" srcset=\"https:\/\/www.james.eu\/wp-content\/uploads\/2020\/07\/Slider-1.jpg 605w, https:\/\/www.james.eu\/wp-content\/uploads\/2020\/07\/Slider-1-100x100.jpg 100w, https:\/\/www.james.eu\/wp-content\/uploads\/2020\/07\/Slider-1-425x425.jpg 425w, https:\/\/www.james.eu\/wp-content\/uploads\/2020\/07\/Slider-1-300x300.jpg 300w, https:\/\/www.james.eu\/wp-content\/uploads\/2020\/07\/Slider-1-150x150.jpg 150w\" sizes=\"(max-width: 605px) 100vw, 605px\" \/>\t\t\t\t\t\t\t\t\t\t\t\t\t<\/div>\n\t\t\t\t<\/div>\n\t\t\t\t\t<\/div>\n\t\t<\/div>\n\t\t\t\t\t<\/div>\n\t\t<\/section>\n\t\t\t\t<\/div>\n\t\t","protected":false},"excerpt":{"rendered":"<p>Europ\u00e4ische Projekte Vita-Projekt VITA ist die Abk\u00fcrzung f\u00fcr die \u201aVirtual Interior Textile Academy\u2018. Dabei handelt es sich um eine Internetakademie (e-learning), die sich mit allen Themen rund um den Teppichboden befasst. Dort stehen unter anderem Lernmodule \u00fcber die Produktion, den Verkauf, die Pflege und Reinigung von Teppichb\u00f6den Zur Verf\u00fcgung. Die Lerneinheiten k\u00f6nnen von Architekten, Mitarbeitern [&hellip;]<\/p>\n","protected":false},"author":1,"featured_media":0,"parent":5588,"menu_order":0,"comment_status":"closed","ping_status":"closed","template":"elementor_header_footer","meta":{"ocean_post_layout":"","ocean_both_sidebars_style":"","ocean_both_sidebars_content_width":0,"ocean_both_sidebars_sidebars_width":0,"ocean_sidebar":"0","ocean_second_sidebar":"0","ocean_disable_margins":"on","ocean_add_body_class":"","ocean_shortcode_before_top_bar":"","ocean_shortcode_after_top_bar":"","ocean_shortcode_before_header":"","ocean_shortcode_after_header":"","ocean_has_shortcode":"","ocean_shortcode_after_title":"","ocean_shortcode_before_footer_widgets":"","ocean_shortcode_after_footer_widgets":"","ocean_shortcode_before_footer_bottom":"","ocean_shortcode_after_footer_bottom":"","ocean_display_top_bar":"default","ocean_display_header":"default","ocean_header_style":"","ocean_center_header_left_menu":"0","ocean_custom_header_template":"0","ocean_custom_logo":0,"ocean_custom_retina_logo":0,"ocean_custom_logo_max_width":0,"ocean_custom_logo_tablet_max_width":0,"ocean_custom_logo_mobile_max_width":0,"ocean_custom_logo_max_height":0,"ocean_custom_logo_tablet_max_height":0,"ocean_custom_logo_mobile_max_height":0,"ocean_header_custom_menu":"0","ocean_menu_typo_font_family":"0","ocean_menu_typo_font_subset":"","ocean_menu_typo_font_size":0,"ocean_menu_typo_font_size_tablet":0,"ocean_menu_typo_font_size_mobile":0,"ocean_menu_typo_font_size_unit":"px","ocean_menu_typo_font_weight":"","ocean_menu_typo_font_weight_tablet":"","ocean_menu_typo_font_weight_mobile":"","ocean_menu_typo_transform":"","ocean_menu_typo_transform_tablet":"","ocean_menu_typo_transform_mobile":"","ocean_menu_typo_line_height":0,"ocean_menu_typo_line_height_tablet":0,"ocean_menu_typo_line_height_mobile":0,"ocean_menu_typo_line_height_unit":"","ocean_menu_typo_spacing":0,"ocean_menu_typo_spacing_tablet":0,"ocean_menu_typo_spacing_mobile":0,"ocean_menu_typo_spacing_unit":"","ocean_menu_link_color":"","ocean_menu_link_color_hover":"","ocean_menu_link_color_active":"","ocean_menu_link_background":"","ocean_menu_link_hover_background":"","ocean_menu_link_active_background":"","ocean_menu_social_links_bg":"","ocean_menu_social_hover_links_bg":"","ocean_menu_social_links_color":"","ocean_menu_social_hover_links_color":"","ocean_disable_title":"default","ocean_disable_heading":"default","ocean_post_title":"","ocean_post_subheading":"","ocean_post_title_style":"","ocean_post_title_background_color":"","ocean_post_title_background":0,"ocean_post_title_bg_image_position":"","ocean_post_title_bg_image_attachment":"","ocean_post_title_bg_image_repeat":"","ocean_post_title_bg_image_size":"","ocean_post_title_height":0,"ocean_post_title_bg_overlay":0.5,"ocean_post_title_bg_overlay_color":"","ocean_disable_breadcrumbs":"default","ocean_breadcrumbs_color":"","ocean_breadcrumbs_separator_color":"","ocean_breadcrumbs_links_color":"","ocean_breadcrumbs_links_hover_color":"","ocean_display_footer_widgets":"default","ocean_display_footer_bottom":"default","ocean_custom_footer_template":"0","osh_disable_topbar_sticky":"default","osh_disable_header_sticky":"default","osh_sticky_header_style":"default","osh_sticky_header_effect":"","osh_custom_sticky_logo":0,"osh_custom_retina_sticky_logo":0,"osh_custom_sticky_logo_height":0,"osh_background_color":"","osh_links_color":"","osh_links_hover_color":"","osh_links_active_color":"","osh_links_bg_color":"","osh_links_hover_bg_color":"","osh_links_active_bg_color":"","osh_menu_social_links_color":"","osh_menu_social_hover_links_color":"","footnotes":""},"class_list":["post-6489","page","type-page","status-publish","hentry","entry","owp-thumbs-layout-horizontal","owp-btn-very-big","owp-tabs-layout-vertical","has-no-thumbnails"],"acf":[],"yoast_head":"<!-- This site is optimized with the Yoast SEO Premium plugin v20.1 (Yoast SEO v25.3.1) - https:\/\/yoast.com\/wordpress\/plugins\/seo\/ -->\n<title>Vita-Projekt - James B.V.<\/title>\n<meta name=\"robots\" content=\"index, follow, max-snippet:-1, max-image-preview:large, max-video-preview:-1\" \/>\n<link rel=\"canonical\" href=\"https:\/\/www.james.eu\/de\/ueber-james\/vita-projekt\/\" \/>\n<meta property=\"og:locale\" content=\"de_DE\" \/>\n<meta property=\"og:type\" content=\"article\" \/>\n<meta property=\"og:title\" content=\"Vita-Projekt\" \/>\n<meta property=\"og:description\" content=\"Europ\u00e4ische Projekte Vita-Projekt VITA ist die Abk\u00fcrzung f\u00fcr die \u201aVirtual Interior Textile Academy\u2018. Dabei handelt es sich um eine Internetakademie (e-learning), die sich mit allen Themen rund um den Teppichboden befasst. Dort stehen unter anderem Lernmodule \u00fcber die Produktion, den Verkauf, die Pflege und Reinigung von Teppichb\u00f6den Zur Verf\u00fcgung. Die Lerneinheiten k\u00f6nnen von Architekten, Mitarbeitern [&hellip;]\" \/>\n<meta property=\"og:url\" content=\"https:\/\/www.james.eu\/de\/ueber-james\/vita-projekt\/\" \/>\n<meta property=\"og:site_name\" content=\"James B.V.\" \/>\n<meta property=\"article:publisher\" content=\"https:\/\/www.facebook.com\/James-BV-380608888706399\" \/>\n<meta property=\"article:modified_time\" content=\"2022-10-05T09:39:42+00:00\" \/>\n<meta property=\"og:image\" content=\"https:\/\/www.james.eu\/wp-content\/uploads\/2020\/07\/Slider-1.jpg\" \/>\n<meta name=\"twitter:card\" content=\"summary_large_image\" \/>\n<meta name=\"twitter:label1\" content=\"Gesch\u00e4tzte Lesezeit\" \/>\n\t<meta name=\"twitter:data1\" content=\"1\u00a0Minute\" \/>\n<script type=\"application\/ld+json\" class=\"yoast-schema-graph\">{\"@context\":\"https:\/\/schema.org\",\"@graph\":[{\"@type\":\"WebPage\",\"@id\":\"https:\/\/www.james.eu\/de\/ueber-james\/vita-projekt\/\",\"url\":\"https:\/\/www.james.eu\/de\/ueber-james\/vita-projekt\/\",\"name\":\"Vita-Projekt - James B.V.\",\"isPartOf\":{\"@id\":\"https:\/\/www.james.eu\/de\/#website\"},\"primaryImageOfPage\":{\"@id\":\"https:\/\/www.james.eu\/de\/ueber-james\/vita-projekt\/#primaryimage\"},\"image\":{\"@id\":\"https:\/\/www.james.eu\/de\/ueber-james\/vita-projekt\/#primaryimage\"},\"thumbnailUrl\":\"https:\/\/www.james.eu\/wp-content\/uploads\/2020\/07\/Slider-1.jpg\",\"datePublished\":\"2020-08-21T12:51:54+00:00\",\"dateModified\":\"2022-10-05T09:39:42+00:00\",\"breadcrumb\":{\"@id\":\"https:\/\/www.james.eu\/de\/ueber-james\/vita-projekt\/#breadcrumb\"},\"inLanguage\":\"de\",\"potentialAction\":[{\"@type\":\"ReadAction\",\"target\":[\"https:\/\/www.james.eu\/de\/ueber-james\/vita-projekt\/\"]}]},{\"@type\":\"ImageObject\",\"inLanguage\":\"de\",\"@id\":\"https:\/\/www.james.eu\/de\/ueber-james\/vita-projekt\/#primaryimage\",\"url\":\"https:\/\/www.james.eu\/wp-content\/uploads\/2020\/07\/Slider-1.jpg\",\"contentUrl\":\"https:\/\/www.james.eu\/wp-content\/uploads\/2020\/07\/Slider-1.jpg\"},{\"@type\":\"BreadcrumbList\",\"@id\":\"https:\/\/www.james.eu\/de\/ueber-james\/vita-projekt\/#breadcrumb\",\"itemListElement\":[{\"@type\":\"ListItem\",\"position\":1,\"name\":\"Home\",\"item\":\"https:\/\/www.james.eu\/de\/homepage-de\/\"},{\"@type\":\"ListItem\",\"position\":2,\"name\":\"\u00dcber James\",\"item\":\"https:\/\/www.james.eu\/de\/over-james\/\"},{\"@type\":\"ListItem\",\"position\":3,\"name\":\"Vita-Projekt\"}]},{\"@type\":\"WebSite\",\"@id\":\"https:\/\/www.james.eu\/de\/#website\",\"url\":\"https:\/\/www.james.eu\/de\/\",\"name\":\"James B.V.\",\"description\":\"The Finishing Touch\",\"publisher\":{\"@id\":\"https:\/\/www.james.eu\/de\/#organization\"},\"potentialAction\":[{\"@type\":\"SearchAction\",\"target\":{\"@type\":\"EntryPoint\",\"urlTemplate\":\"https:\/\/www.james.eu\/de\/?s={search_term_string}\"},\"query-input\":{\"@type\":\"PropertyValueSpecification\",\"valueRequired\":true,\"valueName\":\"search_term_string\"}}],\"inLanguage\":\"de\"},{\"@type\":\"Organization\",\"@id\":\"https:\/\/www.james.eu\/de\/#organization\",\"name\":\"James B.V.\",\"url\":\"https:\/\/www.james.eu\/de\/\",\"logo\":{\"@type\":\"ImageObject\",\"inLanguage\":\"de\",\"@id\":\"https:\/\/www.james.eu\/de\/#\/schema\/logo\/image\/\",\"url\":\"https:\/\/www.james.eu\/wp-content\/uploads\/2022\/02\/Logo-James-2021-mail-2.png\",\"contentUrl\":\"https:\/\/www.james.eu\/wp-content\/uploads\/2022\/02\/Logo-James-2021-mail-2.png\",\"width\":404,\"height\":482,\"caption\":\"James B.V.\"},\"image\":{\"@id\":\"https:\/\/www.james.eu\/de\/#\/schema\/logo\/image\/\"},\"sameAs\":[\"https:\/\/www.facebook.com\/James-BV-380608888706399\",\"https:\/\/www.instagram.com\/james.eu1927\/\"]}]}<\/script>\n<!-- \/ Yoast SEO Premium plugin. -->","yoast_head_json":{"title":"Vita-Projekt - James B.V.","robots":{"index":"index","follow":"follow","max-snippet":"max-snippet:-1","max-image-preview":"max-image-preview:large","max-video-preview":"max-video-preview:-1"},"canonical":"https:\/\/www.james.eu\/de\/ueber-james\/vita-projekt\/","og_locale":"de_DE","og_type":"article","og_title":"Vita-Projekt","og_description":"Europ\u00e4ische Projekte Vita-Projekt VITA ist die Abk\u00fcrzung f\u00fcr die \u201aVirtual Interior Textile Academy\u2018. Dabei handelt es sich um eine Internetakademie (e-learning), die sich mit allen Themen rund um den Teppichboden befasst. Dort stehen unter anderem Lernmodule \u00fcber die Produktion, den Verkauf, die Pflege und Reinigung von Teppichb\u00f6den Zur Verf\u00fcgung. Die Lerneinheiten k\u00f6nnen von Architekten, Mitarbeitern [&hellip;]","og_url":"https:\/\/www.james.eu\/de\/ueber-james\/vita-projekt\/","og_site_name":"James B.V.","article_publisher":"https:\/\/www.facebook.com\/James-BV-380608888706399","article_modified_time":"2022-10-05T09:39:42+00:00","og_image":[{"url":"https:\/\/www.james.eu\/wp-content\/uploads\/2020\/07\/Slider-1.jpg","type":"","width":"","height":""}],"twitter_card":"summary_large_image","twitter_misc":{"Gesch\u00e4tzte Lesezeit":"1\u00a0Minute"},"schema":{"@context":"https:\/\/schema.org","@graph":[{"@type":"WebPage","@id":"https:\/\/www.james.eu\/de\/ueber-james\/vita-projekt\/","url":"https:\/\/www.james.eu\/de\/ueber-james\/vita-projekt\/","name":"Vita-Projekt - James B.V.","isPartOf":{"@id":"https:\/\/www.james.eu\/de\/#website"},"primaryImageOfPage":{"@id":"https:\/\/www.james.eu\/de\/ueber-james\/vita-projekt\/#primaryimage"},"image":{"@id":"https:\/\/www.james.eu\/de\/ueber-james\/vita-projekt\/#primaryimage"},"thumbnailUrl":"https:\/\/www.james.eu\/wp-content\/uploads\/2020\/07\/Slider-1.jpg","datePublished":"2020-08-21T12:51:54+00:00","dateModified":"2022-10-05T09:39:42+00:00","breadcrumb":{"@id":"https:\/\/www.james.eu\/de\/ueber-james\/vita-projekt\/#breadcrumb"},"inLanguage":"de","potentialAction":[{"@type":"ReadAction","target":["https:\/\/www.james.eu\/de\/ueber-james\/vita-projekt\/"]}]},{"@type":"ImageObject","inLanguage":"de","@id":"https:\/\/www.james.eu\/de\/ueber-james\/vita-projekt\/#primaryimage","url":"https:\/\/www.james.eu\/wp-content\/uploads\/2020\/07\/Slider-1.jpg","contentUrl":"https:\/\/www.james.eu\/wp-content\/uploads\/2020\/07\/Slider-1.jpg"},{"@type":"BreadcrumbList","@id":"https:\/\/www.james.eu\/de\/ueber-james\/vita-projekt\/#breadcrumb","itemListElement":[{"@type":"ListItem","position":1,"name":"Home","item":"https:\/\/www.james.eu\/de\/homepage-de\/"},{"@type":"ListItem","position":2,"name":"\u00dcber James","item":"https:\/\/www.james.eu\/de\/over-james\/"},{"@type":"ListItem","position":3,"name":"Vita-Projekt"}]},{"@type":"WebSite","@id":"https:\/\/www.james.eu\/de\/#website","url":"https:\/\/www.james.eu\/de\/","name":"James B.V.","description":"The Finishing Touch","publisher":{"@id":"https:\/\/www.james.eu\/de\/#organization"},"potentialAction":[{"@type":"SearchAction","target":{"@type":"EntryPoint","urlTemplate":"https:\/\/www.james.eu\/de\/?s={search_term_string}"},"query-input":{"@type":"PropertyValueSpecification","valueRequired":true,"valueName":"search_term_string"}}],"inLanguage":"de"},{"@type":"Organization","@id":"https:\/\/www.james.eu\/de\/#organization","name":"James B.V.","url":"https:\/\/www.james.eu\/de\/","logo":{"@type":"ImageObject","inLanguage":"de","@id":"https:\/\/www.james.eu\/de\/#\/schema\/logo\/image\/","url":"https:\/\/www.james.eu\/wp-content\/uploads\/2022\/02\/Logo-James-2021-mail-2.png","contentUrl":"https:\/\/www.james.eu\/wp-content\/uploads\/2022\/02\/Logo-James-2021-mail-2.png","width":404,"height":482,"caption":"James B.V."},"image":{"@id":"https:\/\/www.james.eu\/de\/#\/schema\/logo\/image\/"},"sameAs":["https:\/\/www.facebook.com\/James-BV-380608888706399","https:\/\/www.instagram.com\/james.eu1927\/"]}]}},"jetpack_sharing_enabled":true,"_links":{"self":[{"href":"https:\/\/www.james.eu\/de\/wp-json\/wp\/v2\/pages\/6489","targetHints":{"allow":["GET"]}}],"collection":[{"href":"https:\/\/www.james.eu\/de\/wp-json\/wp\/v2\/pages"}],"about":[{"href":"https:\/\/www.james.eu\/de\/wp-json\/wp\/v2\/types\/page"}],"author":[{"embeddable":true,"href":"https:\/\/www.james.eu\/de\/wp-json\/wp\/v2\/users\/1"}],"replies":[{"embeddable":true,"href":"https:\/\/www.james.eu\/de\/wp-json\/wp\/v2\/comments?post=6489"}],"version-history":[{"count":0,"href":"https:\/\/www.james.eu\/de\/wp-json\/wp\/v2\/pages\/6489\/revisions"}],"up":[{"embeddable":true,"href":"https:\/\/www.james.eu\/de\/wp-json\/wp\/v2\/pages\/5588"}],"wp:attachment":[{"href":"https:\/\/www.james.eu\/de\/wp-json\/wp\/v2\/media?parent=6489"}],"curies":[{"name":"wp","href":"https:\/\/api.w.org\/{rel}","templated":true}]}}